{"id":13828,"date":"2024-03-05T18:11:36","date_gmt":"2024-03-06T02:11:36","guid":{"rendered":"https:\/\/mcecleanenergy.org\/?page_id=13828"},"modified":"2025-05-29T15:29:21","modified_gmt":"2025-05-29T22:29:21","slug":"go156","status":"publish","type":"page","link":"https:\/\/mcecleanenergy.org\/de\/go156\/","title":{"rendered":"Go156"},"content":{"rendered":"<div data-elementor-type=\"wp-page\" data-elementor-id=\"13828\" class=\"elementor elementor-13828\" data-elementor-post-type=\"page\">\n\t\t\t\t<div data-particle_enable=\"false\" data-particle-mobile-disabled=\"false\" class=\"elementor-element elementor-element-fb00695 e-flex e-con-boxed e-con e-parent\" data-id=\"fb00695\" data-element_type=\"container\" data-e-type=\"container\" data-settings=\"{&quot;background_background&quot;:&quot;classic&quot;,&quot;jet_parallax_layout_list&quot;:[]}\">\n\t\t\t\t\t<div class=\"e-con-inner\">\n\t\t\t\t<div class=\"elementor-element elementor-element-c57949f elementor-widget__width-initial elementor-widget elementor-widget-heading\" data-id=\"c57949f\" data-element_type=\"widget\" data-e-type=\"widget\" data-widget_type=\"heading.default\">\n\t\t\t\t<div class=\"elementor-widget-container\">\n\t\t\t\t\t<h1 class=\"elementor-heading-title elementor-size-default\">Allgemeiner Beschluss 156<\/h1>\t\t\t\t<\/div>\n\t\t\t\t<\/div>\n\t\t\t\t\t<\/div>\n\t\t\t\t<\/div>\n\t\t<div data-particle_enable=\"false\" data-particle-mobile-disabled=\"false\" class=\"elementor-element elementor-element-3250912 e-flex e-con-boxed e-con e-parent\" data-id=\"3250912\" data-element_type=\"container\" data-e-type=\"container\" data-settings=\"{&quot;background_background&quot;:&quot;gradient&quot;,&quot;jet_parallax_layout_list&quot;:[]}\">\n\t\t\t\t\t<div class=\"e-con-inner\">\n\t\t\t\t\t<\/div>\n\t\t\t\t<\/div>\n\t\t<div data-particle_enable=\"false\" data-particle-mobile-disabled=\"false\" class=\"elementor-element elementor-element-1ac66cb e-flex e-con-boxed e-con e-parent\" data-id=\"1ac66cb\" data-element_type=\"container\" data-e-type=\"container\" data-settings=\"{&quot;jet_parallax_layout_list&quot;:[]}\">\n\t\t\t\t\t<div class=\"e-con-inner\">\n\t\t<div data-particle_enable=\"false\" data-particle-mobile-disabled=\"false\" class=\"elementor-element elementor-element-4c61d67 e-flex e-con-boxed e-con e-child\" data-id=\"4c61d67\" data-element_type=\"container\" data-e-type=\"container\" data-settings=\"{&quot;jet_parallax_layout_list&quot;:[]}\">\n\t\t\t\t\t<div class=\"e-con-inner\">\n\t\t\t\t<div class=\"elementor-element elementor-element-7b9ed0e elementor-widget elementor-widget-text-editor\" data-id=\"7b9ed0e\" data-element_type=\"widget\" data-e-type=\"widget\" data-widget_type=\"text-editor.default\">\n\t\t\t\t<div class=\"elementor-widget-container\">\n\t\t\t\t\t\t\t\t\t<p>Allgemeiner Befehl 156 (<a href=\"https:\/\/s35.89a.myftpupload.com\/wp-content\/uploads\/2024\/12\/GO-156-D22-04-035-1.pdf\" target=\"_blank\" rel=\"noopener\" aria-label=\"GO 156 - in einer neuen Registerkarte \u00f6ffnen\" data-uw-rm-ext-link=\"\" data-uw-pdf-br=\"1\" data-uw-pdf-doc=\"\">GO 156<\/a>) ist eine Entscheidung der California Public Utilities Commission (CPUC), nach der Versorgungsunternehmen mindestens 21,5% ihrer Vertr\u00e4ge mit Unternehmen abschlie\u00dfen m\u00fcssen, die mehrheitlich im Besitz von Frauen, Minderheiten, Menschen mit Behinderungen, Veteranen und LGBT sind, und zwar in allen Kategorien. Qualifizierte Unternehmen werden von der CPUC als GO 156 zertifiziert und dann in die <a href=\"https:\/\/www.thesupplierclearinghouse.com\/\" target=\"_blank\" rel=\"noopener\" aria-label=\"Supplier Clearinghouse Datenbank - in einer neuen Registerkarte \u00f6ffnen\" data-uw-rm-ext-link=\"\">Lieferanten-Clearinghouse-Datenbank<\/a>.<\/p>\t\t\t\t\t\t\t\t<\/div>\n\t\t\t\t<\/div>\n\t\t\t\t\t<\/div>\n\t\t\t\t<\/div>\n\t\t\t\t\t<\/div>\n\t\t\t\t<\/div>\n\t\t<div data-particle_enable=\"false\" data-particle-mobile-disabled=\"false\" class=\"elementor-element elementor-element-b1b0cf4 e-flex e-con-boxed e-con e-parent\" data-id=\"b1b0cf4\" data-element_type=\"container\" data-e-type=\"container\" data-settings=\"{&quot;jet_parallax_layout_list&quot;:[]}\">\n\t\t\t\t\t<div class=\"e-con-inner\">\n\t\t\t\t<div class=\"elementor-element elementor-element-ec4e0a2 elementor-widget elementor-widget-spacer\" data-id=\"ec4e0a2\" data-element_type=\"widget\" data-e-type=\"widget\" data-widget_type=\"spacer.default\">\n\t\t\t\t<div class=\"elementor-widget-container\">\n\t\t\t\t\t\t\t<div class=\"elementor-spacer\">\n\t\t\t<div class=\"elementor-spacer-inner\"><\/div>\n\t\t<\/div>\n\t\t\t\t\t\t<\/div>\n\t\t\t\t<\/div>\n\t\t\t\t\t<\/div>\n\t\t\t\t<\/div>\n\t\t\t\t<\/div>","protected":false},"excerpt":{"rendered":"<p>General Order 156 General Order 156 (GO 156) is a California Public Utilities Commission ruling that requires utility entities to procure at least 21.5% of their contracts with majority women-owned, [&hellip;]<\/p>\n","protected":false},"author":4,"featured_media":20252,"parent":0,"menu_order":0,"comment_status":"closed","ping_status":"closed","template":"","meta":{"_acf_changed":false,"_searchwp_excluded":"","footnotes":""},"class_list":["post-13828","page","type-page","status-publish","has-post-thumbnail","hentry"],"acf":[],"yoast_head":"<!-- This site is optimized with the Yoast SEO Premium plugin v27.4 (Yoast SEO v27.4) - https:\/\/yoast.com\/product\/yoast-seo-premium-wordpress\/ -->\n<title>CPUC General Order 156 (GO 156)<\/title>\n<meta name=\"description\" content=\"GO 156 is a CA Public Utilities Commission ruling requiring utilities to procure at least 21.5% of contracts with majority women, minority, isabled veteran &amp; LGBT owned businesses\" \/>\n<meta name=\"robots\" content=\"index, follow, max-snippet:-1, max-image-preview:large, max-video-preview:-1\" \/>\n<link rel=\"canonical\" href=\"https:\/\/mcecleanenergy.org\/de\/go156\/\" \/>\n<meta property=\"og:locale\" content=\"de_DE\" \/>\n<meta property=\"og:type\" content=\"article\" \/>\n<meta property=\"og:title\" content=\"CPUC General Order 156 (GO 156)\" \/>\n<meta property=\"og:description\" content=\"GO 156 is a CA Public Utilities Commission ruling requiring utilities to procure at least 21.5% of contracts with majority women, minority, isabled veteran &amp; LGBT owned businesses\" \/>\n<meta property=\"og:url\" content=\"https:\/\/mcecleanenergy.org\/de\/go156\/\" \/>\n<meta property=\"og:site_name\" content=\"MCE \u2013 Community Choice Energy\" \/>\n<meta property=\"article:publisher\" content=\"https:\/\/www.facebook.com\/mceCleanEnergy\/\" \/>\n<meta property=\"article:modified_time\" content=\"2025-05-29T22:29:21+00:00\" \/>\n<meta property=\"og:image\" content=\"https:\/\/mcecleanenergy.org\/wp-content\/uploads\/2024\/03\/AdobeStock_520992702.jpg\" \/>\n\t<meta property=\"og:image:width\" content=\"2400\" \/>\n\t<meta property=\"og:image:height\" content=\"1360\" \/>\n\t<meta property=\"og:image:type\" content=\"image\/jpeg\" \/>\n<meta name=\"twitter:card\" content=\"summary_large_image\" \/>\n<meta name=\"twitter:title\" content=\"Go156\" \/>\n<meta name=\"twitter:description\" content=\"General Order 156 General Order 156 (GO 156) is a California Public Utilities Commission ruling that requires utility entities to procure at least 21.5%\" \/>\n<meta name=\"twitter:site\" content=\"@MCECleanEnergy\" \/>\n<meta name=\"twitter:label1\" content=\"Gesch\u00e4tzte Lesezeit\" \/>\n\t<meta name=\"twitter:data1\" content=\"1\u00a0Minute\" \/>\n<script type=\"application\/ld+json\" class=\"yoast-schema-graph\">{\"@context\":\"https:\\\/\\\/schema.org\",\"@graph\":[{\"@type\":\"WebPage\",\"@id\":\"https:\\\/\\\/mcecleanenergy.org\\\/go156\\\/\",\"url\":\"https:\\\/\\\/mcecleanenergy.org\\\/go156\\\/\",\"name\":\"CPUC General Order 156 (GO 156)\",\"isPartOf\":{\"@id\":\"https:\\\/\\\/mcecleanenergy.org\\\/#website\"},\"primaryImageOfPage\":{\"@id\":\"https:\\\/\\\/mcecleanenergy.org\\\/go156\\\/#primaryimage\"},\"image\":{\"@id\":\"https:\\\/\\\/mcecleanenergy.org\\\/go156\\\/#primaryimage\"},\"thumbnailUrl\":\"https:\\\/\\\/mcecleanenergy.org\\\/wp-content\\\/uploads\\\/2024\\\/03\\\/AdobeStock_520992702.jpg\",\"datePublished\":\"2024-03-06T02:11:36+00:00\",\"dateModified\":\"2025-05-29T22:29:21+00:00\",\"description\":\"GO 156 is a CA Public Utilities Commission ruling requiring utilities to procure at least 21.5% of contracts with majority women, minority, isabled veteran & LGBT owned businesses\",\"breadcrumb\":{\"@id\":\"https:\\\/\\\/mcecleanenergy.org\\\/go156\\\/#breadcrumb\"},\"inLanguage\":\"de\",\"potentialAction\":[{\"@type\":\"ReadAction\",\"target\":[\"https:\\\/\\\/mcecleanenergy.org\\\/go156\\\/\"]}]},{\"@type\":\"ImageObject\",\"inLanguage\":\"de\",\"@id\":\"https:\\\/\\\/mcecleanenergy.org\\\/go156\\\/#primaryimage\",\"url\":\"https:\\\/\\\/mcecleanenergy.org\\\/wp-content\\\/uploads\\\/2024\\\/03\\\/AdobeStock_520992702.jpg\",\"contentUrl\":\"https:\\\/\\\/mcecleanenergy.org\\\/wp-content\\\/uploads\\\/2024\\\/03\\\/AdobeStock_520992702.jpg\",\"width\":2400,\"height\":1360,\"caption\":\"Cheerful clothing store owners preparing online orders for shipping. Two happy businesswomen smiling while working together in a thrift store. Female entrepreneurs running an e-commerce small business.\"},{\"@type\":\"BreadcrumbList\",\"@id\":\"https:\\\/\\\/mcecleanenergy.org\\\/go156\\\/#breadcrumb\",\"itemListElement\":[{\"@type\":\"ListItem\",\"position\":1,\"name\":\"Home\",\"item\":\"https:\\\/\\\/mcecleanenergy.org\\\/\"},{\"@type\":\"ListItem\",\"position\":2,\"name\":\"Go156\"}]},{\"@type\":\"WebSite\",\"@id\":\"https:\\\/\\\/mcecleanenergy.org\\\/#website\",\"url\":\"https:\\\/\\\/mcecleanenergy.org\\\/\",\"name\":\"MCE \u2013 Community Choice Energy\",\"description\":\"\",\"publisher\":{\"@id\":\"https:\\\/\\\/mcecleanenergy.org\\\/#organization\"},\"potentialAction\":[{\"@type\":\"SearchAction\",\"target\":{\"@type\":\"EntryPoint\",\"urlTemplate\":\"https:\\\/\\\/mcecleanenergy.org\\\/?s={search_term_string}\"},\"query-input\":{\"@type\":\"PropertyValueSpecification\",\"valueRequired\":true,\"valueName\":\"search_term_string\"}}],\"inLanguage\":\"de\"},{\"@type\":\"Organization\",\"@id\":\"https:\\\/\\\/mcecleanenergy.org\\\/#organization\",\"name\":\"MCE\",\"url\":\"https:\\\/\\\/mcecleanenergy.org\\\/\",\"logo\":{\"@type\":\"ImageObject\",\"inLanguage\":\"de\",\"@id\":\"https:\\\/\\\/mcecleanenergy.org\\\/#\\\/schema\\\/logo\\\/image\\\/\",\"url\":\"https:\\\/\\\/mcecleanenergy.org\\\/wp-content\\\/uploads\\\/2024\\\/05\\\/MCE_Logo_Full-Color_RGB_050324.png\",\"contentUrl\":\"https:\\\/\\\/mcecleanenergy.org\\\/wp-content\\\/uploads\\\/2024\\\/05\\\/MCE_Logo_Full-Color_RGB_050324.png\",\"width\":5001,\"height\":2986,\"caption\":\"MCE\"},\"image\":{\"@id\":\"https:\\\/\\\/mcecleanenergy.org\\\/#\\\/schema\\\/logo\\\/image\\\/\"},\"sameAs\":[\"https:\\\/\\\/www.facebook.com\\\/mceCleanEnergy\\\/\",\"https:\\\/\\\/x.com\\\/MCECleanEnergy\",\"https:\\\/\\\/www.instagram.com\\\/mcecleanenergy\\\/\",\"https:\\\/\\\/www.linkedin.com\\\/company\\\/mcecleanenergy\\\/\",\"https:\\\/\\\/www.youtube.com\\\/c\\\/Mcecleanenergy\\\/\",\"https:\\\/\\\/en.wikipedia.org\\\/wiki\\\/Community_Choice_Aggregation#Marin_Clean_Energy\"]}]}<\/script>\n<!-- \/ Yoast SEO Premium plugin. -->","yoast_head_json":{"title":"CPUC General Order 156 (GO 156)","description":"GO 156 is a CA Public Utilities Commission ruling requiring utilities to procure at least 21.5% of contracts with majority women, minority, isabled veteran & LGBT owned businesses","robots":{"index":"index","follow":"follow","max-snippet":"max-snippet:-1","max-image-preview":"max-image-preview:large","max-video-preview":"max-video-preview:-1"},"canonical":"https:\/\/mcecleanenergy.org\/de\/go156\/","og_locale":"de_DE","og_type":"article","og_title":"CPUC General Order 156 (GO 156)","og_description":"GO 156 is a CA Public Utilities Commission ruling requiring utilities to procure at least 21.5% of contracts with majority women, minority, isabled veteran & LGBT owned businesses","og_url":"https:\/\/mcecleanenergy.org\/de\/go156\/","og_site_name":"MCE \u2013 Community Choice Energy","article_publisher":"https:\/\/www.facebook.com\/mceCleanEnergy\/","article_modified_time":"2025-05-29T22:29:21+00:00","og_image":[{"width":2400,"height":1360,"url":"https:\/\/mcecleanenergy.org\/wp-content\/uploads\/2024\/03\/AdobeStock_520992702.jpg","type":"image\/jpeg"}],"twitter_card":"summary_large_image","twitter_title":"Go156","twitter_description":"General Order 156 General Order 156 (GO 156) is a California Public Utilities Commission ruling that requires utility entities to procure at least 21.5%","twitter_site":"@MCECleanEnergy","twitter_misc":{"Gesch\u00e4tzte Lesezeit":"1\u00a0Minute"},"schema":{"@context":"https:\/\/schema.org","@graph":[{"@type":"WebPage","@id":"https:\/\/mcecleanenergy.org\/go156\/","url":"https:\/\/mcecleanenergy.org\/go156\/","name":"CPUC General Order 156 (GO 156)","isPartOf":{"@id":"https:\/\/mcecleanenergy.org\/#website"},"primaryImageOfPage":{"@id":"https:\/\/mcecleanenergy.org\/go156\/#primaryimage"},"image":{"@id":"https:\/\/mcecleanenergy.org\/go156\/#primaryimage"},"thumbnailUrl":"https:\/\/mcecleanenergy.org\/wp-content\/uploads\/2024\/03\/AdobeStock_520992702.jpg","datePublished":"2024-03-06T02:11:36+00:00","dateModified":"2025-05-29T22:29:21+00:00","description":"GO 156 is a CA Public Utilities Commission ruling requiring utilities to procure at least 21.5% of contracts with majority women, minority, isabled veteran & LGBT owned businesses","breadcrumb":{"@id":"https:\/\/mcecleanenergy.org\/go156\/#breadcrumb"},"inLanguage":"de","potentialAction":[{"@type":"ReadAction","target":["https:\/\/mcecleanenergy.org\/go156\/"]}]},{"@type":"ImageObject","inLanguage":"de","@id":"https:\/\/mcecleanenergy.org\/go156\/#primaryimage","url":"https:\/\/mcecleanenergy.org\/wp-content\/uploads\/2024\/03\/AdobeStock_520992702.jpg","contentUrl":"https:\/\/mcecleanenergy.org\/wp-content\/uploads\/2024\/03\/AdobeStock_520992702.jpg","width":2400,"height":1360,"caption":"Cheerful clothing store owners preparing online orders for shipping. Two happy businesswomen smiling while working together in a thrift store. Female entrepreneurs running an e-commerce small business."},{"@type":"BreadcrumbList","@id":"https:\/\/mcecleanenergy.org\/go156\/#breadcrumb","itemListElement":[{"@type":"ListItem","position":1,"name":"Home","item":"https:\/\/mcecleanenergy.org\/"},{"@type":"ListItem","position":2,"name":"Go156"}]},{"@type":"WebSite","@id":"https:\/\/mcecleanenergy.org\/#website","url":"https:\/\/mcecleanenergy.org\/","name":"MCE - Energie nach Wahl der Gemeinde","description":"","publisher":{"@id":"https:\/\/mcecleanenergy.org\/#organization"},"potentialAction":[{"@type":"SearchAction","target":{"@type":"EntryPoint","urlTemplate":"https:\/\/mcecleanenergy.org\/?s={search_term_string}"},"query-input":{"@type":"PropertyValueSpecification","valueRequired":true,"valueName":"search_term_string"}}],"inLanguage":"de"},{"@type":"Organization","@id":"https:\/\/mcecleanenergy.org\/#organization","name":"MCE","url":"https:\/\/mcecleanenergy.org\/","logo":{"@type":"ImageObject","inLanguage":"de","@id":"https:\/\/mcecleanenergy.org\/#\/schema\/logo\/image\/","url":"https:\/\/mcecleanenergy.org\/wp-content\/uploads\/2024\/05\/MCE_Logo_Full-Color_RGB_050324.png","contentUrl":"https:\/\/mcecleanenergy.org\/wp-content\/uploads\/2024\/05\/MCE_Logo_Full-Color_RGB_050324.png","width":5001,"height":2986,"caption":"MCE"},"image":{"@id":"https:\/\/mcecleanenergy.org\/#\/schema\/logo\/image\/"},"sameAs":["https:\/\/www.facebook.com\/mceCleanEnergy\/","https:\/\/x.com\/MCECleanEnergy","https:\/\/www.instagram.com\/mcecleanenergy\/","https:\/\/www.linkedin.com\/company\/mcecleanenergy\/","https:\/\/www.youtube.com\/c\/Mcecleanenergy\/","https:\/\/en.wikipedia.org\/wiki\/Community_Choice_Aggregation#Marin_Clean_Energy"]}]}},"_links":{"self":[{"href":"https:\/\/mcecleanenergy.org\/de\/wp-json\/wp\/v2\/pages\/13828","targetHints":{"allow":["GET"]}}],"collection":[{"href":"https:\/\/mcecleanenergy.org\/de\/wp-json\/wp\/v2\/pages"}],"about":[{"href":"https:\/\/mcecleanenergy.org\/de\/wp-json\/wp\/v2\/types\/page"}],"author":[{"embeddable":true,"href":"https:\/\/mcecleanenergy.org\/de\/wp-json\/wp\/v2\/users\/4"}],"replies":[{"embeddable":true,"href":"https:\/\/mcecleanenergy.org\/de\/wp-json\/wp\/v2\/comments?post=13828"}],"version-history":[{"count":6,"href":"https:\/\/mcecleanenergy.org\/de\/wp-json\/wp\/v2\/pages\/13828\/revisions"}],"predecessor-version":[{"id":65594,"href":"https:\/\/mcecleanenergy.org\/de\/wp-json\/wp\/v2\/pages\/13828\/revisions\/65594"}],"wp:featuredmedia":[{"embeddable":true,"href":"https:\/\/mcecleanenergy.org\/de\/wp-json\/wp\/v2\/media\/20252"}],"wp:attachment":[{"href":"https:\/\/mcecleanenergy.org\/de\/wp-json\/wp\/v2\/media?parent=13828"}],"curies":[{"name":"wp","href":"https:\/\/api.w.org\/{rel}","templated":true}]}}