{"id":13836,"date":"2024-03-05T18:17:56","date_gmt":"2024-03-06T02:17:56","guid":{"rendered":"https:\/\/mcecleanenergy.org\/?page_id=13836"},"modified":"2024-08-12T15:03:34","modified_gmt":"2024-08-12T22:03:34","slug":"opt-out-terms","status":"publish","type":"page","link":"https:\/\/mcecleanenergy.org\/de\/opt-out-terms\/","title":{"rendered":"Abmeldebedingungen"},"content":{"rendered":"<div data-elementor-type=\"wp-page\" data-elementor-id=\"13836\" class=\"elementor elementor-13836\" data-elementor-post-type=\"page\">\n\t\t\t\t<div data-particle_enable=\"false\" data-particle-mobile-disabled=\"false\" class=\"elementor-element elementor-element-3afc169 e-flex e-con-boxed e-con e-parent\" data-id=\"3afc169\" data-element_type=\"container\" data-e-type=\"container\" data-settings=\"{&quot;background_background&quot;:&quot;classic&quot;,&quot;jet_parallax_layout_list&quot;:[]}\">\n\t\t\t\t\t<div class=\"e-con-inner\">\n\t\t\t\t<div class=\"elementor-element elementor-element-ca6e070 elementor-widget__width-initial elementor-widget elementor-widget-heading\" data-id=\"ca6e070\" data-element_type=\"widget\" data-e-type=\"widget\" data-widget_type=\"heading.default\">\n\t\t\t\t<div class=\"elementor-widget-container\">\n\t\t\t\t\t<h1 class=\"elementor-heading-title elementor-size-default\">Opt-Out Bedingungen und Konditionen<\/h1>\t\t\t\t<\/div>\n\t\t\t\t<\/div>\n\t\t\t\t\t<\/div>\n\t\t\t\t<\/div>\n\t\t<div data-particle_enable=\"false\" data-particle-mobile-disabled=\"false\" class=\"elementor-element elementor-element-da99dc3 e-flex e-con-boxed e-con e-parent\" data-id=\"da99dc3\" data-element_type=\"container\" data-e-type=\"container\" data-settings=\"{&quot;background_background&quot;:&quot;gradient&quot;,&quot;jet_parallax_layout_list&quot;:[]}\">\n\t\t\t\t\t<div class=\"e-con-inner\">\n\t\t\t\t\t<\/div>\n\t\t\t\t<\/div>\n\t\t<div data-particle_enable=\"false\" data-particle-mobile-disabled=\"false\" class=\"elementor-element elementor-element-0403114 e-flex e-con-boxed e-con e-parent\" data-id=\"0403114\" data-element_type=\"container\" data-e-type=\"container\" data-settings=\"{&quot;jet_parallax_layout_list&quot;:[]}\">\n\t\t\t\t\t<div class=\"e-con-inner\">\n\t\t<div data-particle_enable=\"false\" data-particle-mobile-disabled=\"false\" class=\"elementor-element elementor-element-339acff e-flex e-con-boxed e-con e-child\" data-id=\"339acff\" data-element_type=\"container\" data-e-type=\"container\" data-settings=\"{&quot;jet_parallax_layout_list&quot;:[]}\">\n\t\t\t\t\t<div class=\"e-con-inner\">\n\t\t\t\t<div class=\"elementor-element elementor-element-fc630b6 elementor-widget elementor-widget-text-editor\" data-id=\"fc630b6\" data-element_type=\"widget\" data-e-type=\"widget\" data-widget_type=\"text-editor.default\">\n\t\t\t\t<div class=\"elementor-widget-container\">\n\t\t\t\t\t\t\t\t\t<p><em>Die folgenden Bedingungen gelten nur f\u00fcr Kunden, die sich entschieden haben, den Dienst nach 60 Tagen bei MCE zu k\u00fcndigen. Kunden, die MCE-Dienstleistungen erhalten haben f\u00fcr\u00a0<u>weniger<\/u>\u00a0von mehr als 60 Tagen sind von diesen Bedingungen f\u00fcr die Wiederaufnahme des Dienstes und die R\u00fcckkehr zur normalen Abrechnung am Ende des laufenden Abrechnungszyklus ausgenommen.<\/em><\/p><p>Kunden, die den MCE-Dienst nach mehr als 60 Tagen abbestellen, sind <span style=\"font-weight: bold;\"><strong>vorbehaltlich der Zahlung einer einmaligen K\u00fcndigungsgeb\u00fchr von $5 (Privatkunden) oder $25 (Gesch\u00e4ftskunden)<\/strong><\/span>. Dar\u00fcber hinaus unterliegen die Kunden den nachstehend beschriebenen Gesch\u00e4ftsbedingungen von PG&amp;E und sind <span style=\"font-weight: bold;\"><strong>die von PG&amp;E aufgefordert werden, eine der folgenden Methoden zu w\u00e4hlen, um zu den PG&amp;E-Stromerzeugungstarifen zur\u00fcckzukehren<\/strong><\/span>. Nach den Vorschriften von PG&amp;E d\u00fcrfen Kunden, die zu PG&amp;E-Tarifen zur\u00fcckkehren, zw\u00f6lf Monate lang nicht erneut den Anbieter wechseln.<\/p>\t\t\t\t\t\t\t\t<\/div>\n\t\t\t\t<\/div>\n\t\t\t\t\t<\/div>\n\t\t\t\t<\/div>\n\t\t<div data-particle_enable=\"false\" data-particle-mobile-disabled=\"false\" class=\"elementor-element elementor-element-745efca e-flex e-con-boxed e-con e-child\" data-id=\"745efca\" data-element_type=\"container\" data-e-type=\"container\" data-settings=\"{&quot;jet_parallax_layout_list&quot;:[]}\">\n\t\t\t\t\t<div class=\"e-con-inner\">\n\t\t\t\t<div class=\"elementor-element elementor-element-d22c774 elementor-widget elementor-widget-heading\" data-id=\"d22c774\" data-element_type=\"widget\" data-e-type=\"widget\" data-widget_type=\"heading.default\">\n\t\t\t\t<div class=\"elementor-widget-container\">\n\t\t\t\t\t<h5 class=\"elementor-heading-title elementor-size-default\">Option 1 - R\u00fcckgabe am Ende des laufenden Abrechnungszeitraums mit PG&amp;E-\u00dcbergangstarifen f\u00fcr sechs Monate<\/h5>\t\t\t\t<\/div>\n\t\t\t\t<\/div>\n\t\t\t\t<div class=\"elementor-element elementor-element-7a85798 elementor-widget elementor-widget-text-editor\" data-id=\"7a85798\" data-element_type=\"widget\" data-e-type=\"widget\" data-widget_type=\"text-editor.default\">\n\t\t\t\t<div class=\"elementor-widget-container\">\n\t\t\t\t\t\t\t\t\tMit dieser Option kehren Sie am Ende Ihres aktuellen Abrechnungszyklus, d. h. f\u00fcnf Werktage nach diesem Antrag, zu den PG&amp;E-Tarifen zur\u00fcck. MCE wird Ihnen keine Stromerzeugungsleistungen mehr in Rechnung stellen. An deren Stelle treten Stromerzeugungsleistungen von PG&amp;E, die sechs Monate lang zu einem \u00dcbergangstarif abgerechnet werden. Der \u00dcbergangstarif von PG&amp;E basiert auf den Energiemarktpreisen und kann w\u00e4hrend des sechsmonatigen Zeitraums variieren; diese Tarife k\u00f6nnen entweder h\u00f6her oder niedriger als die Standardtarife sein. Nach Ablauf dieses \u00dcbergangszeitraums werden Ihre Stromerzeugungskosten wieder auf die Standardtarife von PG&amp;E umgestellt. Weitere Informationen \u00fcber die PG&amp;E-\u00dcbergangstarife erhalten Sie von PG&amp;E unter der Rufnummer (866) 743-0335 oder im Internet unter <a href=\"https:\/\/pge.com\/assets\/rates\/tariffs\/tbcc\" target=\"_blank\" rel=\"noopener\">pge.com\/assets\/rates\/tariffs\/tbcc<\/a>.\t\t\t\t\t\t\t\t<\/div>\n\t\t\t\t<\/div>\n\t\t\t\t\t<\/div>\n\t\t\t\t<\/div>\n\t\t<div data-particle_enable=\"false\" data-particle-mobile-disabled=\"false\" class=\"elementor-element elementor-element-e37b1c5 e-flex e-con-boxed e-con e-child\" data-id=\"e37b1c5\" data-element_type=\"container\" data-e-type=\"container\" data-settings=\"{&quot;jet_parallax_layout_list&quot;:[]}\">\n\t\t\t\t\t<div class=\"e-con-inner\">\n\t\t\t\t<div class=\"elementor-element elementor-element-f7068f8 elementor-widget elementor-widget-heading\" data-id=\"f7068f8\" data-element_type=\"widget\" data-e-type=\"widget\" data-widget_type=\"heading.default\">\n\t\t\t\t<div class=\"elementor-widget-container\">\n\t\t\t\t\t<h5 class=\"elementor-heading-title elementor-size-default\">Option 2 - Sechsmonatige Vorank\u00fcndigung f\u00fcr die R\u00fcckkehr zum PG&amp;E-Standardtarif<\/h5>\t\t\t\t<\/div>\n\t\t\t\t<\/div>\n\t\t\t\t<div class=\"elementor-element elementor-element-2c58247 elementor-widget elementor-widget-text-editor\" data-id=\"2c58247\" data-element_type=\"widget\" data-e-type=\"widget\" data-widget_type=\"text-editor.default\">\n\t\t\t\t<div class=\"elementor-widget-container\">\n\t\t\t\t\t\t\t\t\t<p>Wenn Sie PG&amp;E sechs Monate im Voraus mitteilen, dass Sie zu ihrem Dienst zur\u00fcckkehren m\u00f6chten, k\u00f6nnen Sie von den oben genannten \u00dcbergangstarifen ausgenommen werden. Kunden, die sich f\u00fcr diese Option entscheiden, werden sechs Monate nach dem Ende ihres aktuellen Abrechnungszyklus zu PG&amp;E zur\u00fcckkehren, und zwar f\u00fcnf Arbeitstage nach diesem Antrag. Nach Ablauf des Sechsmonatszeitraums werden die MCE-Erzeugungsgeb\u00fchren durch die normalen PG&amp;E-B\u00fcndeltarife ersetzt.<\/p>\t\t\t\t\t\t\t\t<\/div>\n\t\t\t\t<\/div>\n\t\t\t\t\t<\/div>\n\t\t\t\t<\/div>\n\t\t<div data-particle_enable=\"false\" data-particle-mobile-disabled=\"false\" class=\"elementor-element elementor-element-5adf293 e-flex e-con-boxed e-con e-child\" data-id=\"5adf293\" data-element_type=\"container\" data-e-type=\"container\" data-settings=\"{&quot;jet_parallax_layout_list&quot;:[]}\">\n\t\t\t\t\t<div class=\"e-con-inner\">\n\t\t\t\t<div class=\"elementor-element elementor-element-17fcb7b elementor-widget elementor-widget-text-editor\" data-id=\"17fcb7b\" data-element_type=\"widget\" data-e-type=\"widget\" data-widget_type=\"text-editor.default\">\n\t\t\t\t<div class=\"elementor-widget-container\">\n\t\t\t\t\t\t\t\t\t<p><span style=\"font-weight: bold;\"><strong>Bitte beachten: <\/strong><\/span>Die Bearbeitung Ihrer Opt-out-Anfrage kann bis zu f\u00fcnf Arbeitstage dauern. Der Antrag auf Abmeldung muss sowohl von MCE als auch von PG&amp;E bearbeitet werden. Ihr Konto wird am Ende des Abrechnungszyklus, der auf den f\u00fcnften Werktag folgt, wieder auf PG&amp;E umgestellt. Wenn Ihr n\u00e4chster Abrechnungszyklus beginnt, bevor MCE und PG&amp;E in der Lage sind, Ihren Antrag zu bearbeiten, k\u00f6nnen Sie einen zus\u00e4tzlichen Monat Stromerzeugungsdienste von MCE erhalten. PG&amp;E \u00fcbertr\u00e4gt Ihr Konto nur am Ende eines Abrechnungszyklus und kann Ihr Konto nicht in der Mitte eines Abrechnungszyklus \u00fcbertragen. Der gesamte von MCE in Ihrem Namen bezogene Strom wird Ihnen in Rechnung gestellt, bevor der Stromdienst auf PG&amp;E \u00fcbertragen wird; danach treten die Tarife von PG&amp;E an die Stelle derjenigen von MCE.<\/p>\t\t\t\t\t\t\t\t<\/div>\n\t\t\t\t<\/div>\n\t\t\t\t\t<\/div>\n\t\t\t\t<\/div>\n\t\t\t\t\t<\/div>\n\t\t\t\t<\/div>\n\t\t<div data-particle_enable=\"false\" data-particle-mobile-disabled=\"false\" class=\"elementor-element elementor-element-a2d565b e-flex e-con-boxed e-con e-parent\" data-id=\"a2d565b\" data-element_type=\"container\" data-e-type=\"container\" data-settings=\"{&quot;jet_parallax_layout_list&quot;:[]}\">\n\t\t\t\t\t<div class=\"e-con-inner\">\n\t\t\t\t<div class=\"elementor-element elementor-element-7f1d412 elementor-widget elementor-widget-spacer\" data-id=\"7f1d412\" data-element_type=\"widget\" data-e-type=\"widget\" data-widget_type=\"spacer.default\">\n\t\t\t\t<div class=\"elementor-widget-container\">\n\t\t\t\t\t\t\t<div class=\"elementor-spacer\">\n\t\t\t<div class=\"elementor-spacer-inner\"><\/div>\n\t\t<\/div>\n\t\t\t\t\t\t<\/div>\n\t\t\t\t<\/div>\n\t\t\t\t\t<\/div>\n\t\t\t\t<\/div>\n\t\t\t\t<\/div>","protected":false},"excerpt":{"rendered":"<p>Opt-Out Terms &amp; Conditions The following terms and conditions apply only to customers who have chosen to opt out after 60 days of service with MCE. Customers who have received [&hellip;]<\/p>\n","protected":false},"author":4,"featured_media":28731,"parent":0,"menu_order":0,"comment_status":"closed","ping_status":"closed","template":"","meta":{"_acf_changed":false,"_searchwp_excluded":"","footnotes":""},"class_list":["post-13836","page","type-page","status-publish","has-post-thumbnail","hentry"],"acf":[],"yoast_head":"<!-- This site is optimized with the Yoast SEO Premium plugin v27.4 (Yoast SEO v27.4) - https:\/\/yoast.com\/product\/yoast-seo-premium-wordpress\/ -->\n<title>MCE&#039;s Opt Out Terms &amp; Conditions<\/title>\n<meta name=\"description\" content=\"Terms and conditions of service for customers who have chosen to opt out after 60 days of service with MCE.\" \/>\n<meta name=\"robots\" content=\"index, follow, max-snippet:-1, max-image-preview:large, max-video-preview:-1\" \/>\n<link rel=\"canonical\" href=\"https:\/\/mcecleanenergy.org\/de\/opt-out-terms\/\" \/>\n<meta property=\"og:locale\" content=\"de_DE\" \/>\n<meta property=\"og:type\" content=\"article\" \/>\n<meta property=\"og:title\" content=\"MCE&#039;s Opt Out Terms &amp; Conditions\" \/>\n<meta property=\"og:description\" content=\"Terms and conditions of service for customers who have chosen to opt out after 60 days of service with MCE.\" \/>\n<meta property=\"og:url\" content=\"https:\/\/mcecleanenergy.org\/de\/opt-out-terms\/\" \/>\n<meta property=\"og:site_name\" content=\"MCE \u2013 Community Choice Energy\" \/>\n<meta property=\"article:publisher\" content=\"https:\/\/www.facebook.com\/mceCleanEnergy\/\" \/>\n<meta property=\"article:modified_time\" content=\"2024-08-12T22:03:34+00:00\" \/>\n<meta property=\"og:image\" content=\"https:\/\/mcecleanenergy.org\/wp-content\/uploads\/2024\/04\/opt-out-terms-header-image-scaled.jpg\" \/>\n\t<meta property=\"og:image:width\" content=\"2560\" \/>\n\t<meta property=\"og:image:height\" content=\"1350\" \/>\n\t<meta property=\"og:image:type\" content=\"image\/jpeg\" \/>\n<meta name=\"twitter:card\" content=\"summary_large_image\" \/>\n<meta name=\"twitter:title\" content=\"Opt Out Terms\" \/>\n<meta name=\"twitter:description\" content=\"Opt-Out Terms &amp; Conditions The following terms and conditions apply only to customers who have chosen to opt out after 60 days of service with MCE.\" \/>\n<meta name=\"twitter:site\" content=\"@MCECleanEnergy\" \/>\n<meta name=\"twitter:label1\" content=\"Gesch\u00e4tzte Lesezeit\" \/>\n\t<meta name=\"twitter:data1\" content=\"3\u00a0Minuten\" \/>\n<script type=\"application\/ld+json\" class=\"yoast-schema-graph\">{\"@context\":\"https:\\\/\\\/schema.org\",\"@graph\":[{\"@type\":\"WebPage\",\"@id\":\"https:\\\/\\\/mcecleanenergy.org\\\/opt-out-terms\\\/\",\"url\":\"https:\\\/\\\/mcecleanenergy.org\\\/opt-out-terms\\\/\",\"name\":\"MCE's Opt Out Terms & Conditions\",\"isPartOf\":{\"@id\":\"https:\\\/\\\/mcecleanenergy.org\\\/#website\"},\"primaryImageOfPage\":{\"@id\":\"https:\\\/\\\/mcecleanenergy.org\\\/opt-out-terms\\\/#primaryimage\"},\"image\":{\"@id\":\"https:\\\/\\\/mcecleanenergy.org\\\/opt-out-terms\\\/#primaryimage\"},\"thumbnailUrl\":\"https:\\\/\\\/mcecleanenergy.org\\\/wp-content\\\/uploads\\\/2024\\\/04\\\/opt-out-terms-header-image-scaled.jpg\",\"datePublished\":\"2024-03-06T02:17:56+00:00\",\"dateModified\":\"2024-08-12T22:03:34+00:00\",\"description\":\"Terms and conditions of service for customers who have chosen to opt out after 60 days of service with MCE.\",\"breadcrumb\":{\"@id\":\"https:\\\/\\\/mcecleanenergy.org\\\/opt-out-terms\\\/#breadcrumb\"},\"inLanguage\":\"de\",\"potentialAction\":[{\"@type\":\"ReadAction\",\"target\":[\"https:\\\/\\\/mcecleanenergy.org\\\/opt-out-terms\\\/\"]}]},{\"@type\":\"ImageObject\",\"inLanguage\":\"de\",\"@id\":\"https:\\\/\\\/mcecleanenergy.org\\\/opt-out-terms\\\/#primaryimage\",\"url\":\"https:\\\/\\\/mcecleanenergy.org\\\/wp-content\\\/uploads\\\/2024\\\/04\\\/opt-out-terms-header-image-scaled.jpg\",\"contentUrl\":\"https:\\\/\\\/mcecleanenergy.org\\\/wp-content\\\/uploads\\\/2024\\\/04\\\/opt-out-terms-header-image-scaled.jpg\",\"width\":2560,\"height\":1350,\"caption\":\"MCE solar farm in Northern California\"},{\"@type\":\"BreadcrumbList\",\"@id\":\"https:\\\/\\\/mcecleanenergy.org\\\/opt-out-terms\\\/#breadcrumb\",\"itemListElement\":[{\"@type\":\"ListItem\",\"position\":1,\"name\":\"Home\",\"item\":\"https:\\\/\\\/mcecleanenergy.org\\\/\"},{\"@type\":\"ListItem\",\"position\":2,\"name\":\"Opt Out Terms\"}]},{\"@type\":\"WebSite\",\"@id\":\"https:\\\/\\\/mcecleanenergy.org\\\/#website\",\"url\":\"https:\\\/\\\/mcecleanenergy.org\\\/\",\"name\":\"MCE \u2013 Community Choice Energy\",\"description\":\"\",\"publisher\":{\"@id\":\"https:\\\/\\\/mcecleanenergy.org\\\/#organization\"},\"potentialAction\":[{\"@type\":\"SearchAction\",\"target\":{\"@type\":\"EntryPoint\",\"urlTemplate\":\"https:\\\/\\\/mcecleanenergy.org\\\/?s={search_term_string}\"},\"query-input\":{\"@type\":\"PropertyValueSpecification\",\"valueRequired\":true,\"valueName\":\"search_term_string\"}}],\"inLanguage\":\"de\"},{\"@type\":\"Organization\",\"@id\":\"https:\\\/\\\/mcecleanenergy.org\\\/#organization\",\"name\":\"MCE\",\"url\":\"https:\\\/\\\/mcecleanenergy.org\\\/\",\"logo\":{\"@type\":\"ImageObject\",\"inLanguage\":\"de\",\"@id\":\"https:\\\/\\\/mcecleanenergy.org\\\/#\\\/schema\\\/logo\\\/image\\\/\",\"url\":\"https:\\\/\\\/mcecleanenergy.org\\\/wp-content\\\/uploads\\\/2024\\\/05\\\/MCE_Logo_Full-Color_RGB_050324.png\",\"contentUrl\":\"https:\\\/\\\/mcecleanenergy.org\\\/wp-content\\\/uploads\\\/2024\\\/05\\\/MCE_Logo_Full-Color_RGB_050324.png\",\"width\":5001,\"height\":2986,\"caption\":\"MCE\"},\"image\":{\"@id\":\"https:\\\/\\\/mcecleanenergy.org\\\/#\\\/schema\\\/logo\\\/image\\\/\"},\"sameAs\":[\"https:\\\/\\\/www.facebook.com\\\/mceCleanEnergy\\\/\",\"https:\\\/\\\/x.com\\\/MCECleanEnergy\",\"https:\\\/\\\/www.instagram.com\\\/mcecleanenergy\\\/\",\"https:\\\/\\\/www.linkedin.com\\\/company\\\/mcecleanenergy\\\/\",\"https:\\\/\\\/www.youtube.com\\\/c\\\/Mcecleanenergy\\\/\",\"https:\\\/\\\/en.wikipedia.org\\\/wiki\\\/Community_Choice_Aggregation#Marin_Clean_Energy\"]}]}<\/script>\n<!-- \/ Yoast SEO Premium plugin. -->","yoast_head_json":{"title":"MCE's Opt-Out Bedingungen und Konditionen","description":"Allgemeine Gesch\u00e4ftsbedingungen f\u00fcr Kunden, die sich nach 60 Tagen f\u00fcr eine K\u00fcndigung bei MCE entschieden haben.","robots":{"index":"index","follow":"follow","max-snippet":"max-snippet:-1","max-image-preview":"max-image-preview:large","max-video-preview":"max-video-preview:-1"},"canonical":"https:\/\/mcecleanenergy.org\/de\/opt-out-terms\/","og_locale":"de_DE","og_type":"article","og_title":"MCE's Opt Out Terms & Conditions","og_description":"Terms and conditions of service for customers who have chosen to opt out after 60 days of service with MCE.","og_url":"https:\/\/mcecleanenergy.org\/de\/opt-out-terms\/","og_site_name":"MCE \u2013 Community Choice Energy","article_publisher":"https:\/\/www.facebook.com\/mceCleanEnergy\/","article_modified_time":"2024-08-12T22:03:34+00:00","og_image":[{"width":2560,"height":1350,"url":"https:\/\/mcecleanenergy.org\/wp-content\/uploads\/2024\/04\/opt-out-terms-header-image-scaled.jpg","type":"image\/jpeg"}],"twitter_card":"summary_large_image","twitter_title":"Opt Out Terms","twitter_description":"Opt-Out Terms &amp; Conditions The following terms and conditions apply only to customers who have chosen to opt out after 60 days of service with MCE.","twitter_site":"@MCECleanEnergy","twitter_misc":{"Gesch\u00e4tzte Lesezeit":"3\u00a0Minuten"},"schema":{"@context":"https:\/\/schema.org","@graph":[{"@type":"WebPage","@id":"https:\/\/mcecleanenergy.org\/opt-out-terms\/","url":"https:\/\/mcecleanenergy.org\/opt-out-terms\/","name":"MCE's Opt-Out Bedingungen und Konditionen","isPartOf":{"@id":"https:\/\/mcecleanenergy.org\/#website"},"primaryImageOfPage":{"@id":"https:\/\/mcecleanenergy.org\/opt-out-terms\/#primaryimage"},"image":{"@id":"https:\/\/mcecleanenergy.org\/opt-out-terms\/#primaryimage"},"thumbnailUrl":"https:\/\/mcecleanenergy.org\/wp-content\/uploads\/2024\/04\/opt-out-terms-header-image-scaled.jpg","datePublished":"2024-03-06T02:17:56+00:00","dateModified":"2024-08-12T22:03:34+00:00","description":"Allgemeine Gesch\u00e4ftsbedingungen f\u00fcr Kunden, die sich nach 60 Tagen f\u00fcr eine K\u00fcndigung bei MCE entschieden haben.","breadcrumb":{"@id":"https:\/\/mcecleanenergy.org\/opt-out-terms\/#breadcrumb"},"inLanguage":"de","potentialAction":[{"@type":"ReadAction","target":["https:\/\/mcecleanenergy.org\/opt-out-terms\/"]}]},{"@type":"ImageObject","inLanguage":"de","@id":"https:\/\/mcecleanenergy.org\/opt-out-terms\/#primaryimage","url":"https:\/\/mcecleanenergy.org\/wp-content\/uploads\/2024\/04\/opt-out-terms-header-image-scaled.jpg","contentUrl":"https:\/\/mcecleanenergy.org\/wp-content\/uploads\/2024\/04\/opt-out-terms-header-image-scaled.jpg","width":2560,"height":1350,"caption":"MCE solar farm in Northern California"},{"@type":"BreadcrumbList","@id":"https:\/\/mcecleanenergy.org\/opt-out-terms\/#breadcrumb","itemListElement":[{"@type":"ListItem","position":1,"name":"Home","item":"https:\/\/mcecleanenergy.org\/"},{"@type":"ListItem","position":2,"name":"Opt Out Terms"}]},{"@type":"WebSite","@id":"https:\/\/mcecleanenergy.org\/#website","url":"https:\/\/mcecleanenergy.org\/","name":"MCE - Energie nach Wahl der Gemeinde","description":"","publisher":{"@id":"https:\/\/mcecleanenergy.org\/#organization"},"potentialAction":[{"@type":"SearchAction","target":{"@type":"EntryPoint","urlTemplate":"https:\/\/mcecleanenergy.org\/?s={search_term_string}"},"query-input":{"@type":"PropertyValueSpecification","valueRequired":true,"valueName":"search_term_string"}}],"inLanguage":"de"},{"@type":"Organization","@id":"https:\/\/mcecleanenergy.org\/#organization","name":"MCE","url":"https:\/\/mcecleanenergy.org\/","logo":{"@type":"ImageObject","inLanguage":"de","@id":"https:\/\/mcecleanenergy.org\/#\/schema\/logo\/image\/","url":"https:\/\/mcecleanenergy.org\/wp-content\/uploads\/2024\/05\/MCE_Logo_Full-Color_RGB_050324.png","contentUrl":"https:\/\/mcecleanenergy.org\/wp-content\/uploads\/2024\/05\/MCE_Logo_Full-Color_RGB_050324.png","width":5001,"height":2986,"caption":"MCE"},"image":{"@id":"https:\/\/mcecleanenergy.org\/#\/schema\/logo\/image\/"},"sameAs":["https:\/\/www.facebook.com\/mceCleanEnergy\/","https:\/\/x.com\/MCECleanEnergy","https:\/\/www.instagram.com\/mcecleanenergy\/","https:\/\/www.linkedin.com\/company\/mcecleanenergy\/","https:\/\/www.youtube.com\/c\/Mcecleanenergy\/","https:\/\/en.wikipedia.org\/wiki\/Community_Choice_Aggregation#Marin_Clean_Energy"]}]}},"_links":{"self":[{"href":"https:\/\/mcecleanenergy.org\/de\/wp-json\/wp\/v2\/pages\/13836","targetHints":{"allow":["GET"]}}],"collection":[{"href":"https:\/\/mcecleanenergy.org\/de\/wp-json\/wp\/v2\/pages"}],"about":[{"href":"https:\/\/mcecleanenergy.org\/de\/wp-json\/wp\/v2\/types\/page"}],"author":[{"embeddable":true,"href":"https:\/\/mcecleanenergy.org\/de\/wp-json\/wp\/v2\/users\/4"}],"replies":[{"embeddable":true,"href":"https:\/\/mcecleanenergy.org\/de\/wp-json\/wp\/v2\/comments?post=13836"}],"version-history":[{"count":0,"href":"https:\/\/mcecleanenergy.org\/de\/wp-json\/wp\/v2\/pages\/13836\/revisions"}],"wp:featuredmedia":[{"embeddable":true,"href":"https:\/\/mcecleanenergy.org\/de\/wp-json\/wp\/v2\/media\/28731"}],"wp:attachment":[{"href":"https:\/\/mcecleanenergy.org\/de\/wp-json\/wp\/v2\/media?parent=13836"}],"curies":[{"name":"wp","href":"https:\/\/api.w.org\/{rel}","templated":true}]}}