{"id":15972,"date":"2024-03-11T22:38:50","date_gmt":"2024-03-12T05:38:50","guid":{"rendered":"https:\/\/mcecleanenergy.org\/?page_id=15972"},"modified":"2024-09-18T17:31:56","modified_gmt":"2024-09-19T00:31:56","slug":"waiver-and-photo-video-release","status":"publish","type":"page","link":"https:\/\/mcecleanenergy.org\/de\/waiver-and-photo-video-release\/","title":{"rendered":"Verzichtserkl\u00e4rung und Foto\/Video-Freigabe (rechtlich)"},"content":{"rendered":"<div data-elementor-type=\"wp-page\" data-elementor-id=\"15972\" class=\"elementor elementor-15972\" data-elementor-post-type=\"page\">\n\t\t\t\t<div data-particle_enable=\"false\" data-particle-mobile-disabled=\"false\" class=\"elementor-element elementor-element-53c5cd9 e-flex e-con-boxed e-con e-parent\" data-id=\"53c5cd9\" data-element_type=\"container\" data-e-type=\"container\" data-settings=\"{&quot;background_background&quot;:&quot;classic&quot;,&quot;jet_parallax_layout_list&quot;:[]}\">\n\t\t\t\t\t<div class=\"e-con-inner\">\n\t\t\t\t<div class=\"elementor-element elementor-element-41253b7 elementor-widget__width-initial elementor-widget elementor-widget-heading\" data-id=\"41253b7\" data-element_type=\"widget\" data-e-type=\"widget\" data-widget_type=\"heading.default\">\n\t\t\t\t<div class=\"elementor-widget-container\">\n\t\t\t\t\t<h1 class=\"elementor-heading-title elementor-size-default\">Verzichtserkl\u00e4rung und Foto\/Video-Freigabe<\/h1>\t\t\t\t<\/div>\n\t\t\t\t<\/div>\n\t\t\t\t\t<\/div>\n\t\t\t\t<\/div>\n\t\t<div data-particle_enable=\"false\" data-particle-mobile-disabled=\"false\" class=\"elementor-element elementor-element-8c187b5 e-flex e-con-boxed e-con e-parent\" data-id=\"8c187b5\" data-element_type=\"container\" data-e-type=\"container\" data-settings=\"{&quot;background_background&quot;:&quot;gradient&quot;,&quot;jet_parallax_layout_list&quot;:[]}\">\n\t\t\t\t\t<div class=\"e-con-inner\">\n\t\t\t\t\t<\/div>\n\t\t\t\t<\/div>\n\t\t<div data-particle_enable=\"false\" data-particle-mobile-disabled=\"false\" class=\"elementor-element elementor-element-52150e8 e-flex e-con-boxed e-con e-parent\" data-id=\"52150e8\" data-element_type=\"container\" data-e-type=\"container\" data-settings=\"{&quot;jet_parallax_layout_list&quot;:[]}\">\n\t\t\t\t\t<div class=\"e-con-inner\">\n\t\t<div data-particle_enable=\"false\" data-particle-mobile-disabled=\"false\" class=\"elementor-element elementor-element-6e80631 e-flex e-con-boxed e-con e-child\" data-id=\"6e80631\" data-element_type=\"container\" data-e-type=\"container\" data-settings=\"{&quot;jet_parallax_layout_list&quot;:[]}\">\n\t\t\t\t\t<div class=\"e-con-inner\">\n\t\t\t\t<div class=\"elementor-element elementor-element-cdd5028 elementor-widget elementor-widget-text-editor\" data-id=\"cdd5028\" data-element_type=\"widget\" data-e-type=\"widget\" data-widget_type=\"text-editor.default\">\n\t\t\t\t<div class=\"elementor-widget-container\">\n\t\t\t\t\t\t\t\t\t<div id=\"wrapper\" class=\"fusion-wrapper\"><p>Hiermit gew\u00e4hre ich Marin Clean Energy (\"MCE\") unwiderruflich das Recht, (a) mein Bild, mein Konterfei, meinen Namen und\/oder meine Stimme in allen Medien zu verwenden, zu vervielf\u00e4ltigen und zu ver\u00f6ffentlichen, einschlie\u00dflich, aber nicht beschr\u00e4nkt auf Fotografien, Videoclips und Audioclips von dem beschriebenen Foto-\/Videoshooting, weltweit und auf Dauer; und (b) das Recht, die Videoclips oder Fotografien im Namen von MCE oder unter einem anderen von MCE gew\u00e4hlten Namen zu lizenzieren und urheberrechtlich zu sch\u00fctzen. Ich erkl\u00e4re mich damit einverstanden, dass die Video- oder Audioclips, Fotografien, Reproduktionen und Negative das alleinige Eigentum von MCE sind und dass MCE das uneingeschr\u00e4nkte Recht hat, \u00fcber alle oder einen Teil davon in irgendeiner Weise zu verf\u00fcgen.<\/p><p>Ich verstehe und stimme zu, dass diese Fotos und\/oder Video- und Audioclips in allen Medien, wie z. B. in Print-, Rundfunk- und elektronischen\/Online-Materialien, f\u00fcr verschiedene Zwecke verwendet werden k\u00f6nnen, einschlie\u00dflich, aber nicht beschr\u00e4nkt auf Werbe- und Promotionzwecke, Ver\u00f6ffentlichungen zu \u00f6ffentlichen Angelegenheiten, Bildungs- oder Rekrutierungsmaterial oder andere damit verbundene Bestrebungen. Dieses Material kann auch auf der\/den MCE-Website(s) oder -Webseite(n) oder auf anderen Websites Dritter oder in sozialen Medien erscheinen.  Ich erkl\u00e4re mich damit einverstanden, dass das Material mit anderen Bildern, Texten, Grafiken, Filmen, Audio- und audiovisuellen Werken kombiniert und beschnitten, ver\u00e4ndert oder modifiziert werden darf.  Ich verzichte auf jegliches Recht, das fertige Produkt oder die fertigen Produkte, die Werbetexte oder andere Ver\u00f6ffentlichungen, die in Verbindung damit verwendet werden, oder die Verwendung, f\u00fcr die sie verwendet werden, zu pr\u00fcfen oder zu genehmigen.<\/p><p>Ich bin dar\u00fcber informiert und erkenne an, dass ich keine Entsch\u00e4digung f\u00fcr die Verwendung, Reproduktion, Lizenz oder Ver\u00f6ffentlichung meines Bildes erhalte. Ich entbinde MCE au\u00dferdem von allen Anspr\u00fcchen, die sich aus der Verwendung meines Bildes ergeben k\u00f6nnten, einschlie\u00dflich, aber nicht beschr\u00e4nkt auf Anspr\u00fcche wegen Verleumdung, Verletzung der Privatsph\u00e4re und Verletzung der moralischen Rechte, des Rechts auf \u00d6ffentlichkeit, der Marke und des Urheberrechts.<\/p><p>Ich habe diese Genehmigung und Freigabe gelesen. Ich best\u00e4tige, dass ich nicht minderj\u00e4hrig bin und dass ich frei und in der Lage bin, diese Zustimmung zu geben. Wenn die genannte Person minderj\u00e4hrig ist oder in der Gerichtsbarkeit ihres Wohnsitzes nicht voll gesch\u00e4ftsf\u00e4hig ist, sichert der Erziehungsberechtigte zu, dass er der gesetzliche Vormund der genannten Person ist und die volle Gesch\u00e4ftsf\u00e4higkeit besitzt, um dem Foto-\/Videodreh zuzustimmen und dieses Foto-\/Video-Freigabeformular zu unterzeichnen. Wenn der\/die Unterzeichnende dieses Formular als Vertreter oder Angestellter eines Unternehmens oder einer Organisation unterzeichnet, garantiert der\/die Unterzeichnende, dass er\/sie die volle Befugnis hat, dies zu tun. Diese Freigabe ist f\u00fcr den\/die Unterzeichner\/in und seine\/ihre Erben, gesetzlichen Vertreter, Rechtsnachfolger und Abtretungsempf\u00e4nger bindend.<\/p><\/div>\t\t\t\t\t\t\t\t<\/div>\n\t\t\t\t<\/div>\n\t\t\t\t\t<\/div>\n\t\t\t\t<\/div>\n\t\t\t\t\t<\/div>\n\t\t\t\t<\/div>\n\t\t<div data-particle_enable=\"false\" data-particle-mobile-disabled=\"false\" class=\"elementor-element elementor-element-4b01c76 e-flex e-con-boxed e-con e-parent\" data-id=\"4b01c76\" data-element_type=\"container\" data-e-type=\"container\" data-settings=\"{&quot;jet_parallax_layout_list&quot;:[]}\">\n\t\t\t\t\t<div class=\"e-con-inner\">\n\t\t\t\t<div class=\"elementor-element elementor-element-0417ec1 elementor-widget elementor-widget-spacer\" data-id=\"0417ec1\" data-element_type=\"widget\" data-e-type=\"widget\" data-widget_type=\"spacer.default\">\n\t\t\t\t<div class=\"elementor-widget-container\">\n\t\t\t\t\t\t\t<div class=\"elementor-spacer\">\n\t\t\t<div class=\"elementor-spacer-inner\"><\/div>\n\t\t<\/div>\n\t\t\t\t\t\t<\/div>\n\t\t\t\t<\/div>\n\t\t\t\t\t<\/div>\n\t\t\t\t<\/div>\n\t\t\t\t<\/div>","protected":false},"excerpt":{"rendered":"<p>Waiver and Photo\/Video Release I hereby irrevocably grant and authorize Marin Clean Energy \u201cMCE&#8221; (a) the right to use, reproduce, and publish my image, likeness, name and\/or voice in any [&hellip;]<\/p>\n","protected":false},"author":6,"featured_media":18838,"parent":0,"menu_order":0,"comment_status":"closed","ping_status":"closed","template":"","meta":{"_acf_changed":false,"_searchwp_excluded":"","footnotes":""},"class_list":["post-15972","page","type-page","status-publish","has-post-thumbnail","hentry"],"acf":[],"yoast_head":"<!-- This site is optimized with the Yoast SEO Premium plugin v27.2 (Yoast SEO v27.2) - https:\/\/yoast.com\/product\/yoast-seo-premium-wordpress\/ -->\n<title>MCE Waiver and Photo\/Video Release<\/title>\n<meta name=\"description\" content=\"MCE&#039;s authorization and waiver for photos, videos, audio, etc. - review for more details and full legal terms and conditions.\" \/>\n<meta name=\"robots\" content=\"index, follow, max-snippet:-1, max-image-preview:large, max-video-preview:-1\" \/>\n<link rel=\"canonical\" href=\"https:\/\/mcecleanenergy.org\/de\/waiver-and-photo-video-release\/\" \/>\n<meta property=\"og:locale\" content=\"de_DE\" \/>\n<meta property=\"og:type\" content=\"article\" \/>\n<meta property=\"og:title\" content=\"MCE Waiver and Photo\/Video Release\" \/>\n<meta property=\"og:description\" content=\"MCE&#039;s authorization and waiver for photos, videos, audio, etc. - review for more details and full legal terms and conditions.\" \/>\n<meta property=\"og:url\" content=\"https:\/\/mcecleanenergy.org\/de\/waiver-and-photo-video-release\/\" \/>\n<meta property=\"og:site_name\" content=\"MCE \u2013 Community Choice Energy\" \/>\n<meta property=\"article:publisher\" content=\"https:\/\/www.facebook.com\/mceCleanEnergy\/\" \/>\n<meta property=\"article:modified_time\" content=\"2024-09-19T00:31:56+00:00\" \/>\n<meta property=\"og:image\" content=\"https:\/\/mcecleanenergy.org\/wp-content\/uploads\/2024\/03\/AdobeStock_136756545-scaled.jpeg\" \/>\n\t<meta property=\"og:image:width\" content=\"2560\" \/>\n\t<meta property=\"og:image:height\" content=\"1707\" \/>\n\t<meta property=\"og:image:type\" content=\"image\/jpeg\" \/>\n<meta name=\"twitter:card\" content=\"summary_large_image\" \/>\n<meta name=\"twitter:title\" content=\"Waiver and Photo\/Video Release (Legal)\" \/>\n<meta name=\"twitter:description\" content=\"Waiver and Photo\/Video Release I hereby irrevocably grant and authorize Marin Clean Energy \u201cMCE&quot; (a) the right to use, reproduce, and publish my image,\" \/>\n<meta name=\"twitter:site\" content=\"@MCECleanEnergy\" \/>\n<meta name=\"twitter:label1\" content=\"Gesch\u00e4tzte Lesezeit\" \/>\n\t<meta name=\"twitter:data1\" content=\"2\u00a0Minuten\" \/>\n<script type=\"application\/ld+json\" class=\"yoast-schema-graph\">{\"@context\":\"https:\/\/schema.org\",\"@graph\":[{\"@type\":\"WebPage\",\"@id\":\"https:\/\/mcecleanenergy.org\/waiver-and-photo-video-release\/\",\"url\":\"https:\/\/mcecleanenergy.org\/waiver-and-photo-video-release\/\",\"name\":\"MCE Waiver and Photo\/Video Release\",\"isPartOf\":{\"@id\":\"https:\/\/mcecleanenergy.org\/#website\"},\"primaryImageOfPage\":{\"@id\":\"https:\/\/mcecleanenergy.org\/waiver-and-photo-video-release\/#primaryimage\"},\"image\":{\"@id\":\"https:\/\/mcecleanenergy.org\/waiver-and-photo-video-release\/#primaryimage\"},\"thumbnailUrl\":\"https:\/\/mcecleanenergy.org\/wp-content\/uploads\/2024\/03\/AdobeStock_136756545-scaled.jpeg\",\"datePublished\":\"2024-03-12T05:38:50+00:00\",\"dateModified\":\"2024-09-19T00:31:56+00:00\",\"description\":\"MCE's authorization and waiver for photos, videos, audio, etc. - review for more details and full legal terms and conditions.\",\"breadcrumb\":{\"@id\":\"https:\/\/mcecleanenergy.org\/waiver-and-photo-video-release\/#breadcrumb\"},\"inLanguage\":\"de\",\"potentialAction\":[{\"@type\":\"ReadAction\",\"target\":[\"https:\/\/mcecleanenergy.org\/waiver-and-photo-video-release\/\"]}]},{\"@type\":\"ImageObject\",\"inLanguage\":\"de\",\"@id\":\"https:\/\/mcecleanenergy.org\/waiver-and-photo-video-release\/#primaryimage\",\"url\":\"https:\/\/mcecleanenergy.org\/wp-content\/uploads\/2024\/03\/AdobeStock_136756545-scaled.jpeg\",\"contentUrl\":\"https:\/\/mcecleanenergy.org\/wp-content\/uploads\/2024\/03\/AdobeStock_136756545-scaled.jpeg\",\"width\":2560,\"height\":1707,\"caption\":\"African male holding piece of paper while paying gas and electricity bills online on notebook pc. Young family calculating their expenses, planning domestic budget, sitting in kitchen interior\"},{\"@type\":\"BreadcrumbList\",\"@id\":\"https:\/\/mcecleanenergy.org\/waiver-and-photo-video-release\/#breadcrumb\",\"itemListElement\":[{\"@type\":\"ListItem\",\"position\":1,\"name\":\"Home\",\"item\":\"https:\/\/mcecleanenergy.org\/\"},{\"@type\":\"ListItem\",\"position\":2,\"name\":\"Waiver and Photo\/Video Release (Legal)\"}]},{\"@type\":\"WebSite\",\"@id\":\"https:\/\/mcecleanenergy.org\/#website\",\"url\":\"https:\/\/mcecleanenergy.org\/\",\"name\":\"MCE \u2013 Community Choice Energy\",\"description\":\"\",\"publisher\":{\"@id\":\"https:\/\/mcecleanenergy.org\/#organization\"},\"potentialAction\":[{\"@type\":\"SearchAction\",\"target\":{\"@type\":\"EntryPoint\",\"urlTemplate\":\"https:\/\/mcecleanenergy.org\/?s={search_term_string}\"},\"query-input\":{\"@type\":\"PropertyValueSpecification\",\"valueRequired\":true,\"valueName\":\"search_term_string\"}}],\"inLanguage\":\"de\"},{\"@type\":\"Organization\",\"@id\":\"https:\/\/mcecleanenergy.org\/#organization\",\"name\":\"MCE\",\"url\":\"https:\/\/mcecleanenergy.org\/\",\"logo\":{\"@type\":\"ImageObject\",\"inLanguage\":\"de\",\"@id\":\"https:\/\/mcecleanenergy.org\/#\/schema\/logo\/image\/\",\"url\":\"https:\/\/mcecleanenergy.org\/wp-content\/uploads\/2024\/05\/MCE_Logo_Full-Color_RGB_050324.png\",\"contentUrl\":\"https:\/\/mcecleanenergy.org\/wp-content\/uploads\/2024\/05\/MCE_Logo_Full-Color_RGB_050324.png\",\"width\":5001,\"height\":2986,\"caption\":\"MCE\"},\"image\":{\"@id\":\"https:\/\/mcecleanenergy.org\/#\/schema\/logo\/image\/\"},\"sameAs\":[\"https:\/\/www.facebook.com\/mceCleanEnergy\/\",\"https:\/\/x.com\/MCECleanEnergy\",\"https:\/\/www.instagram.com\/mcecleanenergy\/\",\"https:\/\/www.linkedin.com\/company\/mcecleanenergy\/\",\"https:\/\/www.youtube.com\/c\/Mcecleanenergy\/\",\"https:\/\/en.wikipedia.org\/wiki\/Community_Choice_Aggregation#Marin_Clean_Energy\"]}]}<\/script>\n<!-- \/ Yoast SEO Premium plugin. -->","yoast_head_json":{"title":"MCE-Verzichtserkl\u00e4rung und Foto\/Video-Freigabe","description":"MCE's authorization and waiver for photos, videos, audio, etc. - review for more details and full legal terms and conditions.","robots":{"index":"index","follow":"follow","max-snippet":"max-snippet:-1","max-image-preview":"max-image-preview:large","max-video-preview":"max-video-preview:-1"},"canonical":"https:\/\/mcecleanenergy.org\/de\/waiver-and-photo-video-release\/","og_locale":"de_DE","og_type":"article","og_title":"MCE Waiver and Photo\/Video Release","og_description":"MCE's authorization and waiver for photos, videos, audio, etc. - review for more details and full legal terms and conditions.","og_url":"https:\/\/mcecleanenergy.org\/de\/waiver-and-photo-video-release\/","og_site_name":"MCE \u2013 Community Choice Energy","article_publisher":"https:\/\/www.facebook.com\/mceCleanEnergy\/","article_modified_time":"2024-09-19T00:31:56+00:00","og_image":[{"width":2560,"height":1707,"url":"https:\/\/mcecleanenergy.org\/wp-content\/uploads\/2024\/03\/AdobeStock_136756545-scaled.jpeg","type":"image\/jpeg"}],"twitter_card":"summary_large_image","twitter_title":"Waiver and Photo\/Video Release (Legal)","twitter_description":"Waiver and Photo\/Video Release I hereby irrevocably grant and authorize Marin Clean Energy \u201cMCE\" (a) the right to use, reproduce, and publish my image,","twitter_site":"@MCECleanEnergy","twitter_misc":{"Gesch\u00e4tzte Lesezeit":"2\u00a0Minuten"},"schema":{"@context":"https:\/\/schema.org","@graph":[{"@type":"WebPage","@id":"https:\/\/mcecleanenergy.org\/waiver-and-photo-video-release\/","url":"https:\/\/mcecleanenergy.org\/waiver-and-photo-video-release\/","name":"MCE-Verzichtserkl\u00e4rung und Foto\/Video-Freigabe","isPartOf":{"@id":"https:\/\/mcecleanenergy.org\/#website"},"primaryImageOfPage":{"@id":"https:\/\/mcecleanenergy.org\/waiver-and-photo-video-release\/#primaryimage"},"image":{"@id":"https:\/\/mcecleanenergy.org\/waiver-and-photo-video-release\/#primaryimage"},"thumbnailUrl":"https:\/\/mcecleanenergy.org\/wp-content\/uploads\/2024\/03\/AdobeStock_136756545-scaled.jpeg","datePublished":"2024-03-12T05:38:50+00:00","dateModified":"2024-09-19T00:31:56+00:00","description":"MCE's authorization and waiver for photos, videos, audio, etc. - review for more details and full legal terms and conditions.","breadcrumb":{"@id":"https:\/\/mcecleanenergy.org\/waiver-and-photo-video-release\/#breadcrumb"},"inLanguage":"de","potentialAction":[{"@type":"ReadAction","target":["https:\/\/mcecleanenergy.org\/waiver-and-photo-video-release\/"]}]},{"@type":"ImageObject","inLanguage":"de","@id":"https:\/\/mcecleanenergy.org\/waiver-and-photo-video-release\/#primaryimage","url":"https:\/\/mcecleanenergy.org\/wp-content\/uploads\/2024\/03\/AdobeStock_136756545-scaled.jpeg","contentUrl":"https:\/\/mcecleanenergy.org\/wp-content\/uploads\/2024\/03\/AdobeStock_136756545-scaled.jpeg","width":2560,"height":1707,"caption":"African male holding piece of paper while paying gas and electricity bills online on notebook pc. Young family calculating their expenses, planning domestic budget, sitting in kitchen interior"},{"@type":"BreadcrumbList","@id":"https:\/\/mcecleanenergy.org\/waiver-and-photo-video-release\/#breadcrumb","itemListElement":[{"@type":"ListItem","position":1,"name":"Home","item":"https:\/\/mcecleanenergy.org\/"},{"@type":"ListItem","position":2,"name":"Waiver and Photo\/Video Release (Legal)"}]},{"@type":"WebSite","@id":"https:\/\/mcecleanenergy.org\/#website","url":"https:\/\/mcecleanenergy.org\/","name":"MCE - Energie nach Wahl der Gemeinde","description":"","publisher":{"@id":"https:\/\/mcecleanenergy.org\/#organization"},"potentialAction":[{"@type":"SearchAction","target":{"@type":"EntryPoint","urlTemplate":"https:\/\/mcecleanenergy.org\/?s={search_term_string}"},"query-input":{"@type":"PropertyValueSpecification","valueRequired":true,"valueName":"search_term_string"}}],"inLanguage":"de"},{"@type":"Organization","@id":"https:\/\/mcecleanenergy.org\/#organization","name":"MCE","url":"https:\/\/mcecleanenergy.org\/","logo":{"@type":"ImageObject","inLanguage":"de","@id":"https:\/\/mcecleanenergy.org\/#\/schema\/logo\/image\/","url":"https:\/\/mcecleanenergy.org\/wp-content\/uploads\/2024\/05\/MCE_Logo_Full-Color_RGB_050324.png","contentUrl":"https:\/\/mcecleanenergy.org\/wp-content\/uploads\/2024\/05\/MCE_Logo_Full-Color_RGB_050324.png","width":5001,"height":2986,"caption":"MCE"},"image":{"@id":"https:\/\/mcecleanenergy.org\/#\/schema\/logo\/image\/"},"sameAs":["https:\/\/www.facebook.com\/mceCleanEnergy\/","https:\/\/x.com\/MCECleanEnergy","https:\/\/www.instagram.com\/mcecleanenergy\/","https:\/\/www.linkedin.com\/company\/mcecleanenergy\/","https:\/\/www.youtube.com\/c\/Mcecleanenergy\/","https:\/\/en.wikipedia.org\/wiki\/Community_Choice_Aggregation#Marin_Clean_Energy"]}]}},"_links":{"self":[{"href":"https:\/\/mcecleanenergy.org\/de\/wp-json\/wp\/v2\/pages\/15972","targetHints":{"allow":["GET"]}}],"collection":[{"href":"https:\/\/mcecleanenergy.org\/de\/wp-json\/wp\/v2\/pages"}],"about":[{"href":"https:\/\/mcecleanenergy.org\/de\/wp-json\/wp\/v2\/types\/page"}],"author":[{"embeddable":true,"href":"https:\/\/mcecleanenergy.org\/de\/wp-json\/wp\/v2\/users\/6"}],"replies":[{"embeddable":true,"href":"https:\/\/mcecleanenergy.org\/de\/wp-json\/wp\/v2\/comments?post=15972"}],"version-history":[{"count":0,"href":"https:\/\/mcecleanenergy.org\/de\/wp-json\/wp\/v2\/pages\/15972\/revisions"}],"wp:featuredmedia":[{"embeddable":true,"href":"https:\/\/mcecleanenergy.org\/de\/wp-json\/wp\/v2\/media\/18838"}],"wp:attachment":[{"href":"https:\/\/mcecleanenergy.org\/de\/wp-json\/wp\/v2\/media?parent=15972"}],"curies":[{"name":"wp","href":"https:\/\/api.w.org\/{rel}","templated":true}]}}