{"id":16183,"date":"2024-03-11T20:36:24","date_gmt":"2024-03-12T03:36:24","guid":{"rendered":"https:\/\/mcecleanenergy.org\/?page_id=16183"},"modified":"2025-09-10T16:16:01","modified_gmt":"2025-09-10T23:16:01","slug":"accessibility-statement","status":"publish","type":"page","link":"https:\/\/mcecleanenergy.org\/de\/accessibility-statement\/","title":{"rendered":"Erkl\u00e4rung zur Zug\u00e4nglichkeit"},"content":{"rendered":"<div data-elementor-type=\"wp-page\" data-elementor-id=\"16183\" class=\"elementor elementor-16183\" data-elementor-post-type=\"page\">\n\t\t\t\t<div data-particle_enable=\"false\" data-particle-mobile-disabled=\"false\" class=\"elementor-element elementor-element-6555555 internal-hero e-flex e-con-boxed e-con e-parent\" data-id=\"6555555\" data-element_type=\"container\" data-e-type=\"container\" data-settings=\"{&quot;background_background&quot;:&quot;classic&quot;,&quot;jet_parallax_layout_list&quot;:[]}\">\n\t\t\t\t\t<div class=\"e-con-inner\">\n\t\t\t\t<div class=\"elementor-element elementor-element-e183e5b elementor-widget__width-initial elementor-widget elementor-widget-heading\" data-id=\"e183e5b\" data-element_type=\"widget\" data-e-type=\"widget\" data-widget_type=\"heading.default\">\n\t\t\t\t<div class=\"elementor-widget-container\">\n\t\t\t\t\t<h1 class=\"elementor-heading-title elementor-size-default\">MCE Zug\u00e4nglichkeitserkl\u00e4rung<\/h1>\t\t\t\t<\/div>\n\t\t\t\t<\/div>\n\t\t\t\t<div class=\"elementor-element elementor-element-fb51eb8 elementor-widget elementor-widget-heading\" data-id=\"fb51eb8\" data-element_type=\"widget\" data-e-type=\"widget\" data-widget_type=\"heading.default\">\n\t\t\t\t<div class=\"elementor-widget-container\">\n\t\t\t\t\t<h4 class=\"elementor-heading-title elementor-size-default\">Mitteilung gem\u00e4\u00df dem Gesetz \u00fcber Amerikaner mit Behinderungen<\/h4>\t\t\t\t<\/div>\n\t\t\t\t<\/div>\n\t\t\t\t\t<\/div>\n\t\t\t\t<\/div>\n\t\t<div data-particle_enable=\"false\" data-particle-mobile-disabled=\"false\" class=\"elementor-element elementor-element-6538c6a e-flex e-con-boxed e-con e-parent\" data-id=\"6538c6a\" data-element_type=\"container\" data-e-type=\"container\" data-settings=\"{&quot;background_background&quot;:&quot;gradient&quot;,&quot;jet_parallax_layout_list&quot;:[]}\">\n\t\t\t\t\t<div class=\"e-con-inner\">\n\t\t\t\t\t<\/div>\n\t\t\t\t<\/div>\n\t\t<div data-particle_enable=\"false\" data-particle-mobile-disabled=\"false\" class=\"elementor-element elementor-element-ac4be5b e-flex e-con-boxed e-con e-parent\" data-id=\"ac4be5b\" data-element_type=\"container\" data-e-type=\"container\" data-settings=\"{&quot;jet_parallax_layout_list&quot;:[]}\">\n\t\t\t\t\t<div class=\"e-con-inner\">\n\t\t<div data-particle_enable=\"false\" data-particle-mobile-disabled=\"false\" class=\"elementor-element elementor-element-d44b0e8 e-flex e-con-boxed e-con e-child\" data-id=\"d44b0e8\" data-element_type=\"container\" data-e-type=\"container\" data-settings=\"{&quot;jet_parallax_layout_list&quot;:[]}\">\n\t\t\t\t\t<div class=\"e-con-inner\">\n\t\t<div data-particle_enable=\"false\" data-particle-mobile-disabled=\"false\" class=\"elementor-element elementor-element-38fa15d e-flex e-con-boxed e-con e-child\" data-id=\"38fa15d\" data-element_type=\"container\" data-e-type=\"container\" data-settings=\"{&quot;jet_parallax_layout_list&quot;:[]}\">\n\t\t\t\t\t<div class=\"e-con-inner\">\n\t\t\t\t<div class=\"elementor-element elementor-element-e6e56db elementor-widget elementor-widget-text-editor\" data-id=\"e6e56db\" data-element_type=\"widget\" data-e-type=\"widget\" data-widget_type=\"text-editor.default\">\n\t\t\t\t<div class=\"elementor-widget-container\">\n\t\t\t\t\t\t\t\t\t<p>In \u00dcbereinstimmung mit den Anforderungen von Titel II des Americans with Disabilities Act von 1990 (\"ADA\") wird MCE qualifizierte Personen mit Behinderungen bei seinen Dienstleistungen, Programmen oder Aktivit\u00e4ten nicht aufgrund einer Behinderung diskriminieren.<\/p>\t\t\t\t\t\t\t\t<\/div>\n\t\t\t\t<\/div>\n\t\t<div data-particle_enable=\"false\" data-particle-mobile-disabled=\"false\" class=\"elementor-element elementor-element-bbd37b6 e-flex e-con-boxed e-con e-child\" data-id=\"bbd37b6\" data-element_type=\"container\" data-e-type=\"container\" data-settings=\"{&quot;jet_parallax_layout_list&quot;:[]}\">\n\t\t\t\t\t<div class=\"e-con-inner\">\n\t\t\t\t<div class=\"elementor-element elementor-element-a7b793e elementor-widget elementor-widget-text-editor\" data-id=\"a7b793e\" data-element_type=\"widget\" data-e-type=\"widget\" data-widget_type=\"text-editor.default\">\n\t\t\t\t<div class=\"elementor-widget-container\">\n\t\t\t\t\t\t\t\t\t<p><span style=\"font-weight: bold;\"><strong>Besch\u00e4ftigung: <\/strong><\/span>MCE diskriminiert bei seinen Einstellungs- und Besch\u00e4ftigungspraktiken nicht aufgrund einer Behinderung und h\u00e4lt sich an alle Vorschriften, die von der U.S. Equal Employment Opportunity Commission gem\u00e4\u00df Titel I des ADA erlassen wurden.<\/p><p><span style=\"font-weight: bold;\"><strong>\u00c4nderungen der Richtlinien und Verfahren: <\/strong><\/span>MCE wird alle angemessenen \u00c4nderungen an den Richtlinien und Programmen vornehmen, um sicherzustellen, dass Menschen mit Behinderungen die gleichen Chancen haben, alle MCE-Programme, -Dienstleistungen und -Aktivit\u00e4ten in Anspruch zu nehmen, vorausgesetzt, die Berechtigungskriterien werden erf\u00fcllt.<\/p>\t\t\t\t\t\t\t\t<\/div>\n\t\t\t\t<\/div>\n\t\t<div data-particle_enable=\"false\" data-particle-mobile-disabled=\"false\" class=\"elementor-element elementor-element-f7a05ce e-flex e-con-boxed e-con e-child\" data-id=\"f7a05ce\" data-element_type=\"container\" data-e-type=\"container\" data-settings=\"{&quot;jet_parallax_layout_list&quot;:[]}\">\n\t\t\t\t\t<div class=\"e-con-inner\">\n\t\t<div data-particle_enable=\"false\" data-particle-mobile-disabled=\"false\" class=\"elementor-element elementor-element-778efaa e-flex e-con-boxed e-con e-child\" data-id=\"778efaa\" data-element_type=\"container\" data-e-type=\"container\" data-settings=\"{&quot;jet_parallax_layout_list&quot;:[]}\">\n\t\t\t\t\t<div class=\"e-con-inner\">\n\t\t<div data-particle_enable=\"false\" data-particle-mobile-disabled=\"false\" class=\"elementor-element elementor-element-1d29653 e-flex e-con-boxed e-con e-child\" data-id=\"1d29653\" data-element_type=\"container\" data-e-type=\"container\" data-settings=\"{&quot;jet_parallax_layout_list&quot;:[]}\">\n\t\t\t\t\t<div class=\"e-con-inner\">\n\t\t<div data-particle_enable=\"false\" data-particle-mobile-disabled=\"false\" class=\"elementor-element elementor-element-ac113ef e-flex e-con-boxed e-con e-child\" data-id=\"ac113ef\" data-element_type=\"container\" data-e-type=\"container\" data-settings=\"{&quot;jet_parallax_layout_list&quot;:[]}\">\n\t\t\t\t\t<div class=\"e-con-inner\">\n\t\t\t\t<div class=\"elementor-element elementor-element-6409db4 elementor-widget elementor-widget-text-editor\" data-id=\"6409db4\" data-element_type=\"widget\" data-e-type=\"widget\" data-widget_type=\"text-editor.default\">\n\t\t\t\t<div class=\"elementor-widget-container\">\n\t\t\t\t\t\t\t\t\t<p><span style=\"font-weight: bold;\"><strong>Zug\u00e4nglichkeit auf mceCleanEnergy.org: <\/strong><\/span>Das Barrierefreiheitsmen\u00fc von mceCleanEnergy.org kann durch Anklicken des Symbols f\u00fcr das Barrierefreiheitsmen\u00fc (siehe Abbildung rechts) aufgerufen werden, das in der Ecke jeder Seite erscheint. Nachdem Sie auf das Symbol geklickt haben, warten Sie bitte einen Moment, bis das barrierefreie Men\u00fc vollst\u00e4ndig geladen ist.<\/p>\t\t\t\t\t\t\t\t<\/div>\n\t\t\t\t<\/div>\n\t\t\t\t\t<\/div>\n\t\t\t\t<\/div>\n\t\t\t\t<div class=\"elementor-element elementor-element-55355f1 elementor-widget__width-initial elementor-view-default elementor-widget elementor-widget-icon\" data-id=\"55355f1\" data-element_type=\"widget\" data-e-type=\"widget\" data-widget_type=\"icon.default\">\n\t\t\t\t<div class=\"elementor-widget-container\">\n\t\t\t\t\t\t\t<div class=\"elementor-icon-wrapper\">\n\t\t\t<div class=\"elementor-icon\">\n\t\t\t<svg aria-hidden=\"true\" class=\"e-font-icon-svg e-fas-universal-access\" viewbox=\"0 0 512 512\" xmlns=\"http:\/\/www.w3.org\/2000\/svg\"><path d=\"M256 48c114.953 0 208 93.029 208 208 0 114.953-93.029 208-208 208-114.953 0-208-93.029-208-208 0-114.953 93.029-208 208-208m0-40C119.033 8 8 119.033 8 256s111.033 248 248 248 248-111.033 248-248S392.967 8 256 8zm0 56C149.961 64 64 149.961 64 256s85.961 192 192 192 192-85.961 192-192S362.039 64 256 64zm0 44c19.882 0 36 16.118 36 36s-16.118 36-36 36-36-16.118-36-36 16.118-36 36-36zm117.741 98.023c-28.712 6.779-55.511 12.748-82.14 15.807.851 101.023 12.306 123.052 25.037 155.621 3.617 9.26-.957 19.698-10.217 23.315-9.261 3.617-19.699-.957-23.316-10.217-8.705-22.308-17.086-40.636-22.261-78.549h-9.686c-5.167 37.851-13.534 56.208-22.262 78.549-3.615 9.255-14.05 13.836-23.315 10.217-9.26-3.617-13.834-14.056-10.217-23.315 12.713-32.541 24.185-54.541 25.037-155.621-26.629-3.058-53.428-9.027-82.141-15.807-8.6-2.031-13.926-10.648-11.895-19.249s10.647-13.926 19.249-11.895c96.686 22.829 124.283 22.783 220.775 0 8.599-2.03 17.218 3.294 19.249 11.895 2.029 8.601-3.297 17.219-11.897 19.249z\"><\/path><\/svg>\t\t\t<\/div>\n\t\t<\/div>\n\t\t\t\t\t\t<\/div>\n\t\t\t\t<\/div>\n\t\t\t\t\t<\/div>\n\t\t\t\t<\/div>\n\t\t\t\t\t<\/div>\n\t\t\t\t<\/div>\n\t\t\t\t\t<\/div>\n\t\t\t\t<\/div>\n\t\t<div data-particle_enable=\"false\" data-particle-mobile-disabled=\"false\" class=\"elementor-element elementor-element-efd91b6 e-flex e-con-boxed e-con e-child\" data-id=\"efd91b6\" data-element_type=\"container\" data-e-type=\"container\" data-settings=\"{&quot;jet_parallax_layout_list&quot;:[]}\">\n\t\t\t\t\t<div class=\"e-con-inner\">\n\t\t\t\t<div class=\"elementor-element elementor-element-e508ebe elementor-widget elementor-widget-text-editor\" data-id=\"e508ebe\" data-element_type=\"widget\" data-e-type=\"widget\" data-widget_type=\"text-editor.default\">\n\t\t\t\t<div class=\"elementor-widget-container\">\n\t\t\t\t\t\t\t\t\t<p><span style=\"font-weight: bold;\"><strong>MCE-Kommunikation: <\/strong><\/span>MCE stellt qualifizierten Personen mit Behinderungen auf Anfrage geeignete Hilfsmittel und Dienste zur Verf\u00fcgung, die eine effektive Kommunikation erm\u00f6glichen, so dass sie gleichberechtigt an den Programmen, Diensten und Aktivit\u00e4ten von MCE teilnehmen k\u00f6nnen, einschlie\u00dflich qualifizierter Geb\u00e4rdendolmetscher, Dokumente in Blindenschrift und anderer M\u00f6glichkeiten, Informationen und Mitteilungen f\u00fcr Personen mit Sprach-, H\u00f6r- oder Sehbehinderungen zug\u00e4nglich zu machen.<\/p>\t\t\t\t\t\t\t\t<\/div>\n\t\t\t\t<\/div>\n\t\t<div data-particle_enable=\"false\" data-particle-mobile-disabled=\"false\" class=\"elementor-element elementor-element-6d8216f e-flex e-con-boxed e-con e-child\" data-id=\"6d8216f\" data-element_type=\"container\" data-e-type=\"container\" data-settings=\"{&quot;jet_parallax_layout_list&quot;:[]}\">\n\t\t\t\t\t<div class=\"e-con-inner\">\n\t\t\t\t<div class=\"elementor-element elementor-element-8bdfaa7 elementor-widget elementor-widget-text-editor\" data-id=\"8bdfaa7\" data-element_type=\"widget\" data-e-type=\"widget\" data-widget_type=\"text-editor.default\">\n\t\t\t\t<div class=\"elementor-widget-container\">\n\t\t\t\t\t\t\t\t\t<p><span style=\"font-weight: bold;\"><strong>Haftungsausschluss: <\/strong><\/span>Das ADA verlangt von MCE keine Ma\u00dfnahmen, die die Art seiner Programme oder Dienstleistungen grundlegend ver\u00e4ndern oder eine unangemessene finanzielle oder administrative Belastung darstellen w\u00fcrden. MCE setzt seine Bem\u00fchungen fort, die Zug\u00e4nglichkeit seiner Website und seiner Dienstleistungen st\u00e4ndig zu verbessern. Trotz unserer Bem\u00fchungen sind einige Inhalte m\u00f6glicherweise noch nicht vollst\u00e4ndig an die strengsten Zug\u00e4nglichkeitsstandards angepasst. Dies kann darauf zur\u00fcckzuf\u00fchren sein, dass wir noch nicht die geeignetste technische L\u00f6sung gefunden oder ermittelt haben.<\/p>\t\t\t\t\t\t\t\t<\/div>\n\t\t\t\t<\/div>\n\t\t<div data-particle_enable=\"false\" data-particle-mobile-disabled=\"false\" class=\"elementor-element elementor-element-6c236db e-flex e-con-boxed e-con e-child\" data-id=\"6c236db\" data-element_type=\"container\" data-e-type=\"container\" data-settings=\"{&quot;jet_parallax_layout_list&quot;:[]}\">\n\t\t\t\t\t<div class=\"e-con-inner\">\n\t\t\t\t<div class=\"elementor-element elementor-element-72b2ea8 elementor-widget elementor-widget-text-editor\" data-id=\"72b2ea8\" data-element_type=\"widget\" data-e-type=\"widget\" data-widget_type=\"text-editor.default\">\n\t\t\t\t<div class=\"elementor-widget-container\">\n\t\t\t\t\t\t\t\t\t<span style=\"font-weight: bold;\"><strong>Kontaktieren Sie uns:\u00a0<\/strong><\/span>Jeder, der ein Hilfsmittel oder eine Dienstleistung f\u00fcr eine effektive Kommunikation, eine \u00c4nderung der Richtlinien oder Verfahren f\u00fcr die Teilnahme an einem Programm, einer Dienstleistung oder einer Aktivit\u00e4t von MCE ben\u00f6tigt, Fragen zur Zug\u00e4nglichkeit hat oder sich dar\u00fcber beschwert, dass ein Programm, eine Dienstleistung oder eine Aktivit\u00e4t von MCE f\u00fcr Menschen mit Behinderungen nicht zug\u00e4nglich ist, sollte sich an Justine Parmelee, die ADA-Koordinatorin, wenden unter <a href=\"mailto:ada-coordinator@mcecleanenergy.org\">ada-coordinator@mceCleanEnergy.org<\/a> oder (888) 632-3674 und, falls zutreffend, befolgen Sie die MCE's <a href=\"https:\/\/mcecleanenergy.org\/de\/ada-grievance-procedure\/\">ADA-Beschwerdeverfahren<\/a>.\t\t\t\t\t\t\t\t<\/div>\n\t\t\t\t<\/div>\n\t\t\t\t<div class=\"elementor-element elementor-element-210027e elementor-widget elementor-widget-text-editor\" data-id=\"210027e\" data-element_type=\"widget\" data-e-type=\"widget\" data-widget_type=\"text-editor.default\">\n\t\t\t\t<div class=\"elementor-widget-container\">\n\t\t\t\t\t\t\t\t\tAktualisiert: Januar, 2024\t\t\t\t\t\t\t\t<\/div>\n\t\t\t\t<\/div>\n\t\t\t\t\t<\/div>\n\t\t\t\t<\/div>\n\t\t\t\t\t<\/div>\n\t\t\t\t<\/div>\n\t\t\t\t\t<\/div>\n\t\t\t\t<\/div>\n\t\t\t\t\t<\/div>\n\t\t\t\t<\/div>\n\t\t\t\t\t<\/div>\n\t\t\t\t<\/div>\n\t\t\t\t\t<\/div>\n\t\t\t\t<\/div>\n\t\t\t\t\t<\/div>\n\t\t\t\t<\/div>\n\t\t<div data-particle_enable=\"false\" data-particle-mobile-disabled=\"false\" class=\"elementor-element elementor-element-ab19db5 e-flex e-con-boxed e-con e-parent\" data-id=\"ab19db5\" data-element_type=\"container\" data-e-type=\"container\" data-settings=\"{&quot;jet_parallax_layout_list&quot;:[]}\">\n\t\t\t\t\t<div class=\"e-con-inner\">\n\t\t\t\t<div class=\"elementor-element elementor-element-bda6bf3 elementor-widget elementor-widget-spacer\" data-id=\"bda6bf3\" data-element_type=\"widget\" data-e-type=\"widget\" data-widget_type=\"spacer.default\">\n\t\t\t\t<div class=\"elementor-widget-container\">\n\t\t\t\t\t\t\t<div class=\"elementor-spacer\">\n\t\t\t<div class=\"elementor-spacer-inner\"><\/div>\n\t\t<\/div>\n\t\t\t\t\t\t<\/div>\n\t\t\t\t<\/div>\n\t\t\t\t\t<\/div>\n\t\t\t\t<\/div>\n\t\t\t\t<\/div>","protected":false},"excerpt":{"rendered":"<p>MCE Accessibility Statement Notice Under the Americans with Disabilities Act In accordance with the requirements of Title II of the Americans with Disabilities Act of 1990 (\u201cADA\u201d), MCE will not [&hellip;]<\/p>\n","protected":false},"author":6,"featured_media":20003,"parent":0,"menu_order":0,"comment_status":"closed","ping_status":"closed","template":"","meta":{"_acf_changed":false,"_searchwp_excluded":"","footnotes":""},"class_list":["post-16183","page","type-page","status-publish","has-post-thumbnail","hentry"],"acf":[],"yoast_head":"<!-- This site is optimized with the Yoast SEO Premium plugin v27.4 (Yoast SEO v27.4) - https:\/\/yoast.com\/product\/yoast-seo-premium-wordpress\/ -->\n<title>MCE Accessibility Statement<\/title>\n<meta name=\"description\" content=\"MCE strives to ensure that its services are accessible to people with disabilities by investing resources to help ensure that its website is made easier to use.\" \/>\n<meta name=\"robots\" content=\"index, follow, max-snippet:-1, max-image-preview:large, max-video-preview:-1\" \/>\n<link rel=\"canonical\" href=\"https:\/\/mcecleanenergy.org\/de\/accessibility-statement\/\" \/>\n<meta property=\"og:locale\" content=\"de_DE\" \/>\n<meta property=\"og:type\" content=\"article\" \/>\n<meta property=\"og:title\" content=\"MCE Accessibility Statement\" \/>\n<meta property=\"og:description\" content=\"MCE strives to ensure that its services are accessible to people with disabilities by investing resources to help ensure that its website is made easier to use.\" \/>\n<meta property=\"og:url\" content=\"https:\/\/mcecleanenergy.org\/de\/accessibility-statement\/\" \/>\n<meta property=\"og:site_name\" content=\"MCE \u2013 Community Choice Energy\" \/>\n<meta property=\"article:publisher\" content=\"https:\/\/www.facebook.com\/mceCleanEnergy\/\" \/>\n<meta property=\"article:modified_time\" content=\"2025-09-10T23:16:01+00:00\" \/>\n<meta property=\"og:image\" content=\"https:\/\/mcecleanenergy.org\/wp-content\/uploads\/2024\/03\/AdobeStock_537445727-scaled.jpeg\" \/>\n\t<meta property=\"og:image:width\" content=\"2560\" \/>\n\t<meta property=\"og:image:height\" content=\"1679\" \/>\n\t<meta property=\"og:image:type\" content=\"image\/jpeg\" \/>\n<meta name=\"twitter:card\" content=\"summary_large_image\" \/>\n<meta name=\"twitter:title\" content=\"Accessibility Statement\" \/>\n<meta name=\"twitter:description\" content=\"MCE Accessibility Statement Notice Under the Americans with Disabilities Act In accordance with the requirements of Title II of the Americans with\" \/>\n<meta name=\"twitter:site\" content=\"@MCECleanEnergy\" \/>\n<meta name=\"twitter:label1\" content=\"Gesch\u00e4tzte Lesezeit\" \/>\n\t<meta name=\"twitter:data1\" content=\"2\u00a0Minuten\" \/>\n<script type=\"application\/ld+json\" class=\"yoast-schema-graph\">{\"@context\":\"https:\\\/\\\/schema.org\",\"@graph\":[{\"@type\":\"WebPage\",\"@id\":\"https:\\\/\\\/mcecleanenergy.org\\\/accessibility-statement\\\/\",\"url\":\"https:\\\/\\\/mcecleanenergy.org\\\/accessibility-statement\\\/\",\"name\":\"MCE Accessibility Statement\",\"isPartOf\":{\"@id\":\"https:\\\/\\\/mcecleanenergy.org\\\/#website\"},\"primaryImageOfPage\":{\"@id\":\"https:\\\/\\\/mcecleanenergy.org\\\/accessibility-statement\\\/#primaryimage\"},\"image\":{\"@id\":\"https:\\\/\\\/mcecleanenergy.org\\\/accessibility-statement\\\/#primaryimage\"},\"thumbnailUrl\":\"https:\\\/\\\/mcecleanenergy.org\\\/wp-content\\\/uploads\\\/2024\\\/03\\\/AdobeStock_537445727-scaled.jpeg\",\"datePublished\":\"2024-03-12T03:36:24+00:00\",\"dateModified\":\"2025-09-10T23:16:01+00:00\",\"description\":\"MCE strives to ensure that its services are accessible to people with disabilities by investing resources to help ensure that its website is made easier to use.\",\"breadcrumb\":{\"@id\":\"https:\\\/\\\/mcecleanenergy.org\\\/accessibility-statement\\\/#breadcrumb\"},\"inLanguage\":\"de\",\"potentialAction\":[{\"@type\":\"ReadAction\",\"target\":[\"https:\\\/\\\/mcecleanenergy.org\\\/accessibility-statement\\\/\"]}]},{\"@type\":\"ImageObject\",\"inLanguage\":\"de\",\"@id\":\"https:\\\/\\\/mcecleanenergy.org\\\/accessibility-statement\\\/#primaryimage\",\"url\":\"https:\\\/\\\/mcecleanenergy.org\\\/wp-content\\\/uploads\\\/2024\\\/03\\\/AdobeStock_537445727-scaled.jpeg\",\"contentUrl\":\"https:\\\/\\\/mcecleanenergy.org\\\/wp-content\\\/uploads\\\/2024\\\/03\\\/AdobeStock_537445727-scaled.jpeg\",\"width\":2560,\"height\":1679,\"caption\":\"Woman, networking or communication with tablet on sofa for social media app, search or contact us on website. Technology, female with glasses in house for email, internet or ecommerce shopping.\"},{\"@type\":\"BreadcrumbList\",\"@id\":\"https:\\\/\\\/mcecleanenergy.org\\\/accessibility-statement\\\/#breadcrumb\",\"itemListElement\":[{\"@type\":\"ListItem\",\"position\":1,\"name\":\"Home\",\"item\":\"https:\\\/\\\/mcecleanenergy.org\\\/\"},{\"@type\":\"ListItem\",\"position\":2,\"name\":\"Accessibility Statement\"}]},{\"@type\":\"WebSite\",\"@id\":\"https:\\\/\\\/mcecleanenergy.org\\\/#website\",\"url\":\"https:\\\/\\\/mcecleanenergy.org\\\/\",\"name\":\"MCE \u2013 Community Choice Energy\",\"description\":\"\",\"publisher\":{\"@id\":\"https:\\\/\\\/mcecleanenergy.org\\\/#organization\"},\"potentialAction\":[{\"@type\":\"SearchAction\",\"target\":{\"@type\":\"EntryPoint\",\"urlTemplate\":\"https:\\\/\\\/mcecleanenergy.org\\\/?s={search_term_string}\"},\"query-input\":{\"@type\":\"PropertyValueSpecification\",\"valueRequired\":true,\"valueName\":\"search_term_string\"}}],\"inLanguage\":\"de\"},{\"@type\":\"Organization\",\"@id\":\"https:\\\/\\\/mcecleanenergy.org\\\/#organization\",\"name\":\"MCE\",\"url\":\"https:\\\/\\\/mcecleanenergy.org\\\/\",\"logo\":{\"@type\":\"ImageObject\",\"inLanguage\":\"de\",\"@id\":\"https:\\\/\\\/mcecleanenergy.org\\\/#\\\/schema\\\/logo\\\/image\\\/\",\"url\":\"https:\\\/\\\/mcecleanenergy.org\\\/wp-content\\\/uploads\\\/2024\\\/05\\\/MCE_Logo_Full-Color_RGB_050324.png\",\"contentUrl\":\"https:\\\/\\\/mcecleanenergy.org\\\/wp-content\\\/uploads\\\/2024\\\/05\\\/MCE_Logo_Full-Color_RGB_050324.png\",\"width\":5001,\"height\":2986,\"caption\":\"MCE\"},\"image\":{\"@id\":\"https:\\\/\\\/mcecleanenergy.org\\\/#\\\/schema\\\/logo\\\/image\\\/\"},\"sameAs\":[\"https:\\\/\\\/www.facebook.com\\\/mceCleanEnergy\\\/\",\"https:\\\/\\\/x.com\\\/MCECleanEnergy\",\"https:\\\/\\\/www.instagram.com\\\/mcecleanenergy\\\/\",\"https:\\\/\\\/www.linkedin.com\\\/company\\\/mcecleanenergy\\\/\",\"https:\\\/\\\/www.youtube.com\\\/c\\\/Mcecleanenergy\\\/\",\"https:\\\/\\\/en.wikipedia.org\\\/wiki\\\/Community_Choice_Aggregation#Marin_Clean_Energy\"]}]}<\/script>\n<!-- \/ Yoast SEO Premium plugin. -->","yoast_head_json":{"title":"MCE Zug\u00e4nglichkeitserkl\u00e4rung","description":"MCE ist bestrebt, seine Dienstleistungen f\u00fcr Menschen mit Behinderungen zug\u00e4nglich zu machen, indem es Ressourcen investiert, um die Nutzung seiner Website zu erleichtern.","robots":{"index":"index","follow":"follow","max-snippet":"max-snippet:-1","max-image-preview":"max-image-preview:large","max-video-preview":"max-video-preview:-1"},"canonical":"https:\/\/mcecleanenergy.org\/de\/accessibility-statement\/","og_locale":"de_DE","og_type":"article","og_title":"MCE Accessibility Statement","og_description":"MCE strives to ensure that its services are accessible to people with disabilities by investing resources to help ensure that its website is made easier to use.","og_url":"https:\/\/mcecleanenergy.org\/de\/accessibility-statement\/","og_site_name":"MCE \u2013 Community Choice Energy","article_publisher":"https:\/\/www.facebook.com\/mceCleanEnergy\/","article_modified_time":"2025-09-10T23:16:01+00:00","og_image":[{"width":2560,"height":1679,"url":"https:\/\/mcecleanenergy.org\/wp-content\/uploads\/2024\/03\/AdobeStock_537445727-scaled.jpeg","type":"image\/jpeg"}],"twitter_card":"summary_large_image","twitter_title":"Accessibility Statement","twitter_description":"MCE Accessibility Statement Notice Under the Americans with Disabilities Act In accordance with the requirements of Title II of the Americans with","twitter_site":"@MCECleanEnergy","twitter_misc":{"Gesch\u00e4tzte Lesezeit":"2\u00a0Minuten"},"schema":{"@context":"https:\/\/schema.org","@graph":[{"@type":"WebPage","@id":"https:\/\/mcecleanenergy.org\/accessibility-statement\/","url":"https:\/\/mcecleanenergy.org\/accessibility-statement\/","name":"MCE Zug\u00e4nglichkeitserkl\u00e4rung","isPartOf":{"@id":"https:\/\/mcecleanenergy.org\/#website"},"primaryImageOfPage":{"@id":"https:\/\/mcecleanenergy.org\/accessibility-statement\/#primaryimage"},"image":{"@id":"https:\/\/mcecleanenergy.org\/accessibility-statement\/#primaryimage"},"thumbnailUrl":"https:\/\/mcecleanenergy.org\/wp-content\/uploads\/2024\/03\/AdobeStock_537445727-scaled.jpeg","datePublished":"2024-03-12T03:36:24+00:00","dateModified":"2025-09-10T23:16:01+00:00","description":"MCE ist bestrebt, seine Dienstleistungen f\u00fcr Menschen mit Behinderungen zug\u00e4nglich zu machen, indem es Ressourcen investiert, um die Nutzung seiner Website zu erleichtern.","breadcrumb":{"@id":"https:\/\/mcecleanenergy.org\/accessibility-statement\/#breadcrumb"},"inLanguage":"de","potentialAction":[{"@type":"ReadAction","target":["https:\/\/mcecleanenergy.org\/accessibility-statement\/"]}]},{"@type":"ImageObject","inLanguage":"de","@id":"https:\/\/mcecleanenergy.org\/accessibility-statement\/#primaryimage","url":"https:\/\/mcecleanenergy.org\/wp-content\/uploads\/2024\/03\/AdobeStock_537445727-scaled.jpeg","contentUrl":"https:\/\/mcecleanenergy.org\/wp-content\/uploads\/2024\/03\/AdobeStock_537445727-scaled.jpeg","width":2560,"height":1679,"caption":"Woman, networking or communication with tablet on sofa for social media app, search or contact us on website. Technology, female with glasses in house for email, internet or ecommerce shopping."},{"@type":"BreadcrumbList","@id":"https:\/\/mcecleanenergy.org\/accessibility-statement\/#breadcrumb","itemListElement":[{"@type":"ListItem","position":1,"name":"Home","item":"https:\/\/mcecleanenergy.org\/"},{"@type":"ListItem","position":2,"name":"Accessibility Statement"}]},{"@type":"WebSite","@id":"https:\/\/mcecleanenergy.org\/#website","url":"https:\/\/mcecleanenergy.org\/","name":"MCE - Energie nach Wahl der Gemeinde","description":"","publisher":{"@id":"https:\/\/mcecleanenergy.org\/#organization"},"potentialAction":[{"@type":"SearchAction","target":{"@type":"EntryPoint","urlTemplate":"https:\/\/mcecleanenergy.org\/?s={search_term_string}"},"query-input":{"@type":"PropertyValueSpecification","valueRequired":true,"valueName":"search_term_string"}}],"inLanguage":"de"},{"@type":"Organization","@id":"https:\/\/mcecleanenergy.org\/#organization","name":"MCE","url":"https:\/\/mcecleanenergy.org\/","logo":{"@type":"ImageObject","inLanguage":"de","@id":"https:\/\/mcecleanenergy.org\/#\/schema\/logo\/image\/","url":"https:\/\/mcecleanenergy.org\/wp-content\/uploads\/2024\/05\/MCE_Logo_Full-Color_RGB_050324.png","contentUrl":"https:\/\/mcecleanenergy.org\/wp-content\/uploads\/2024\/05\/MCE_Logo_Full-Color_RGB_050324.png","width":5001,"height":2986,"caption":"MCE"},"image":{"@id":"https:\/\/mcecleanenergy.org\/#\/schema\/logo\/image\/"},"sameAs":["https:\/\/www.facebook.com\/mceCleanEnergy\/","https:\/\/x.com\/MCECleanEnergy","https:\/\/www.instagram.com\/mcecleanenergy\/","https:\/\/www.linkedin.com\/company\/mcecleanenergy\/","https:\/\/www.youtube.com\/c\/Mcecleanenergy\/","https:\/\/en.wikipedia.org\/wiki\/Community_Choice_Aggregation#Marin_Clean_Energy"]}]}},"_links":{"self":[{"href":"https:\/\/mcecleanenergy.org\/de\/wp-json\/wp\/v2\/pages\/16183","targetHints":{"allow":["GET"]}}],"collection":[{"href":"https:\/\/mcecleanenergy.org\/de\/wp-json\/wp\/v2\/pages"}],"about":[{"href":"https:\/\/mcecleanenergy.org\/de\/wp-json\/wp\/v2\/types\/page"}],"author":[{"embeddable":true,"href":"https:\/\/mcecleanenergy.org\/de\/wp-json\/wp\/v2\/users\/6"}],"replies":[{"embeddable":true,"href":"https:\/\/mcecleanenergy.org\/de\/wp-json\/wp\/v2\/comments?post=16183"}],"version-history":[{"count":3,"href":"https:\/\/mcecleanenergy.org\/de\/wp-json\/wp\/v2\/pages\/16183\/revisions"}],"predecessor-version":[{"id":70290,"href":"https:\/\/mcecleanenergy.org\/de\/wp-json\/wp\/v2\/pages\/16183\/revisions\/70290"}],"wp:featuredmedia":[{"embeddable":true,"href":"https:\/\/mcecleanenergy.org\/de\/wp-json\/wp\/v2\/media\/20003"}],"wp:attachment":[{"href":"https:\/\/mcecleanenergy.org\/de\/wp-json\/wp\/v2\/media?parent=16183"}],"curies":[{"name":"wp","href":"https:\/\/api.w.org\/{rel}","templated":true}]}}