{"id":18110,"date":"2024-03-13T00:11:07","date_gmt":"2024-03-13T07:11:07","guid":{"rendered":"https:\/\/mcecleanenergy.org\/?page_id=18110"},"modified":"2024-09-18T17:10:37","modified_gmt":"2024-09-19T00:10:37","slug":"mce-sync-referral-terms","status":"publish","type":"page","link":"https:\/\/mcecleanenergy.org\/de\/mce-sync-referral-terms\/","title":{"rendered":"MCE Sync Referral Terms"},"content":{"rendered":"<div data-elementor-type=\"wp-page\" data-elementor-id=\"18110\" class=\"elementor elementor-18110\" data-elementor-post-type=\"page\">\n\t\t\t\t<div data-particle_enable=\"false\" data-particle-mobile-disabled=\"false\" class=\"elementor-element elementor-element-d3da486 e-flex e-con-boxed e-con e-parent\" data-id=\"d3da486\" data-element_type=\"container\" data-e-type=\"container\" data-settings=\"{&quot;background_background&quot;:&quot;classic&quot;,&quot;jet_parallax_layout_list&quot;:[]}\">\n\t\t\t\t\t<div class=\"e-con-inner\">\n\t\t\t\t<div class=\"elementor-element elementor-element-cb9638b elementor-widget__width-initial elementor-widget elementor-widget-heading\" data-id=\"cb9638b\" data-element_type=\"widget\" data-e-type=\"widget\" data-widget_type=\"heading.default\">\n\t\t\t\t<div class=\"elementor-widget-container\">\n\t\t\t\t\t<h1 class=\"elementor-heading-title elementor-size-default\">MCE Sync Empfehlungsbonus Bedingungen &amp; Konditionen<\/h1>\t\t\t\t<\/div>\n\t\t\t\t<\/div>\n\t\t\t\t\t<\/div>\n\t\t\t\t<\/div>\n\t\t<div data-particle_enable=\"false\" data-particle-mobile-disabled=\"false\" class=\"elementor-element elementor-element-c4b7da8 e-flex e-con-boxed e-con e-parent\" data-id=\"c4b7da8\" data-element_type=\"container\" data-e-type=\"container\" data-settings=\"{&quot;background_background&quot;:&quot;gradient&quot;,&quot;jet_parallax_layout_list&quot;:[]}\">\n\t\t\t\t\t<div class=\"e-con-inner\">\n\t\t\t\t\t<\/div>\n\t\t\t\t<\/div>\n\t\t<div data-particle_enable=\"false\" data-particle-mobile-disabled=\"false\" class=\"elementor-element elementor-element-59142f4 e-flex e-con-boxed e-con e-parent\" data-id=\"59142f4\" data-element_type=\"container\" data-e-type=\"container\" data-settings=\"{&quot;jet_parallax_layout_list&quot;:[]}\">\n\t\t\t\t\t<div class=\"e-con-inner\">\n\t\t<div data-particle_enable=\"false\" data-particle-mobile-disabled=\"false\" class=\"elementor-element elementor-element-6734c27 e-flex e-con-boxed e-con e-child\" data-id=\"6734c27\" data-element_type=\"container\" data-e-type=\"container\" data-settings=\"{&quot;jet_parallax_layout_list&quot;:[]}\">\n\t\t\t\t\t<div class=\"e-con-inner\">\n\t\t<div data-particle_enable=\"false\" data-particle-mobile-disabled=\"false\" class=\"elementor-element elementor-element-22f61ff e-flex e-con-boxed e-con e-child\" data-id=\"22f61ff\" data-element_type=\"container\" data-e-type=\"container\" data-settings=\"{&quot;jet_parallax_layout_list&quot;:[]}\">\n\t\t\t\t\t<div class=\"e-con-inner\">\n\t\t\t\t<div class=\"elementor-element elementor-element-5f4cf28 elementor-widget elementor-widget-heading\" data-id=\"5f4cf28\" data-element_type=\"widget\" data-e-type=\"widget\" data-widget_type=\"heading.default\">\n\t\t\t\t<div class=\"elementor-widget-container\">\n\t\t\t\t\t<h4 class=\"elementor-heading-title elementor-size-default\">Um die Vorteile des MCE Sync Empfehlungsprogramms zu nutzen, das von ev.energy, dem autorisierten Vertreter von MCE, verwaltet wird, gelten die folgenden Bestimmungen und Bedingungen.<\/h4>\t\t\t\t<\/div>\n\t\t\t\t<\/div>\n\t\t\t\t\t<\/div>\n\t\t\t\t<\/div>\n\t\t\t\t\t<\/div>\n\t\t\t\t<\/div>\n\t\t<div data-particle_enable=\"false\" data-particle-mobile-disabled=\"false\" class=\"elementor-element elementor-element-5b31ca0 e-flex e-con-boxed e-con e-child\" data-id=\"5b31ca0\" data-element_type=\"container\" data-e-type=\"container\" data-settings=\"{&quot;jet_parallax_layout_list&quot;:[]}\">\n\t\t\t\t\t<div class=\"e-con-inner\">\n\t\t\t\t<div class=\"elementor-element elementor-element-d370436 elementor-widget elementor-widget-heading\" data-id=\"d370436\" data-element_type=\"widget\" data-e-type=\"widget\" data-widget_type=\"heading.default\">\n\t\t\t\t<div class=\"elementor-widget-container\">\n\t\t\t\t\t<h3 class=\"elementor-heading-title elementor-size-default\">Zugang und Teilnahme<\/h3>\t\t\t\t<\/div>\n\t\t\t\t<\/div>\n\t\t\t\t<div class=\"elementor-element elementor-element-114d053 elementor-widget elementor-widget-text-editor\" data-id=\"114d053\" data-element_type=\"widget\" data-e-type=\"widget\" data-widget_type=\"text-editor.default\">\n\t\t\t\t<div class=\"elementor-widget-container\">\n\t\t\t\t\t\t\t\t\t<ul>\n \t<li>Jeder MCE-Kunde (\"Werber\"), der eine Einladung zum MCE Sync-Werbeprogramm direkt per E-Mail erhalten hat, kann teilnehmen.<\/li>\n \t<li>Werber k\u00f6nnen bis zum 31. Mai 2025 maximal f\u00fcnf zugelassene MCE-Kunden pro Kalenderjahr werben.<\/li>\n<\/ul>\t\t\t\t\t\t\t\t<\/div>\n\t\t\t\t<\/div>\n\t\t<div data-particle_enable=\"false\" data-particle-mobile-disabled=\"false\" class=\"elementor-element elementor-element-238f9fc e-flex e-con-boxed e-con e-child\" data-id=\"238f9fc\" data-element_type=\"container\" data-e-type=\"container\" data-settings=\"{&quot;jet_parallax_layout_list&quot;:[]}\">\n\t\t\t\t\t<div class=\"e-con-inner\">\n\t\t\t\t<div class=\"elementor-element elementor-element-7866e69 elementor-widget elementor-widget-heading\" data-id=\"7866e69\" data-element_type=\"widget\" data-e-type=\"widget\" data-widget_type=\"heading.default\">\n\t\t\t\t<div class=\"elementor-widget-container\">\n\t\t\t\t\t<h3 class=\"elementor-heading-title elementor-size-default\">Zuschussf\u00e4higkeit<\/h3>\t\t\t\t<\/div>\n\t\t\t\t<\/div>\n\t\t\t\t<div class=\"elementor-element elementor-element-3f837ac elementor-widget elementor-widget-text-editor\" data-id=\"3f837ac\" data-element_type=\"widget\" data-e-type=\"widget\" data-widget_type=\"text-editor.default\">\n\t\t\t\t<div class=\"elementor-widget-container\">\n\t\t\t\t\t\t\t\t\t<ul>\n \t<li>Der geworbene Nutzer (\"Werber\") muss die MCE Sync-App \u00fcber den Apple- oder Android-App-Store herunterladen, den vom Werber erhaltenen Empfehlungscode verwenden, das MCE Sync-Profil ausf\u00fcllen und mindestens eine qualifizierende Smart-Charging-Sitzung vor der oben genannten Frist f\u00fcr den Abschluss des Angebots durchf\u00fchren.\n<ul>\n \t<li>Eine qualifizierte Smart-Charging-Sitzung besteht aus einer Ladesitzung, die vom MCE Sync \u00fcber <a href=\"https:\/\/www.ev.energy\/drivers-home-us\" target=\"_blank\" rel=\"noopener\">ev.energie<\/a> mit der Smart Charge-Funktion, die w\u00e4hrend der gesamten Sitzung eingeschaltet ist, und der Lieferung von mindestens 10 kWh Strom in die Fahrzeugladung.<\/li>\n<\/ul>\n<\/li>\n<\/ul>\t\t\t\t\t\t\t\t<\/div>\n\t\t\t\t<\/div>\n\t\t\t\t\t<\/div>\n\t\t\t\t<\/div>\n\t\t<div data-particle_enable=\"false\" data-particle-mobile-disabled=\"false\" class=\"elementor-element elementor-element-93a433a e-flex e-con-boxed e-con e-child\" data-id=\"93a433a\" data-element_type=\"container\" data-e-type=\"container\" data-settings=\"{&quot;jet_parallax_layout_list&quot;:[]}\">\n\t\t\t\t\t<div class=\"e-con-inner\">\n\t\t\t\t<div class=\"elementor-element elementor-element-e53eee9 elementor-widget elementor-widget-heading\" data-id=\"e53eee9\" data-element_type=\"widget\" data-e-type=\"widget\" data-widget_type=\"heading.default\">\n\t\t\t\t<div class=\"elementor-widget-container\">\n\t\t\t\t\t<h3 class=\"elementor-heading-title elementor-size-default\">Anreizzahlung<\/h3>\t\t\t\t<\/div>\n\t\t\t\t<\/div>\n\t\t\t\t<div class=\"elementor-element elementor-element-8fe255f elementor-widget elementor-widget-text-editor\" data-id=\"8fe255f\" data-element_type=\"widget\" data-e-type=\"widget\" data-widget_type=\"text-editor.default\">\n\t\t\t\t<div class=\"elementor-widget-container\">\n\t\t\t\t\t\t\t\t\t<ul>\n \t<li>Sobald eine qualifizierte Smart Charging-Sitzung vom Schiedsrichter aufgezeichnet und ihre Berechtigung von MCE best\u00e4tigt wurde, erh\u00e4lt der Referrer innerhalb von 60 Tagen nach der Best\u00e4tigung durch MCE eine $25-Promotion-Zahlung \u00fcber Paypal oder einen anderen von MCE festgelegten einl\u00f6sbaren Gegenwert in bar.<\/li>\n \t<li>F\u00fcr jede erfolgreiche \u00dcberweisung, <a href=\"https:\/\/ev.energy\/\" target=\"_blank\" rel=\"noopener\">ev.energie<\/a> sendet eine $25 Werbezahlung \u00fcber PayPal im Namen von MCE an den Werber.<\/li>\n<\/ul>\t\t\t\t\t\t\t\t<\/div>\n\t\t\t\t<\/div>\n\t\t\t\t\t<\/div>\n\t\t\t\t<\/div>\n\t\t<div data-particle_enable=\"false\" data-particle-mobile-disabled=\"false\" class=\"elementor-element elementor-element-b0524db e-flex e-con-boxed e-con e-child\" data-id=\"b0524db\" data-element_type=\"container\" data-e-type=\"container\" data-settings=\"{&quot;jet_parallax_layout_list&quot;:[]}\">\n\t\t\t\t\t<div class=\"e-con-inner\">\n\t\t\t\t<div class=\"elementor-element elementor-element-506792d elementor-widget elementor-widget-heading\" data-id=\"506792d\" data-element_type=\"widget\" data-e-type=\"widget\" data-widget_type=\"heading.default\">\n\t\t\t\t<div class=\"elementor-widget-container\">\n\t\t\t\t\t<h3 class=\"elementor-heading-title elementor-size-default\">Sonstiges<\/h3>\t\t\t\t<\/div>\n\t\t\t\t<\/div>\n\t\t\t\t<div class=\"elementor-element elementor-element-8a7452d elementor-widget elementor-widget-text-editor\" data-id=\"8a7452d\" data-element_type=\"widget\" data-e-type=\"widget\" data-widget_type=\"text-editor.default\">\n\t\t\t\t<div class=\"elementor-widget-container\">\n\t\t\t\t\t\t\t\t\t<ul><li>Werber und Schiedsrichter m\u00fcssen \u00fcber 18 Jahre alt sein und ihren st\u00e4ndigen Wohnsitz in Kalifornien haben, um diese Werbezahlung einl\u00f6sen zu k\u00f6nnen.<\/li><li>Diese Sonderzahlung kann nur einmal pro geworbenem MCE-Kundenhaushalt eingel\u00f6st werden. Wenn mehr als ein MCE-Kunde denselben Haushalt wirbt, ist nur der erste eingegebene Empfehlungscode zur Einl\u00f6sung dieses Angebots berechtigt.<\/li><li>MCE hat das uneingeschr\u00e4nkte Recht zu bestimmen, wie das Bargeld\u00e4quivalentangebot dem Nutzer zur Einl\u00f6sung zur Verf\u00fcgung gestellt wird.<\/li><li>MCE beh\u00e4lt sich das Recht vor, diese Aktion ohne Vorank\u00fcndigung und ohne Pr\u00e4judiz zu \u00e4ndern oder zu beenden.<\/li><li>MCE ist nicht verantwortlich f\u00fcr Steuern, die einem MCE-Kunden als Folge der Werbezahlung auferlegt werden k\u00f6nnen.<\/li><li>MCE entscheidet nach eigenem Ermessen \u00fcber die endg\u00fcltige L\u00f6sung von Problemen im Zusammenhang mit dem MCE Sync Referral Program.<\/li><\/ul>\t\t\t\t\t\t\t\t<\/div>\n\t\t\t\t<\/div>\n\t\t\t\t\t<\/div>\n\t\t\t\t<\/div>\n\t\t\t\t\t<\/div>\n\t\t\t\t<\/div>\n\t\t\t\t\t<\/div>\n\t\t\t\t<\/div>\n\t\t<div data-particle_enable=\"false\" data-particle-mobile-disabled=\"false\" class=\"elementor-element elementor-element-a6b9f29 e-flex e-con-boxed e-con e-parent\" data-id=\"a6b9f29\" data-element_type=\"container\" data-e-type=\"container\" data-settings=\"{&quot;jet_parallax_layout_list&quot;:[]}\">\n\t\t\t\t\t<div class=\"e-con-inner\">\n\t\t\t\t<div class=\"elementor-element elementor-element-60d886a elementor-widget elementor-widget-spacer\" data-id=\"60d886a\" data-element_type=\"widget\" data-e-type=\"widget\" data-widget_type=\"spacer.default\">\n\t\t\t\t<div class=\"elementor-widget-container\">\n\t\t\t\t\t\t\t<div class=\"elementor-spacer\">\n\t\t\t<div class=\"elementor-spacer-inner\"><\/div>\n\t\t<\/div>\n\t\t\t\t\t\t<\/div>\n\t\t\t\t<\/div>\n\t\t\t\t\t<\/div>\n\t\t\t\t<\/div>\n\t\t\t\t<\/div>","protected":false},"excerpt":{"rendered":"<p>MCE Sync Referral Bonus Terms &amp; Conditions To take advantage of the MCE Sync Referral Program Promotion, administered by MCE\u2019s Authorized Agent, ev.energy, the following terms and conditions apply. Access [&hellip;]<\/p>\n","protected":false},"author":6,"featured_media":36118,"parent":0,"menu_order":0,"comment_status":"closed","ping_status":"closed","template":"","meta":{"_acf_changed":false,"_searchwp_excluded":"","footnotes":""},"class_list":["post-18110","page","type-page","status-publish","has-post-thumbnail","hentry"],"acf":[],"yoast_head":"<!-- This site is optimized with the Yoast SEO Premium plugin v27.2 (Yoast SEO v27.2) - https:\/\/yoast.com\/product\/yoast-seo-premium-wordpress\/ -->\n<title>MCE Sync Referral Program Terms &amp; Conditions<\/title>\n<meta name=\"description\" content=\"To take advantage of the MCE Sync Referral Program Promotion, administered by MCE\u2019s Authorized Agent, ev.energy, the following terms and conditions apply.\" \/>\n<meta name=\"robots\" content=\"index, follow, max-snippet:-1, max-image-preview:large, max-video-preview:-1\" \/>\n<link rel=\"canonical\" href=\"https:\/\/mcecleanenergy.org\/de\/mce-sync-referral-terms\/\" \/>\n<meta property=\"og:locale\" content=\"de_DE\" \/>\n<meta property=\"og:type\" content=\"article\" \/>\n<meta property=\"og:title\" content=\"MCE Sync Referral Program Terms &amp; Conditions\" \/>\n<meta property=\"og:description\" content=\"To take advantage of the MCE Sync Referral Program Promotion, administered by MCE\u2019s Authorized Agent, ev.energy, the following terms and conditions apply.\" \/>\n<meta property=\"og:url\" content=\"https:\/\/mcecleanenergy.org\/de\/mce-sync-referral-terms\/\" \/>\n<meta property=\"og:site_name\" content=\"MCE \u2013 Community Choice Energy\" \/>\n<meta property=\"article:publisher\" content=\"https:\/\/www.facebook.com\/mceCleanEnergy\/\" \/>\n<meta property=\"article:modified_time\" content=\"2024-09-19T00:10:37+00:00\" \/>\n<meta property=\"og:image\" content=\"https:\/\/mcecleanenergy.org\/wp-content\/uploads\/2024\/05\/iStock-1864219628-smartphone-good-news-scaled.jpg\" \/>\n\t<meta property=\"og:image:width\" content=\"2560\" \/>\n\t<meta property=\"og:image:height\" content=\"1707\" \/>\n\t<meta property=\"og:image:type\" content=\"image\/jpeg\" \/>\n<meta name=\"twitter:card\" content=\"summary_large_image\" \/>\n<meta name=\"twitter:title\" content=\"MCE Sync Referral Terms\" \/>\n<meta name=\"twitter:description\" content=\"MCE Sync Referral Bonus Terms &amp; Conditions To take advantage of the MCE Sync Referral Program Promotion, administered by MCE\u2019s Authorized Agent,\" \/>\n<meta name=\"twitter:site\" content=\"@MCECleanEnergy\" \/>\n<meta name=\"twitter:label1\" content=\"Gesch\u00e4tzte Lesezeit\" \/>\n\t<meta name=\"twitter:data1\" content=\"2\u00a0Minuten\" \/>\n<script type=\"application\/ld+json\" class=\"yoast-schema-graph\">{\"@context\":\"https:\/\/schema.org\",\"@graph\":[{\"@type\":\"WebPage\",\"@id\":\"https:\/\/mcecleanenergy.org\/mce-sync-referral-terms\/\",\"url\":\"https:\/\/mcecleanenergy.org\/mce-sync-referral-terms\/\",\"name\":\"MCE Sync Referral Program Terms & Conditions\",\"isPartOf\":{\"@id\":\"https:\/\/mcecleanenergy.org\/#website\"},\"primaryImageOfPage\":{\"@id\":\"https:\/\/mcecleanenergy.org\/mce-sync-referral-terms\/#primaryimage\"},\"image\":{\"@id\":\"https:\/\/mcecleanenergy.org\/mce-sync-referral-terms\/#primaryimage\"},\"thumbnailUrl\":\"https:\/\/mcecleanenergy.org\/wp-content\/uploads\/2024\/05\/iStock-1864219628-smartphone-good-news-scaled.jpg\",\"datePublished\":\"2024-03-13T07:11:07+00:00\",\"dateModified\":\"2024-09-19T00:10:37+00:00\",\"description\":\"To take advantage of the MCE Sync Referral Program Promotion, administered by MCE\u2019s Authorized Agent, ev.energy, the following terms and conditions apply.\",\"breadcrumb\":{\"@id\":\"https:\/\/mcecleanenergy.org\/mce-sync-referral-terms\/#breadcrumb\"},\"inLanguage\":\"de\",\"potentialAction\":[{\"@type\":\"ReadAction\",\"target\":[\"https:\/\/mcecleanenergy.org\/mce-sync-referral-terms\/\"]}]},{\"@type\":\"ImageObject\",\"inLanguage\":\"de\",\"@id\":\"https:\/\/mcecleanenergy.org\/mce-sync-referral-terms\/#primaryimage\",\"url\":\"https:\/\/mcecleanenergy.org\/wp-content\/uploads\/2024\/05\/iStock-1864219628-smartphone-good-news-scaled.jpg\",\"contentUrl\":\"https:\/\/mcecleanenergy.org\/wp-content\/uploads\/2024\/05\/iStock-1864219628-smartphone-good-news-scaled.jpg\",\"width\":2560,\"height\":1707,\"caption\":\"Young successful businessman walking down the street holding a phone in his hands, an Indian man using an application on a smartphone smiling contentedly from outside an office building.\"},{\"@type\":\"BreadcrumbList\",\"@id\":\"https:\/\/mcecleanenergy.org\/mce-sync-referral-terms\/#breadcrumb\",\"itemListElement\":[{\"@type\":\"ListItem\",\"position\":1,\"name\":\"Home\",\"item\":\"https:\/\/mcecleanenergy.org\/\"},{\"@type\":\"ListItem\",\"position\":2,\"name\":\"MCE Sync Referral Terms\"}]},{\"@type\":\"WebSite\",\"@id\":\"https:\/\/mcecleanenergy.org\/#website\",\"url\":\"https:\/\/mcecleanenergy.org\/\",\"name\":\"MCE \u2013 Community Choice Energy\",\"description\":\"\",\"publisher\":{\"@id\":\"https:\/\/mcecleanenergy.org\/#organization\"},\"potentialAction\":[{\"@type\":\"SearchAction\",\"target\":{\"@type\":\"EntryPoint\",\"urlTemplate\":\"https:\/\/mcecleanenergy.org\/?s={search_term_string}\"},\"query-input\":{\"@type\":\"PropertyValueSpecification\",\"valueRequired\":true,\"valueName\":\"search_term_string\"}}],\"inLanguage\":\"de\"},{\"@type\":\"Organization\",\"@id\":\"https:\/\/mcecleanenergy.org\/#organization\",\"name\":\"MCE\",\"url\":\"https:\/\/mcecleanenergy.org\/\",\"logo\":{\"@type\":\"ImageObject\",\"inLanguage\":\"de\",\"@id\":\"https:\/\/mcecleanenergy.org\/#\/schema\/logo\/image\/\",\"url\":\"https:\/\/mcecleanenergy.org\/wp-content\/uploads\/2024\/05\/MCE_Logo_Full-Color_RGB_050324.png\",\"contentUrl\":\"https:\/\/mcecleanenergy.org\/wp-content\/uploads\/2024\/05\/MCE_Logo_Full-Color_RGB_050324.png\",\"width\":5001,\"height\":2986,\"caption\":\"MCE\"},\"image\":{\"@id\":\"https:\/\/mcecleanenergy.org\/#\/schema\/logo\/image\/\"},\"sameAs\":[\"https:\/\/www.facebook.com\/mceCleanEnergy\/\",\"https:\/\/x.com\/MCECleanEnergy\",\"https:\/\/www.instagram.com\/mcecleanenergy\/\",\"https:\/\/www.linkedin.com\/company\/mcecleanenergy\/\",\"https:\/\/www.youtube.com\/c\/Mcecleanenergy\/\",\"https:\/\/en.wikipedia.org\/wiki\/Community_Choice_Aggregation#Marin_Clean_Energy\"]}]}<\/script>\n<!-- \/ Yoast SEO Premium plugin. -->","yoast_head_json":{"title":"MCE Sync Referral Program Terms & Conditions","description":"Um die Vorteile des MCE Sync Empfehlungsprogramms zu nutzen, das von ev.energy, dem autorisierten Vertreter von MCE, verwaltet wird, gelten die folgenden Bestimmungen und Bedingungen.","robots":{"index":"index","follow":"follow","max-snippet":"max-snippet:-1","max-image-preview":"max-image-preview:large","max-video-preview":"max-video-preview:-1"},"canonical":"https:\/\/mcecleanenergy.org\/de\/mce-sync-referral-terms\/","og_locale":"de_DE","og_type":"article","og_title":"MCE Sync Referral Program Terms & Conditions","og_description":"To take advantage of the MCE Sync Referral Program Promotion, administered by MCE\u2019s Authorized Agent, ev.energy, the following terms and conditions apply.","og_url":"https:\/\/mcecleanenergy.org\/de\/mce-sync-referral-terms\/","og_site_name":"MCE \u2013 Community Choice Energy","article_publisher":"https:\/\/www.facebook.com\/mceCleanEnergy\/","article_modified_time":"2024-09-19T00:10:37+00:00","og_image":[{"width":2560,"height":1707,"url":"https:\/\/mcecleanenergy.org\/wp-content\/uploads\/2024\/05\/iStock-1864219628-smartphone-good-news-scaled.jpg","type":"image\/jpeg"}],"twitter_card":"summary_large_image","twitter_title":"MCE Sync Referral Terms","twitter_description":"MCE Sync Referral Bonus Terms &amp; Conditions To take advantage of the MCE Sync Referral Program Promotion, administered by MCE\u2019s Authorized Agent,","twitter_site":"@MCECleanEnergy","twitter_misc":{"Gesch\u00e4tzte Lesezeit":"2\u00a0Minuten"},"schema":{"@context":"https:\/\/schema.org","@graph":[{"@type":"WebPage","@id":"https:\/\/mcecleanenergy.org\/mce-sync-referral-terms\/","url":"https:\/\/mcecleanenergy.org\/mce-sync-referral-terms\/","name":"MCE Sync Referral Program Terms & Conditions","isPartOf":{"@id":"https:\/\/mcecleanenergy.org\/#website"},"primaryImageOfPage":{"@id":"https:\/\/mcecleanenergy.org\/mce-sync-referral-terms\/#primaryimage"},"image":{"@id":"https:\/\/mcecleanenergy.org\/mce-sync-referral-terms\/#primaryimage"},"thumbnailUrl":"https:\/\/mcecleanenergy.org\/wp-content\/uploads\/2024\/05\/iStock-1864219628-smartphone-good-news-scaled.jpg","datePublished":"2024-03-13T07:11:07+00:00","dateModified":"2024-09-19T00:10:37+00:00","description":"Um die Vorteile des MCE Sync Empfehlungsprogramms zu nutzen, das von ev.energy, dem autorisierten Vertreter von MCE, verwaltet wird, gelten die folgenden Bestimmungen und Bedingungen.","breadcrumb":{"@id":"https:\/\/mcecleanenergy.org\/mce-sync-referral-terms\/#breadcrumb"},"inLanguage":"de","potentialAction":[{"@type":"ReadAction","target":["https:\/\/mcecleanenergy.org\/mce-sync-referral-terms\/"]}]},{"@type":"ImageObject","inLanguage":"de","@id":"https:\/\/mcecleanenergy.org\/mce-sync-referral-terms\/#primaryimage","url":"https:\/\/mcecleanenergy.org\/wp-content\/uploads\/2024\/05\/iStock-1864219628-smartphone-good-news-scaled.jpg","contentUrl":"https:\/\/mcecleanenergy.org\/wp-content\/uploads\/2024\/05\/iStock-1864219628-smartphone-good-news-scaled.jpg","width":2560,"height":1707,"caption":"Young successful businessman walking down the street holding a phone in his hands, an Indian man using an application on a smartphone smiling contentedly from outside an office building."},{"@type":"BreadcrumbList","@id":"https:\/\/mcecleanenergy.org\/mce-sync-referral-terms\/#breadcrumb","itemListElement":[{"@type":"ListItem","position":1,"name":"Home","item":"https:\/\/mcecleanenergy.org\/"},{"@type":"ListItem","position":2,"name":"MCE Sync Referral Terms"}]},{"@type":"WebSite","@id":"https:\/\/mcecleanenergy.org\/#website","url":"https:\/\/mcecleanenergy.org\/","name":"MCE - Energie nach Wahl der Gemeinde","description":"","publisher":{"@id":"https:\/\/mcecleanenergy.org\/#organization"},"potentialAction":[{"@type":"SearchAction","target":{"@type":"EntryPoint","urlTemplate":"https:\/\/mcecleanenergy.org\/?s={search_term_string}"},"query-input":{"@type":"PropertyValueSpecification","valueRequired":true,"valueName":"search_term_string"}}],"inLanguage":"de"},{"@type":"Organization","@id":"https:\/\/mcecleanenergy.org\/#organization","name":"MCE","url":"https:\/\/mcecleanenergy.org\/","logo":{"@type":"ImageObject","inLanguage":"de","@id":"https:\/\/mcecleanenergy.org\/#\/schema\/logo\/image\/","url":"https:\/\/mcecleanenergy.org\/wp-content\/uploads\/2024\/05\/MCE_Logo_Full-Color_RGB_050324.png","contentUrl":"https:\/\/mcecleanenergy.org\/wp-content\/uploads\/2024\/05\/MCE_Logo_Full-Color_RGB_050324.png","width":5001,"height":2986,"caption":"MCE"},"image":{"@id":"https:\/\/mcecleanenergy.org\/#\/schema\/logo\/image\/"},"sameAs":["https:\/\/www.facebook.com\/mceCleanEnergy\/","https:\/\/x.com\/MCECleanEnergy","https:\/\/www.instagram.com\/mcecleanenergy\/","https:\/\/www.linkedin.com\/company\/mcecleanenergy\/","https:\/\/www.youtube.com\/c\/Mcecleanenergy\/","https:\/\/en.wikipedia.org\/wiki\/Community_Choice_Aggregation#Marin_Clean_Energy"]}]}},"_links":{"self":[{"href":"https:\/\/mcecleanenergy.org\/de\/wp-json\/wp\/v2\/pages\/18110","targetHints":{"allow":["GET"]}}],"collection":[{"href":"https:\/\/mcecleanenergy.org\/de\/wp-json\/wp\/v2\/pages"}],"about":[{"href":"https:\/\/mcecleanenergy.org\/de\/wp-json\/wp\/v2\/types\/page"}],"author":[{"embeddable":true,"href":"https:\/\/mcecleanenergy.org\/de\/wp-json\/wp\/v2\/users\/6"}],"replies":[{"embeddable":true,"href":"https:\/\/mcecleanenergy.org\/de\/wp-json\/wp\/v2\/comments?post=18110"}],"version-history":[{"count":0,"href":"https:\/\/mcecleanenergy.org\/de\/wp-json\/wp\/v2\/pages\/18110\/revisions"}],"wp:featuredmedia":[{"embeddable":true,"href":"https:\/\/mcecleanenergy.org\/de\/wp-json\/wp\/v2\/media\/36118"}],"wp:attachment":[{"href":"https:\/\/mcecleanenergy.org\/de\/wp-json\/wp\/v2\/media?parent=18110"}],"curies":[{"name":"wp","href":"https:\/\/api.w.org\/{rel}","templated":true}]}}