{"id":20821,"date":"2024-03-18T02:47:47","date_gmt":"2024-03-18T09:47:47","guid":{"rendered":"https:\/\/mcecleanenergy.org\/?page_id=20821"},"modified":"2024-09-18T17:13:21","modified_gmt":"2024-09-19T00:13:21","slug":"ada-grievance-procedure","status":"publish","type":"page","link":"https:\/\/mcecleanenergy.org\/de\/ada-grievance-procedure\/","title":{"rendered":"ADA-Beschwerdeverfahren"},"content":{"rendered":"<div data-elementor-type=\"wp-page\" data-elementor-id=\"20821\" class=\"elementor elementor-20821\" data-elementor-post-type=\"page\">\n\t\t\t\t<div data-particle_enable=\"false\" data-particle-mobile-disabled=\"false\" class=\"elementor-element elementor-element-8eb487b e-flex e-con-boxed e-con e-parent\" data-id=\"8eb487b\" data-element_type=\"container\" data-e-type=\"container\" data-settings=\"{&quot;background_background&quot;:&quot;classic&quot;,&quot;jet_parallax_layout_list&quot;:[]}\">\n\t\t\t\t\t<div class=\"e-con-inner\">\n\t\t\t\t<div class=\"elementor-element elementor-element-8f8e315 elementor-widget__width-initial elementor-widget elementor-widget-heading\" data-id=\"8f8e315\" data-element_type=\"widget\" data-e-type=\"widget\" data-widget_type=\"heading.default\">\n\t\t\t\t<div class=\"elementor-widget-container\">\n\t\t\t\t\t<h1 class=\"elementor-heading-title elementor-size-default\">MCE ADA-Beschwerdeverfahren<\/h1>\t\t\t\t<\/div>\n\t\t\t\t<\/div>\n\t\t\t\t\t<\/div>\n\t\t\t\t<\/div>\n\t\t<div data-particle_enable=\"false\" data-particle-mobile-disabled=\"false\" class=\"elementor-element elementor-element-e589bfe e-flex e-con-boxed e-con e-parent\" data-id=\"e589bfe\" data-element_type=\"container\" data-e-type=\"container\" data-settings=\"{&quot;background_background&quot;:&quot;gradient&quot;,&quot;jet_parallax_layout_list&quot;:[]}\">\n\t\t\t\t\t<div class=\"e-con-inner\">\n\t\t\t\t\t<\/div>\n\t\t\t\t<\/div>\n\t\t<div data-particle_enable=\"false\" data-particle-mobile-disabled=\"false\" class=\"elementor-element elementor-element-1bcd127 e-flex e-con-boxed e-con e-parent\" data-id=\"1bcd127\" data-element_type=\"container\" data-e-type=\"container\" data-settings=\"{&quot;jet_parallax_layout_list&quot;:[]}\">\n\t\t\t\t\t<div class=\"e-con-inner\">\n\t\t<div data-particle_enable=\"false\" data-particle-mobile-disabled=\"false\" class=\"elementor-element elementor-element-0d5e84f e-flex e-con-boxed e-con e-child\" data-id=\"0d5e84f\" data-element_type=\"container\" data-e-type=\"container\" data-settings=\"{&quot;jet_parallax_layout_list&quot;:[]}\">\n\t\t\t\t\t<div class=\"e-con-inner\">\n\t\t<div data-particle_enable=\"false\" data-particle-mobile-disabled=\"false\" class=\"elementor-element elementor-element-0e4c723 e-flex e-con-boxed e-con e-child\" data-id=\"0e4c723\" data-element_type=\"container\" data-e-type=\"container\" data-settings=\"{&quot;jet_parallax_layout_list&quot;:[]}\">\n\t\t\t\t\t<div class=\"e-con-inner\">\n\t\t\t\t<div class=\"elementor-element elementor-element-9a0b0d3 elementor-widget elementor-widget-text-editor\" data-id=\"9a0b0d3\" data-element_type=\"widget\" data-e-type=\"widget\" data-widget_type=\"text-editor.default\">\n\t\t\t\t<div class=\"elementor-widget-container\">\n\t\t\t\t\t\t\t\t\t<p>Dieses Beschwerdeverfahren wurde eingerichtet, um die Anforderungen des Americans with Disabilities Act von 1990 (\"ADA\") zu erf\u00fcllen. Es kann von jedem genutzt werden, der eine Beschwerde \u00fcber die Zug\u00e4nglichkeit einreichen m\u00f6chte, in der eine Diskriminierung aufgrund einer Behinderung bei der Bereitstellung von Dienstleistungen, Programmen oder Aktivit\u00e4ten durch MCE behauptet wird.<\/p>\t\t\t\t\t\t\t\t<\/div>\n\t\t\t\t<\/div>\n\t\t<div data-particle_enable=\"false\" data-particle-mobile-disabled=\"false\" class=\"elementor-element elementor-element-d140408 e-flex e-con-boxed e-con e-child\" data-id=\"d140408\" data-element_type=\"container\" data-e-type=\"container\" data-settings=\"{&quot;jet_parallax_layout_list&quot;:[]}\">\n\t\t\t\t\t<div class=\"e-con-inner\">\n\t\t\t\t<div class=\"elementor-element elementor-element-964d65b elementor-widget elementor-widget-text-editor\" data-id=\"964d65b\" data-element_type=\"widget\" data-e-type=\"widget\" data-widget_type=\"text-editor.default\">\n\t\t\t\t<div class=\"elementor-widget-container\">\n\t\t\t\t\t\t\t\t\t<p>Eine Beschwerde \u00fcber Barrierefreiheit sollte schriftlich eingereicht werden und folgende Informationen \u00fcber die angebliche Diskriminierung enthalten:<\/p><ul><li>Name, Postanschrift, Telefonnummer und E-Mail-Adresse des Beschwerdef\u00fchrers;<\/li><li>Ort, Datum, Art der Beschwerde (Zugang zu Programmen, physischer Zugang, Diskriminierung bei der Besch\u00e4ftigung, Zugang zur Informationstechnologie usw.); und<\/li><li>Beschreibung der Beschwerde.<\/li><\/ul><p><br \/>Die Beschwerde sollte vom Beschwerdef\u00fchrer und\/oder seinem Bevollm\u00e4chtigten so bald wie m\u00f6glich, jedoch nicht sp\u00e4ter als sechzig (60) Kalendertage nach dem mutma\u00dflichen Versto\u00df, bei Justine Parmelee, der ADA-Koordinatorin, eingereicht werden.\u00a0<a href=\"mailto:ada-coordinator@mcecleanenergy.org\" target=\"_blank\" rel=\"noopener\" aria-label=\"Senden Sie eine E-Mail an ada-coordinator@mcecleanenergy.org\">ada-coordinator@mceCleanEnergy.org<\/a>\u00a0oder\u00a0<a href=\"tel:1-888-632-3674\" target=\"_blank\" rel=\"noopener\" aria-label=\"1-888-632-3674 anrufen\">(888) 632-3674<\/a>.<\/p><p>Personen mit Behinderungen werden auf Anfrage alternative M\u00f6glichkeiten zur Einreichung von Beschwerden zur Verf\u00fcgung gestellt, wie z. B. pers\u00f6nliche Gespr\u00e4che oder eine Tonaufnahme der Beschwerde.<\/p><p>Innerhalb von f\u00fcnfzehn (15) Kalendertagen nach Eingang der Beschwerde trifft sich der ADA-Koordinator oder die von ihm beauftragte Person mit dem Beschwerdef\u00fchrer, um die Beschwerde und m\u00f6gliche L\u00f6sungen zu besprechen. Innerhalb von f\u00fcnfzehn (15) Kalendertagen nach dem Treffen antwortet der ADA-Koordinator oder sein Beauftragter schriftlich und gegebenenfalls in einem f\u00fcr den Beschwerdef\u00fchrer zug\u00e4nglichen Format, z. B. in Gro\u00dfdruck, Blindenschrift oder als Tonaufnahme. In der Antwort wird der Standpunkt von MCE erl\u00e4utert und es werden Optionen f\u00fcr eine substanzielle L\u00f6sung der Beschwerde angeboten.<\/p>\t\t\t\t\t\t\t\t<\/div>\n\t\t\t\t<\/div>\n\t\t\t\t\t<\/div>\n\t\t\t\t<\/div>\n\t\t\t\t\t<\/div>\n\t\t\t\t<\/div>\n\t\t\t\t\t<\/div>\n\t\t\t\t<\/div>\n\t\t\t\t\t<\/div>\n\t\t\t\t<\/div>\n\t\t<div data-particle_enable=\"false\" data-particle-mobile-disabled=\"false\" class=\"elementor-element elementor-element-cae2e6b e-flex e-con-boxed e-con e-parent\" data-id=\"cae2e6b\" data-element_type=\"container\" data-e-type=\"container\" data-settings=\"{&quot;jet_parallax_layout_list&quot;:[]}\">\n\t\t\t\t\t<div class=\"e-con-inner\">\n\t\t\t\t<div class=\"elementor-element elementor-element-f185fc2 elementor-widget elementor-widget-spacer\" data-id=\"f185fc2\" data-element_type=\"widget\" data-e-type=\"widget\" data-widget_type=\"spacer.default\">\n\t\t\t\t<div class=\"elementor-widget-container\">\n\t\t\t\t\t\t\t<div class=\"elementor-spacer\">\n\t\t\t<div class=\"elementor-spacer-inner\"><\/div>\n\t\t<\/div>\n\t\t\t\t\t\t<\/div>\n\t\t\t\t<\/div>\n\t\t\t\t\t<\/div>\n\t\t\t\t<\/div>\n\t\t\t\t<\/div>","protected":false},"excerpt":{"rendered":"<p>MCE ADA Grievance Procedure This grievance procedure is established to meet the requirements of the Americans with Disabilities Act of 1990 (\u201cADA\u201d). It may be used by anyone who wishes [&hellip;]<\/p>\n","protected":false},"author":6,"featured_media":19046,"parent":0,"menu_order":0,"comment_status":"closed","ping_status":"closed","template":"","meta":{"_acf_changed":false,"_searchwp_excluded":"","footnotes":""},"class_list":["post-20821","page","type-page","status-publish","has-post-thumbnail","hentry"],"acf":[],"yoast_head":"<!-- This site is optimized with the Yoast SEO Premium plugin v27.4 (Yoast SEO v27.4) - https:\/\/yoast.com\/product\/yoast-seo-premium-wordpress\/ -->\n<title>MCE Accessibility Grievance Procedure<\/title>\n<meta name=\"description\" content=\"This grievance procedure may be used by anyone who wishes to file an accessibility complaint alleging discrimination on the basis of a disability in the provision of services, programs or activities by MCE.\" \/>\n<meta name=\"robots\" content=\"index, follow, max-snippet:-1, max-image-preview:large, max-video-preview:-1\" \/>\n<link rel=\"canonical\" href=\"https:\/\/mcecleanenergy.org\/de\/ada-grievance-procedure\/\" \/>\n<meta property=\"og:locale\" content=\"de_DE\" \/>\n<meta property=\"og:type\" content=\"article\" \/>\n<meta property=\"og:title\" content=\"MCE Accessibility Grievance Procedure\" \/>\n<meta property=\"og:description\" content=\"This grievance procedure may be used by anyone who wishes to file an accessibility complaint alleging discrimination on the basis of a disability in the provision of services, programs or activities by MCE.\" \/>\n<meta property=\"og:url\" content=\"https:\/\/mcecleanenergy.org\/de\/ada-grievance-procedure\/\" \/>\n<meta property=\"og:site_name\" content=\"MCE \u2013 Community Choice Energy\" \/>\n<meta property=\"article:publisher\" content=\"https:\/\/www.facebook.com\/mceCleanEnergy\/\" \/>\n<meta property=\"article:modified_time\" content=\"2024-09-19T00:13:21+00:00\" \/>\n<meta property=\"og:image\" content=\"https:\/\/mcecleanenergy.org\/wp-content\/uploads\/2024\/03\/AdobeStock_530301294-scaled.jpeg\" \/>\n\t<meta property=\"og:image:width\" content=\"2560\" \/>\n\t<meta property=\"og:image:height\" content=\"1707\" \/>\n\t<meta property=\"og:image:type\" content=\"image\/jpeg\" \/>\n<meta name=\"twitter:card\" content=\"summary_large_image\" \/>\n<meta name=\"twitter:title\" content=\"ADA Grievance Procedure\" \/>\n<meta name=\"twitter:description\" content=\"MCE ADA Grievance Procedure This grievance procedure is established to meet the requirements of the Americans with Disabilities Act of 1990 (\u201cADA\u201d). It\" \/>\n<meta name=\"twitter:site\" content=\"@MCECleanEnergy\" \/>\n<meta name=\"twitter:label1\" content=\"Gesch\u00e4tzte Lesezeit\" \/>\n\t<meta name=\"twitter:data1\" content=\"2\u00a0Minuten\" \/>\n<script type=\"application\/ld+json\" class=\"yoast-schema-graph\">{\"@context\":\"https:\\\/\\\/schema.org\",\"@graph\":[{\"@type\":\"WebPage\",\"@id\":\"https:\\\/\\\/mcecleanenergy.org\\\/ada-grievance-procedure\\\/\",\"url\":\"https:\\\/\\\/mcecleanenergy.org\\\/ada-grievance-procedure\\\/\",\"name\":\"MCE Accessibility Grievance Procedure\",\"isPartOf\":{\"@id\":\"https:\\\/\\\/mcecleanenergy.org\\\/#website\"},\"primaryImageOfPage\":{\"@id\":\"https:\\\/\\\/mcecleanenergy.org\\\/ada-grievance-procedure\\\/#primaryimage\"},\"image\":{\"@id\":\"https:\\\/\\\/mcecleanenergy.org\\\/ada-grievance-procedure\\\/#primaryimage\"},\"thumbnailUrl\":\"https:\\\/\\\/mcecleanenergy.org\\\/wp-content\\\/uploads\\\/2024\\\/03\\\/AdobeStock_530301294-scaled.jpeg\",\"datePublished\":\"2024-03-18T09:47:47+00:00\",\"dateModified\":\"2024-09-19T00:13:21+00:00\",\"description\":\"This grievance procedure may be used by anyone who wishes to file an accessibility complaint alleging discrimination on the basis of a disability in the provision of services, programs or activities by MCE.\",\"breadcrumb\":{\"@id\":\"https:\\\/\\\/mcecleanenergy.org\\\/ada-grievance-procedure\\\/#breadcrumb\"},\"inLanguage\":\"de\",\"potentialAction\":[{\"@type\":\"ReadAction\",\"target\":[\"https:\\\/\\\/mcecleanenergy.org\\\/ada-grievance-procedure\\\/\"]}]},{\"@type\":\"ImageObject\",\"inLanguage\":\"de\",\"@id\":\"https:\\\/\\\/mcecleanenergy.org\\\/ada-grievance-procedure\\\/#primaryimage\",\"url\":\"https:\\\/\\\/mcecleanenergy.org\\\/wp-content\\\/uploads\\\/2024\\\/03\\\/AdobeStock_530301294-scaled.jpeg\",\"contentUrl\":\"https:\\\/\\\/mcecleanenergy.org\\\/wp-content\\\/uploads\\\/2024\\\/03\\\/AdobeStock_530301294-scaled.jpeg\",\"width\":2560,\"height\":1707,\"caption\":\"Residential house with rooftop covered with solar photovoltaic panels for producing of clean ecological electrical energy in suburban rural area. Concept of autonomous home.\"},{\"@type\":\"BreadcrumbList\",\"@id\":\"https:\\\/\\\/mcecleanenergy.org\\\/ada-grievance-procedure\\\/#breadcrumb\",\"itemListElement\":[{\"@type\":\"ListItem\",\"position\":1,\"name\":\"Home\",\"item\":\"https:\\\/\\\/mcecleanenergy.org\\\/\"},{\"@type\":\"ListItem\",\"position\":2,\"name\":\"ADA Grievance Procedure\"}]},{\"@type\":\"WebSite\",\"@id\":\"https:\\\/\\\/mcecleanenergy.org\\\/#website\",\"url\":\"https:\\\/\\\/mcecleanenergy.org\\\/\",\"name\":\"MCE \u2013 Community Choice Energy\",\"description\":\"\",\"publisher\":{\"@id\":\"https:\\\/\\\/mcecleanenergy.org\\\/#organization\"},\"potentialAction\":[{\"@type\":\"SearchAction\",\"target\":{\"@type\":\"EntryPoint\",\"urlTemplate\":\"https:\\\/\\\/mcecleanenergy.org\\\/?s={search_term_string}\"},\"query-input\":{\"@type\":\"PropertyValueSpecification\",\"valueRequired\":true,\"valueName\":\"search_term_string\"}}],\"inLanguage\":\"de\"},{\"@type\":\"Organization\",\"@id\":\"https:\\\/\\\/mcecleanenergy.org\\\/#organization\",\"name\":\"MCE\",\"url\":\"https:\\\/\\\/mcecleanenergy.org\\\/\",\"logo\":{\"@type\":\"ImageObject\",\"inLanguage\":\"de\",\"@id\":\"https:\\\/\\\/mcecleanenergy.org\\\/#\\\/schema\\\/logo\\\/image\\\/\",\"url\":\"https:\\\/\\\/mcecleanenergy.org\\\/wp-content\\\/uploads\\\/2024\\\/05\\\/MCE_Logo_Full-Color_RGB_050324.png\",\"contentUrl\":\"https:\\\/\\\/mcecleanenergy.org\\\/wp-content\\\/uploads\\\/2024\\\/05\\\/MCE_Logo_Full-Color_RGB_050324.png\",\"width\":5001,\"height\":2986,\"caption\":\"MCE\"},\"image\":{\"@id\":\"https:\\\/\\\/mcecleanenergy.org\\\/#\\\/schema\\\/logo\\\/image\\\/\"},\"sameAs\":[\"https:\\\/\\\/www.facebook.com\\\/mceCleanEnergy\\\/\",\"https:\\\/\\\/x.com\\\/MCECleanEnergy\",\"https:\\\/\\\/www.instagram.com\\\/mcecleanenergy\\\/\",\"https:\\\/\\\/www.linkedin.com\\\/company\\\/mcecleanenergy\\\/\",\"https:\\\/\\\/www.youtube.com\\\/c\\\/Mcecleanenergy\\\/\",\"https:\\\/\\\/en.wikipedia.org\\\/wiki\\\/Community_Choice_Aggregation#Marin_Clean_Energy\"]}]}<\/script>\n<!-- \/ Yoast SEO Premium plugin. -->","yoast_head_json":{"title":"MCE-Beschwerdeverfahren zur Barrierefreiheit","description":"Dieses Beschwerdeverfahren kann von jedem genutzt werden, der eine Beschwerde \u00fcber die Zug\u00e4nglichkeit einreichen m\u00f6chte, in der eine Diskriminierung aufgrund einer Behinderung bei der Bereitstellung von Dienstleistungen, Programmen oder Aktivit\u00e4ten durch MCE behauptet wird.","robots":{"index":"index","follow":"follow","max-snippet":"max-snippet:-1","max-image-preview":"max-image-preview:large","max-video-preview":"max-video-preview:-1"},"canonical":"https:\/\/mcecleanenergy.org\/de\/ada-grievance-procedure\/","og_locale":"de_DE","og_type":"article","og_title":"MCE Accessibility Grievance Procedure","og_description":"This grievance procedure may be used by anyone who wishes to file an accessibility complaint alleging discrimination on the basis of a disability in the provision of services, programs or activities by MCE.","og_url":"https:\/\/mcecleanenergy.org\/de\/ada-grievance-procedure\/","og_site_name":"MCE \u2013 Community Choice Energy","article_publisher":"https:\/\/www.facebook.com\/mceCleanEnergy\/","article_modified_time":"2024-09-19T00:13:21+00:00","og_image":[{"width":2560,"height":1707,"url":"https:\/\/mcecleanenergy.org\/wp-content\/uploads\/2024\/03\/AdobeStock_530301294-scaled.jpeg","type":"image\/jpeg"}],"twitter_card":"summary_large_image","twitter_title":"ADA Grievance Procedure","twitter_description":"MCE ADA Grievance Procedure This grievance procedure is established to meet the requirements of the Americans with Disabilities Act of 1990 (\u201cADA\u201d). It","twitter_site":"@MCECleanEnergy","twitter_misc":{"Gesch\u00e4tzte Lesezeit":"2\u00a0Minuten"},"schema":{"@context":"https:\/\/schema.org","@graph":[{"@type":"WebPage","@id":"https:\/\/mcecleanenergy.org\/ada-grievance-procedure\/","url":"https:\/\/mcecleanenergy.org\/ada-grievance-procedure\/","name":"MCE-Beschwerdeverfahren zur Barrierefreiheit","isPartOf":{"@id":"https:\/\/mcecleanenergy.org\/#website"},"primaryImageOfPage":{"@id":"https:\/\/mcecleanenergy.org\/ada-grievance-procedure\/#primaryimage"},"image":{"@id":"https:\/\/mcecleanenergy.org\/ada-grievance-procedure\/#primaryimage"},"thumbnailUrl":"https:\/\/mcecleanenergy.org\/wp-content\/uploads\/2024\/03\/AdobeStock_530301294-scaled.jpeg","datePublished":"2024-03-18T09:47:47+00:00","dateModified":"2024-09-19T00:13:21+00:00","description":"Dieses Beschwerdeverfahren kann von jedem genutzt werden, der eine Beschwerde \u00fcber die Zug\u00e4nglichkeit einreichen m\u00f6chte, in der eine Diskriminierung aufgrund einer Behinderung bei der Bereitstellung von Dienstleistungen, Programmen oder Aktivit\u00e4ten durch MCE behauptet wird.","breadcrumb":{"@id":"https:\/\/mcecleanenergy.org\/ada-grievance-procedure\/#breadcrumb"},"inLanguage":"de","potentialAction":[{"@type":"ReadAction","target":["https:\/\/mcecleanenergy.org\/ada-grievance-procedure\/"]}]},{"@type":"ImageObject","inLanguage":"de","@id":"https:\/\/mcecleanenergy.org\/ada-grievance-procedure\/#primaryimage","url":"https:\/\/mcecleanenergy.org\/wp-content\/uploads\/2024\/03\/AdobeStock_530301294-scaled.jpeg","contentUrl":"https:\/\/mcecleanenergy.org\/wp-content\/uploads\/2024\/03\/AdobeStock_530301294-scaled.jpeg","width":2560,"height":1707,"caption":"Residential house with rooftop covered with solar photovoltaic panels for producing of clean ecological electrical energy in suburban rural area. Concept of autonomous home."},{"@type":"BreadcrumbList","@id":"https:\/\/mcecleanenergy.org\/ada-grievance-procedure\/#breadcrumb","itemListElement":[{"@type":"ListItem","position":1,"name":"Home","item":"https:\/\/mcecleanenergy.org\/"},{"@type":"ListItem","position":2,"name":"ADA Grievance Procedure"}]},{"@type":"WebSite","@id":"https:\/\/mcecleanenergy.org\/#website","url":"https:\/\/mcecleanenergy.org\/","name":"MCE - Energie nach Wahl der Gemeinde","description":"","publisher":{"@id":"https:\/\/mcecleanenergy.org\/#organization"},"potentialAction":[{"@type":"SearchAction","target":{"@type":"EntryPoint","urlTemplate":"https:\/\/mcecleanenergy.org\/?s={search_term_string}"},"query-input":{"@type":"PropertyValueSpecification","valueRequired":true,"valueName":"search_term_string"}}],"inLanguage":"de"},{"@type":"Organization","@id":"https:\/\/mcecleanenergy.org\/#organization","name":"MCE","url":"https:\/\/mcecleanenergy.org\/","logo":{"@type":"ImageObject","inLanguage":"de","@id":"https:\/\/mcecleanenergy.org\/#\/schema\/logo\/image\/","url":"https:\/\/mcecleanenergy.org\/wp-content\/uploads\/2024\/05\/MCE_Logo_Full-Color_RGB_050324.png","contentUrl":"https:\/\/mcecleanenergy.org\/wp-content\/uploads\/2024\/05\/MCE_Logo_Full-Color_RGB_050324.png","width":5001,"height":2986,"caption":"MCE"},"image":{"@id":"https:\/\/mcecleanenergy.org\/#\/schema\/logo\/image\/"},"sameAs":["https:\/\/www.facebook.com\/mceCleanEnergy\/","https:\/\/x.com\/MCECleanEnergy","https:\/\/www.instagram.com\/mcecleanenergy\/","https:\/\/www.linkedin.com\/company\/mcecleanenergy\/","https:\/\/www.youtube.com\/c\/Mcecleanenergy\/","https:\/\/en.wikipedia.org\/wiki\/Community_Choice_Aggregation#Marin_Clean_Energy"]}]}},"_links":{"self":[{"href":"https:\/\/mcecleanenergy.org\/de\/wp-json\/wp\/v2\/pages\/20821","targetHints":{"allow":["GET"]}}],"collection":[{"href":"https:\/\/mcecleanenergy.org\/de\/wp-json\/wp\/v2\/pages"}],"about":[{"href":"https:\/\/mcecleanenergy.org\/de\/wp-json\/wp\/v2\/types\/page"}],"author":[{"embeddable":true,"href":"https:\/\/mcecleanenergy.org\/de\/wp-json\/wp\/v2\/users\/6"}],"replies":[{"embeddable":true,"href":"https:\/\/mcecleanenergy.org\/de\/wp-json\/wp\/v2\/comments?post=20821"}],"version-history":[{"count":0,"href":"https:\/\/mcecleanenergy.org\/de\/wp-json\/wp\/v2\/pages\/20821\/revisions"}],"wp:featuredmedia":[{"embeddable":true,"href":"https:\/\/mcecleanenergy.org\/de\/wp-json\/wp\/v2\/media\/19046"}],"wp:attachment":[{"href":"https:\/\/mcecleanenergy.org\/de\/wp-json\/wp\/v2\/media?parent=20821"}],"curies":[{"name":"wp","href":"https:\/\/api.w.org\/{rel}","templated":true}]}}