{"id":13836,"date":"2024-03-05T18:17:56","date_gmt":"2024-03-06T02:17:56","guid":{"rendered":"https:\/\/mcecleanenergy.org\/?page_id=13836"},"modified":"2024-08-12T15:03:34","modified_gmt":"2024-08-12T22:03:34","slug":"opt-out-terms","status":"publish","type":"page","link":"https:\/\/mcecleanenergy.org\/es\/opt-out-terms\/","title":{"rendered":"Condiciones de exclusi\u00f3n"},"content":{"rendered":"<div data-elementor-type=\"wp-page\" data-elementor-id=\"13836\" class=\"elementor elementor-13836\" data-elementor-post-type=\"page\">\n\t\t\t\t<div data-particle_enable=\"false\" data-particle-mobile-disabled=\"false\" class=\"elementor-element elementor-element-3afc169 e-flex e-con-boxed e-con e-parent\" data-id=\"3afc169\" data-element_type=\"container\" data-e-type=\"container\" data-settings=\"{&quot;background_background&quot;:&quot;classic&quot;,&quot;jet_parallax_layout_list&quot;:[]}\">\n\t\t\t\t\t<div class=\"e-con-inner\">\n\t\t\t\t<div class=\"elementor-element elementor-element-ca6e070 elementor-widget__width-initial elementor-widget elementor-widget-heading\" data-id=\"ca6e070\" data-element_type=\"widget\" data-e-type=\"widget\" data-widget_type=\"heading.default\">\n\t\t\t\t<div class=\"elementor-widget-container\">\n\t\t\t\t\t<h1 class=\"elementor-heading-title elementor-size-default\">Condiciones de exclusi\u00f3n<\/h1>\t\t\t\t<\/div>\n\t\t\t\t<\/div>\n\t\t\t\t\t<\/div>\n\t\t\t\t<\/div>\n\t\t<div data-particle_enable=\"false\" data-particle-mobile-disabled=\"false\" class=\"elementor-element elementor-element-da99dc3 e-flex e-con-boxed e-con e-parent\" data-id=\"da99dc3\" data-element_type=\"container\" data-e-type=\"container\" data-settings=\"{&quot;background_background&quot;:&quot;gradient&quot;,&quot;jet_parallax_layout_list&quot;:[]}\">\n\t\t\t\t\t<div class=\"e-con-inner\">\n\t\t\t\t\t<\/div>\n\t\t\t\t<\/div>\n\t\t<div data-particle_enable=\"false\" data-particle-mobile-disabled=\"false\" class=\"elementor-element elementor-element-0403114 e-flex e-con-boxed e-con e-parent\" data-id=\"0403114\" data-element_type=\"container\" data-e-type=\"container\" data-settings=\"{&quot;jet_parallax_layout_list&quot;:[]}\">\n\t\t\t\t\t<div class=\"e-con-inner\">\n\t\t<div data-particle_enable=\"false\" data-particle-mobile-disabled=\"false\" class=\"elementor-element elementor-element-339acff e-flex e-con-boxed e-con e-child\" data-id=\"339acff\" data-element_type=\"container\" data-e-type=\"container\" data-settings=\"{&quot;jet_parallax_layout_list&quot;:[]}\">\n\t\t\t\t\t<div class=\"e-con-inner\">\n\t\t\t\t<div class=\"elementor-element elementor-element-fc630b6 elementor-widget elementor-widget-text-editor\" data-id=\"fc630b6\" data-element_type=\"widget\" data-e-type=\"widget\" data-widget_type=\"text-editor.default\">\n\t\t\t\t<div class=\"elementor-widget-container\">\n\t\t\t\t\t\t\t\t\t<p><em>Los siguientes t\u00e9rminos y condiciones se aplican s\u00f3lo a los clientes que han optado por darse de baja despu\u00e9s de 60 d\u00edas de servicio con MCE. Los clientes que hayan recibido el servicio de MCE durante\u00a0<u>menos<\/u>\u00a0de 60 d\u00edas est\u00e1n exentos de estas condiciones para volver al servicio y volver a la facturaci\u00f3n est\u00e1ndar al final de su ciclo de facturaci\u00f3n actual.<\/em><\/p><p>Los clientes que se den de baja despu\u00e9s de recibir el servicio MCE durante m\u00e1s de 60 d\u00edas son <span style=\"font-weight: bold;\"><strong>previo pago de una tasa \u00fanica de rescisi\u00f3n de $5 (clientes residenciales) o $25 (clientes comerciales).<\/strong><\/span>. Adem\u00e1s, los clientes est\u00e1n sujetos a los t\u00e9rminos y condiciones de servicio de PG&amp;E, que se describen a continuaci\u00f3n, y est\u00e1n <span style=\"font-weight: bold;\"><strong>obligados por PG&amp;E a elegir uno de los m\u00e9todos siguientes para volver a las tarifas de generaci\u00f3n el\u00e9ctrica de PG&amp;E<\/strong><\/span>. Las normas de PG&amp;E proh\u00edben a los clientes que vuelven a las tarifas de PG&amp;E volver a cambiar de proveedor durante doce meses.<\/p>\t\t\t\t\t\t\t\t<\/div>\n\t\t\t\t<\/div>\n\t\t\t\t\t<\/div>\n\t\t\t\t<\/div>\n\t\t<div data-particle_enable=\"false\" data-particle-mobile-disabled=\"false\" class=\"elementor-element elementor-element-745efca e-flex e-con-boxed e-con e-child\" data-id=\"745efca\" data-element_type=\"container\" data-e-type=\"container\" data-settings=\"{&quot;jet_parallax_layout_list&quot;:[]}\">\n\t\t\t\t\t<div class=\"e-con-inner\">\n\t\t\t\t<div class=\"elementor-element elementor-element-d22c774 elementor-widget elementor-widget-heading\" data-id=\"d22c774\" data-element_type=\"widget\" data-e-type=\"widget\" data-widget_type=\"heading.default\">\n\t\t\t\t<div class=\"elementor-widget-container\">\n\t\t\t\t\t<h5 class=\"elementor-heading-title elementor-size-default\">Opci\u00f3n 1 - Devoluci\u00f3n al final del periodo de facturaci\u00f3n actual utilizando las tarifas transitorias de PG&amp;E durante seis meses<\/h5>\t\t\t\t<\/div>\n\t\t\t\t<\/div>\n\t\t\t\t<div class=\"elementor-element elementor-element-7a85798 elementor-widget elementor-widget-text-editor\" data-id=\"7a85798\" data-element_type=\"widget\" data-e-type=\"widget\" data-widget_type=\"text-editor.default\">\n\t\t\t\t<div class=\"elementor-widget-container\">\n\t\t\t\t\t\t\t\t\tEsta opci\u00f3n lo regresar\u00e1 a las tarifas de PG&amp;E al final de su ciclo de facturaci\u00f3n actual, despu\u00e9s de cinco d\u00edas h\u00e1biles a partir de esta solicitud. MCE dejar\u00e1 de facturarle los servicios de generaci\u00f3n de electricidad, que ser\u00e1n sustituidos por los servicios de generaci\u00f3n de electricidad de PG&amp;E facturados a una tarifa de transici\u00f3n durante seis meses. La tarifa de transici\u00f3n de PG&amp;E se basa en los precios del mercado energ\u00e9tico y puede variar a lo largo del per\u00edodo de seis meses; estas tarifas pueden ser superiores o inferiores a las tarifas est\u00e1ndar. Al concluir este per\u00edodo de transici\u00f3n, sus cargos por generaci\u00f3n de electricidad volver\u00e1n a las tarifas est\u00e1ndar y agrupadas de PG&amp;E. Para obtener m\u00e1s informaci\u00f3n sobre la tarifa de transici\u00f3n de PG&amp;E, p\u00f3ngase en contacto con PG&amp;E en el (866) 743-0335 o visite <a href=\"https:\/\/pge.com\/assets\/rates\/tariffs\/tbcc\" target=\"_blank\" rel=\"noopener\">pge.com\/activos\/tarifas\/tbcc<\/a>.\t\t\t\t\t\t\t\t<\/div>\n\t\t\t\t<\/div>\n\t\t\t\t\t<\/div>\n\t\t\t\t<\/div>\n\t\t<div data-particle_enable=\"false\" data-particle-mobile-disabled=\"false\" class=\"elementor-element elementor-element-e37b1c5 e-flex e-con-boxed e-con e-child\" data-id=\"e37b1c5\" data-element_type=\"container\" data-e-type=\"container\" data-settings=\"{&quot;jet_parallax_layout_list&quot;:[]}\">\n\t\t\t\t\t<div class=\"e-con-inner\">\n\t\t\t\t<div class=\"elementor-element elementor-element-f7068f8 elementor-widget elementor-widget-heading\" data-id=\"f7068f8\" data-element_type=\"widget\" data-e-type=\"widget\" data-widget_type=\"heading.default\">\n\t\t\t\t<div class=\"elementor-widget-container\">\n\t\t\t\t\t<h5 class=\"elementor-heading-title elementor-size-default\">Opci\u00f3n 2 - Avisar con seis meses de antelaci\u00f3n para volver a utilizar las tarifas est\u00e1ndar de PG&amp;E<\/h5>\t\t\t\t<\/div>\n\t\t\t\t<\/div>\n\t\t\t\t<div class=\"elementor-element elementor-element-2c58247 elementor-widget elementor-widget-text-editor\" data-id=\"2c58247\" data-element_type=\"widget\" data-e-type=\"widget\" data-widget_type=\"text-editor.default\">\n\t\t\t\t<div class=\"elementor-widget-container\">\n\t\t\t\t\t\t\t\t\t<p>Si notifica a PG&amp;E con seis meses de antelaci\u00f3n su intenci\u00f3n de volver a su servicio, podr\u00e1 quedar excluido de las tarifas transitorias mencionadas. Los clientes que seleccionen esta opci\u00f3n regresar\u00e1n a PG&amp;E seis meses despu\u00e9s del final de su ciclo de facturaci\u00f3n actual, transcurridos cinco d\u00edas h\u00e1biles desde esta solicitud. Al concluir el per\u00edodo de seis meses, los cargos por generaci\u00f3n de MCE ser\u00e1n reemplazados por las tarifas est\u00e1ndar y agrupadas de PG&amp;E.<\/p>\t\t\t\t\t\t\t\t<\/div>\n\t\t\t\t<\/div>\n\t\t\t\t\t<\/div>\n\t\t\t\t<\/div>\n\t\t<div data-particle_enable=\"false\" data-particle-mobile-disabled=\"false\" class=\"elementor-element elementor-element-5adf293 e-flex e-con-boxed e-con e-child\" data-id=\"5adf293\" data-element_type=\"container\" data-e-type=\"container\" data-settings=\"{&quot;jet_parallax_layout_list&quot;:[]}\">\n\t\t\t\t\t<div class=\"e-con-inner\">\n\t\t\t\t<div class=\"elementor-element elementor-element-17fcb7b elementor-widget elementor-widget-text-editor\" data-id=\"17fcb7b\" data-element_type=\"widget\" data-e-type=\"widget\" data-widget_type=\"text-editor.default\">\n\t\t\t\t<div class=\"elementor-widget-container\">\n\t\t\t\t\t\t\t\t\t<p><span style=\"font-weight: bold;\"><strong>Tenga en cuenta lo siguiente: <\/strong><\/span>La tramitaci\u00f3n de su solicitud de exclusi\u00f3n puede tardar hasta cinco d\u00edas laborables. La solicitud de exclusi\u00f3n debe ser procesada tanto por MCE como por PG&amp;E. Su cuenta volver\u00e1 a la generaci\u00f3n de PG&amp;E al final del ciclo de facturaci\u00f3n siguiente al quinto d\u00eda h\u00e1bil. Si su pr\u00f3ximo ciclo de facturaci\u00f3n comienza antes de que MCE y PG&amp;E puedan procesar su solicitud, podr\u00e1 recibir un mes adicional de servicios de generaci\u00f3n de MCE. PG&amp;E transferir\u00e1 su cuenta s\u00f3lo al final de un ciclo de facturaci\u00f3n y no puede transferir su cuenta en medio de un ciclo de facturaci\u00f3n. Se le cobrar\u00e1 por toda la electricidad adquirida por MCE en su nombre antes de la transferencia del servicio el\u00e9ctrico a PG&amp;E, despu\u00e9s de lo cual las tarifas de PG&amp;E reemplazar\u00e1n a las de MCE.<\/p>\t\t\t\t\t\t\t\t<\/div>\n\t\t\t\t<\/div>\n\t\t\t\t\t<\/div>\n\t\t\t\t<\/div>\n\t\t\t\t\t<\/div>\n\t\t\t\t<\/div>\n\t\t<div data-particle_enable=\"false\" data-particle-mobile-disabled=\"false\" class=\"elementor-element elementor-element-a2d565b e-flex e-con-boxed e-con e-parent\" data-id=\"a2d565b\" data-element_type=\"container\" data-e-type=\"container\" data-settings=\"{&quot;jet_parallax_layout_list&quot;:[]}\">\n\t\t\t\t\t<div class=\"e-con-inner\">\n\t\t\t\t<div class=\"elementor-element elementor-element-7f1d412 elementor-widget elementor-widget-spacer\" data-id=\"7f1d412\" data-element_type=\"widget\" data-e-type=\"widget\" data-widget_type=\"spacer.default\">\n\t\t\t\t<div class=\"elementor-widget-container\">\n\t\t\t\t\t\t\t<div class=\"elementor-spacer\">\n\t\t\t<div class=\"elementor-spacer-inner\"><\/div>\n\t\t<\/div>\n\t\t\t\t\t\t<\/div>\n\t\t\t\t<\/div>\n\t\t\t\t\t<\/div>\n\t\t\t\t<\/div>\n\t\t\t\t<\/div>","protected":false},"excerpt":{"rendered":"<p>Opt-Out Terms &amp; Conditions The following terms and conditions apply only to customers who have chosen to opt out after 60 days of service with MCE. Customers who have received [&hellip;]<\/p>\n","protected":false},"author":4,"featured_media":28731,"parent":0,"menu_order":0,"comment_status":"closed","ping_status":"closed","template":"","meta":{"_acf_changed":false,"_searchwp_excluded":"","footnotes":""},"class_list":["post-13836","page","type-page","status-publish","has-post-thumbnail","hentry"],"acf":[],"yoast_head":"<!-- This site is optimized with the Yoast SEO Premium plugin v27.4 (Yoast SEO v27.4) - https:\/\/yoast.com\/product\/yoast-seo-premium-wordpress\/ -->\n<title>MCE&#039;s Opt Out Terms &amp; Conditions<\/title>\n<meta name=\"description\" content=\"Terms and conditions of service for customers who have chosen to opt out after 60 days of service with MCE.\" \/>\n<meta name=\"robots\" content=\"index, follow, max-snippet:-1, max-image-preview:large, max-video-preview:-1\" \/>\n<link rel=\"canonical\" href=\"https:\/\/mcecleanenergy.org\/es\/opt-out-terms\/\" \/>\n<meta property=\"og:locale\" content=\"es_MX\" \/>\n<meta property=\"og:type\" content=\"article\" \/>\n<meta property=\"og:title\" content=\"MCE&#039;s Opt Out Terms &amp; Conditions\" \/>\n<meta property=\"og:description\" content=\"Terms and conditions of service for customers who have chosen to opt out after 60 days of service with MCE.\" \/>\n<meta property=\"og:url\" content=\"https:\/\/mcecleanenergy.org\/es\/opt-out-terms\/\" \/>\n<meta property=\"og:site_name\" content=\"MCE \u2013 Community Choice Energy\" \/>\n<meta property=\"article:publisher\" content=\"https:\/\/www.facebook.com\/mceCleanEnergy\/\" \/>\n<meta property=\"article:modified_time\" content=\"2024-08-12T22:03:34+00:00\" \/>\n<meta property=\"og:image\" content=\"https:\/\/mcecleanenergy.org\/wp-content\/uploads\/2024\/04\/opt-out-terms-header-image-scaled.jpg\" \/>\n\t<meta property=\"og:image:width\" content=\"2560\" \/>\n\t<meta property=\"og:image:height\" content=\"1350\" \/>\n\t<meta property=\"og:image:type\" content=\"image\/jpeg\" \/>\n<meta name=\"twitter:card\" content=\"summary_large_image\" \/>\n<meta name=\"twitter:title\" content=\"Opt Out Terms\" \/>\n<meta name=\"twitter:description\" content=\"Opt-Out Terms &amp; Conditions The following terms and conditions apply only to customers who have chosen to opt out after 60 days of service with MCE.\" \/>\n<meta name=\"twitter:site\" content=\"@MCECleanEnergy\" \/>\n<meta name=\"twitter:label1\" content=\"Tiempo de lectura\" \/>\n\t<meta name=\"twitter:data1\" content=\"3 minutos\" \/>\n<script type=\"application\/ld+json\" class=\"yoast-schema-graph\">{\"@context\":\"https:\\\/\\\/schema.org\",\"@graph\":[{\"@type\":\"WebPage\",\"@id\":\"https:\\\/\\\/mcecleanenergy.org\\\/opt-out-terms\\\/\",\"url\":\"https:\\\/\\\/mcecleanenergy.org\\\/opt-out-terms\\\/\",\"name\":\"MCE's Opt Out Terms & Conditions\",\"isPartOf\":{\"@id\":\"https:\\\/\\\/mcecleanenergy.org\\\/#website\"},\"primaryImageOfPage\":{\"@id\":\"https:\\\/\\\/mcecleanenergy.org\\\/opt-out-terms\\\/#primaryimage\"},\"image\":{\"@id\":\"https:\\\/\\\/mcecleanenergy.org\\\/opt-out-terms\\\/#primaryimage\"},\"thumbnailUrl\":\"https:\\\/\\\/mcecleanenergy.org\\\/wp-content\\\/uploads\\\/2024\\\/04\\\/opt-out-terms-header-image-scaled.jpg\",\"datePublished\":\"2024-03-06T02:17:56+00:00\",\"dateModified\":\"2024-08-12T22:03:34+00:00\",\"description\":\"Terms and conditions of service for customers who have chosen to opt out after 60 days of service with MCE.\",\"breadcrumb\":{\"@id\":\"https:\\\/\\\/mcecleanenergy.org\\\/opt-out-terms\\\/#breadcrumb\"},\"inLanguage\":\"es\",\"potentialAction\":[{\"@type\":\"ReadAction\",\"target\":[\"https:\\\/\\\/mcecleanenergy.org\\\/opt-out-terms\\\/\"]}]},{\"@type\":\"ImageObject\",\"inLanguage\":\"es\",\"@id\":\"https:\\\/\\\/mcecleanenergy.org\\\/opt-out-terms\\\/#primaryimage\",\"url\":\"https:\\\/\\\/mcecleanenergy.org\\\/wp-content\\\/uploads\\\/2024\\\/04\\\/opt-out-terms-header-image-scaled.jpg\",\"contentUrl\":\"https:\\\/\\\/mcecleanenergy.org\\\/wp-content\\\/uploads\\\/2024\\\/04\\\/opt-out-terms-header-image-scaled.jpg\",\"width\":2560,\"height\":1350,\"caption\":\"MCE solar farm in Northern California\"},{\"@type\":\"BreadcrumbList\",\"@id\":\"https:\\\/\\\/mcecleanenergy.org\\\/opt-out-terms\\\/#breadcrumb\",\"itemListElement\":[{\"@type\":\"ListItem\",\"position\":1,\"name\":\"Home\",\"item\":\"https:\\\/\\\/mcecleanenergy.org\\\/\"},{\"@type\":\"ListItem\",\"position\":2,\"name\":\"Opt Out Terms\"}]},{\"@type\":\"WebSite\",\"@id\":\"https:\\\/\\\/mcecleanenergy.org\\\/#website\",\"url\":\"https:\\\/\\\/mcecleanenergy.org\\\/\",\"name\":\"MCE \u2013 Community Choice Energy\",\"description\":\"\",\"publisher\":{\"@id\":\"https:\\\/\\\/mcecleanenergy.org\\\/#organization\"},\"potentialAction\":[{\"@type\":\"SearchAction\",\"target\":{\"@type\":\"EntryPoint\",\"urlTemplate\":\"https:\\\/\\\/mcecleanenergy.org\\\/?s={search_term_string}\"},\"query-input\":{\"@type\":\"PropertyValueSpecification\",\"valueRequired\":true,\"valueName\":\"search_term_string\"}}],\"inLanguage\":\"es\"},{\"@type\":\"Organization\",\"@id\":\"https:\\\/\\\/mcecleanenergy.org\\\/#organization\",\"name\":\"MCE\",\"url\":\"https:\\\/\\\/mcecleanenergy.org\\\/\",\"logo\":{\"@type\":\"ImageObject\",\"inLanguage\":\"es\",\"@id\":\"https:\\\/\\\/mcecleanenergy.org\\\/#\\\/schema\\\/logo\\\/image\\\/\",\"url\":\"https:\\\/\\\/mcecleanenergy.org\\\/wp-content\\\/uploads\\\/2024\\\/05\\\/MCE_Logo_Full-Color_RGB_050324.png\",\"contentUrl\":\"https:\\\/\\\/mcecleanenergy.org\\\/wp-content\\\/uploads\\\/2024\\\/05\\\/MCE_Logo_Full-Color_RGB_050324.png\",\"width\":5001,\"height\":2986,\"caption\":\"MCE\"},\"image\":{\"@id\":\"https:\\\/\\\/mcecleanenergy.org\\\/#\\\/schema\\\/logo\\\/image\\\/\"},\"sameAs\":[\"https:\\\/\\\/www.facebook.com\\\/mceCleanEnergy\\\/\",\"https:\\\/\\\/x.com\\\/MCECleanEnergy\",\"https:\\\/\\\/www.instagram.com\\\/mcecleanenergy\\\/\",\"https:\\\/\\\/www.linkedin.com\\\/company\\\/mcecleanenergy\\\/\",\"https:\\\/\\\/www.youtube.com\\\/c\\\/Mcecleanenergy\\\/\",\"https:\\\/\\\/en.wikipedia.org\\\/wiki\\\/Community_Choice_Aggregation#Marin_Clean_Energy\"]}]}<\/script>\n<!-- \/ Yoast SEO Premium plugin. -->","yoast_head_json":{"title":"Condiciones de exclusi\u00f3n voluntaria de MCE","description":"Condiciones de servicio para los clientes que hayan optado por darse de baja tras 60 d\u00edas de servicio con MCE.","robots":{"index":"index","follow":"follow","max-snippet":"max-snippet:-1","max-image-preview":"max-image-preview:large","max-video-preview":"max-video-preview:-1"},"canonical":"https:\/\/mcecleanenergy.org\/es\/opt-out-terms\/","og_locale":"es_MX","og_type":"article","og_title":"MCE's Opt Out Terms & Conditions","og_description":"Terms and conditions of service for customers who have chosen to opt out after 60 days of service with MCE.","og_url":"https:\/\/mcecleanenergy.org\/es\/opt-out-terms\/","og_site_name":"MCE \u2013 Community Choice Energy","article_publisher":"https:\/\/www.facebook.com\/mceCleanEnergy\/","article_modified_time":"2024-08-12T22:03:34+00:00","og_image":[{"width":2560,"height":1350,"url":"https:\/\/mcecleanenergy.org\/wp-content\/uploads\/2024\/04\/opt-out-terms-header-image-scaled.jpg","type":"image\/jpeg"}],"twitter_card":"summary_large_image","twitter_title":"Opt Out Terms","twitter_description":"Opt-Out Terms &amp; Conditions The following terms and conditions apply only to customers who have chosen to opt out after 60 days of service with MCE.","twitter_site":"@MCECleanEnergy","twitter_misc":{"Tiempo de lectura":"3 minutos"},"schema":{"@context":"https:\/\/schema.org","@graph":[{"@type":"WebPage","@id":"https:\/\/mcecleanenergy.org\/opt-out-terms\/","url":"https:\/\/mcecleanenergy.org\/opt-out-terms\/","name":"Condiciones de exclusi\u00f3n voluntaria de MCE","isPartOf":{"@id":"https:\/\/mcecleanenergy.org\/#website"},"primaryImageOfPage":{"@id":"https:\/\/mcecleanenergy.org\/opt-out-terms\/#primaryimage"},"image":{"@id":"https:\/\/mcecleanenergy.org\/opt-out-terms\/#primaryimage"},"thumbnailUrl":"https:\/\/mcecleanenergy.org\/wp-content\/uploads\/2024\/04\/opt-out-terms-header-image-scaled.jpg","datePublished":"2024-03-06T02:17:56+00:00","dateModified":"2024-08-12T22:03:34+00:00","description":"Condiciones de servicio para los clientes que hayan optado por darse de baja tras 60 d\u00edas de servicio con MCE.","breadcrumb":{"@id":"https:\/\/mcecleanenergy.org\/opt-out-terms\/#breadcrumb"},"inLanguage":"es","potentialAction":[{"@type":"ReadAction","target":["https:\/\/mcecleanenergy.org\/opt-out-terms\/"]}]},{"@type":"ImageObject","inLanguage":"es","@id":"https:\/\/mcecleanenergy.org\/opt-out-terms\/#primaryimage","url":"https:\/\/mcecleanenergy.org\/wp-content\/uploads\/2024\/04\/opt-out-terms-header-image-scaled.jpg","contentUrl":"https:\/\/mcecleanenergy.org\/wp-content\/uploads\/2024\/04\/opt-out-terms-header-image-scaled.jpg","width":2560,"height":1350,"caption":"MCE solar farm in Northern California"},{"@type":"BreadcrumbList","@id":"https:\/\/mcecleanenergy.org\/opt-out-terms\/#breadcrumb","itemListElement":[{"@type":"ListItem","position":1,"name":"Home","item":"https:\/\/mcecleanenergy.org\/"},{"@type":"ListItem","position":2,"name":"Opt Out Terms"}]},{"@type":"WebSite","@id":"https:\/\/mcecleanenergy.org\/#website","url":"https:\/\/mcecleanenergy.org\/","name":"MCE - Elecci\u00f3n comunitaria de la energ\u00eda","description":"","publisher":{"@id":"https:\/\/mcecleanenergy.org\/#organization"},"potentialAction":[{"@type":"SearchAction","target":{"@type":"EntryPoint","urlTemplate":"https:\/\/mcecleanenergy.org\/?s={search_term_string}"},"query-input":{"@type":"PropertyValueSpecification","valueRequired":true,"valueName":"search_term_string"}}],"inLanguage":"es"},{"@type":"Organization","@id":"https:\/\/mcecleanenergy.org\/#organization","name":"MCE","url":"https:\/\/mcecleanenergy.org\/","logo":{"@type":"ImageObject","inLanguage":"es","@id":"https:\/\/mcecleanenergy.org\/#\/schema\/logo\/image\/","url":"https:\/\/mcecleanenergy.org\/wp-content\/uploads\/2024\/05\/MCE_Logo_Full-Color_RGB_050324.png","contentUrl":"https:\/\/mcecleanenergy.org\/wp-content\/uploads\/2024\/05\/MCE_Logo_Full-Color_RGB_050324.png","width":5001,"height":2986,"caption":"MCE"},"image":{"@id":"https:\/\/mcecleanenergy.org\/#\/schema\/logo\/image\/"},"sameAs":["https:\/\/www.facebook.com\/mceCleanEnergy\/","https:\/\/x.com\/MCECleanEnergy","https:\/\/www.instagram.com\/mcecleanenergy\/","https:\/\/www.linkedin.com\/company\/mcecleanenergy\/","https:\/\/www.youtube.com\/c\/Mcecleanenergy\/","https:\/\/en.wikipedia.org\/wiki\/Community_Choice_Aggregation#Marin_Clean_Energy"]}]}},"_links":{"self":[{"href":"https:\/\/mcecleanenergy.org\/es\/wp-json\/wp\/v2\/pages\/13836","targetHints":{"allow":["GET"]}}],"collection":[{"href":"https:\/\/mcecleanenergy.org\/es\/wp-json\/wp\/v2\/pages"}],"about":[{"href":"https:\/\/mcecleanenergy.org\/es\/wp-json\/wp\/v2\/types\/page"}],"author":[{"embeddable":true,"href":"https:\/\/mcecleanenergy.org\/es\/wp-json\/wp\/v2\/users\/4"}],"replies":[{"embeddable":true,"href":"https:\/\/mcecleanenergy.org\/es\/wp-json\/wp\/v2\/comments?post=13836"}],"version-history":[{"count":0,"href":"https:\/\/mcecleanenergy.org\/es\/wp-json\/wp\/v2\/pages\/13836\/revisions"}],"wp:featuredmedia":[{"embeddable":true,"href":"https:\/\/mcecleanenergy.org\/es\/wp-json\/wp\/v2\/media\/28731"}],"wp:attachment":[{"href":"https:\/\/mcecleanenergy.org\/es\/wp-json\/wp\/v2\/media?parent=13836"}],"curies":[{"name":"wp","href":"https:\/\/api.w.org\/{rel}","templated":true}]}}