{"id":16183,"date":"2024-03-11T20:36:24","date_gmt":"2024-03-12T03:36:24","guid":{"rendered":"https:\/\/mcecleanenergy.org\/?page_id=16183"},"modified":"2025-09-10T16:16:01","modified_gmt":"2025-09-10T23:16:01","slug":"accessibility-statement","status":"publish","type":"page","link":"https:\/\/mcecleanenergy.org\/es\/accessibility-statement\/","title":{"rendered":"Declaraci\u00f3n de accesibilidad"},"content":{"rendered":"<div data-elementor-type=\"wp-page\" data-elementor-id=\"16183\" class=\"elementor elementor-16183\" data-elementor-post-type=\"page\">\n\t\t\t\t<div data-particle_enable=\"false\" data-particle-mobile-disabled=\"false\" class=\"elementor-element elementor-element-6555555 internal-hero e-flex e-con-boxed e-con e-parent\" data-id=\"6555555\" data-element_type=\"container\" data-e-type=\"container\" data-settings=\"{&quot;background_background&quot;:&quot;classic&quot;,&quot;jet_parallax_layout_list&quot;:[]}\">\n\t\t\t\t\t<div class=\"e-con-inner\">\n\t\t\t\t<div class=\"elementor-element elementor-element-e183e5b elementor-widget__width-initial elementor-widget elementor-widget-heading\" data-id=\"e183e5b\" data-element_type=\"widget\" data-e-type=\"widget\" data-widget_type=\"heading.default\">\n\t\t\t\t<div class=\"elementor-widget-container\">\n\t\t\t\t\t<h1 class=\"elementor-heading-title elementor-size-default\">Declaraci\u00f3n de accesibilidad de la MCE<\/h1>\t\t\t\t<\/div>\n\t\t\t\t<\/div>\n\t\t\t\t<div class=\"elementor-element elementor-element-fb51eb8 elementor-widget elementor-widget-heading\" data-id=\"fb51eb8\" data-element_type=\"widget\" data-e-type=\"widget\" data-widget_type=\"heading.default\">\n\t\t\t\t<div class=\"elementor-widget-container\">\n\t\t\t\t\t<h4 class=\"elementor-heading-title elementor-size-default\">Notificaci\u00f3n en virtud de la Ley sobre Estadounidenses con Discapacidades<\/h4>\t\t\t\t<\/div>\n\t\t\t\t<\/div>\n\t\t\t\t\t<\/div>\n\t\t\t\t<\/div>\n\t\t<div data-particle_enable=\"false\" data-particle-mobile-disabled=\"false\" class=\"elementor-element elementor-element-6538c6a e-flex e-con-boxed e-con e-parent\" data-id=\"6538c6a\" data-element_type=\"container\" data-e-type=\"container\" data-settings=\"{&quot;background_background&quot;:&quot;gradient&quot;,&quot;jet_parallax_layout_list&quot;:[]}\">\n\t\t\t\t\t<div class=\"e-con-inner\">\n\t\t\t\t\t<\/div>\n\t\t\t\t<\/div>\n\t\t<div data-particle_enable=\"false\" data-particle-mobile-disabled=\"false\" class=\"elementor-element elementor-element-ac4be5b e-flex e-con-boxed e-con e-parent\" data-id=\"ac4be5b\" data-element_type=\"container\" data-e-type=\"container\" data-settings=\"{&quot;jet_parallax_layout_list&quot;:[]}\">\n\t\t\t\t\t<div class=\"e-con-inner\">\n\t\t<div data-particle_enable=\"false\" data-particle-mobile-disabled=\"false\" class=\"elementor-element elementor-element-d44b0e8 e-flex e-con-boxed e-con e-child\" data-id=\"d44b0e8\" data-element_type=\"container\" data-e-type=\"container\" data-settings=\"{&quot;jet_parallax_layout_list&quot;:[]}\">\n\t\t\t\t\t<div class=\"e-con-inner\">\n\t\t<div data-particle_enable=\"false\" data-particle-mobile-disabled=\"false\" class=\"elementor-element elementor-element-38fa15d e-flex e-con-boxed e-con e-child\" data-id=\"38fa15d\" data-element_type=\"container\" data-e-type=\"container\" data-settings=\"{&quot;jet_parallax_layout_list&quot;:[]}\">\n\t\t\t\t\t<div class=\"e-con-inner\">\n\t\t\t\t<div class=\"elementor-element elementor-element-e6e56db elementor-widget elementor-widget-text-editor\" data-id=\"e6e56db\" data-element_type=\"widget\" data-e-type=\"widget\" data-widget_type=\"text-editor.default\">\n\t\t\t\t<div class=\"elementor-widget-container\">\n\t\t\t\t\t\t\t\t\t<p>De acuerdo con los requisitos del T\u00edtulo II de la Ley de Estadounidenses con Discapacidades de 1990 (\"ADA\"), la MCE no discriminar\u00e1 en sus servicios, programas o actividades a personas calificadas con discapacidades.<\/p>\t\t\t\t\t\t\t\t<\/div>\n\t\t\t\t<\/div>\n\t\t<div data-particle_enable=\"false\" data-particle-mobile-disabled=\"false\" class=\"elementor-element elementor-element-bbd37b6 e-flex e-con-boxed e-con e-child\" data-id=\"bbd37b6\" data-element_type=\"container\" data-e-type=\"container\" data-settings=\"{&quot;jet_parallax_layout_list&quot;:[]}\">\n\t\t\t\t\t<div class=\"e-con-inner\">\n\t\t\t\t<div class=\"elementor-element elementor-element-a7b793e elementor-widget elementor-widget-text-editor\" data-id=\"a7b793e\" data-element_type=\"widget\" data-e-type=\"widget\" data-widget_type=\"text-editor.default\">\n\t\t\t\t<div class=\"elementor-widget-container\">\n\t\t\t\t\t\t\t\t\t<p><span style=\"font-weight: bold;\"><strong>Empleo: <\/strong><\/span>MCE no discrimina por motivos de discapacidad en sus pr\u00e1cticas de contrataci\u00f3n o empleo y cumple con todos los reglamentos promulgados por la Comisi\u00f3n de Igualdad de Oportunidades de Empleo de EE.UU. en virtud del T\u00edtulo I de la ADA.<\/p><p><span style=\"font-weight: bold;\"><strong>Modificaciones de pol\u00edticas y procedimientos: <\/strong><\/span>MCE har\u00e1 todas las modificaciones razonables a las pol\u00edticas y programas para asegurar que los individuos con discapacidades tengan la misma oportunidad de disfrutar de todos los programas, servicios y actividades de MCE, siempre y cuando se cumplan los criterios de elegibilidad.<\/p>\t\t\t\t\t\t\t\t<\/div>\n\t\t\t\t<\/div>\n\t\t<div data-particle_enable=\"false\" data-particle-mobile-disabled=\"false\" class=\"elementor-element elementor-element-f7a05ce e-flex e-con-boxed e-con e-child\" data-id=\"f7a05ce\" data-element_type=\"container\" data-e-type=\"container\" data-settings=\"{&quot;jet_parallax_layout_list&quot;:[]}\">\n\t\t\t\t\t<div class=\"e-con-inner\">\n\t\t<div data-particle_enable=\"false\" data-particle-mobile-disabled=\"false\" class=\"elementor-element elementor-element-778efaa e-flex e-con-boxed e-con e-child\" data-id=\"778efaa\" data-element_type=\"container\" data-e-type=\"container\" data-settings=\"{&quot;jet_parallax_layout_list&quot;:[]}\">\n\t\t\t\t\t<div class=\"e-con-inner\">\n\t\t<div data-particle_enable=\"false\" data-particle-mobile-disabled=\"false\" class=\"elementor-element elementor-element-1d29653 e-flex e-con-boxed e-con e-child\" data-id=\"1d29653\" data-element_type=\"container\" data-e-type=\"container\" data-settings=\"{&quot;jet_parallax_layout_list&quot;:[]}\">\n\t\t\t\t\t<div class=\"e-con-inner\">\n\t\t<div data-particle_enable=\"false\" data-particle-mobile-disabled=\"false\" class=\"elementor-element elementor-element-ac113ef e-flex e-con-boxed e-con e-child\" data-id=\"ac113ef\" data-element_type=\"container\" data-e-type=\"container\" data-settings=\"{&quot;jet_parallax_layout_list&quot;:[]}\">\n\t\t\t\t\t<div class=\"e-con-inner\">\n\t\t\t\t<div class=\"elementor-element elementor-element-6409db4 elementor-widget elementor-widget-text-editor\" data-id=\"6409db4\" data-element_type=\"widget\" data-e-type=\"widget\" data-widget_type=\"text-editor.default\">\n\t\t\t\t<div class=\"elementor-widget-container\">\n\t\t\t\t\t\t\t\t\t<p><span style=\"font-weight: bold;\"><strong>Accesibilidad en mceCleanEnergy.org: <\/strong><\/span>Se puede acceder al men\u00fa de accesibilidad de mceCleanEnergy.org haciendo clic en el icono del men\u00fa de accesibilidad (v\u00e9ase la imagen de la derecha) que aparece en la esquina de cada p\u00e1gina. Despu\u00e9s de hacer clic en el icono, espere un momento hasta que el men\u00fa de accesibilidad se cargue por completo.<\/p>\t\t\t\t\t\t\t\t<\/div>\n\t\t\t\t<\/div>\n\t\t\t\t\t<\/div>\n\t\t\t\t<\/div>\n\t\t\t\t<div class=\"elementor-element elementor-element-55355f1 elementor-widget__width-initial elementor-view-default elementor-widget elementor-widget-icon\" data-id=\"55355f1\" data-element_type=\"widget\" data-e-type=\"widget\" data-widget_type=\"icon.default\">\n\t\t\t\t<div class=\"elementor-widget-container\">\n\t\t\t\t\t\t\t<div class=\"elementor-icon-wrapper\">\n\t\t\t<div class=\"elementor-icon\">\n\t\t\t<svg aria-hidden=\"true\" class=\"e-font-icon-svg e-fas-universal-access\" viewbox=\"0 0 512 512\" xmlns=\"http:\/\/www.w3.org\/2000\/svg\"><path d=\"M256 48c114.953 0 208 93.029 208 208 0 114.953-93.029 208-208 208-114.953 0-208-93.029-208-208 0-114.953 93.029-208 208-208m0-40C119.033 8 8 119.033 8 256s111.033 248 248 248 248-111.033 248-248S392.967 8 256 8zm0 56C149.961 64 64 149.961 64 256s85.961 192 192 192 192-85.961 192-192S362.039 64 256 64zm0 44c19.882 0 36 16.118 36 36s-16.118 36-36 36-36-16.118-36-36 16.118-36 36-36zm117.741 98.023c-28.712 6.779-55.511 12.748-82.14 15.807.851 101.023 12.306 123.052 25.037 155.621 3.617 9.26-.957 19.698-10.217 23.315-9.261 3.617-19.699-.957-23.316-10.217-8.705-22.308-17.086-40.636-22.261-78.549h-9.686c-5.167 37.851-13.534 56.208-22.262 78.549-3.615 9.255-14.05 13.836-23.315 10.217-9.26-3.617-13.834-14.056-10.217-23.315 12.713-32.541 24.185-54.541 25.037-155.621-26.629-3.058-53.428-9.027-82.141-15.807-8.6-2.031-13.926-10.648-11.895-19.249s10.647-13.926 19.249-11.895c96.686 22.829 124.283 22.783 220.775 0 8.599-2.03 17.218 3.294 19.249 11.895 2.029 8.601-3.297 17.219-11.897 19.249z\"><\/path><\/svg>\t\t\t<\/div>\n\t\t<\/div>\n\t\t\t\t\t\t<\/div>\n\t\t\t\t<\/div>\n\t\t\t\t\t<\/div>\n\t\t\t\t<\/div>\n\t\t\t\t\t<\/div>\n\t\t\t\t<\/div>\n\t\t\t\t\t<\/div>\n\t\t\t\t<\/div>\n\t\t<div data-particle_enable=\"false\" data-particle-mobile-disabled=\"false\" class=\"elementor-element elementor-element-efd91b6 e-flex e-con-boxed e-con e-child\" data-id=\"efd91b6\" data-element_type=\"container\" data-e-type=\"container\" data-settings=\"{&quot;jet_parallax_layout_list&quot;:[]}\">\n\t\t\t\t\t<div class=\"e-con-inner\">\n\t\t\t\t<div class=\"elementor-element elementor-element-e508ebe elementor-widget elementor-widget-text-editor\" data-id=\"e508ebe\" data-element_type=\"widget\" data-e-type=\"widget\" data-widget_type=\"text-editor.default\">\n\t\t\t\t<div class=\"elementor-widget-container\">\n\t\t\t\t\t\t\t\t\t<p><span style=\"font-weight: bold;\"><strong>Comunicaci\u00f3n MCE: <\/strong><\/span>Por lo general, la MCE proporcionar\u00e1, previa solicitud, ayudas y servicios apropiados que conduzcan a una comunicaci\u00f3n eficaz para las personas cualificadas con discapacidades, de modo que puedan participar en igualdad de condiciones en los programas, servicios y actividades de la MCE, incluidos int\u00e9rpretes cualificados de lenguaje de signos, documentos en Braille y otras formas de hacer que la informaci\u00f3n y las comunicaciones sean accesibles a las personas con discapacidades del habla, auditivas o visuales.<\/p>\t\t\t\t\t\t\t\t<\/div>\n\t\t\t\t<\/div>\n\t\t<div data-particle_enable=\"false\" data-particle-mobile-disabled=\"false\" class=\"elementor-element elementor-element-6d8216f e-flex e-con-boxed e-con e-child\" data-id=\"6d8216f\" data-element_type=\"container\" data-e-type=\"container\" data-settings=\"{&quot;jet_parallax_layout_list&quot;:[]}\">\n\t\t\t\t\t<div class=\"e-con-inner\">\n\t\t\t\t<div class=\"elementor-element elementor-element-8bdfaa7 elementor-widget elementor-widget-text-editor\" data-id=\"8bdfaa7\" data-element_type=\"widget\" data-e-type=\"widget\" data-widget_type=\"text-editor.default\">\n\t\t\t\t<div class=\"elementor-widget-container\">\n\t\t\t\t\t\t\t\t\t<p><span style=\"font-weight: bold;\"><strong>Descargo de responsabilidad: <\/strong><\/span>La ADA no obliga a la MCE a tomar ninguna medida que pueda alterar fundamentalmente la naturaleza de sus programas o servicios o imponer una carga financiera o administrativa indebida. La MCE sigue esforz\u00e1ndose por mejorar constantemente la accesibilidad de su sitio y sus servicios. A pesar de nuestros esfuerzos, es posible que algunos contenidos a\u00fan no est\u00e9n totalmente adaptados a las normas de accesibilidad m\u00e1s estrictas. Esto puede ser consecuencia de no haber encontrado o identificado la soluci\u00f3n tecnol\u00f3gica m\u00e1s adecuada.<\/p>\t\t\t\t\t\t\t\t<\/div>\n\t\t\t\t<\/div>\n\t\t<div data-particle_enable=\"false\" data-particle-mobile-disabled=\"false\" class=\"elementor-element elementor-element-6c236db e-flex e-con-boxed e-con e-child\" data-id=\"6c236db\" data-element_type=\"container\" data-e-type=\"container\" data-settings=\"{&quot;jet_parallax_layout_list&quot;:[]}\">\n\t\t\t\t\t<div class=\"e-con-inner\">\n\t\t\t\t<div class=\"elementor-element elementor-element-72b2ea8 elementor-widget elementor-widget-text-editor\" data-id=\"72b2ea8\" data-element_type=\"widget\" data-e-type=\"widget\" data-widget_type=\"text-editor.default\">\n\t\t\t\t<div class=\"elementor-widget-container\">\n\t\t\t\t\t\t\t\t\t<span style=\"font-weight: bold;\"><strong>P\u00f3ngase en contacto con nosotros:\u00a0<\/strong><\/span>Cualquier persona que requiera una ayuda o servicio auxiliar para una comunicaci\u00f3n eficaz, una modificaci\u00f3n de las pol\u00edticas o procedimientos para participar en un programa, servicio o actividad de la MCE, preguntas sobre accesibilidad o quejas de que un programa, servicio o actividad de la MCE no es accesible para personas con discapacidades debe ponerse en contacto con Justine Parmelee, la Coordinadora de la ADA, en <a href=\"mailto:ada-coordinator@mcecleanenergy.org\">ada-coordinator@mceCleanEnergy.org<\/a> o (888) 632-3674 y, si procede, siga las instrucciones de MCE <a href=\"https:\/\/mcecleanenergy.org\/es\/ada-grievance-procedure\/\">Procedimiento de reclamaci\u00f3n ADA<\/a>.\t\t\t\t\t\t\t\t<\/div>\n\t\t\t\t<\/div>\n\t\t\t\t<div class=\"elementor-element elementor-element-210027e elementor-widget elementor-widget-text-editor\" data-id=\"210027e\" data-element_type=\"widget\" data-e-type=\"widget\" data-widget_type=\"text-editor.default\">\n\t\t\t\t<div class=\"elementor-widget-container\">\n\t\t\t\t\t\t\t\t\tActualizado: Enero, 2024\t\t\t\t\t\t\t\t<\/div>\n\t\t\t\t<\/div>\n\t\t\t\t\t<\/div>\n\t\t\t\t<\/div>\n\t\t\t\t\t<\/div>\n\t\t\t\t<\/div>\n\t\t\t\t\t<\/div>\n\t\t\t\t<\/div>\n\t\t\t\t\t<\/div>\n\t\t\t\t<\/div>\n\t\t\t\t\t<\/div>\n\t\t\t\t<\/div>\n\t\t\t\t\t<\/div>\n\t\t\t\t<\/div>\n\t\t\t\t\t<\/div>\n\t\t\t\t<\/div>\n\t\t<div data-particle_enable=\"false\" data-particle-mobile-disabled=\"false\" class=\"elementor-element elementor-element-ab19db5 e-flex e-con-boxed e-con e-parent\" data-id=\"ab19db5\" data-element_type=\"container\" data-e-type=\"container\" data-settings=\"{&quot;jet_parallax_layout_list&quot;:[]}\">\n\t\t\t\t\t<div class=\"e-con-inner\">\n\t\t\t\t<div class=\"elementor-element elementor-element-bda6bf3 elementor-widget elementor-widget-spacer\" data-id=\"bda6bf3\" data-element_type=\"widget\" data-e-type=\"widget\" data-widget_type=\"spacer.default\">\n\t\t\t\t<div class=\"elementor-widget-container\">\n\t\t\t\t\t\t\t<div class=\"elementor-spacer\">\n\t\t\t<div class=\"elementor-spacer-inner\"><\/div>\n\t\t<\/div>\n\t\t\t\t\t\t<\/div>\n\t\t\t\t<\/div>\n\t\t\t\t\t<\/div>\n\t\t\t\t<\/div>\n\t\t\t\t<\/div>","protected":false},"excerpt":{"rendered":"<p>MCE Accessibility Statement Notice Under the Americans with Disabilities Act In accordance with the requirements of Title II of the Americans with Disabilities Act of 1990 (\u201cADA\u201d), MCE will not [&hellip;]<\/p>\n","protected":false},"author":6,"featured_media":20003,"parent":0,"menu_order":0,"comment_status":"closed","ping_status":"closed","template":"","meta":{"_acf_changed":false,"_searchwp_excluded":"","footnotes":""},"class_list":["post-16183","page","type-page","status-publish","has-post-thumbnail","hentry"],"acf":[],"yoast_head":"<!-- This site is optimized with the Yoast SEO Premium plugin v27.2 (Yoast SEO v27.2) - https:\/\/yoast.com\/product\/yoast-seo-premium-wordpress\/ -->\n<title>MCE Accessibility Statement<\/title>\n<meta name=\"description\" content=\"MCE strives to ensure that its services are accessible to people with disabilities by investing resources to help ensure that its website is made easier to use.\" \/>\n<meta name=\"robots\" content=\"index, follow, max-snippet:-1, max-image-preview:large, max-video-preview:-1\" \/>\n<link rel=\"canonical\" href=\"https:\/\/mcecleanenergy.org\/es\/accessibility-statement\/\" \/>\n<meta property=\"og:locale\" content=\"es_MX\" \/>\n<meta property=\"og:type\" content=\"article\" \/>\n<meta property=\"og:title\" content=\"MCE Accessibility Statement\" \/>\n<meta property=\"og:description\" content=\"MCE strives to ensure that its services are accessible to people with disabilities by investing resources to help ensure that its website is made easier to use.\" \/>\n<meta property=\"og:url\" content=\"https:\/\/mcecleanenergy.org\/es\/accessibility-statement\/\" \/>\n<meta property=\"og:site_name\" content=\"MCE \u2013 Community Choice Energy\" \/>\n<meta property=\"article:publisher\" content=\"https:\/\/www.facebook.com\/mceCleanEnergy\/\" \/>\n<meta property=\"article:modified_time\" content=\"2025-09-10T23:16:01+00:00\" \/>\n<meta property=\"og:image\" content=\"https:\/\/mcecleanenergy.org\/wp-content\/uploads\/2024\/03\/AdobeStock_537445727-scaled.jpeg\" \/>\n\t<meta property=\"og:image:width\" content=\"2560\" \/>\n\t<meta property=\"og:image:height\" content=\"1679\" \/>\n\t<meta property=\"og:image:type\" content=\"image\/jpeg\" \/>\n<meta name=\"twitter:card\" content=\"summary_large_image\" \/>\n<meta name=\"twitter:title\" content=\"Accessibility Statement\" \/>\n<meta name=\"twitter:description\" content=\"MCE Accessibility Statement Notice Under the Americans with Disabilities Act In accordance with the requirements of Title II of the Americans with\" \/>\n<meta name=\"twitter:site\" content=\"@MCECleanEnergy\" \/>\n<meta name=\"twitter:label1\" content=\"Tiempo de lectura\" \/>\n\t<meta name=\"twitter:data1\" content=\"2 minutos\" \/>\n<script type=\"application\/ld+json\" class=\"yoast-schema-graph\">{\"@context\":\"https:\/\/schema.org\",\"@graph\":[{\"@type\":\"WebPage\",\"@id\":\"https:\/\/mcecleanenergy.org\/accessibility-statement\/\",\"url\":\"https:\/\/mcecleanenergy.org\/accessibility-statement\/\",\"name\":\"MCE Accessibility Statement\",\"isPartOf\":{\"@id\":\"https:\/\/mcecleanenergy.org\/#website\"},\"primaryImageOfPage\":{\"@id\":\"https:\/\/mcecleanenergy.org\/accessibility-statement\/#primaryimage\"},\"image\":{\"@id\":\"https:\/\/mcecleanenergy.org\/accessibility-statement\/#primaryimage\"},\"thumbnailUrl\":\"https:\/\/mcecleanenergy.org\/wp-content\/uploads\/2024\/03\/AdobeStock_537445727-scaled.jpeg\",\"datePublished\":\"2024-03-12T03:36:24+00:00\",\"dateModified\":\"2025-09-10T23:16:01+00:00\",\"description\":\"MCE strives to ensure that its services are accessible to people with disabilities by investing resources to help ensure that its website is made easier to use.\",\"breadcrumb\":{\"@id\":\"https:\/\/mcecleanenergy.org\/accessibility-statement\/#breadcrumb\"},\"inLanguage\":\"es\",\"potentialAction\":[{\"@type\":\"ReadAction\",\"target\":[\"https:\/\/mcecleanenergy.org\/accessibility-statement\/\"]}]},{\"@type\":\"ImageObject\",\"inLanguage\":\"es\",\"@id\":\"https:\/\/mcecleanenergy.org\/accessibility-statement\/#primaryimage\",\"url\":\"https:\/\/mcecleanenergy.org\/wp-content\/uploads\/2024\/03\/AdobeStock_537445727-scaled.jpeg\",\"contentUrl\":\"https:\/\/mcecleanenergy.org\/wp-content\/uploads\/2024\/03\/AdobeStock_537445727-scaled.jpeg\",\"width\":2560,\"height\":1679,\"caption\":\"Woman, networking or communication with tablet on sofa for social media app, search or contact us on website. Technology, female with glasses in house for email, internet or ecommerce shopping.\"},{\"@type\":\"BreadcrumbList\",\"@id\":\"https:\/\/mcecleanenergy.org\/accessibility-statement\/#breadcrumb\",\"itemListElement\":[{\"@type\":\"ListItem\",\"position\":1,\"name\":\"Home\",\"item\":\"https:\/\/mcecleanenergy.org\/\"},{\"@type\":\"ListItem\",\"position\":2,\"name\":\"Accessibility Statement\"}]},{\"@type\":\"WebSite\",\"@id\":\"https:\/\/mcecleanenergy.org\/#website\",\"url\":\"https:\/\/mcecleanenergy.org\/\",\"name\":\"MCE \u2013 Community Choice Energy\",\"description\":\"\",\"publisher\":{\"@id\":\"https:\/\/mcecleanenergy.org\/#organization\"},\"potentialAction\":[{\"@type\":\"SearchAction\",\"target\":{\"@type\":\"EntryPoint\",\"urlTemplate\":\"https:\/\/mcecleanenergy.org\/?s={search_term_string}\"},\"query-input\":{\"@type\":\"PropertyValueSpecification\",\"valueRequired\":true,\"valueName\":\"search_term_string\"}}],\"inLanguage\":\"es\"},{\"@type\":\"Organization\",\"@id\":\"https:\/\/mcecleanenergy.org\/#organization\",\"name\":\"MCE\",\"url\":\"https:\/\/mcecleanenergy.org\/\",\"logo\":{\"@type\":\"ImageObject\",\"inLanguage\":\"es\",\"@id\":\"https:\/\/mcecleanenergy.org\/#\/schema\/logo\/image\/\",\"url\":\"https:\/\/mcecleanenergy.org\/wp-content\/uploads\/2024\/05\/MCE_Logo_Full-Color_RGB_050324.png\",\"contentUrl\":\"https:\/\/mcecleanenergy.org\/wp-content\/uploads\/2024\/05\/MCE_Logo_Full-Color_RGB_050324.png\",\"width\":5001,\"height\":2986,\"caption\":\"MCE\"},\"image\":{\"@id\":\"https:\/\/mcecleanenergy.org\/#\/schema\/logo\/image\/\"},\"sameAs\":[\"https:\/\/www.facebook.com\/mceCleanEnergy\/\",\"https:\/\/x.com\/MCECleanEnergy\",\"https:\/\/www.instagram.com\/mcecleanenergy\/\",\"https:\/\/www.linkedin.com\/company\/mcecleanenergy\/\",\"https:\/\/www.youtube.com\/c\/Mcecleanenergy\/\",\"https:\/\/en.wikipedia.org\/wiki\/Community_Choice_Aggregation#Marin_Clean_Energy\"]}]}<\/script>\n<!-- \/ Yoast SEO Premium plugin. -->","yoast_head_json":{"title":"Declaraci\u00f3n de accesibilidad de la MCE","description":"MCE se esfuerza por garantizar que sus servicios sean accesibles para las personas con discapacidad, invirtiendo recursos para ayudar a que su sitio web sea m\u00e1s f\u00e1cil de usar.","robots":{"index":"index","follow":"follow","max-snippet":"max-snippet:-1","max-image-preview":"max-image-preview:large","max-video-preview":"max-video-preview:-1"},"canonical":"https:\/\/mcecleanenergy.org\/es\/accessibility-statement\/","og_locale":"es_MX","og_type":"article","og_title":"MCE Accessibility Statement","og_description":"MCE strives to ensure that its services are accessible to people with disabilities by investing resources to help ensure that its website is made easier to use.","og_url":"https:\/\/mcecleanenergy.org\/es\/accessibility-statement\/","og_site_name":"MCE \u2013 Community Choice Energy","article_publisher":"https:\/\/www.facebook.com\/mceCleanEnergy\/","article_modified_time":"2025-09-10T23:16:01+00:00","og_image":[{"width":2560,"height":1679,"url":"https:\/\/mcecleanenergy.org\/wp-content\/uploads\/2024\/03\/AdobeStock_537445727-scaled.jpeg","type":"image\/jpeg"}],"twitter_card":"summary_large_image","twitter_title":"Accessibility Statement","twitter_description":"MCE Accessibility Statement Notice Under the Americans with Disabilities Act In accordance with the requirements of Title II of the Americans with","twitter_site":"@MCECleanEnergy","twitter_misc":{"Tiempo de lectura":"2 minutos"},"schema":{"@context":"https:\/\/schema.org","@graph":[{"@type":"WebPage","@id":"https:\/\/mcecleanenergy.org\/accessibility-statement\/","url":"https:\/\/mcecleanenergy.org\/accessibility-statement\/","name":"Declaraci\u00f3n de accesibilidad de la MCE","isPartOf":{"@id":"https:\/\/mcecleanenergy.org\/#website"},"primaryImageOfPage":{"@id":"https:\/\/mcecleanenergy.org\/accessibility-statement\/#primaryimage"},"image":{"@id":"https:\/\/mcecleanenergy.org\/accessibility-statement\/#primaryimage"},"thumbnailUrl":"https:\/\/mcecleanenergy.org\/wp-content\/uploads\/2024\/03\/AdobeStock_537445727-scaled.jpeg","datePublished":"2024-03-12T03:36:24+00:00","dateModified":"2025-09-10T23:16:01+00:00","description":"MCE se esfuerza por garantizar que sus servicios sean accesibles para las personas con discapacidad, invirtiendo recursos para ayudar a que su sitio web sea m\u00e1s f\u00e1cil de usar.","breadcrumb":{"@id":"https:\/\/mcecleanenergy.org\/accessibility-statement\/#breadcrumb"},"inLanguage":"es","potentialAction":[{"@type":"ReadAction","target":["https:\/\/mcecleanenergy.org\/accessibility-statement\/"]}]},{"@type":"ImageObject","inLanguage":"es","@id":"https:\/\/mcecleanenergy.org\/accessibility-statement\/#primaryimage","url":"https:\/\/mcecleanenergy.org\/wp-content\/uploads\/2024\/03\/AdobeStock_537445727-scaled.jpeg","contentUrl":"https:\/\/mcecleanenergy.org\/wp-content\/uploads\/2024\/03\/AdobeStock_537445727-scaled.jpeg","width":2560,"height":1679,"caption":"Woman, networking or communication with tablet on sofa for social media app, search or contact us on website. Technology, female with glasses in house for email, internet or ecommerce shopping."},{"@type":"BreadcrumbList","@id":"https:\/\/mcecleanenergy.org\/accessibility-statement\/#breadcrumb","itemListElement":[{"@type":"ListItem","position":1,"name":"Home","item":"https:\/\/mcecleanenergy.org\/"},{"@type":"ListItem","position":2,"name":"Accessibility Statement"}]},{"@type":"WebSite","@id":"https:\/\/mcecleanenergy.org\/#website","url":"https:\/\/mcecleanenergy.org\/","name":"MCE - Elecci\u00f3n comunitaria de la energ\u00eda","description":"","publisher":{"@id":"https:\/\/mcecleanenergy.org\/#organization"},"potentialAction":[{"@type":"SearchAction","target":{"@type":"EntryPoint","urlTemplate":"https:\/\/mcecleanenergy.org\/?s={search_term_string}"},"query-input":{"@type":"PropertyValueSpecification","valueRequired":true,"valueName":"search_term_string"}}],"inLanguage":"es"},{"@type":"Organization","@id":"https:\/\/mcecleanenergy.org\/#organization","name":"MCE","url":"https:\/\/mcecleanenergy.org\/","logo":{"@type":"ImageObject","inLanguage":"es","@id":"https:\/\/mcecleanenergy.org\/#\/schema\/logo\/image\/","url":"https:\/\/mcecleanenergy.org\/wp-content\/uploads\/2024\/05\/MCE_Logo_Full-Color_RGB_050324.png","contentUrl":"https:\/\/mcecleanenergy.org\/wp-content\/uploads\/2024\/05\/MCE_Logo_Full-Color_RGB_050324.png","width":5001,"height":2986,"caption":"MCE"},"image":{"@id":"https:\/\/mcecleanenergy.org\/#\/schema\/logo\/image\/"},"sameAs":["https:\/\/www.facebook.com\/mceCleanEnergy\/","https:\/\/x.com\/MCECleanEnergy","https:\/\/www.instagram.com\/mcecleanenergy\/","https:\/\/www.linkedin.com\/company\/mcecleanenergy\/","https:\/\/www.youtube.com\/c\/Mcecleanenergy\/","https:\/\/en.wikipedia.org\/wiki\/Community_Choice_Aggregation#Marin_Clean_Energy"]}]}},"_links":{"self":[{"href":"https:\/\/mcecleanenergy.org\/es\/wp-json\/wp\/v2\/pages\/16183","targetHints":{"allow":["GET"]}}],"collection":[{"href":"https:\/\/mcecleanenergy.org\/es\/wp-json\/wp\/v2\/pages"}],"about":[{"href":"https:\/\/mcecleanenergy.org\/es\/wp-json\/wp\/v2\/types\/page"}],"author":[{"embeddable":true,"href":"https:\/\/mcecleanenergy.org\/es\/wp-json\/wp\/v2\/users\/6"}],"replies":[{"embeddable":true,"href":"https:\/\/mcecleanenergy.org\/es\/wp-json\/wp\/v2\/comments?post=16183"}],"version-history":[{"count":3,"href":"https:\/\/mcecleanenergy.org\/es\/wp-json\/wp\/v2\/pages\/16183\/revisions"}],"predecessor-version":[{"id":70290,"href":"https:\/\/mcecleanenergy.org\/es\/wp-json\/wp\/v2\/pages\/16183\/revisions\/70290"}],"wp:featuredmedia":[{"embeddable":true,"href":"https:\/\/mcecleanenergy.org\/es\/wp-json\/wp\/v2\/media\/20003"}],"wp:attachment":[{"href":"https:\/\/mcecleanenergy.org\/es\/wp-json\/wp\/v2\/media?parent=16183"}],"curies":[{"name":"wp","href":"https:\/\/api.w.org\/{rel}","templated":true}]}}