{"id":18110,"date":"2024-03-13T00:11:07","date_gmt":"2024-03-13T07:11:07","guid":{"rendered":"https:\/\/mcecleanenergy.org\/?page_id=18110"},"modified":"2024-09-18T17:10:37","modified_gmt":"2024-09-19T00:10:37","slug":"mce-sync-referral-terms","status":"publish","type":"page","link":"https:\/\/mcecleanenergy.org\/es\/mce-sync-referral-terms\/","title":{"rendered":"MCE Sync T\u00e9rminos de referencia"},"content":{"rendered":"<div data-elementor-type=\"wp-page\" data-elementor-id=\"18110\" class=\"elementor elementor-18110\" data-elementor-post-type=\"page\">\n\t\t\t\t<div data-particle_enable=\"false\" data-particle-mobile-disabled=\"false\" class=\"elementor-element elementor-element-d3da486 e-flex e-con-boxed e-con e-parent\" data-id=\"d3da486\" data-element_type=\"container\" data-e-type=\"container\" data-settings=\"{&quot;background_background&quot;:&quot;classic&quot;,&quot;jet_parallax_layout_list&quot;:[]}\">\n\t\t\t\t\t<div class=\"e-con-inner\">\n\t\t\t\t<div class=\"elementor-element elementor-element-cb9638b elementor-widget__width-initial elementor-widget elementor-widget-heading\" data-id=\"cb9638b\" data-element_type=\"widget\" data-e-type=\"widget\" data-widget_type=\"heading.default\">\n\t\t\t\t<div class=\"elementor-widget-container\">\n\t\t\t\t\t<h1 class=\"elementor-heading-title elementor-size-default\">T\u00e9rminos y condiciones de la bonificaci\u00f3n por recomendaci\u00f3n MCE Sync<\/h1>\t\t\t\t<\/div>\n\t\t\t\t<\/div>\n\t\t\t\t\t<\/div>\n\t\t\t\t<\/div>\n\t\t<div data-particle_enable=\"false\" data-particle-mobile-disabled=\"false\" class=\"elementor-element elementor-element-c4b7da8 e-flex e-con-boxed e-con e-parent\" data-id=\"c4b7da8\" data-element_type=\"container\" data-e-type=\"container\" data-settings=\"{&quot;background_background&quot;:&quot;gradient&quot;,&quot;jet_parallax_layout_list&quot;:[]}\">\n\t\t\t\t\t<div class=\"e-con-inner\">\n\t\t\t\t\t<\/div>\n\t\t\t\t<\/div>\n\t\t<div data-particle_enable=\"false\" data-particle-mobile-disabled=\"false\" class=\"elementor-element elementor-element-59142f4 e-flex e-con-boxed e-con e-parent\" data-id=\"59142f4\" data-element_type=\"container\" data-e-type=\"container\" data-settings=\"{&quot;jet_parallax_layout_list&quot;:[]}\">\n\t\t\t\t\t<div class=\"e-con-inner\">\n\t\t<div data-particle_enable=\"false\" data-particle-mobile-disabled=\"false\" class=\"elementor-element elementor-element-6734c27 e-flex e-con-boxed e-con e-child\" data-id=\"6734c27\" data-element_type=\"container\" data-e-type=\"container\" data-settings=\"{&quot;jet_parallax_layout_list&quot;:[]}\">\n\t\t\t\t\t<div class=\"e-con-inner\">\n\t\t<div data-particle_enable=\"false\" data-particle-mobile-disabled=\"false\" class=\"elementor-element elementor-element-22f61ff e-flex e-con-boxed e-con e-child\" data-id=\"22f61ff\" data-element_type=\"container\" data-e-type=\"container\" data-settings=\"{&quot;jet_parallax_layout_list&quot;:[]}\">\n\t\t\t\t\t<div class=\"e-con-inner\">\n\t\t\t\t<div class=\"elementor-element elementor-element-5f4cf28 elementor-widget elementor-widget-heading\" data-id=\"5f4cf28\" data-element_type=\"widget\" data-e-type=\"widget\" data-widget_type=\"heading.default\">\n\t\t\t\t<div class=\"elementor-widget-container\">\n\t\t\t\t\t<h4 class=\"elementor-heading-title elementor-size-default\">Para beneficiarse de la Promoci\u00f3n del Programa de Recomendaci\u00f3n MCE Sync, administrado por el Agente Autorizado de MCE, ev.energy, se aplican los siguientes t\u00e9rminos y condiciones.<\/h4>\t\t\t\t<\/div>\n\t\t\t\t<\/div>\n\t\t\t\t\t<\/div>\n\t\t\t\t<\/div>\n\t\t\t\t\t<\/div>\n\t\t\t\t<\/div>\n\t\t<div data-particle_enable=\"false\" data-particle-mobile-disabled=\"false\" class=\"elementor-element elementor-element-5b31ca0 e-flex e-con-boxed e-con e-child\" data-id=\"5b31ca0\" data-element_type=\"container\" data-e-type=\"container\" data-settings=\"{&quot;jet_parallax_layout_list&quot;:[]}\">\n\t\t\t\t\t<div class=\"e-con-inner\">\n\t\t\t\t<div class=\"elementor-element elementor-element-d370436 elementor-widget elementor-widget-heading\" data-id=\"d370436\" data-element_type=\"widget\" data-e-type=\"widget\" data-widget_type=\"heading.default\">\n\t\t\t\t<div class=\"elementor-widget-container\">\n\t\t\t\t\t<h3 class=\"elementor-heading-title elementor-size-default\">Acceso y participaci\u00f3n<\/h3>\t\t\t\t<\/div>\n\t\t\t\t<\/div>\n\t\t\t\t<div class=\"elementor-element elementor-element-114d053 elementor-widget elementor-widget-text-editor\" data-id=\"114d053\" data-element_type=\"widget\" data-e-type=\"widget\" data-widget_type=\"text-editor.default\">\n\t\t\t\t<div class=\"elementor-widget-container\">\n\t\t\t\t\t\t\t\t\t<ul>\n \t<li>Podr\u00e1 participar cualquier cliente de MCE (\"Remitente\") que haya recibido una invitaci\u00f3n a la promoci\u00f3n del Programa de Remisi\u00f3n MCE Sync directamente por correo electr\u00f3nico.<\/li>\n \t<li>Los remitentes podr\u00e1n remitir hasta un m\u00e1ximo de cinco clientes de MCE elegibles cada a\u00f1o natural hasta el 31 de mayo de 2025.<\/li>\n<\/ul>\t\t\t\t\t\t\t\t<\/div>\n\t\t\t\t<\/div>\n\t\t<div data-particle_enable=\"false\" data-particle-mobile-disabled=\"false\" class=\"elementor-element elementor-element-238f9fc e-flex e-con-boxed e-con e-child\" data-id=\"238f9fc\" data-element_type=\"container\" data-e-type=\"container\" data-settings=\"{&quot;jet_parallax_layout_list&quot;:[]}\">\n\t\t\t\t\t<div class=\"e-con-inner\">\n\t\t\t\t<div class=\"elementor-element elementor-element-7866e69 elementor-widget elementor-widget-heading\" data-id=\"7866e69\" data-element_type=\"widget\" data-e-type=\"widget\" data-widget_type=\"heading.default\">\n\t\t\t\t<div class=\"elementor-widget-container\">\n\t\t\t\t\t<h3 class=\"elementor-heading-title elementor-size-default\">Admisibilidad<\/h3>\t\t\t\t<\/div>\n\t\t\t\t<\/div>\n\t\t\t\t<div class=\"elementor-element elementor-element-3f837ac elementor-widget elementor-widget-text-editor\" data-id=\"3f837ac\" data-element_type=\"widget\" data-e-type=\"widget\" data-widget_type=\"text-editor.default\">\n\t\t\t\t<div class=\"elementor-widget-container\">\n\t\t\t\t\t\t\t\t\t<ul>\n \t<li>El usuario referido (\"Referido\") debe descargar la app MCE Sync a trav\u00e9s de la App Store de Apple o Android, utilizar el c\u00f3digo de referido designado obtenido del Referido, completar el perfil MCE Sync y al menos una sesi\u00f3n de Carga Inteligente cualificada antes de la fecha l\u00edmite de cierre de la oferta indicada anteriormente.\n<ul>\n \t<li>Una sesi\u00f3n de carga inteligente cualificada consiste en una sesi\u00f3n de carga controlada por MCE Sync a trav\u00e9s de <a href=\"https:\/\/www.ev.energy\/drivers-home-us\" target=\"_blank\" rel=\"noopener\">ev.energ\u00eda<\/a> con la funcionalidad Smart Charge activada durante toda la sesi\u00f3n, y la entrega de al menos 10kWh de electricidad a la carga del veh\u00edculo.<\/li>\n<\/ul>\n<\/li>\n<\/ul>\t\t\t\t\t\t\t\t<\/div>\n\t\t\t\t<\/div>\n\t\t\t\t\t<\/div>\n\t\t\t\t<\/div>\n\t\t<div data-particle_enable=\"false\" data-particle-mobile-disabled=\"false\" class=\"elementor-element elementor-element-93a433a e-flex e-con-boxed e-con e-child\" data-id=\"93a433a\" data-element_type=\"container\" data-e-type=\"container\" data-settings=\"{&quot;jet_parallax_layout_list&quot;:[]}\">\n\t\t\t\t\t<div class=\"e-con-inner\">\n\t\t\t\t<div class=\"elementor-element elementor-element-e53eee9 elementor-widget elementor-widget-heading\" data-id=\"e53eee9\" data-element_type=\"widget\" data-e-type=\"widget\" data-widget_type=\"heading.default\">\n\t\t\t\t<div class=\"elementor-widget-container\">\n\t\t\t\t\t<h3 class=\"elementor-heading-title elementor-size-default\">Pago de incentivos<\/h3>\t\t\t\t<\/div>\n\t\t\t\t<\/div>\n\t\t\t\t<div class=\"elementor-element elementor-element-8fe255f elementor-widget elementor-widget-text-editor\" data-id=\"8fe255f\" data-element_type=\"widget\" data-e-type=\"widget\" data-widget_type=\"text-editor.default\">\n\t\t\t\t<div class=\"elementor-widget-container\">\n\t\t\t\t\t\t\t\t\t<ul>\n \t<li>Una vez que el \u00c1rbitro haya registrado una sesi\u00f3n de Smart Charging que cumpla los requisitos y MCE haya confirmado su elegibilidad, el Remitente recibir\u00e1 un pago promocional de $25 a trav\u00e9s de Paypal, u otro equivalente en efectivo canjeable seg\u00fan determine MCE, en un plazo de 60 d\u00edas a partir de la confirmaci\u00f3n de MCE.<\/li>\n \t<li>Por cada remisi\u00f3n realizada con \u00e9xito, <a href=\"https:\/\/ev.energy\/\" target=\"_blank\" rel=\"noopener\">ev.energ\u00eda<\/a> enviar\u00e1 un pago promocional $25, a trav\u00e9s de PayPal, en nombre de MCE al Remitente.<\/li>\n<\/ul>\t\t\t\t\t\t\t\t<\/div>\n\t\t\t\t<\/div>\n\t\t\t\t\t<\/div>\n\t\t\t\t<\/div>\n\t\t<div data-particle_enable=\"false\" data-particle-mobile-disabled=\"false\" class=\"elementor-element elementor-element-b0524db e-flex e-con-boxed e-con e-child\" data-id=\"b0524db\" data-element_type=\"container\" data-e-type=\"container\" data-settings=\"{&quot;jet_parallax_layout_list&quot;:[]}\">\n\t\t\t\t\t<div class=\"e-con-inner\">\n\t\t\t\t<div class=\"elementor-element elementor-element-506792d elementor-widget elementor-widget-heading\" data-id=\"506792d\" data-element_type=\"widget\" data-e-type=\"widget\" data-widget_type=\"heading.default\">\n\t\t\t\t<div class=\"elementor-widget-container\">\n\t\t\t\t\t<h3 class=\"elementor-heading-title elementor-size-default\">Varios<\/h3>\t\t\t\t<\/div>\n\t\t\t\t<\/div>\n\t\t\t\t<div class=\"elementor-element elementor-element-8a7452d elementor-widget elementor-widget-text-editor\" data-id=\"8a7452d\" data-element_type=\"widget\" data-e-type=\"widget\" data-widget_type=\"text-editor.default\">\n\t\t\t\t<div class=\"elementor-widget-container\">\n\t\t\t\t\t\t\t\t\t<ul><li>Los recomendantes y los \u00e1rbitros deben ser mayores de 18 a\u00f1os y deben ser residentes permanentes de California para canjear este pago promocional.<\/li><li>Este pago promocional s\u00f3lo se puede canjear una vez por hogar de cliente MCE referido. Si m\u00e1s de un cliente de MCE refiere el mismo hogar, s\u00f3lo el primer C\u00f3digo de Referencia introducido ser\u00e1 elegible para canjear esta oferta.<\/li><li>MCE tiene el derecho absoluto de determinar c\u00f3mo se pone a disposici\u00f3n del usuario la oferta de equivalente en met\u00e1lico para su canje.<\/li><li>MCE se reserva el derecho a modificar o cancelar esta promoci\u00f3n sin previo aviso y sin perjuicio de lo dispuesto en la misma.<\/li><li>MCE no se hace responsable de los impuestos que puedan gravar a un cliente de MCE como consecuencia del pago promocional.<\/li><li>MCE tendr\u00e1 discreci\u00f3n exclusiva para decidir sobre la resoluci\u00f3n final de cualquier asunto relacionado con el Programa de Remisi\u00f3n MCE Sync.<\/li><\/ul>\t\t\t\t\t\t\t\t<\/div>\n\t\t\t\t<\/div>\n\t\t\t\t\t<\/div>\n\t\t\t\t<\/div>\n\t\t\t\t\t<\/div>\n\t\t\t\t<\/div>\n\t\t\t\t\t<\/div>\n\t\t\t\t<\/div>\n\t\t<div data-particle_enable=\"false\" data-particle-mobile-disabled=\"false\" class=\"elementor-element elementor-element-a6b9f29 e-flex e-con-boxed e-con e-parent\" data-id=\"a6b9f29\" data-element_type=\"container\" data-e-type=\"container\" data-settings=\"{&quot;jet_parallax_layout_list&quot;:[]}\">\n\t\t\t\t\t<div class=\"e-con-inner\">\n\t\t\t\t<div class=\"elementor-element elementor-element-60d886a elementor-widget elementor-widget-spacer\" data-id=\"60d886a\" data-element_type=\"widget\" data-e-type=\"widget\" data-widget_type=\"spacer.default\">\n\t\t\t\t<div class=\"elementor-widget-container\">\n\t\t\t\t\t\t\t<div class=\"elementor-spacer\">\n\t\t\t<div class=\"elementor-spacer-inner\"><\/div>\n\t\t<\/div>\n\t\t\t\t\t\t<\/div>\n\t\t\t\t<\/div>\n\t\t\t\t\t<\/div>\n\t\t\t\t<\/div>\n\t\t\t\t<\/div>","protected":false},"excerpt":{"rendered":"<p>MCE Sync Referral Bonus Terms &amp; Conditions To take advantage of the MCE Sync Referral Program Promotion, administered by MCE\u2019s Authorized Agent, ev.energy, the following terms and conditions apply. Access [&hellip;]<\/p>\n","protected":false},"author":6,"featured_media":36118,"parent":0,"menu_order":0,"comment_status":"closed","ping_status":"closed","template":"","meta":{"_acf_changed":false,"_searchwp_excluded":"","footnotes":""},"class_list":["post-18110","page","type-page","status-publish","has-post-thumbnail","hentry"],"acf":[],"yoast_head":"<!-- This site is optimized with the Yoast SEO Premium plugin v27.2 (Yoast SEO v27.2) - https:\/\/yoast.com\/product\/yoast-seo-premium-wordpress\/ -->\n<title>MCE Sync Referral Program Terms &amp; Conditions<\/title>\n<meta name=\"description\" content=\"To take advantage of the MCE Sync Referral Program Promotion, administered by MCE\u2019s Authorized Agent, ev.energy, the following terms and conditions apply.\" \/>\n<meta name=\"robots\" content=\"index, follow, max-snippet:-1, max-image-preview:large, max-video-preview:-1\" \/>\n<link rel=\"canonical\" href=\"https:\/\/mcecleanenergy.org\/es\/mce-sync-referral-terms\/\" \/>\n<meta property=\"og:locale\" content=\"es_MX\" \/>\n<meta property=\"og:type\" content=\"article\" \/>\n<meta property=\"og:title\" content=\"MCE Sync Referral Program Terms &amp; Conditions\" \/>\n<meta property=\"og:description\" content=\"To take advantage of the MCE Sync Referral Program Promotion, administered by MCE\u2019s Authorized Agent, ev.energy, the following terms and conditions apply.\" \/>\n<meta property=\"og:url\" content=\"https:\/\/mcecleanenergy.org\/es\/mce-sync-referral-terms\/\" \/>\n<meta property=\"og:site_name\" content=\"MCE \u2013 Community Choice Energy\" \/>\n<meta property=\"article:publisher\" content=\"https:\/\/www.facebook.com\/mceCleanEnergy\/\" \/>\n<meta property=\"article:modified_time\" content=\"2024-09-19T00:10:37+00:00\" \/>\n<meta property=\"og:image\" content=\"https:\/\/mcecleanenergy.org\/wp-content\/uploads\/2024\/05\/iStock-1864219628-smartphone-good-news-scaled.jpg\" \/>\n\t<meta property=\"og:image:width\" content=\"2560\" \/>\n\t<meta property=\"og:image:height\" content=\"1707\" \/>\n\t<meta property=\"og:image:type\" content=\"image\/jpeg\" \/>\n<meta name=\"twitter:card\" content=\"summary_large_image\" \/>\n<meta name=\"twitter:title\" content=\"MCE Sync Referral Terms\" \/>\n<meta name=\"twitter:description\" content=\"MCE Sync Referral Bonus Terms &amp; Conditions To take advantage of the MCE Sync Referral Program Promotion, administered by MCE\u2019s Authorized Agent,\" \/>\n<meta name=\"twitter:site\" content=\"@MCECleanEnergy\" \/>\n<meta name=\"twitter:label1\" content=\"Tiempo de lectura\" \/>\n\t<meta name=\"twitter:data1\" content=\"2 minutos\" \/>\n<script type=\"application\/ld+json\" class=\"yoast-schema-graph\">{\"@context\":\"https:\/\/schema.org\",\"@graph\":[{\"@type\":\"WebPage\",\"@id\":\"https:\/\/mcecleanenergy.org\/mce-sync-referral-terms\/\",\"url\":\"https:\/\/mcecleanenergy.org\/mce-sync-referral-terms\/\",\"name\":\"MCE Sync Referral Program Terms & Conditions\",\"isPartOf\":{\"@id\":\"https:\/\/mcecleanenergy.org\/#website\"},\"primaryImageOfPage\":{\"@id\":\"https:\/\/mcecleanenergy.org\/mce-sync-referral-terms\/#primaryimage\"},\"image\":{\"@id\":\"https:\/\/mcecleanenergy.org\/mce-sync-referral-terms\/#primaryimage\"},\"thumbnailUrl\":\"https:\/\/mcecleanenergy.org\/wp-content\/uploads\/2024\/05\/iStock-1864219628-smartphone-good-news-scaled.jpg\",\"datePublished\":\"2024-03-13T07:11:07+00:00\",\"dateModified\":\"2024-09-19T00:10:37+00:00\",\"description\":\"To take advantage of the MCE Sync Referral Program Promotion, administered by MCE\u2019s Authorized Agent, ev.energy, the following terms and conditions apply.\",\"breadcrumb\":{\"@id\":\"https:\/\/mcecleanenergy.org\/mce-sync-referral-terms\/#breadcrumb\"},\"inLanguage\":\"es\",\"potentialAction\":[{\"@type\":\"ReadAction\",\"target\":[\"https:\/\/mcecleanenergy.org\/mce-sync-referral-terms\/\"]}]},{\"@type\":\"ImageObject\",\"inLanguage\":\"es\",\"@id\":\"https:\/\/mcecleanenergy.org\/mce-sync-referral-terms\/#primaryimage\",\"url\":\"https:\/\/mcecleanenergy.org\/wp-content\/uploads\/2024\/05\/iStock-1864219628-smartphone-good-news-scaled.jpg\",\"contentUrl\":\"https:\/\/mcecleanenergy.org\/wp-content\/uploads\/2024\/05\/iStock-1864219628-smartphone-good-news-scaled.jpg\",\"width\":2560,\"height\":1707,\"caption\":\"Young successful businessman walking down the street holding a phone in his hands, an Indian man using an application on a smartphone smiling contentedly from outside an office building.\"},{\"@type\":\"BreadcrumbList\",\"@id\":\"https:\/\/mcecleanenergy.org\/mce-sync-referral-terms\/#breadcrumb\",\"itemListElement\":[{\"@type\":\"ListItem\",\"position\":1,\"name\":\"Home\",\"item\":\"https:\/\/mcecleanenergy.org\/\"},{\"@type\":\"ListItem\",\"position\":2,\"name\":\"MCE Sync Referral Terms\"}]},{\"@type\":\"WebSite\",\"@id\":\"https:\/\/mcecleanenergy.org\/#website\",\"url\":\"https:\/\/mcecleanenergy.org\/\",\"name\":\"MCE \u2013 Community Choice Energy\",\"description\":\"\",\"publisher\":{\"@id\":\"https:\/\/mcecleanenergy.org\/#organization\"},\"potentialAction\":[{\"@type\":\"SearchAction\",\"target\":{\"@type\":\"EntryPoint\",\"urlTemplate\":\"https:\/\/mcecleanenergy.org\/?s={search_term_string}\"},\"query-input\":{\"@type\":\"PropertyValueSpecification\",\"valueRequired\":true,\"valueName\":\"search_term_string\"}}],\"inLanguage\":\"es\"},{\"@type\":\"Organization\",\"@id\":\"https:\/\/mcecleanenergy.org\/#organization\",\"name\":\"MCE\",\"url\":\"https:\/\/mcecleanenergy.org\/\",\"logo\":{\"@type\":\"ImageObject\",\"inLanguage\":\"es\",\"@id\":\"https:\/\/mcecleanenergy.org\/#\/schema\/logo\/image\/\",\"url\":\"https:\/\/mcecleanenergy.org\/wp-content\/uploads\/2024\/05\/MCE_Logo_Full-Color_RGB_050324.png\",\"contentUrl\":\"https:\/\/mcecleanenergy.org\/wp-content\/uploads\/2024\/05\/MCE_Logo_Full-Color_RGB_050324.png\",\"width\":5001,\"height\":2986,\"caption\":\"MCE\"},\"image\":{\"@id\":\"https:\/\/mcecleanenergy.org\/#\/schema\/logo\/image\/\"},\"sameAs\":[\"https:\/\/www.facebook.com\/mceCleanEnergy\/\",\"https:\/\/x.com\/MCECleanEnergy\",\"https:\/\/www.instagram.com\/mcecleanenergy\/\",\"https:\/\/www.linkedin.com\/company\/mcecleanenergy\/\",\"https:\/\/www.youtube.com\/c\/Mcecleanenergy\/\",\"https:\/\/en.wikipedia.org\/wiki\/Community_Choice_Aggregation#Marin_Clean_Energy\"]}]}<\/script>\n<!-- \/ Yoast SEO Premium plugin. -->","yoast_head_json":{"title":"T\u00e9rminos y condiciones del programa de recomendaci\u00f3n MCE Sync","description":"Para beneficiarse de la Promoci\u00f3n del Programa de Recomendaci\u00f3n MCE Sync, administrado por el Agente Autorizado de MCE, ev.energy, se aplican los siguientes t\u00e9rminos y condiciones.","robots":{"index":"index","follow":"follow","max-snippet":"max-snippet:-1","max-image-preview":"max-image-preview:large","max-video-preview":"max-video-preview:-1"},"canonical":"https:\/\/mcecleanenergy.org\/es\/mce-sync-referral-terms\/","og_locale":"es_MX","og_type":"article","og_title":"MCE Sync Referral Program Terms & Conditions","og_description":"To take advantage of the MCE Sync Referral Program Promotion, administered by MCE\u2019s Authorized Agent, ev.energy, the following terms and conditions apply.","og_url":"https:\/\/mcecleanenergy.org\/es\/mce-sync-referral-terms\/","og_site_name":"MCE \u2013 Community Choice Energy","article_publisher":"https:\/\/www.facebook.com\/mceCleanEnergy\/","article_modified_time":"2024-09-19T00:10:37+00:00","og_image":[{"width":2560,"height":1707,"url":"https:\/\/mcecleanenergy.org\/wp-content\/uploads\/2024\/05\/iStock-1864219628-smartphone-good-news-scaled.jpg","type":"image\/jpeg"}],"twitter_card":"summary_large_image","twitter_title":"MCE Sync Referral Terms","twitter_description":"MCE Sync Referral Bonus Terms &amp; Conditions To take advantage of the MCE Sync Referral Program Promotion, administered by MCE\u2019s Authorized Agent,","twitter_site":"@MCECleanEnergy","twitter_misc":{"Tiempo de lectura":"2 minutos"},"schema":{"@context":"https:\/\/schema.org","@graph":[{"@type":"WebPage","@id":"https:\/\/mcecleanenergy.org\/mce-sync-referral-terms\/","url":"https:\/\/mcecleanenergy.org\/mce-sync-referral-terms\/","name":"T\u00e9rminos y condiciones del programa de recomendaci\u00f3n MCE Sync","isPartOf":{"@id":"https:\/\/mcecleanenergy.org\/#website"},"primaryImageOfPage":{"@id":"https:\/\/mcecleanenergy.org\/mce-sync-referral-terms\/#primaryimage"},"image":{"@id":"https:\/\/mcecleanenergy.org\/mce-sync-referral-terms\/#primaryimage"},"thumbnailUrl":"https:\/\/mcecleanenergy.org\/wp-content\/uploads\/2024\/05\/iStock-1864219628-smartphone-good-news-scaled.jpg","datePublished":"2024-03-13T07:11:07+00:00","dateModified":"2024-09-19T00:10:37+00:00","description":"Para beneficiarse de la Promoci\u00f3n del Programa de Recomendaci\u00f3n MCE Sync, administrado por el Agente Autorizado de MCE, ev.energy, se aplican los siguientes t\u00e9rminos y condiciones.","breadcrumb":{"@id":"https:\/\/mcecleanenergy.org\/mce-sync-referral-terms\/#breadcrumb"},"inLanguage":"es","potentialAction":[{"@type":"ReadAction","target":["https:\/\/mcecleanenergy.org\/mce-sync-referral-terms\/"]}]},{"@type":"ImageObject","inLanguage":"es","@id":"https:\/\/mcecleanenergy.org\/mce-sync-referral-terms\/#primaryimage","url":"https:\/\/mcecleanenergy.org\/wp-content\/uploads\/2024\/05\/iStock-1864219628-smartphone-good-news-scaled.jpg","contentUrl":"https:\/\/mcecleanenergy.org\/wp-content\/uploads\/2024\/05\/iStock-1864219628-smartphone-good-news-scaled.jpg","width":2560,"height":1707,"caption":"Young successful businessman walking down the street holding a phone in his hands, an Indian man using an application on a smartphone smiling contentedly from outside an office building."},{"@type":"BreadcrumbList","@id":"https:\/\/mcecleanenergy.org\/mce-sync-referral-terms\/#breadcrumb","itemListElement":[{"@type":"ListItem","position":1,"name":"Home","item":"https:\/\/mcecleanenergy.org\/"},{"@type":"ListItem","position":2,"name":"MCE Sync Referral Terms"}]},{"@type":"WebSite","@id":"https:\/\/mcecleanenergy.org\/#website","url":"https:\/\/mcecleanenergy.org\/","name":"MCE - Elecci\u00f3n comunitaria de la energ\u00eda","description":"","publisher":{"@id":"https:\/\/mcecleanenergy.org\/#organization"},"potentialAction":[{"@type":"SearchAction","target":{"@type":"EntryPoint","urlTemplate":"https:\/\/mcecleanenergy.org\/?s={search_term_string}"},"query-input":{"@type":"PropertyValueSpecification","valueRequired":true,"valueName":"search_term_string"}}],"inLanguage":"es"},{"@type":"Organization","@id":"https:\/\/mcecleanenergy.org\/#organization","name":"MCE","url":"https:\/\/mcecleanenergy.org\/","logo":{"@type":"ImageObject","inLanguage":"es","@id":"https:\/\/mcecleanenergy.org\/#\/schema\/logo\/image\/","url":"https:\/\/mcecleanenergy.org\/wp-content\/uploads\/2024\/05\/MCE_Logo_Full-Color_RGB_050324.png","contentUrl":"https:\/\/mcecleanenergy.org\/wp-content\/uploads\/2024\/05\/MCE_Logo_Full-Color_RGB_050324.png","width":5001,"height":2986,"caption":"MCE"},"image":{"@id":"https:\/\/mcecleanenergy.org\/#\/schema\/logo\/image\/"},"sameAs":["https:\/\/www.facebook.com\/mceCleanEnergy\/","https:\/\/x.com\/MCECleanEnergy","https:\/\/www.instagram.com\/mcecleanenergy\/","https:\/\/www.linkedin.com\/company\/mcecleanenergy\/","https:\/\/www.youtube.com\/c\/Mcecleanenergy\/","https:\/\/en.wikipedia.org\/wiki\/Community_Choice_Aggregation#Marin_Clean_Energy"]}]}},"_links":{"self":[{"href":"https:\/\/mcecleanenergy.org\/es\/wp-json\/wp\/v2\/pages\/18110","targetHints":{"allow":["GET"]}}],"collection":[{"href":"https:\/\/mcecleanenergy.org\/es\/wp-json\/wp\/v2\/pages"}],"about":[{"href":"https:\/\/mcecleanenergy.org\/es\/wp-json\/wp\/v2\/types\/page"}],"author":[{"embeddable":true,"href":"https:\/\/mcecleanenergy.org\/es\/wp-json\/wp\/v2\/users\/6"}],"replies":[{"embeddable":true,"href":"https:\/\/mcecleanenergy.org\/es\/wp-json\/wp\/v2\/comments?post=18110"}],"version-history":[{"count":0,"href":"https:\/\/mcecleanenergy.org\/es\/wp-json\/wp\/v2\/pages\/18110\/revisions"}],"wp:featuredmedia":[{"embeddable":true,"href":"https:\/\/mcecleanenergy.org\/es\/wp-json\/wp\/v2\/media\/36118"}],"wp:attachment":[{"href":"https:\/\/mcecleanenergy.org\/es\/wp-json\/wp\/v2\/media?parent=18110"}],"curies":[{"name":"wp","href":"https:\/\/api.w.org\/{rel}","templated":true}]}}