{"id":18127,"date":"2024-03-13T00:28:28","date_gmt":"2024-03-13T07:28:28","guid":{"rendered":"https:\/\/mcecleanenergy.org\/?page_id=18127"},"modified":"2025-11-17T16:20:42","modified_gmt":"2025-11-18T00:20:42","slug":"solar-storage-credit-application-form","status":"publish","type":"page","link":"https:\/\/mcecleanenergy.org\/es\/solar-storage-credit-application-form\/","title":{"rendered":"Solar Storage Credit Formulario de solicitud"},"content":{"rendered":"<div data-elementor-type=\"wp-page\" data-elementor-id=\"18127\" class=\"elementor elementor-18127\" data-elementor-post-type=\"page\">\n\t\t\t\t<div data-particle_enable=\"false\" data-particle-mobile-disabled=\"false\" class=\"elementor-element elementor-element-1b25fa4 internal-hero e-flex e-con-boxed e-con e-parent\" data-id=\"1b25fa4\" data-element_type=\"container\" data-e-type=\"container\" data-settings=\"{&quot;background_background&quot;:&quot;classic&quot;,&quot;jet_parallax_layout_list&quot;:[]}\">\n\t\t\t\t\t<div class=\"e-con-inner\">\n\t\t\t\t<div class=\"elementor-element elementor-element-f0138a8 elementor-widget elementor-widget-heading\" data-id=\"f0138a8\" data-element_type=\"widget\" data-e-type=\"widget\" data-widget_type=\"heading.default\">\n\t\t\t\t<div class=\"elementor-widget-container\">\n\t\t\t\t\t<h1 class=\"elementor-heading-title elementor-size-default\">Solar Storage Credit Formulario de solicitud<\/h1>\t\t\t\t<\/div>\n\t\t\t\t<\/div>\n\t\t\t\t\t<\/div>\n\t\t\t\t<\/div>\n\t\t<div data-particle_enable=\"false\" data-particle-mobile-disabled=\"false\" class=\"elementor-element elementor-element-93add67 e-flex e-con-boxed e-con e-parent\" data-id=\"93add67\" data-element_type=\"container\" data-e-type=\"container\" data-settings=\"{&quot;jet_parallax_layout_list&quot;:[]}\">\n\t\t\t\t\t<div class=\"e-con-inner\">\n\t\t<div data-particle_enable=\"false\" data-particle-mobile-disabled=\"false\" class=\"elementor-element elementor-element-e2dc260 e-flex e-con-boxed e-con e-child\" data-id=\"e2dc260\" data-element_type=\"container\" data-e-type=\"container\" data-settings=\"{&quot;jet_parallax_layout_list&quot;:[]}\">\n\t\t\t\t\t<div class=\"e-con-inner\">\n\t\t\t\t<div class=\"elementor-element elementor-element-56601b1 elementor-hidden-desktop elementor-hidden-tablet elementor-hidden-mobile elementor-widget elementor-widget-heading\" data-id=\"56601b1\" data-element_type=\"widget\" data-e-type=\"widget\" data-widget_type=\"heading.default\">\n\t\t\t\t<div class=\"elementor-widget-container\">\n\t\t\t\t\t<h2 class=\"elementor-heading-title elementor-size-default\">Solar Storage Credit Formulario de solicitud<\/h2>\t\t\t\t<\/div>\n\t\t\t\t<\/div>\n\t\t<div data-particle_enable=\"false\" data-particle-mobile-disabled=\"false\" class=\"elementor-element elementor-element-81124c6 e-flex e-con-boxed e-con e-child\" data-id=\"81124c6\" data-element_type=\"container\" data-e-type=\"container\" data-settings=\"{&quot;jet_parallax_layout_list&quot;:[]}\">\n\t\t\t\t\t<div class=\"e-con-inner\">\n\t\t\t\t<div class=\"elementor-element elementor-element-268df9e elementor-widget elementor-widget-text-editor\" data-id=\"268df9e\" data-element_type=\"widget\" data-e-type=\"widget\" data-widget_type=\"text-editor.default\">\n\t\t\t\t<div class=\"elementor-widget-container\">\n\t\t\t\t\t\t\t\t\t<div class=\"fusion-fullwidth fullwidth-box fusion-builder-row-1 hundred-percent-fullwidth non-hundred-percent-height-scrolling\"><div class=\"fusion-builder-row fusion-row\"><div class=\"fusion-layout-column fusion_builder_column fusion-builder-column-0 fusion_builder_column_1_1 1_1 fusion-one-full fusion-column-first fusion-column-last\"><div class=\"fusion-column-wrapper fusion-flex-column-wrapper-legacy\"><div class=\"fusion-text fusion-text-1\"><p>Complete esta solicitud para obtener hasta $20 de descuento en su factura mensual. Toda la informaci\u00f3n solicitada deber\u00eda ser f\u00e1cil de encontrar en su contrato de compra y\/o acuerdo de instalaci\u00f3n de su sistema fotovoltaico solar y de almacenamiento en bater\u00edas.<\/p><p>Comenzar\u00e1s a recibir <a href=\"https:\/\/mcecleanenergy.org\/es\/solar-storage-credit\/\" data-uw-rm-brl=\"PR\" data-uw-original-href=\"https:\/\/mcecleanenergy.org\/solar-storage-credit\/\">Solar Storage Credit de MCE<\/a> en un plazo de dos ciclos de facturaci\u00f3n, una vez que hayamos confirmado su elegibilidad y haya programado su bater\u00eda para que se descargue diariamente de 4 a 9 de la tarde y haya establecido su reserva de bater\u00eda en no m\u00e1s de 20%, excepto para prepararse para un corte de energ\u00eda o durante el mismo.<\/p><p>A continuaci\u00f3n se incluyen las instrucciones de programaci\u00f3n para bater\u00edas comunes:<\/p><ul><li><a href=\"https:\/\/www.tesla.com\/support\/energy\/powerwall\/mobile-app\/time-based-control\" target=\"_blank\" rel=\"noopener\">Modo \u201cControl basado en el tiempo\u201d de Tesla<\/a><\/li><li><a href=\"https:\/\/support.enphase.com\/s\/article\/which-system-profile-should-i-choose-for-my-enphase-energy-system\" target=\"_blank\" rel=\"noopener\">Perfil de ahorro de Enphase\u201c<\/a><\/li><li><a href=\"https:\/\/marketing.solaredge.com\/tou-mode\" target=\"_blank\" rel=\"noopener\">Modo SolarEdge Time-of-Use<\/a><\/li><\/ul><p><br \/>Si tiene alguna pregunta, p\u00f3ngase en contacto con nosotros en <a href=\"mailto:info@mceCleanEnergy.org\">info@mceCleanEnergy.org<\/a>.<\/p><\/div><\/div><\/div><\/div><\/div>\t\t\t\t\t\t\t\t<\/div>\n\t\t\t\t<\/div>\n\t\t\t\t\t<\/div>\n\t\t\t\t<\/div>\n\t\t\t\t\t<\/div>\n\t\t\t\t<\/div>\n\t\t\t\t\t<\/div>\n\t\t\t\t<\/div>\n\t\t<div data-particle_enable=\"false\" data-particle-mobile-disabled=\"false\" class=\"elementor-element elementor-element-5e45117 e-flex e-con-boxed e-con e-parent\" data-id=\"5e45117\" data-element_type=\"container\" data-e-type=\"container\" data-settings=\"{&quot;background_background&quot;:&quot;classic&quot;,&quot;jet_parallax_layout_list&quot;:[]}\">\n\t\t\t\t\t<div class=\"e-con-inner\">\n\t\t<div data-particle_enable=\"false\" data-particle-mobile-disabled=\"false\" class=\"elementor-element elementor-element-ebd3407 e-con-full e-flex e-con e-child\" data-id=\"ebd3407\" data-element_type=\"container\" data-e-type=\"container\" data-settings=\"{&quot;background_background&quot;:&quot;classic&quot;,&quot;jet_parallax_layout_list&quot;:[]}\">\n\t\t\t\t<div class=\"elementor-element elementor-element-af39417 elementor-widget elementor-widget-html\" data-id=\"af39417\" data-element_type=\"widget\" data-e-type=\"widget\" data-widget_type=\"html.default\">\n\t\t\t\t<div class=\"elementor-widget-container\">\n\t\t\t\t\t<iframe src=\"https:\/\/cloud.info.mcecleanenergy.org\/solar-storage-credit\" title=\"cr\u00e9dito-almacenamiento-solar\" width=\"100%\" height=\"600px\"><\/iframe>\t\t\t\t<\/div>\n\t\t\t\t<\/div>\n\t\t\t\t<\/div>\n\t\t\t\t\t<\/div>\n\t\t\t\t<\/div>\n\t\t<div data-particle_enable=\"false\" data-particle-mobile-disabled=\"false\" class=\"elementor-element elementor-element-4b09ead e-flex e-con-boxed e-con e-parent\" data-id=\"4b09ead\" data-element_type=\"container\" data-e-type=\"container\" data-settings=\"{&quot;jet_parallax_layout_list&quot;:[]}\">\n\t\t\t\t\t<div class=\"e-con-inner\">\n\t\t\t\t<div class=\"elementor-element elementor-element-894b41c elementor-widget elementor-widget-spacer\" data-id=\"894b41c\" data-element_type=\"widget\" data-e-type=\"widget\" data-widget_type=\"spacer.default\">\n\t\t\t\t<div class=\"elementor-widget-container\">\n\t\t\t\t\t\t\t<div class=\"elementor-spacer\">\n\t\t\t<div class=\"elementor-spacer-inner\"><\/div>\n\t\t<\/div>\n\t\t\t\t\t\t<\/div>\n\t\t\t\t<\/div>\n\t\t\t\t\t<\/div>\n\t\t\t\t<\/div>\n\t\t\t\t<\/div>","protected":false},"excerpt":{"rendered":"<p>Solar Storage Credit Application Form Solar Storage Credit Application Form Complete this application to get up to $20 off your monthly bill. All the requested information should be easy to [&hellip;]<\/p>\n","protected":false},"author":6,"featured_media":21214,"parent":0,"menu_order":0,"comment_status":"closed","ping_status":"closed","template":"","meta":{"_acf_changed":false,"_searchwp_excluded":"","footnotes":""},"class_list":["post-18127","page","type-page","status-publish","has-post-thumbnail","hentry"],"acf":[],"yoast_head":"<!-- This site is optimized with the Yoast SEO Premium plugin v27.2 (Yoast SEO v27.2) - https:\/\/yoast.com\/product\/yoast-seo-premium-wordpress\/ -->\n<title>MCE&#039;s Solar Storage Credit Application Form<\/title>\n<meta name=\"description\" content=\"As an MCE customer, you can apply for the Solar Storage Credit if you are enrolled in the MCE Energy Storage Tariff program.\" \/>\n<meta name=\"robots\" content=\"index, follow, max-snippet:-1, max-image-preview:large, max-video-preview:-1\" \/>\n<link rel=\"canonical\" href=\"https:\/\/mcecleanenergy.org\/es\/solar-storage-credit-application-form\/\" \/>\n<meta property=\"og:locale\" content=\"es_MX\" \/>\n<meta property=\"og:type\" content=\"article\" \/>\n<meta property=\"og:title\" content=\"MCE&#039;s Solar Storage Credit Application Form\" \/>\n<meta property=\"og:description\" content=\"As an MCE customer, you can apply for the Solar Storage Credit if you are enrolled in the MCE Energy Storage Tariff program.\" \/>\n<meta property=\"og:url\" content=\"https:\/\/mcecleanenergy.org\/es\/solar-storage-credit-application-form\/\" \/>\n<meta property=\"og:site_name\" content=\"MCE \u2013 Community Choice Energy\" \/>\n<meta property=\"article:publisher\" content=\"https:\/\/www.facebook.com\/mceCleanEnergy\/\" \/>\n<meta property=\"article:modified_time\" content=\"2025-11-18T00:20:42+00:00\" \/>\n<meta property=\"og:image\" content=\"https:\/\/mcecleanenergy.org\/wp-content\/uploads\/2024\/03\/solar-storage-credit_244911961-1024x683.jpg\" \/>\n\t<meta property=\"og:image:width\" content=\"1024\" \/>\n\t<meta property=\"og:image:height\" content=\"683\" \/>\n\t<meta property=\"og:image:type\" content=\"image\/jpeg\" \/>\n<meta name=\"twitter:card\" content=\"summary_large_image\" \/>\n<meta name=\"twitter:title\" content=\"Solar Storage Credit Application Form\" \/>\n<meta name=\"twitter:description\" content=\"Solar Storage Credit Application Form Solar Storage Credit Application Form Complete this application to get up to $20 off your monthly bill. All the\" \/>\n<meta name=\"twitter:site\" content=\"@MCECleanEnergy\" \/>\n<meta name=\"twitter:label1\" content=\"Tiempo de lectura\" \/>\n\t<meta name=\"twitter:data1\" content=\"1 minuto\" \/>\n<script type=\"application\/ld+json\" class=\"yoast-schema-graph\">{\"@context\":\"https:\/\/schema.org\",\"@graph\":[{\"@type\":\"WebPage\",\"@id\":\"https:\/\/mcecleanenergy.org\/solar-storage-credit-application-form\/\",\"url\":\"https:\/\/mcecleanenergy.org\/solar-storage-credit-application-form\/\",\"name\":\"MCE's Solar Storage Credit Application Form\",\"isPartOf\":{\"@id\":\"https:\/\/mcecleanenergy.org\/#website\"},\"primaryImageOfPage\":{\"@id\":\"https:\/\/mcecleanenergy.org\/solar-storage-credit-application-form\/#primaryimage\"},\"image\":{\"@id\":\"https:\/\/mcecleanenergy.org\/solar-storage-credit-application-form\/#primaryimage\"},\"thumbnailUrl\":\"https:\/\/mcecleanenergy.org\/wp-content\/uploads\/2024\/03\/solar-storage-credit_244911961.jpg\",\"datePublished\":\"2024-03-13T07:28:28+00:00\",\"dateModified\":\"2025-11-18T00:20:42+00:00\",\"description\":\"As an MCE customer, you can apply for the Solar Storage Credit if you are enrolled in the MCE Energy Storage Tariff program.\",\"breadcrumb\":{\"@id\":\"https:\/\/mcecleanenergy.org\/solar-storage-credit-application-form\/#breadcrumb\"},\"inLanguage\":\"es\",\"potentialAction\":[{\"@type\":\"ReadAction\",\"target\":[\"https:\/\/mcecleanenergy.org\/solar-storage-credit-application-form\/\"]}]},{\"@type\":\"ImageObject\",\"inLanguage\":\"es\",\"@id\":\"https:\/\/mcecleanenergy.org\/solar-storage-credit-application-form\/#primaryimage\",\"url\":\"https:\/\/mcecleanenergy.org\/wp-content\/uploads\/2024\/03\/solar-storage-credit_244911961.jpg\",\"contentUrl\":\"https:\/\/mcecleanenergy.org\/wp-content\/uploads\/2024\/03\/solar-storage-credit_244911961.jpg\",\"width\":2500,\"height\":1667,\"caption\":\"solar-storage-credit\"},{\"@type\":\"BreadcrumbList\",\"@id\":\"https:\/\/mcecleanenergy.org\/solar-storage-credit-application-form\/#breadcrumb\",\"itemListElement\":[{\"@type\":\"ListItem\",\"position\":1,\"name\":\"Home\",\"item\":\"https:\/\/mcecleanenergy.org\/\"},{\"@type\":\"ListItem\",\"position\":2,\"name\":\"Solar Storage Credit Application Form\"}]},{\"@type\":\"WebSite\",\"@id\":\"https:\/\/mcecleanenergy.org\/#website\",\"url\":\"https:\/\/mcecleanenergy.org\/\",\"name\":\"MCE \u2013 Community Choice Energy\",\"description\":\"\",\"publisher\":{\"@id\":\"https:\/\/mcecleanenergy.org\/#organization\"},\"potentialAction\":[{\"@type\":\"SearchAction\",\"target\":{\"@type\":\"EntryPoint\",\"urlTemplate\":\"https:\/\/mcecleanenergy.org\/?s={search_term_string}\"},\"query-input\":{\"@type\":\"PropertyValueSpecification\",\"valueRequired\":true,\"valueName\":\"search_term_string\"}}],\"inLanguage\":\"es\"},{\"@type\":\"Organization\",\"@id\":\"https:\/\/mcecleanenergy.org\/#organization\",\"name\":\"MCE\",\"url\":\"https:\/\/mcecleanenergy.org\/\",\"logo\":{\"@type\":\"ImageObject\",\"inLanguage\":\"es\",\"@id\":\"https:\/\/mcecleanenergy.org\/#\/schema\/logo\/image\/\",\"url\":\"https:\/\/mcecleanenergy.org\/wp-content\/uploads\/2024\/05\/MCE_Logo_Full-Color_RGB_050324.png\",\"contentUrl\":\"https:\/\/mcecleanenergy.org\/wp-content\/uploads\/2024\/05\/MCE_Logo_Full-Color_RGB_050324.png\",\"width\":5001,\"height\":2986,\"caption\":\"MCE\"},\"image\":{\"@id\":\"https:\/\/mcecleanenergy.org\/#\/schema\/logo\/image\/\"},\"sameAs\":[\"https:\/\/www.facebook.com\/mceCleanEnergy\/\",\"https:\/\/x.com\/MCECleanEnergy\",\"https:\/\/www.instagram.com\/mcecleanenergy\/\",\"https:\/\/www.linkedin.com\/company\/mcecleanenergy\/\",\"https:\/\/www.youtube.com\/c\/Mcecleanenergy\/\",\"https:\/\/en.wikipedia.org\/wiki\/Community_Choice_Aggregation#Marin_Clean_Energy\"]}]}<\/script>\n<!-- \/ Yoast SEO Premium plugin. -->","yoast_head_json":{"title":"MCE's Solar Storage Credit Application Form","description":"As an MCE customer, you can apply for the Solar Storage Credit if you are enrolled in the MCE Energy Storage Tariff program.","robots":{"index":"index","follow":"follow","max-snippet":"max-snippet:-1","max-image-preview":"max-image-preview:large","max-video-preview":"max-video-preview:-1"},"canonical":"https:\/\/mcecleanenergy.org\/es\/solar-storage-credit-application-form\/","og_locale":"es_MX","og_type":"article","og_title":"MCE's Solar Storage Credit Application Form","og_description":"As an MCE customer, you can apply for the Solar Storage Credit if you are enrolled in the MCE Energy Storage Tariff program.","og_url":"https:\/\/mcecleanenergy.org\/es\/solar-storage-credit-application-form\/","og_site_name":"MCE \u2013 Community Choice Energy","article_publisher":"https:\/\/www.facebook.com\/mceCleanEnergy\/","article_modified_time":"2025-11-18T00:20:42+00:00","og_image":[{"width":1024,"height":683,"url":"https:\/\/mcecleanenergy.org\/wp-content\/uploads\/2024\/03\/solar-storage-credit_244911961-1024x683.jpg","type":"image\/jpeg"}],"twitter_card":"summary_large_image","twitter_title":"Solar Storage Credit Application Form","twitter_description":"Solar Storage Credit Application Form Solar Storage Credit Application Form Complete this application to get up to $20 off your monthly bill. All the","twitter_site":"@MCECleanEnergy","twitter_misc":{"Tiempo de lectura":"1 minuto"},"schema":{"@context":"https:\/\/schema.org","@graph":[{"@type":"WebPage","@id":"https:\/\/mcecleanenergy.org\/solar-storage-credit-application-form\/","url":"https:\/\/mcecleanenergy.org\/solar-storage-credit-application-form\/","name":"MCE's Solar Storage Credit Application Form","isPartOf":{"@id":"https:\/\/mcecleanenergy.org\/#website"},"primaryImageOfPage":{"@id":"https:\/\/mcecleanenergy.org\/solar-storage-credit-application-form\/#primaryimage"},"image":{"@id":"https:\/\/mcecleanenergy.org\/solar-storage-credit-application-form\/#primaryimage"},"thumbnailUrl":"https:\/\/mcecleanenergy.org\/wp-content\/uploads\/2024\/03\/solar-storage-credit_244911961.jpg","datePublished":"2024-03-13T07:28:28+00:00","dateModified":"2025-11-18T00:20:42+00:00","description":"As an MCE customer, you can apply for the Solar Storage Credit if you are enrolled in the MCE Energy Storage Tariff program.","breadcrumb":{"@id":"https:\/\/mcecleanenergy.org\/solar-storage-credit-application-form\/#breadcrumb"},"inLanguage":"es","potentialAction":[{"@type":"ReadAction","target":["https:\/\/mcecleanenergy.org\/solar-storage-credit-application-form\/"]}]},{"@type":"ImageObject","inLanguage":"es","@id":"https:\/\/mcecleanenergy.org\/solar-storage-credit-application-form\/#primaryimage","url":"https:\/\/mcecleanenergy.org\/wp-content\/uploads\/2024\/03\/solar-storage-credit_244911961.jpg","contentUrl":"https:\/\/mcecleanenergy.org\/wp-content\/uploads\/2024\/03\/solar-storage-credit_244911961.jpg","width":2500,"height":1667,"caption":"solar-storage-credit"},{"@type":"BreadcrumbList","@id":"https:\/\/mcecleanenergy.org\/solar-storage-credit-application-form\/#breadcrumb","itemListElement":[{"@type":"ListItem","position":1,"name":"Home","item":"https:\/\/mcecleanenergy.org\/"},{"@type":"ListItem","position":2,"name":"Solar Storage Credit Application Form"}]},{"@type":"WebSite","@id":"https:\/\/mcecleanenergy.org\/#website","url":"https:\/\/mcecleanenergy.org\/","name":"MCE - Elecci\u00f3n comunitaria de la energ\u00eda","description":"","publisher":{"@id":"https:\/\/mcecleanenergy.org\/#organization"},"potentialAction":[{"@type":"SearchAction","target":{"@type":"EntryPoint","urlTemplate":"https:\/\/mcecleanenergy.org\/?s={search_term_string}"},"query-input":{"@type":"PropertyValueSpecification","valueRequired":true,"valueName":"search_term_string"}}],"inLanguage":"es"},{"@type":"Organization","@id":"https:\/\/mcecleanenergy.org\/#organization","name":"MCE","url":"https:\/\/mcecleanenergy.org\/","logo":{"@type":"ImageObject","inLanguage":"es","@id":"https:\/\/mcecleanenergy.org\/#\/schema\/logo\/image\/","url":"https:\/\/mcecleanenergy.org\/wp-content\/uploads\/2024\/05\/MCE_Logo_Full-Color_RGB_050324.png","contentUrl":"https:\/\/mcecleanenergy.org\/wp-content\/uploads\/2024\/05\/MCE_Logo_Full-Color_RGB_050324.png","width":5001,"height":2986,"caption":"MCE"},"image":{"@id":"https:\/\/mcecleanenergy.org\/#\/schema\/logo\/image\/"},"sameAs":["https:\/\/www.facebook.com\/mceCleanEnergy\/","https:\/\/x.com\/MCECleanEnergy","https:\/\/www.instagram.com\/mcecleanenergy\/","https:\/\/www.linkedin.com\/company\/mcecleanenergy\/","https:\/\/www.youtube.com\/c\/Mcecleanenergy\/","https:\/\/en.wikipedia.org\/wiki\/Community_Choice_Aggregation#Marin_Clean_Energy"]}]}},"_links":{"self":[{"href":"https:\/\/mcecleanenergy.org\/es\/wp-json\/wp\/v2\/pages\/18127","targetHints":{"allow":["GET"]}}],"collection":[{"href":"https:\/\/mcecleanenergy.org\/es\/wp-json\/wp\/v2\/pages"}],"about":[{"href":"https:\/\/mcecleanenergy.org\/es\/wp-json\/wp\/v2\/types\/page"}],"author":[{"embeddable":true,"href":"https:\/\/mcecleanenergy.org\/es\/wp-json\/wp\/v2\/users\/6"}],"replies":[{"embeddable":true,"href":"https:\/\/mcecleanenergy.org\/es\/wp-json\/wp\/v2\/comments?post=18127"}],"version-history":[{"count":15,"href":"https:\/\/mcecleanenergy.org\/es\/wp-json\/wp\/v2\/pages\/18127\/revisions"}],"predecessor-version":[{"id":74523,"href":"https:\/\/mcecleanenergy.org\/es\/wp-json\/wp\/v2\/pages\/18127\/revisions\/74523"}],"wp:featuredmedia":[{"embeddable":true,"href":"https:\/\/mcecleanenergy.org\/es\/wp-json\/wp\/v2\/media\/21214"}],"wp:attachment":[{"href":"https:\/\/mcecleanenergy.org\/es\/wp-json\/wp\/v2\/media?parent=18127"}],"curies":[{"name":"wp","href":"https:\/\/api.w.org\/{rel}","templated":true}]}}