{"id":18132,"date":"2024-03-13T00:36:14","date_gmt":"2024-03-13T07:36:14","guid":{"rendered":"https:\/\/mcecleanenergy.org\/?page_id=18132"},"modified":"2025-09-10T17:00:20","modified_gmt":"2025-09-11T00:00:20","slug":"home-energy-savings-form","status":"publish","type":"page","link":"https:\/\/mcecleanenergy.org\/es\/home-energy-savings-form\/","title":{"rendered":"Formulario Home Energy Savings"},"content":{"rendered":"<div data-elementor-type=\"wp-page\" data-elementor-id=\"18132\" class=\"elementor elementor-18132\" data-elementor-post-type=\"page\">\n\t\t\t\t<div data-particle_enable=\"false\" data-particle-mobile-disabled=\"false\" class=\"elementor-element elementor-element-64fc253 internal-hero e-flex e-con-boxed e-con e-parent\" data-id=\"64fc253\" data-element_type=\"container\" data-e-type=\"container\" data-settings=\"{&quot;background_background&quot;:&quot;classic&quot;,&quot;jet_parallax_layout_list&quot;:[]}\">\n\t\t\t\t\t<div class=\"e-con-inner\">\n\t\t\t\t<div class=\"elementor-element elementor-element-eebcff3 elementor-widget__width-initial elementor-widget elementor-widget-heading\" data-id=\"eebcff3\" data-element_type=\"widget\" data-e-type=\"widget\" data-widget_type=\"heading.default\">\n\t\t\t\t<div class=\"elementor-widget-container\">\n\t\t\t\t\t<h1 class=\"elementor-heading-title elementor-size-default\">Home Energy Savings Formulario de solicitud<\/h1>\t\t\t\t<\/div>\n\t\t\t\t<\/div>\n\t\t\t\t\t<\/div>\n\t\t\t\t<\/div>\n\t\t<div data-particle_enable=\"false\" data-particle-mobile-disabled=\"false\" class=\"elementor-element elementor-element-6b3a70d e-flex e-con-boxed e-con e-parent\" data-id=\"6b3a70d\" data-element_type=\"container\" data-e-type=\"container\" data-settings=\"{&quot;jet_parallax_layout_list&quot;:[]}\">\n\t\t\t\t\t<div class=\"e-con-inner\">\n\t\t\t\t<div class=\"elementor-element elementor-element-0f07f63 elementor-widget elementor-widget-text-editor\" data-id=\"0f07f63\" data-element_type=\"widget\" data-e-type=\"widget\" data-widget_type=\"text-editor.default\">\n\t\t\t\t<div class=\"elementor-widget-container\">\n\t\t\t\t\t\t\t\t\t<div class=\"fusion-fullwidth fullwidth-box fusion-builder-row-1 hundred-percent-fullwidth non-hundred-percent-height-scrolling\">\n<div class=\"fusion-builder-row fusion-row\">\n<div class=\"fusion-layout-column fusion_builder_column fusion-builder-column-0 fusion_builder_column_1_1 1_1 fusion-one-full fusion-column-first fusion-column-last\">\n<div class=\"fusion-column-wrapper fusion-flex-column-wrapper-legacy\">\n<div class=\"fusion-text fusion-text-1\">\n\nGracias por su inter\u00e9s en el Programa Home Energy Savings. El siguiente formulario de solicitud verificar\u00e1 inmediatamente su elegibilidad. Por favor, mantenga la ventana de su navegador abierta durante este proceso.\n\nUna vez verificada su elegibilidad, nuestros socios de Franklin Energy se pondr\u00e1n en contacto con usted para informarle de cu\u00e1ndo estar\u00e1 el equipo de instalaci\u00f3n en su zona. A continuaci\u00f3n, podr\u00e1 programar una evaluaci\u00f3n energ\u00e9tica de su hogar. La evaluaci\u00f3n le ayudar\u00e1 a encontrar formas de ahorrar energ\u00eda y determinar\u00e1 si puede optar a miles de d\u00f3lares en mejoras gratuitas de su hogar.\n\nLas evaluaciones y mejoras del hogar se programan en funci\u00f3n de la ubicaci\u00f3n. Nuestros socios atienden a una comunidad cada vez y planifican sus visitas con antelaci\u00f3n. Esto significa que las comunidades suelen ser atendidas una vez al a\u00f1o.\n\nSi tiene alguna pregunta, ll\u00e1menos al (877) 284-1764. <a href=\"https:\/\/mcecleanenergy.org\/es\/home-energy-savings\/\">Volver a la p\u00e1gina Home Energy Savings<\/a>.\n\n<\/div>\n<\/div>\n<\/div>\n<\/div>\n<\/div>\t\t\t\t\t\t\t\t<\/div>\n\t\t\t\t<\/div>\n\t\t\t\t\t<\/div>\n\t\t\t\t<\/div>\n\t\t<div data-particle_enable=\"false\" data-particle-mobile-disabled=\"false\" class=\"elementor-element elementor-element-c5d0761 e-flex e-con-boxed e-con e-parent\" data-id=\"c5d0761\" data-element_type=\"container\" data-e-type=\"container\" data-settings=\"{&quot;background_background&quot;:&quot;classic&quot;,&quot;jet_parallax_layout_list&quot;:[]}\">\n\t\t\t\t\t<div class=\"e-con-inner\">\n\t\t<div data-particle_enable=\"false\" data-particle-mobile-disabled=\"false\" class=\"elementor-element elementor-element-dd5c37e e-flex e-con-boxed e-con e-child\" data-id=\"dd5c37e\" data-element_type=\"container\" data-e-type=\"container\" data-settings=\"{&quot;jet_parallax_layout_list&quot;:[]}\">\n\t\t\t\t\t<div class=\"e-con-inner\">\n\t\t\t\t<div class=\"elementor-element elementor-element-797fb9f elementor-widget__width-inherit elementor-widget elementor-widget-html\" data-id=\"797fb9f\" data-element_type=\"widget\" data-e-type=\"widget\" data-widget_type=\"html.default\">\n\t\t\t\t<div class=\"elementor-widget-container\">\n\t\t\t\t\t<iframe src=\"https:\/\/fes-prod-engage.azurewebsites.net\/PartnerLink\/SignUp?clientKey=MCE_Kit\" width=\"100%\" height=\"550\" frameborder=\"0\"><\/iframe>\t\t\t\t<\/div>\n\t\t\t\t<\/div>\n\t\t\t\t\t<\/div>\n\t\t\t\t<\/div>\n\t\t\t\t\t<\/div>\n\t\t\t\t<\/div>\n\t\t\t\t<\/div>","protected":false},"excerpt":{"rendered":"<p>Home Energy Savings Application Form Thank you for your interest in the Home Energy Savings Program! The application form below will immediately verify your eligibility. Please keep your browser window [&hellip;]<\/p>\n","protected":false},"author":6,"featured_media":19044,"parent":0,"menu_order":0,"comment_status":"closed","ping_status":"closed","template":"","meta":{"_acf_changed":false,"_searchwp_excluded":"","footnotes":""},"class_list":["post-18132","page","type-page","status-publish","has-post-thumbnail","hentry"],"acf":[],"yoast_head":"<!-- This site is optimized with the Yoast SEO Premium plugin v27.2 (Yoast SEO v27.2) - https:\/\/yoast.com\/product\/yoast-seo-premium-wordpress\/ -->\n<title>Home Energy Savings Form | MCE<\/title>\n<meta name=\"description\" content=\"Complete this assessment form to find ways to save energy and determine if you qualify for thousands of dollars\u2019 worth of free home upgrades. Our Partners will schedule a free home assessment if you qualify.\" \/>\n<meta name=\"robots\" content=\"index, follow, max-snippet:-1, max-image-preview:large, max-video-preview:-1\" \/>\n<link rel=\"canonical\" href=\"https:\/\/mcecleanenergy.org\/es\/home-energy-savings-form\/\" \/>\n<meta property=\"og:locale\" content=\"es_MX\" \/>\n<meta property=\"og:type\" content=\"article\" \/>\n<meta property=\"og:title\" content=\"Home Energy Savings Form | MCE\" \/>\n<meta property=\"og:description\" content=\"Complete this assessment form to find ways to save energy and determine if you qualify for thousands of dollars\u2019 worth of free home upgrades. Our Partners will schedule a free home assessment if you qualify.\" \/>\n<meta property=\"og:url\" content=\"https:\/\/mcecleanenergy.org\/es\/home-energy-savings-form\/\" \/>\n<meta property=\"og:site_name\" content=\"MCE \u2013 Community Choice Energy\" \/>\n<meta property=\"article:publisher\" content=\"https:\/\/www.facebook.com\/mceCleanEnergy\/\" \/>\n<meta property=\"article:modified_time\" content=\"2025-09-11T00:00:20+00:00\" \/>\n<meta property=\"og:image\" content=\"https:\/\/mcecleanenergy.org\/wp-content\/uploads\/2024\/03\/AdobeStock_503574348-scaled.jpeg\" \/>\n\t<meta property=\"og:image:width\" content=\"2560\" \/>\n\t<meta property=\"og:image:height\" content=\"1707\" \/>\n\t<meta property=\"og:image:type\" content=\"image\/jpeg\" \/>\n<meta name=\"twitter:card\" content=\"summary_large_image\" \/>\n<meta name=\"twitter:title\" content=\"Home Energy Savings Form\" \/>\n<meta name=\"twitter:description\" content=\"Home Energy Savings Application Form Thank you for your interest in the Home Energy Savings Program! The application form below will immediately verify\" \/>\n<meta name=\"twitter:site\" content=\"@MCECleanEnergy\" \/>\n<meta name=\"twitter:label1\" content=\"Tiempo de lectura\" \/>\n\t<meta name=\"twitter:data1\" content=\"1 minuto\" \/>\n<script type=\"application\/ld+json\" class=\"yoast-schema-graph\">{\"@context\":\"https:\/\/schema.org\",\"@graph\":[{\"@type\":\"WebPage\",\"@id\":\"https:\/\/mcecleanenergy.org\/home-energy-savings-form\/\",\"url\":\"https:\/\/mcecleanenergy.org\/home-energy-savings-form\/\",\"name\":\"Home Energy Savings Form | MCE\",\"isPartOf\":{\"@id\":\"https:\/\/mcecleanenergy.org\/#website\"},\"primaryImageOfPage\":{\"@id\":\"https:\/\/mcecleanenergy.org\/home-energy-savings-form\/#primaryimage\"},\"image\":{\"@id\":\"https:\/\/mcecleanenergy.org\/home-energy-savings-form\/#primaryimage\"},\"thumbnailUrl\":\"https:\/\/mcecleanenergy.org\/wp-content\/uploads\/2024\/03\/AdobeStock_503574348-scaled.jpeg\",\"datePublished\":\"2024-03-13T07:36:14+00:00\",\"dateModified\":\"2025-09-11T00:00:20+00:00\",\"description\":\"Complete this assessment form to find ways to save energy and determine if you qualify for thousands of dollars\u2019 worth of free home upgrades. Our Partners will schedule a free home assessment if you qualify.\",\"breadcrumb\":{\"@id\":\"https:\/\/mcecleanenergy.org\/home-energy-savings-form\/#breadcrumb\"},\"inLanguage\":\"es\",\"potentialAction\":[{\"@type\":\"ReadAction\",\"target\":[\"https:\/\/mcecleanenergy.org\/home-energy-savings-form\/\"]}]},{\"@type\":\"ImageObject\",\"inLanguage\":\"es\",\"@id\":\"https:\/\/mcecleanenergy.org\/home-energy-savings-form\/#primaryimage\",\"url\":\"https:\/\/mcecleanenergy.org\/wp-content\/uploads\/2024\/03\/AdobeStock_503574348-scaled.jpeg\",\"contentUrl\":\"https:\/\/mcecleanenergy.org\/wp-content\/uploads\/2024\/03\/AdobeStock_503574348-scaled.jpeg\",\"width\":2560,\"height\":1707,\"caption\":\"Residential house with rooftop covered with solar photovoltaic panels for producing of clean ecological electrical energy in suburban rural area. Concept of autonomous home.\"},{\"@type\":\"BreadcrumbList\",\"@id\":\"https:\/\/mcecleanenergy.org\/home-energy-savings-form\/#breadcrumb\",\"itemListElement\":[{\"@type\":\"ListItem\",\"position\":1,\"name\":\"Home\",\"item\":\"https:\/\/mcecleanenergy.org\/\"},{\"@type\":\"ListItem\",\"position\":2,\"name\":\"Home Energy Savings Form\"}]},{\"@type\":\"WebSite\",\"@id\":\"https:\/\/mcecleanenergy.org\/#website\",\"url\":\"https:\/\/mcecleanenergy.org\/\",\"name\":\"MCE \u2013 Community Choice Energy\",\"description\":\"\",\"publisher\":{\"@id\":\"https:\/\/mcecleanenergy.org\/#organization\"},\"potentialAction\":[{\"@type\":\"SearchAction\",\"target\":{\"@type\":\"EntryPoint\",\"urlTemplate\":\"https:\/\/mcecleanenergy.org\/?s={search_term_string}\"},\"query-input\":{\"@type\":\"PropertyValueSpecification\",\"valueRequired\":true,\"valueName\":\"search_term_string\"}}],\"inLanguage\":\"es\"},{\"@type\":\"Organization\",\"@id\":\"https:\/\/mcecleanenergy.org\/#organization\",\"name\":\"MCE\",\"url\":\"https:\/\/mcecleanenergy.org\/\",\"logo\":{\"@type\":\"ImageObject\",\"inLanguage\":\"es\",\"@id\":\"https:\/\/mcecleanenergy.org\/#\/schema\/logo\/image\/\",\"url\":\"https:\/\/mcecleanenergy.org\/wp-content\/uploads\/2024\/05\/MCE_Logo_Full-Color_RGB_050324.png\",\"contentUrl\":\"https:\/\/mcecleanenergy.org\/wp-content\/uploads\/2024\/05\/MCE_Logo_Full-Color_RGB_050324.png\",\"width\":5001,\"height\":2986,\"caption\":\"MCE\"},\"image\":{\"@id\":\"https:\/\/mcecleanenergy.org\/#\/schema\/logo\/image\/\"},\"sameAs\":[\"https:\/\/www.facebook.com\/mceCleanEnergy\/\",\"https:\/\/x.com\/MCECleanEnergy\",\"https:\/\/www.instagram.com\/mcecleanenergy\/\",\"https:\/\/www.linkedin.com\/company\/mcecleanenergy\/\",\"https:\/\/www.youtube.com\/c\/Mcecleanenergy\/\",\"https:\/\/en.wikipedia.org\/wiki\/Community_Choice_Aggregation#Marin_Clean_Energy\"]}]}<\/script>\n<!-- \/ Yoast SEO Premium plugin. -->","yoast_head_json":{"title":"Formulario Home Energy Savings | MCE","description":"Complete este formulario de evaluaci\u00f3n para encontrar formas de ahorrar energ\u00eda y determinar si re\u00fane los requisitos para obtener mejoras gratuitas en su hogar por valor de miles de d\u00f3lares. Nuestros socios programar\u00e1n una evaluaci\u00f3n gratuita de su hogar si re\u00fane los requisitos.","robots":{"index":"index","follow":"follow","max-snippet":"max-snippet:-1","max-image-preview":"max-image-preview:large","max-video-preview":"max-video-preview:-1"},"canonical":"https:\/\/mcecleanenergy.org\/es\/home-energy-savings-form\/","og_locale":"es_MX","og_type":"article","og_title":"Home Energy Savings Form | MCE","og_description":"Complete this assessment form to find ways to save energy and determine if you qualify for thousands of dollars\u2019 worth of free home upgrades. Our Partners will schedule a free home assessment if you qualify.","og_url":"https:\/\/mcecleanenergy.org\/es\/home-energy-savings-form\/","og_site_name":"MCE \u2013 Community Choice Energy","article_publisher":"https:\/\/www.facebook.com\/mceCleanEnergy\/","article_modified_time":"2025-09-11T00:00:20+00:00","og_image":[{"width":2560,"height":1707,"url":"https:\/\/mcecleanenergy.org\/wp-content\/uploads\/2024\/03\/AdobeStock_503574348-scaled.jpeg","type":"image\/jpeg"}],"twitter_card":"summary_large_image","twitter_title":"Home Energy Savings Form","twitter_description":"Home Energy Savings Application Form Thank you for your interest in the Home Energy Savings Program! The application form below will immediately verify","twitter_site":"@MCECleanEnergy","twitter_misc":{"Tiempo de lectura":"1 minuto"},"schema":{"@context":"https:\/\/schema.org","@graph":[{"@type":"WebPage","@id":"https:\/\/mcecleanenergy.org\/home-energy-savings-form\/","url":"https:\/\/mcecleanenergy.org\/home-energy-savings-form\/","name":"Formulario Home Energy Savings | MCE","isPartOf":{"@id":"https:\/\/mcecleanenergy.org\/#website"},"primaryImageOfPage":{"@id":"https:\/\/mcecleanenergy.org\/home-energy-savings-form\/#primaryimage"},"image":{"@id":"https:\/\/mcecleanenergy.org\/home-energy-savings-form\/#primaryimage"},"thumbnailUrl":"https:\/\/mcecleanenergy.org\/wp-content\/uploads\/2024\/03\/AdobeStock_503574348-scaled.jpeg","datePublished":"2024-03-13T07:36:14+00:00","dateModified":"2025-09-11T00:00:20+00:00","description":"Complete este formulario de evaluaci\u00f3n para encontrar formas de ahorrar energ\u00eda y determinar si re\u00fane los requisitos para obtener mejoras gratuitas en su hogar por valor de miles de d\u00f3lares. Nuestros socios programar\u00e1n una evaluaci\u00f3n gratuita de su hogar si re\u00fane los requisitos.","breadcrumb":{"@id":"https:\/\/mcecleanenergy.org\/home-energy-savings-form\/#breadcrumb"},"inLanguage":"es","potentialAction":[{"@type":"ReadAction","target":["https:\/\/mcecleanenergy.org\/home-energy-savings-form\/"]}]},{"@type":"ImageObject","inLanguage":"es","@id":"https:\/\/mcecleanenergy.org\/home-energy-savings-form\/#primaryimage","url":"https:\/\/mcecleanenergy.org\/wp-content\/uploads\/2024\/03\/AdobeStock_503574348-scaled.jpeg","contentUrl":"https:\/\/mcecleanenergy.org\/wp-content\/uploads\/2024\/03\/AdobeStock_503574348-scaled.jpeg","width":2560,"height":1707,"caption":"Residential house with rooftop covered with solar photovoltaic panels for producing of clean ecological electrical energy in suburban rural area. Concept of autonomous home."},{"@type":"BreadcrumbList","@id":"https:\/\/mcecleanenergy.org\/home-energy-savings-form\/#breadcrumb","itemListElement":[{"@type":"ListItem","position":1,"name":"Home","item":"https:\/\/mcecleanenergy.org\/"},{"@type":"ListItem","position":2,"name":"Home Energy Savings Form"}]},{"@type":"WebSite","@id":"https:\/\/mcecleanenergy.org\/#website","url":"https:\/\/mcecleanenergy.org\/","name":"MCE - Elecci\u00f3n comunitaria de la energ\u00eda","description":"","publisher":{"@id":"https:\/\/mcecleanenergy.org\/#organization"},"potentialAction":[{"@type":"SearchAction","target":{"@type":"EntryPoint","urlTemplate":"https:\/\/mcecleanenergy.org\/?s={search_term_string}"},"query-input":{"@type":"PropertyValueSpecification","valueRequired":true,"valueName":"search_term_string"}}],"inLanguage":"es"},{"@type":"Organization","@id":"https:\/\/mcecleanenergy.org\/#organization","name":"MCE","url":"https:\/\/mcecleanenergy.org\/","logo":{"@type":"ImageObject","inLanguage":"es","@id":"https:\/\/mcecleanenergy.org\/#\/schema\/logo\/image\/","url":"https:\/\/mcecleanenergy.org\/wp-content\/uploads\/2024\/05\/MCE_Logo_Full-Color_RGB_050324.png","contentUrl":"https:\/\/mcecleanenergy.org\/wp-content\/uploads\/2024\/05\/MCE_Logo_Full-Color_RGB_050324.png","width":5001,"height":2986,"caption":"MCE"},"image":{"@id":"https:\/\/mcecleanenergy.org\/#\/schema\/logo\/image\/"},"sameAs":["https:\/\/www.facebook.com\/mceCleanEnergy\/","https:\/\/x.com\/MCECleanEnergy","https:\/\/www.instagram.com\/mcecleanenergy\/","https:\/\/www.linkedin.com\/company\/mcecleanenergy\/","https:\/\/www.youtube.com\/c\/Mcecleanenergy\/","https:\/\/en.wikipedia.org\/wiki\/Community_Choice_Aggregation#Marin_Clean_Energy"]}]}},"_links":{"self":[{"href":"https:\/\/mcecleanenergy.org\/es\/wp-json\/wp\/v2\/pages\/18132","targetHints":{"allow":["GET"]}}],"collection":[{"href":"https:\/\/mcecleanenergy.org\/es\/wp-json\/wp\/v2\/pages"}],"about":[{"href":"https:\/\/mcecleanenergy.org\/es\/wp-json\/wp\/v2\/types\/page"}],"author":[{"embeddable":true,"href":"https:\/\/mcecleanenergy.org\/es\/wp-json\/wp\/v2\/users\/6"}],"replies":[{"embeddable":true,"href":"https:\/\/mcecleanenergy.org\/es\/wp-json\/wp\/v2\/comments?post=18132"}],"version-history":[{"count":6,"href":"https:\/\/mcecleanenergy.org\/es\/wp-json\/wp\/v2\/pages\/18132\/revisions"}],"predecessor-version":[{"id":70395,"href":"https:\/\/mcecleanenergy.org\/es\/wp-json\/wp\/v2\/pages\/18132\/revisions\/70395"}],"wp:featuredmedia":[{"embeddable":true,"href":"https:\/\/mcecleanenergy.org\/es\/wp-json\/wp\/v2\/media\/19044"}],"wp:attachment":[{"href":"https:\/\/mcecleanenergy.org\/es\/wp-json\/wp\/v2\/media?parent=18132"}],"curies":[{"name":"wp","href":"https:\/\/api.w.org\/{rel}","templated":true}]}}