{"id":20821,"date":"2024-03-18T02:47:47","date_gmt":"2024-03-18T09:47:47","guid":{"rendered":"https:\/\/mcecleanenergy.org\/?page_id=20821"},"modified":"2024-09-18T17:13:21","modified_gmt":"2024-09-19T00:13:21","slug":"ada-grievance-procedure","status":"publish","type":"page","link":"https:\/\/mcecleanenergy.org\/es\/ada-grievance-procedure\/","title":{"rendered":"Procedimiento de reclamaci\u00f3n ADA"},"content":{"rendered":"<div data-elementor-type=\"wp-page\" data-elementor-id=\"20821\" class=\"elementor elementor-20821\" data-elementor-post-type=\"page\">\n\t\t\t\t<div data-particle_enable=\"false\" data-particle-mobile-disabled=\"false\" class=\"elementor-element elementor-element-8eb487b e-flex e-con-boxed e-con e-parent\" data-id=\"8eb487b\" data-element_type=\"container\" data-e-type=\"container\" data-settings=\"{&quot;background_background&quot;:&quot;classic&quot;,&quot;jet_parallax_layout_list&quot;:[]}\">\n\t\t\t\t\t<div class=\"e-con-inner\">\n\t\t\t\t<div class=\"elementor-element elementor-element-8f8e315 elementor-widget__width-initial elementor-widget elementor-widget-heading\" data-id=\"8f8e315\" data-element_type=\"widget\" data-e-type=\"widget\" data-widget_type=\"heading.default\">\n\t\t\t\t<div class=\"elementor-widget-container\">\n\t\t\t\t\t<h1 class=\"elementor-heading-title elementor-size-default\">Procedimiento de quejas de MCE ADA<\/h1>\t\t\t\t<\/div>\n\t\t\t\t<\/div>\n\t\t\t\t\t<\/div>\n\t\t\t\t<\/div>\n\t\t<div data-particle_enable=\"false\" data-particle-mobile-disabled=\"false\" class=\"elementor-element elementor-element-e589bfe e-flex e-con-boxed e-con e-parent\" data-id=\"e589bfe\" data-element_type=\"container\" data-e-type=\"container\" data-settings=\"{&quot;background_background&quot;:&quot;gradient&quot;,&quot;jet_parallax_layout_list&quot;:[]}\">\n\t\t\t\t\t<div class=\"e-con-inner\">\n\t\t\t\t\t<\/div>\n\t\t\t\t<\/div>\n\t\t<div data-particle_enable=\"false\" data-particle-mobile-disabled=\"false\" class=\"elementor-element elementor-element-1bcd127 e-flex e-con-boxed e-con e-parent\" data-id=\"1bcd127\" data-element_type=\"container\" data-e-type=\"container\" data-settings=\"{&quot;jet_parallax_layout_list&quot;:[]}\">\n\t\t\t\t\t<div class=\"e-con-inner\">\n\t\t<div data-particle_enable=\"false\" data-particle-mobile-disabled=\"false\" class=\"elementor-element elementor-element-0d5e84f e-flex e-con-boxed e-con e-child\" data-id=\"0d5e84f\" data-element_type=\"container\" data-e-type=\"container\" data-settings=\"{&quot;jet_parallax_layout_list&quot;:[]}\">\n\t\t\t\t\t<div class=\"e-con-inner\">\n\t\t<div data-particle_enable=\"false\" data-particle-mobile-disabled=\"false\" class=\"elementor-element elementor-element-0e4c723 e-flex e-con-boxed e-con e-child\" data-id=\"0e4c723\" data-element_type=\"container\" data-e-type=\"container\" data-settings=\"{&quot;jet_parallax_layout_list&quot;:[]}\">\n\t\t\t\t\t<div class=\"e-con-inner\">\n\t\t\t\t<div class=\"elementor-element elementor-element-9a0b0d3 elementor-widget elementor-widget-text-editor\" data-id=\"9a0b0d3\" data-element_type=\"widget\" data-e-type=\"widget\" data-widget_type=\"text-editor.default\">\n\t\t\t\t<div class=\"elementor-widget-container\">\n\t\t\t\t\t\t\t\t\t<p>Este procedimiento de queja se establece para cumplir con los requisitos de la Ley de Estadounidenses con Discapacidades de 1990 (\"ADA\"). Puede ser utilizado por cualquier persona que desee presentar una queja de accesibilidad alegando discriminaci\u00f3n por motivos de discapacidad en la prestaci\u00f3n de servicios, programas o actividades por MCE.<\/p>\t\t\t\t\t\t\t\t<\/div>\n\t\t\t\t<\/div>\n\t\t<div data-particle_enable=\"false\" data-particle-mobile-disabled=\"false\" class=\"elementor-element elementor-element-d140408 e-flex e-con-boxed e-con e-child\" data-id=\"d140408\" data-element_type=\"container\" data-e-type=\"container\" data-settings=\"{&quot;jet_parallax_layout_list&quot;:[]}\">\n\t\t\t\t\t<div class=\"e-con-inner\">\n\t\t\t\t<div class=\"elementor-element elementor-element-964d65b elementor-widget elementor-widget-text-editor\" data-id=\"964d65b\" data-element_type=\"widget\" data-e-type=\"widget\" data-widget_type=\"text-editor.default\">\n\t\t\t\t<div class=\"elementor-widget-container\">\n\t\t\t\t\t\t\t\t\t<p>Una queja sobre accesibilidad debe presentarse por escrito y contener la siguiente informaci\u00f3n sobre la supuesta discriminaci\u00f3n:<\/p><ul><li>Nombre, direcci\u00f3n f\u00edsica, n\u00famero de tel\u00e9fono y direcci\u00f3n de correo electr\u00f3nico del denunciante;<\/li><li>Lugar, fecha, tipo de queja (acceso a programas, acceso f\u00edsico, discriminaci\u00f3n laboral, acceso a tecnolog\u00edas de la informaci\u00f3n, etc.); y<\/li><li>Descripci\u00f3n de la denuncia.<\/li><\/ul><p><br \/>La queja debe ser presentada por el demandante y\/o su representante lo antes posible, pero no m\u00e1s tarde de sesenta (60) d\u00edas naturales despu\u00e9s de la presunta infracci\u00f3n, a Justine Parmelee, Coordinadora de la ADA, en la siguiente direcci\u00f3n\u00a0<a href=\"mailto:ada-coordinator@mcecleanenergy.org\" target=\"_blank\" rel=\"noopener\" aria-label=\"env\u00ede un correo electr\u00f3nico a ada-coordinator@mcecleanenergy.org\">ada-coordinator@mceCleanEnergy.org<\/a>\u00a0o\u00a0<a href=\"tel:1-888-632-3674\" target=\"_blank\" rel=\"noopener\" aria-label=\"llame al 1-888-632-3674\">(888) 632-3674<\/a>.<\/p><p>Se pondr\u00e1n a disposici\u00f3n de las personas con discapacidad que lo soliciten medios alternativos para presentar denuncias, como entrevistas personales o una grabaci\u00f3n de audio de la denuncia.<\/p><p>Dentro de los quince (15) d\u00edas naturales siguientes a la recepci\u00f3n de la queja, el Coordinador de la ADA o su designado se reunir\u00e1 con el demandante para discutir la queja y las posibles resoluciones. Dentro de quince (15) d\u00edas de calendario de la reuni\u00f3n, el Coordinador de ADA o su designado responder\u00e1 por escrito, y en su caso, en un formato accesible para el demandante, tales como letra grande, Braille, o grabaci\u00f3n de audio. La respuesta explicar\u00e1 la posici\u00f3n de MCE y ofrecer\u00e1 opciones para la resoluci\u00f3n sustantiva de la queja.<\/p>\t\t\t\t\t\t\t\t<\/div>\n\t\t\t\t<\/div>\n\t\t\t\t\t<\/div>\n\t\t\t\t<\/div>\n\t\t\t\t\t<\/div>\n\t\t\t\t<\/div>\n\t\t\t\t\t<\/div>\n\t\t\t\t<\/div>\n\t\t\t\t\t<\/div>\n\t\t\t\t<\/div>\n\t\t<div data-particle_enable=\"false\" data-particle-mobile-disabled=\"false\" class=\"elementor-element elementor-element-cae2e6b e-flex e-con-boxed e-con e-parent\" data-id=\"cae2e6b\" data-element_type=\"container\" data-e-type=\"container\" data-settings=\"{&quot;jet_parallax_layout_list&quot;:[]}\">\n\t\t\t\t\t<div class=\"e-con-inner\">\n\t\t\t\t<div class=\"elementor-element elementor-element-f185fc2 elementor-widget elementor-widget-spacer\" data-id=\"f185fc2\" data-element_type=\"widget\" data-e-type=\"widget\" data-widget_type=\"spacer.default\">\n\t\t\t\t<div class=\"elementor-widget-container\">\n\t\t\t\t\t\t\t<div class=\"elementor-spacer\">\n\t\t\t<div class=\"elementor-spacer-inner\"><\/div>\n\t\t<\/div>\n\t\t\t\t\t\t<\/div>\n\t\t\t\t<\/div>\n\t\t\t\t\t<\/div>\n\t\t\t\t<\/div>\n\t\t\t\t<\/div>","protected":false},"excerpt":{"rendered":"<p>MCE ADA Grievance Procedure This grievance procedure is established to meet the requirements of the Americans with Disabilities Act of 1990 (\u201cADA\u201d). It may be used by anyone who wishes [&hellip;]<\/p>\n","protected":false},"author":6,"featured_media":19046,"parent":0,"menu_order":0,"comment_status":"closed","ping_status":"closed","template":"","meta":{"_acf_changed":false,"_searchwp_excluded":"","footnotes":""},"class_list":["post-20821","page","type-page","status-publish","has-post-thumbnail","hentry"],"acf":[],"yoast_head":"<!-- This site is optimized with the Yoast SEO Premium plugin v27.4 (Yoast SEO v27.4) - https:\/\/yoast.com\/product\/yoast-seo-premium-wordpress\/ -->\n<title>MCE Accessibility Grievance Procedure<\/title>\n<meta name=\"description\" content=\"This grievance procedure may be used by anyone who wishes to file an accessibility complaint alleging discrimination on the basis of a disability in the provision of services, programs or activities by MCE.\" \/>\n<meta name=\"robots\" content=\"index, follow, max-snippet:-1, max-image-preview:large, max-video-preview:-1\" \/>\n<link rel=\"canonical\" href=\"https:\/\/mcecleanenergy.org\/es\/ada-grievance-procedure\/\" \/>\n<meta property=\"og:locale\" content=\"es_MX\" \/>\n<meta property=\"og:type\" content=\"article\" \/>\n<meta property=\"og:title\" content=\"MCE Accessibility Grievance Procedure\" \/>\n<meta property=\"og:description\" content=\"This grievance procedure may be used by anyone who wishes to file an accessibility complaint alleging discrimination on the basis of a disability in the provision of services, programs or activities by MCE.\" \/>\n<meta property=\"og:url\" content=\"https:\/\/mcecleanenergy.org\/es\/ada-grievance-procedure\/\" \/>\n<meta property=\"og:site_name\" content=\"MCE \u2013 Community Choice Energy\" \/>\n<meta property=\"article:publisher\" content=\"https:\/\/www.facebook.com\/mceCleanEnergy\/\" \/>\n<meta property=\"article:modified_time\" content=\"2024-09-19T00:13:21+00:00\" \/>\n<meta property=\"og:image\" content=\"https:\/\/mcecleanenergy.org\/wp-content\/uploads\/2024\/03\/AdobeStock_530301294-scaled.jpeg\" \/>\n\t<meta property=\"og:image:width\" content=\"2560\" \/>\n\t<meta property=\"og:image:height\" content=\"1707\" \/>\n\t<meta property=\"og:image:type\" content=\"image\/jpeg\" \/>\n<meta name=\"twitter:card\" content=\"summary_large_image\" \/>\n<meta name=\"twitter:title\" content=\"ADA Grievance Procedure\" \/>\n<meta name=\"twitter:description\" content=\"MCE ADA Grievance Procedure This grievance procedure is established to meet the requirements of the Americans with Disabilities Act of 1990 (\u201cADA\u201d). It\" \/>\n<meta name=\"twitter:site\" content=\"@MCECleanEnergy\" \/>\n<meta name=\"twitter:label1\" content=\"Tiempo de lectura\" \/>\n\t<meta name=\"twitter:data1\" content=\"2 minutos\" \/>\n<script type=\"application\/ld+json\" class=\"yoast-schema-graph\">{\"@context\":\"https:\\\/\\\/schema.org\",\"@graph\":[{\"@type\":\"WebPage\",\"@id\":\"https:\\\/\\\/mcecleanenergy.org\\\/ada-grievance-procedure\\\/\",\"url\":\"https:\\\/\\\/mcecleanenergy.org\\\/ada-grievance-procedure\\\/\",\"name\":\"MCE Accessibility Grievance Procedure\",\"isPartOf\":{\"@id\":\"https:\\\/\\\/mcecleanenergy.org\\\/#website\"},\"primaryImageOfPage\":{\"@id\":\"https:\\\/\\\/mcecleanenergy.org\\\/ada-grievance-procedure\\\/#primaryimage\"},\"image\":{\"@id\":\"https:\\\/\\\/mcecleanenergy.org\\\/ada-grievance-procedure\\\/#primaryimage\"},\"thumbnailUrl\":\"https:\\\/\\\/mcecleanenergy.org\\\/wp-content\\\/uploads\\\/2024\\\/03\\\/AdobeStock_530301294-scaled.jpeg\",\"datePublished\":\"2024-03-18T09:47:47+00:00\",\"dateModified\":\"2024-09-19T00:13:21+00:00\",\"description\":\"This grievance procedure may be used by anyone who wishes to file an accessibility complaint alleging discrimination on the basis of a disability in the provision of services, programs or activities by MCE.\",\"breadcrumb\":{\"@id\":\"https:\\\/\\\/mcecleanenergy.org\\\/ada-grievance-procedure\\\/#breadcrumb\"},\"inLanguage\":\"es\",\"potentialAction\":[{\"@type\":\"ReadAction\",\"target\":[\"https:\\\/\\\/mcecleanenergy.org\\\/ada-grievance-procedure\\\/\"]}]},{\"@type\":\"ImageObject\",\"inLanguage\":\"es\",\"@id\":\"https:\\\/\\\/mcecleanenergy.org\\\/ada-grievance-procedure\\\/#primaryimage\",\"url\":\"https:\\\/\\\/mcecleanenergy.org\\\/wp-content\\\/uploads\\\/2024\\\/03\\\/AdobeStock_530301294-scaled.jpeg\",\"contentUrl\":\"https:\\\/\\\/mcecleanenergy.org\\\/wp-content\\\/uploads\\\/2024\\\/03\\\/AdobeStock_530301294-scaled.jpeg\",\"width\":2560,\"height\":1707,\"caption\":\"Residential house with rooftop covered with solar photovoltaic panels for producing of clean ecological electrical energy in suburban rural area. Concept of autonomous home.\"},{\"@type\":\"BreadcrumbList\",\"@id\":\"https:\\\/\\\/mcecleanenergy.org\\\/ada-grievance-procedure\\\/#breadcrumb\",\"itemListElement\":[{\"@type\":\"ListItem\",\"position\":1,\"name\":\"Home\",\"item\":\"https:\\\/\\\/mcecleanenergy.org\\\/\"},{\"@type\":\"ListItem\",\"position\":2,\"name\":\"ADA Grievance Procedure\"}]},{\"@type\":\"WebSite\",\"@id\":\"https:\\\/\\\/mcecleanenergy.org\\\/#website\",\"url\":\"https:\\\/\\\/mcecleanenergy.org\\\/\",\"name\":\"MCE \u2013 Community Choice Energy\",\"description\":\"\",\"publisher\":{\"@id\":\"https:\\\/\\\/mcecleanenergy.org\\\/#organization\"},\"potentialAction\":[{\"@type\":\"SearchAction\",\"target\":{\"@type\":\"EntryPoint\",\"urlTemplate\":\"https:\\\/\\\/mcecleanenergy.org\\\/?s={search_term_string}\"},\"query-input\":{\"@type\":\"PropertyValueSpecification\",\"valueRequired\":true,\"valueName\":\"search_term_string\"}}],\"inLanguage\":\"es\"},{\"@type\":\"Organization\",\"@id\":\"https:\\\/\\\/mcecleanenergy.org\\\/#organization\",\"name\":\"MCE\",\"url\":\"https:\\\/\\\/mcecleanenergy.org\\\/\",\"logo\":{\"@type\":\"ImageObject\",\"inLanguage\":\"es\",\"@id\":\"https:\\\/\\\/mcecleanenergy.org\\\/#\\\/schema\\\/logo\\\/image\\\/\",\"url\":\"https:\\\/\\\/mcecleanenergy.org\\\/wp-content\\\/uploads\\\/2024\\\/05\\\/MCE_Logo_Full-Color_RGB_050324.png\",\"contentUrl\":\"https:\\\/\\\/mcecleanenergy.org\\\/wp-content\\\/uploads\\\/2024\\\/05\\\/MCE_Logo_Full-Color_RGB_050324.png\",\"width\":5001,\"height\":2986,\"caption\":\"MCE\"},\"image\":{\"@id\":\"https:\\\/\\\/mcecleanenergy.org\\\/#\\\/schema\\\/logo\\\/image\\\/\"},\"sameAs\":[\"https:\\\/\\\/www.facebook.com\\\/mceCleanEnergy\\\/\",\"https:\\\/\\\/x.com\\\/MCECleanEnergy\",\"https:\\\/\\\/www.instagram.com\\\/mcecleanenergy\\\/\",\"https:\\\/\\\/www.linkedin.com\\\/company\\\/mcecleanenergy\\\/\",\"https:\\\/\\\/www.youtube.com\\\/c\\\/Mcecleanenergy\\\/\",\"https:\\\/\\\/en.wikipedia.org\\\/wiki\\\/Community_Choice_Aggregation#Marin_Clean_Energy\"]}]}<\/script>\n<!-- \/ Yoast SEO Premium plugin. -->","yoast_head_json":{"title":"Procedimiento de reclamaci\u00f3n sobre accesibilidad de la MCE","description":"Este procedimiento de queja puede ser utilizado por cualquier persona que desee presentar una queja de accesibilidad alegando discriminaci\u00f3n por motivos de discapacidad en la prestaci\u00f3n de servicios, programas o actividades de la MCE.","robots":{"index":"index","follow":"follow","max-snippet":"max-snippet:-1","max-image-preview":"max-image-preview:large","max-video-preview":"max-video-preview:-1"},"canonical":"https:\/\/mcecleanenergy.org\/es\/ada-grievance-procedure\/","og_locale":"es_MX","og_type":"article","og_title":"MCE Accessibility Grievance Procedure","og_description":"This grievance procedure may be used by anyone who wishes to file an accessibility complaint alleging discrimination on the basis of a disability in the provision of services, programs or activities by MCE.","og_url":"https:\/\/mcecleanenergy.org\/es\/ada-grievance-procedure\/","og_site_name":"MCE \u2013 Community Choice Energy","article_publisher":"https:\/\/www.facebook.com\/mceCleanEnergy\/","article_modified_time":"2024-09-19T00:13:21+00:00","og_image":[{"width":2560,"height":1707,"url":"https:\/\/mcecleanenergy.org\/wp-content\/uploads\/2024\/03\/AdobeStock_530301294-scaled.jpeg","type":"image\/jpeg"}],"twitter_card":"summary_large_image","twitter_title":"ADA Grievance Procedure","twitter_description":"MCE ADA Grievance Procedure This grievance procedure is established to meet the requirements of the Americans with Disabilities Act of 1990 (\u201cADA\u201d). It","twitter_site":"@MCECleanEnergy","twitter_misc":{"Tiempo de lectura":"2 minutos"},"schema":{"@context":"https:\/\/schema.org","@graph":[{"@type":"WebPage","@id":"https:\/\/mcecleanenergy.org\/ada-grievance-procedure\/","url":"https:\/\/mcecleanenergy.org\/ada-grievance-procedure\/","name":"Procedimiento de reclamaci\u00f3n sobre accesibilidad de la MCE","isPartOf":{"@id":"https:\/\/mcecleanenergy.org\/#website"},"primaryImageOfPage":{"@id":"https:\/\/mcecleanenergy.org\/ada-grievance-procedure\/#primaryimage"},"image":{"@id":"https:\/\/mcecleanenergy.org\/ada-grievance-procedure\/#primaryimage"},"thumbnailUrl":"https:\/\/mcecleanenergy.org\/wp-content\/uploads\/2024\/03\/AdobeStock_530301294-scaled.jpeg","datePublished":"2024-03-18T09:47:47+00:00","dateModified":"2024-09-19T00:13:21+00:00","description":"Este procedimiento de queja puede ser utilizado por cualquier persona que desee presentar una queja de accesibilidad alegando discriminaci\u00f3n por motivos de discapacidad en la prestaci\u00f3n de servicios, programas o actividades de la MCE.","breadcrumb":{"@id":"https:\/\/mcecleanenergy.org\/ada-grievance-procedure\/#breadcrumb"},"inLanguage":"es","potentialAction":[{"@type":"ReadAction","target":["https:\/\/mcecleanenergy.org\/ada-grievance-procedure\/"]}]},{"@type":"ImageObject","inLanguage":"es","@id":"https:\/\/mcecleanenergy.org\/ada-grievance-procedure\/#primaryimage","url":"https:\/\/mcecleanenergy.org\/wp-content\/uploads\/2024\/03\/AdobeStock_530301294-scaled.jpeg","contentUrl":"https:\/\/mcecleanenergy.org\/wp-content\/uploads\/2024\/03\/AdobeStock_530301294-scaled.jpeg","width":2560,"height":1707,"caption":"Residential house with rooftop covered with solar photovoltaic panels for producing of clean ecological electrical energy in suburban rural area. Concept of autonomous home."},{"@type":"BreadcrumbList","@id":"https:\/\/mcecleanenergy.org\/ada-grievance-procedure\/#breadcrumb","itemListElement":[{"@type":"ListItem","position":1,"name":"Home","item":"https:\/\/mcecleanenergy.org\/"},{"@type":"ListItem","position":2,"name":"ADA Grievance Procedure"}]},{"@type":"WebSite","@id":"https:\/\/mcecleanenergy.org\/#website","url":"https:\/\/mcecleanenergy.org\/","name":"MCE - Elecci\u00f3n comunitaria de la energ\u00eda","description":"","publisher":{"@id":"https:\/\/mcecleanenergy.org\/#organization"},"potentialAction":[{"@type":"SearchAction","target":{"@type":"EntryPoint","urlTemplate":"https:\/\/mcecleanenergy.org\/?s={search_term_string}"},"query-input":{"@type":"PropertyValueSpecification","valueRequired":true,"valueName":"search_term_string"}}],"inLanguage":"es"},{"@type":"Organization","@id":"https:\/\/mcecleanenergy.org\/#organization","name":"MCE","url":"https:\/\/mcecleanenergy.org\/","logo":{"@type":"ImageObject","inLanguage":"es","@id":"https:\/\/mcecleanenergy.org\/#\/schema\/logo\/image\/","url":"https:\/\/mcecleanenergy.org\/wp-content\/uploads\/2024\/05\/MCE_Logo_Full-Color_RGB_050324.png","contentUrl":"https:\/\/mcecleanenergy.org\/wp-content\/uploads\/2024\/05\/MCE_Logo_Full-Color_RGB_050324.png","width":5001,"height":2986,"caption":"MCE"},"image":{"@id":"https:\/\/mcecleanenergy.org\/#\/schema\/logo\/image\/"},"sameAs":["https:\/\/www.facebook.com\/mceCleanEnergy\/","https:\/\/x.com\/MCECleanEnergy","https:\/\/www.instagram.com\/mcecleanenergy\/","https:\/\/www.linkedin.com\/company\/mcecleanenergy\/","https:\/\/www.youtube.com\/c\/Mcecleanenergy\/","https:\/\/en.wikipedia.org\/wiki\/Community_Choice_Aggregation#Marin_Clean_Energy"]}]}},"_links":{"self":[{"href":"https:\/\/mcecleanenergy.org\/es\/wp-json\/wp\/v2\/pages\/20821","targetHints":{"allow":["GET"]}}],"collection":[{"href":"https:\/\/mcecleanenergy.org\/es\/wp-json\/wp\/v2\/pages"}],"about":[{"href":"https:\/\/mcecleanenergy.org\/es\/wp-json\/wp\/v2\/types\/page"}],"author":[{"embeddable":true,"href":"https:\/\/mcecleanenergy.org\/es\/wp-json\/wp\/v2\/users\/6"}],"replies":[{"embeddable":true,"href":"https:\/\/mcecleanenergy.org\/es\/wp-json\/wp\/v2\/comments?post=20821"}],"version-history":[{"count":0,"href":"https:\/\/mcecleanenergy.org\/es\/wp-json\/wp\/v2\/pages\/20821\/revisions"}],"wp:featuredmedia":[{"embeddable":true,"href":"https:\/\/mcecleanenergy.org\/es\/wp-json\/wp\/v2\/media\/19046"}],"wp:attachment":[{"href":"https:\/\/mcecleanenergy.org\/es\/wp-json\/wp\/v2\/media?parent=20821"}],"curies":[{"name":"wp","href":"https:\/\/api.w.org\/{rel}","templated":true}]}}