{"id":13843,"date":"2024-03-05T18:48:29","date_gmt":"2024-03-06T02:48:29","guid":{"rendered":"https:\/\/mcecleanenergy.org\/?page_id=13843"},"modified":"2025-10-21T15:46:02","modified_gmt":"2025-10-21T22:46:02","slug":"paperless","status":"publish","type":"page","link":"https:\/\/mcecleanenergy.org\/fr\/paperless\/","title":{"rendered":"Paperless"},"content":{"rendered":"<div data-elementor-type=\"wp-page\" data-elementor-id=\"13843\" class=\"elementor elementor-13843\" data-elementor-post-type=\"page\">\n\t\t\t\t<div data-particle_enable=\"false\" data-particle-mobile-disabled=\"false\" class=\"elementor-element elementor-element-512a956 internal-hero e-flex e-con-boxed e-con e-parent\" data-id=\"512a956\" data-element_type=\"container\" data-e-type=\"container\" data-settings=\"{&quot;background_background&quot;:&quot;classic&quot;,&quot;jet_parallax_layout_list&quot;:[]}\">\n\t\t\t\t\t<div class=\"e-con-inner\">\n\t\t\t\t<div class=\"elementor-element elementor-element-4a80b0b elementor-widget__width-initial elementor-widget elementor-widget-heading\" data-id=\"4a80b0b\" data-element_type=\"widget\" data-e-type=\"widget\" data-widget_type=\"heading.default\">\n\t\t\t\t<div class=\"elementor-widget-container\">\n\t\t\t\t\t<h1 class=\"elementor-heading-title elementor-size-default\">MCE (et les arbres) vous remercient d'\u00eatre pass\u00e9 au z\u00e9ro papier !<\/h1>\t\t\t\t<\/div>\n\t\t\t\t<\/div>\n\t\t\t\t\t<\/div>\n\t\t\t\t<\/div>\n\t\t<div data-particle_enable=\"false\" data-particle-mobile-disabled=\"false\" class=\"elementor-element elementor-element-dac1395 e-flex e-con-boxed e-con e-parent\" data-id=\"dac1395\" data-element_type=\"container\" data-e-type=\"container\" data-settings=\"{&quot;jet_parallax_layout_list&quot;:[]}\">\n\t\t\t\t\t<div class=\"e-con-inner\">\n\t\t<div data-particle_enable=\"false\" data-particle-mobile-disabled=\"false\" class=\"elementor-element elementor-element-efb6792 e-flex e-con-boxed e-con e-child\" data-id=\"efb6792\" data-element_type=\"container\" data-e-type=\"container\" data-settings=\"{&quot;jet_parallax_layout_list&quot;:[]}\">\n\t\t\t\t\t<div class=\"e-con-inner\">\n\t\t\t\t<div class=\"elementor-element elementor-element-440fdae elementor-widget elementor-widget-heading\" data-id=\"440fdae\" data-element_type=\"widget\" data-e-type=\"widget\" data-widget_type=\"heading.default\">\n\t\t\t\t<div class=\"elementor-widget-container\">\n\t\t\t\t\t<h2 class=\"elementor-heading-title elementor-size-default\">Rejoignez d'autres clients et \u00e9liminez plus de 8 millions d'avis envoy\u00e9s par la poste chaque ann\u00e9e en passant \u00e0 la d\u00e9mat\u00e9rialisation.<\/h2>\t\t\t\t<\/div>\n\t\t\t\t<\/div>\n\t\t\t\t<div class=\"elementor-element elementor-element-e9b5185 elementor-widget elementor-widget-text-editor\" data-id=\"e9b5185\" data-element_type=\"widget\" data-e-type=\"widget\" data-widget_type=\"text-editor.default\">\n\t\t\t\t<div class=\"elementor-widget-container\">\n\t\t\t\t\t\t\t\t\t<p>Pour vous faciliter la t\u00e2che, nous avons combin\u00e9 notre formulaire d'inscription \u00e0 la facturation d\u00e9mat\u00e9rialis\u00e9e avec celui de PG&amp;E. Il vous suffit de cliquer sur le bouton ci-dessous pour vous connecter \u00e0 votre compte PG&amp;E et s\u00e9lectionner l'option de facturation d\u00e9mat\u00e9rialis\u00e9e.<\/p><p>Vous r\u00e9duirez votre encombrement de papier et commencerez \u00e0 recevoir les informations suivantes sur votre \u00e9lectricit\u00e9 par courrier \u00e9lectronique :<\/p><ul><li>Les avis annuels obligatoires du MCE, tels que le <a href=\"https:\/\/www.energy.ca.gov\/programs-and-topics\/programs\/power-source-disclosure\" target=\"_blank\" rel=\"noopener noreferrer\" aria-label=\"Power Content Label - Ouvrir dans un nouvel onglet\" data-uw-rm-ext-link=\"\">\u00c9tiquette du contenu de la puissance<\/a>\u00a0et MCE\/PG&amp;E Joint Rate Mailer<\/li><li>Facture PG&amp;E<\/li><li>S\u00e9curit\u00e9 contre les incendies de for\u00eat et\u00a0<a href=\"https:\/\/www.pge.com\/en\/account\/manage-my-account\/online-account-preferences\/outage-alerts.html\" target=\"_blank\" rel=\"noopener noreferrer\" aria-label=\"alertes en cas de coupure de courant - ouvrir dans un nouvel onglet\" data-uw-rm-ext-link=\"\">alertes en cas de panne d'\u00e9lectricit\u00e9<\/a>\u00a0de PG&amp;E<\/li><\/ul>\t\t\t\t\t\t\t\t<\/div>\n\t\t\t\t<\/div>\n\t\t\t\t\t<\/div>\n\t\t\t\t<\/div>\n\t\t<div data-particle_enable=\"false\" data-particle-mobile-disabled=\"false\" class=\"elementor-element elementor-element-a083f60 e-flex e-con-boxed e-con e-child\" data-id=\"a083f60\" data-element_type=\"container\" data-e-type=\"container\" data-settings=\"{&quot;jet_parallax_layout_list&quot;:[]}\">\n\t\t\t\t\t<div class=\"e-con-inner\">\n\t\t\t\t<div class=\"elementor-element elementor-element-dc60836 elementor-align-center elementor-widget elementor-widget-button\" data-id=\"dc60836\" data-element_type=\"widget\" data-e-type=\"widget\" data-widget_type=\"button.default\">\n\t\t\t\t<div class=\"elementor-widget-container\">\n\t\t\t\t\t\t\t\t\t<div class=\"elementor-button-wrapper\">\n\t\t\t\t\t<a class=\"elementor-button elementor-button-link elementor-size-sm\" href=\"https:\/\/www.pge.com\/en\/account\/billing-and-assistance\/pay-my-bill\/paperless-billing.html\" target=\"_blank\">\n\t\t\t\t\t\t<span class=\"elementor-button-content-wrapper\">\n\t\t\t\t\t\t\t\t\t<span class=\"elementor-button-text\">Sans papier<\/span>\n\t\t\t\t\t<\/span>\n\t\t\t\t\t<\/a>\n\t\t\t\t<\/div>\n\t\t\t\t\t\t\t\t<\/div>\n\t\t\t\t<\/div>\n\t\t\t\t\t<\/div>\n\t\t\t\t<\/div>\n\t\t\t\t\t<\/div>\n\t\t\t\t<\/div>\n\t\t<div data-particle_enable=\"false\" data-particle-mobile-disabled=\"false\" class=\"elementor-element elementor-element-b4ecc7f e-flex e-con-boxed e-con e-parent\" data-id=\"b4ecc7f\" data-element_type=\"container\" data-e-type=\"container\" data-settings=\"{&quot;jet_parallax_layout_list&quot;:[]}\">\n\t\t\t\t\t<div class=\"e-con-inner\">\n\t\t\t\t<div class=\"elementor-element elementor-element-0616a39 elementor-widget elementor-widget-spacer\" data-id=\"0616a39\" data-element_type=\"widget\" data-e-type=\"widget\" data-widget_type=\"spacer.default\">\n\t\t\t\t<div class=\"elementor-widget-container\">\n\t\t\t\t\t\t\t<div class=\"elementor-spacer\">\n\t\t\t<div class=\"elementor-spacer-inner\"><\/div>\n\t\t<\/div>\n\t\t\t\t\t\t<\/div>\n\t\t\t\t<\/div>\n\t\t\t\t\t<\/div>\n\t\t\t\t<\/div>\n\t\t\t\t<\/div>","protected":false},"excerpt":{"rendered":"<p>MCE (and the Trees) Thank You for Going Paperless! Join other customers in eliminating over 8 million mailed notices yearly by going paperless. To make it easier for you, we [&hellip;]<\/p>\n","protected":false},"author":4,"featured_media":13861,"parent":0,"menu_order":0,"comment_status":"closed","ping_status":"closed","template":"","meta":{"_acf_changed":false,"_searchwp_excluded":"","footnotes":""},"class_list":["post-13843","page","type-page","status-publish","has-post-thumbnail","hentry"],"acf":[],"yoast_head":"<!-- This site is optimized with the Yoast SEO Premium plugin v27.2 (Yoast SEO v27.2) - https:\/\/yoast.com\/product\/yoast-seo-premium-wordpress\/ -->\n<title>MCE Paperless Notices<\/title>\n<meta name=\"description\" content=\"How to sign up for MCE paperless notices. Stay in the know about MCE and PG&amp;E electricity information important to you and reduce your paper clutter.\" \/>\n<meta name=\"robots\" content=\"index, follow, max-snippet:-1, max-image-preview:large, max-video-preview:-1\" \/>\n<link rel=\"canonical\" href=\"https:\/\/mcecleanenergy.org\/fr\/paperless\/\" \/>\n<meta property=\"og:locale\" content=\"fr_FR\" \/>\n<meta property=\"og:type\" content=\"article\" \/>\n<meta property=\"og:title\" content=\"MCE Paperless Notices\" \/>\n<meta property=\"og:description\" content=\"How to sign up for MCE paperless notices. Stay in the know about MCE and PG&amp;E electricity information important to you and reduce your paper clutter.\" \/>\n<meta property=\"og:url\" content=\"https:\/\/mcecleanenergy.org\/fr\/paperless\/\" \/>\n<meta property=\"og:site_name\" content=\"MCE \u2013 Community Choice Energy\" \/>\n<meta property=\"article:publisher\" content=\"https:\/\/www.facebook.com\/mceCleanEnergy\/\" \/>\n<meta property=\"article:modified_time\" content=\"2025-10-21T22:46:02+00:00\" \/>\n<meta property=\"og:image\" content=\"https:\/\/mcecleanenergy.org\/wp-content\/uploads\/2024\/03\/MCE-trees-paperless.jpg\" \/>\n\t<meta property=\"og:image:width\" content=\"2000\" \/>\n\t<meta property=\"og:image:height\" content=\"1333\" \/>\n\t<meta property=\"og:image:type\" content=\"image\/jpeg\" \/>\n<meta name=\"twitter:card\" content=\"summary_large_image\" \/>\n<meta name=\"twitter:title\" content=\"Paperless\" \/>\n<meta name=\"twitter:description\" content=\"MCE (and the Trees) Thank You for Going Paperless! Join other customers in eliminating over 8 million mailed notices yearly by going paperless. To make it\" \/>\n<meta name=\"twitter:site\" content=\"@MCECleanEnergy\" \/>\n<meta name=\"twitter:label1\" content=\"Dur\u00e9e de lecture estim\u00e9e\" \/>\n\t<meta name=\"twitter:data1\" content=\"1 minute\" \/>\n<script type=\"application\/ld+json\" class=\"yoast-schema-graph\">{\"@context\":\"https:\/\/schema.org\",\"@graph\":[{\"@type\":\"WebPage\",\"@id\":\"https:\/\/mcecleanenergy.org\/paperless\/\",\"url\":\"https:\/\/mcecleanenergy.org\/paperless\/\",\"name\":\"MCE Paperless Notices\",\"isPartOf\":{\"@id\":\"https:\/\/mcecleanenergy.org\/#website\"},\"primaryImageOfPage\":{\"@id\":\"https:\/\/mcecleanenergy.org\/paperless\/#primaryimage\"},\"image\":{\"@id\":\"https:\/\/mcecleanenergy.org\/paperless\/#primaryimage\"},\"thumbnailUrl\":\"https:\/\/mcecleanenergy.org\/wp-content\/uploads\/2024\/03\/MCE-trees-paperless.jpg\",\"datePublished\":\"2024-03-06T02:48:29+00:00\",\"dateModified\":\"2025-10-21T22:46:02+00:00\",\"description\":\"How to sign up for MCE paperless notices. Stay in the know about MCE and PG&E electricity information important to you and reduce your paper clutter.\",\"breadcrumb\":{\"@id\":\"https:\/\/mcecleanenergy.org\/paperless\/#breadcrumb\"},\"inLanguage\":\"fr-FR\",\"potentialAction\":[{\"@type\":\"ReadAction\",\"target\":[\"https:\/\/mcecleanenergy.org\/paperless\/\"]}]},{\"@type\":\"ImageObject\",\"inLanguage\":\"fr-FR\",\"@id\":\"https:\/\/mcecleanenergy.org\/paperless\/#primaryimage\",\"url\":\"https:\/\/mcecleanenergy.org\/wp-content\/uploads\/2024\/03\/MCE-trees-paperless.jpg\",\"contentUrl\":\"https:\/\/mcecleanenergy.org\/wp-content\/uploads\/2024\/03\/MCE-trees-paperless.jpg\",\"width\":2000,\"height\":1333,\"caption\":\"MCE Paperless Notices to save the trees\"},{\"@type\":\"BreadcrumbList\",\"@id\":\"https:\/\/mcecleanenergy.org\/paperless\/#breadcrumb\",\"itemListElement\":[{\"@type\":\"ListItem\",\"position\":1,\"name\":\"Home\",\"item\":\"https:\/\/mcecleanenergy.org\/\"},{\"@type\":\"ListItem\",\"position\":2,\"name\":\"Paperless\"}]},{\"@type\":\"WebSite\",\"@id\":\"https:\/\/mcecleanenergy.org\/#website\",\"url\":\"https:\/\/mcecleanenergy.org\/\",\"name\":\"MCE \u2013 Community Choice Energy\",\"description\":\"\",\"publisher\":{\"@id\":\"https:\/\/mcecleanenergy.org\/#organization\"},\"potentialAction\":[{\"@type\":\"SearchAction\",\"target\":{\"@type\":\"EntryPoint\",\"urlTemplate\":\"https:\/\/mcecleanenergy.org\/?s={search_term_string}\"},\"query-input\":{\"@type\":\"PropertyValueSpecification\",\"valueRequired\":true,\"valueName\":\"search_term_string\"}}],\"inLanguage\":\"fr-FR\"},{\"@type\":\"Organization\",\"@id\":\"https:\/\/mcecleanenergy.org\/#organization\",\"name\":\"MCE\",\"url\":\"https:\/\/mcecleanenergy.org\/\",\"logo\":{\"@type\":\"ImageObject\",\"inLanguage\":\"fr-FR\",\"@id\":\"https:\/\/mcecleanenergy.org\/#\/schema\/logo\/image\/\",\"url\":\"https:\/\/mcecleanenergy.org\/wp-content\/uploads\/2024\/05\/MCE_Logo_Full-Color_RGB_050324.png\",\"contentUrl\":\"https:\/\/mcecleanenergy.org\/wp-content\/uploads\/2024\/05\/MCE_Logo_Full-Color_RGB_050324.png\",\"width\":5001,\"height\":2986,\"caption\":\"MCE\"},\"image\":{\"@id\":\"https:\/\/mcecleanenergy.org\/#\/schema\/logo\/image\/\"},\"sameAs\":[\"https:\/\/www.facebook.com\/mceCleanEnergy\/\",\"https:\/\/x.com\/MCECleanEnergy\",\"https:\/\/www.instagram.com\/mcecleanenergy\/\",\"https:\/\/www.linkedin.com\/company\/mcecleanenergy\/\",\"https:\/\/www.youtube.com\/c\/Mcecleanenergy\/\",\"https:\/\/en.wikipedia.org\/wiki\/Community_Choice_Aggregation#Marin_Clean_Energy\"]}]}<\/script>\n<!-- \/ Yoast SEO Premium plugin. -->","yoast_head_json":{"title":"MCE Paperless Notices","description":"How to sign up for MCE paperless notices. Stay in the know about MCE and PG&E electricity information important to you and reduce your paper clutter.","robots":{"index":"index","follow":"follow","max-snippet":"max-snippet:-1","max-image-preview":"max-image-preview:large","max-video-preview":"max-video-preview:-1"},"canonical":"https:\/\/mcecleanenergy.org\/fr\/paperless\/","og_locale":"fr_FR","og_type":"article","og_title":"MCE Paperless Notices","og_description":"How to sign up for MCE paperless notices. Stay in the know about MCE and PG&E electricity information important to you and reduce your paper clutter.","og_url":"https:\/\/mcecleanenergy.org\/fr\/paperless\/","og_site_name":"MCE \u2013 Community Choice Energy","article_publisher":"https:\/\/www.facebook.com\/mceCleanEnergy\/","article_modified_time":"2025-10-21T22:46:02+00:00","og_image":[{"width":2000,"height":1333,"url":"https:\/\/mcecleanenergy.org\/wp-content\/uploads\/2024\/03\/MCE-trees-paperless.jpg","type":"image\/jpeg"}],"twitter_card":"summary_large_image","twitter_title":"Paperless","twitter_description":"MCE (and the Trees) Thank You for Going Paperless! Join other customers in eliminating over 8 million mailed notices yearly by going paperless. To make it","twitter_site":"@MCECleanEnergy","twitter_misc":{"Dur\u00e9e de lecture estim\u00e9e":"1 minute"},"schema":{"@context":"https:\/\/schema.org","@graph":[{"@type":"WebPage","@id":"https:\/\/mcecleanenergy.org\/paperless\/","url":"https:\/\/mcecleanenergy.org\/paperless\/","name":"MCE Paperless Notices","isPartOf":{"@id":"https:\/\/mcecleanenergy.org\/#website"},"primaryImageOfPage":{"@id":"https:\/\/mcecleanenergy.org\/paperless\/#primaryimage"},"image":{"@id":"https:\/\/mcecleanenergy.org\/paperless\/#primaryimage"},"thumbnailUrl":"https:\/\/mcecleanenergy.org\/wp-content\/uploads\/2024\/03\/MCE-trees-paperless.jpg","datePublished":"2024-03-06T02:48:29+00:00","dateModified":"2025-10-21T22:46:02+00:00","description":"How to sign up for MCE paperless notices. Stay in the know about MCE and PG&E electricity information important to you and reduce your paper clutter.","breadcrumb":{"@id":"https:\/\/mcecleanenergy.org\/paperless\/#breadcrumb"},"inLanguage":"fr-FR","potentialAction":[{"@type":"ReadAction","target":["https:\/\/mcecleanenergy.org\/paperless\/"]}]},{"@type":"ImageObject","inLanguage":"fr-FR","@id":"https:\/\/mcecleanenergy.org\/paperless\/#primaryimage","url":"https:\/\/mcecleanenergy.org\/wp-content\/uploads\/2024\/03\/MCE-trees-paperless.jpg","contentUrl":"https:\/\/mcecleanenergy.org\/wp-content\/uploads\/2024\/03\/MCE-trees-paperless.jpg","width":2000,"height":1333,"caption":"MCE Paperless Notices to save the trees"},{"@type":"BreadcrumbList","@id":"https:\/\/mcecleanenergy.org\/paperless\/#breadcrumb","itemListElement":[{"@type":"ListItem","position":1,"name":"Home","item":"https:\/\/mcecleanenergy.org\/"},{"@type":"ListItem","position":2,"name":"Paperless"}]},{"@type":"WebSite","@id":"https:\/\/mcecleanenergy.org\/#website","url":"https:\/\/mcecleanenergy.org\/","name":"MCE - \u00c9nergie de choix communautaire","description":"","publisher":{"@id":"https:\/\/mcecleanenergy.org\/#organization"},"potentialAction":[{"@type":"SearchAction","target":{"@type":"EntryPoint","urlTemplate":"https:\/\/mcecleanenergy.org\/?s={search_term_string}"},"query-input":{"@type":"PropertyValueSpecification","valueRequired":true,"valueName":"search_term_string"}}],"inLanguage":"fr-FR"},{"@type":"Organization","@id":"https:\/\/mcecleanenergy.org\/#organization","name":"MCE","url":"https:\/\/mcecleanenergy.org\/","logo":{"@type":"ImageObject","inLanguage":"fr-FR","@id":"https:\/\/mcecleanenergy.org\/#\/schema\/logo\/image\/","url":"https:\/\/mcecleanenergy.org\/wp-content\/uploads\/2024\/05\/MCE_Logo_Full-Color_RGB_050324.png","contentUrl":"https:\/\/mcecleanenergy.org\/wp-content\/uploads\/2024\/05\/MCE_Logo_Full-Color_RGB_050324.png","width":5001,"height":2986,"caption":"MCE"},"image":{"@id":"https:\/\/mcecleanenergy.org\/#\/schema\/logo\/image\/"},"sameAs":["https:\/\/www.facebook.com\/mceCleanEnergy\/","https:\/\/x.com\/MCECleanEnergy","https:\/\/www.instagram.com\/mcecleanenergy\/","https:\/\/www.linkedin.com\/company\/mcecleanenergy\/","https:\/\/www.youtube.com\/c\/Mcecleanenergy\/","https:\/\/en.wikipedia.org\/wiki\/Community_Choice_Aggregation#Marin_Clean_Energy"]}]}},"_links":{"self":[{"href":"https:\/\/mcecleanenergy.org\/fr\/wp-json\/wp\/v2\/pages\/13843","targetHints":{"allow":["GET"]}}],"collection":[{"href":"https:\/\/mcecleanenergy.org\/fr\/wp-json\/wp\/v2\/pages"}],"about":[{"href":"https:\/\/mcecleanenergy.org\/fr\/wp-json\/wp\/v2\/types\/page"}],"author":[{"embeddable":true,"href":"https:\/\/mcecleanenergy.org\/fr\/wp-json\/wp\/v2\/users\/4"}],"replies":[{"embeddable":true,"href":"https:\/\/mcecleanenergy.org\/fr\/wp-json\/wp\/v2\/comments?post=13843"}],"version-history":[{"count":6,"href":"https:\/\/mcecleanenergy.org\/fr\/wp-json\/wp\/v2\/pages\/13843\/revisions"}],"predecessor-version":[{"id":73227,"href":"https:\/\/mcecleanenergy.org\/fr\/wp-json\/wp\/v2\/pages\/13843\/revisions\/73227"}],"wp:featuredmedia":[{"embeddable":true,"href":"https:\/\/mcecleanenergy.org\/fr\/wp-json\/wp\/v2\/media\/13861"}],"wp:attachment":[{"href":"https:\/\/mcecleanenergy.org\/fr\/wp-json\/wp\/v2\/media?parent=13843"}],"curies":[{"name":"wp","href":"https:\/\/api.w.org\/{rel}","templated":true}]}}