{"id":15972,"date":"2024-03-11T22:38:50","date_gmt":"2024-03-12T05:38:50","guid":{"rendered":"https:\/\/mcecleanenergy.org\/?page_id=15972"},"modified":"2024-09-18T17:31:56","modified_gmt":"2024-09-19T00:31:56","slug":"waiver-and-photo-video-release","status":"publish","type":"page","link":"https:\/\/mcecleanenergy.org\/fr\/waiver-and-photo-video-release\/","title":{"rendered":"Waiver and Photo\/Video Release (Legal)"},"content":{"rendered":"<div data-elementor-type=\"wp-page\" data-elementor-id=\"15972\" class=\"elementor elementor-15972\" data-elementor-post-type=\"page\">\n\t\t\t\t<div data-particle_enable=\"false\" data-particle-mobile-disabled=\"false\" class=\"elementor-element elementor-element-53c5cd9 e-flex e-con-boxed e-con e-parent\" data-id=\"53c5cd9\" data-element_type=\"container\" data-e-type=\"container\" data-settings=\"{&quot;background_background&quot;:&quot;classic&quot;,&quot;jet_parallax_layout_list&quot;:[]}\">\n\t\t\t\t\t<div class=\"e-con-inner\">\n\t\t\t\t<div class=\"elementor-element elementor-element-41253b7 elementor-widget__width-initial elementor-widget elementor-widget-heading\" data-id=\"41253b7\" data-element_type=\"widget\" data-e-type=\"widget\" data-widget_type=\"heading.default\">\n\t\t\t\t<div class=\"elementor-widget-container\">\n\t\t\t\t\t<h1 class=\"elementor-heading-title elementor-size-default\">Renonciation et autorisation de photographier ou de filmer<\/h1>\t\t\t\t<\/div>\n\t\t\t\t<\/div>\n\t\t\t\t\t<\/div>\n\t\t\t\t<\/div>\n\t\t<div data-particle_enable=\"false\" data-particle-mobile-disabled=\"false\" class=\"elementor-element elementor-element-8c187b5 e-flex e-con-boxed e-con e-parent\" data-id=\"8c187b5\" data-element_type=\"container\" data-e-type=\"container\" data-settings=\"{&quot;background_background&quot;:&quot;gradient&quot;,&quot;jet_parallax_layout_list&quot;:[]}\">\n\t\t\t\t\t<div class=\"e-con-inner\">\n\t\t\t\t\t<\/div>\n\t\t\t\t<\/div>\n\t\t<div data-particle_enable=\"false\" data-particle-mobile-disabled=\"false\" class=\"elementor-element elementor-element-52150e8 e-flex e-con-boxed e-con e-parent\" data-id=\"52150e8\" data-element_type=\"container\" data-e-type=\"container\" data-settings=\"{&quot;jet_parallax_layout_list&quot;:[]}\">\n\t\t\t\t\t<div class=\"e-con-inner\">\n\t\t<div data-particle_enable=\"false\" data-particle-mobile-disabled=\"false\" class=\"elementor-element elementor-element-6e80631 e-flex e-con-boxed e-con e-child\" data-id=\"6e80631\" data-element_type=\"container\" data-e-type=\"container\" data-settings=\"{&quot;jet_parallax_layout_list&quot;:[]}\">\n\t\t\t\t\t<div class=\"e-con-inner\">\n\t\t\t\t<div class=\"elementor-element elementor-element-cdd5028 elementor-widget elementor-widget-text-editor\" data-id=\"cdd5028\" data-element_type=\"widget\" data-e-type=\"widget\" data-widget_type=\"text-editor.default\">\n\t\t\t\t<div class=\"elementor-widget-container\">\n\t\t\t\t\t\t\t\t\t<div id=\"wrapper\" class=\"fusion-wrapper\"><p>Par la pr\u00e9sente, j'accorde et autorise irr\u00e9vocablement Marin Clean Energy \"MCE\" (a) le droit d'utiliser, de reproduire et de publier mon image, ma ressemblance, mon nom et\/ou ma voix dans tous les m\u00e9dias, y compris, mais sans s'y limiter, les photographies, les clips vid\u00e9o et les clips audio, \u00e0 partir de la s\u00e9ance photo\/vid\u00e9o d\u00e9crite, dans le monde entier et \u00e0 perp\u00e9tuit\u00e9 ; et (b) le droit d'accorder une licence et des droits d'auteur sur lesdits clips vid\u00e9o ou photographies au nom de MCE ou sous tout autre nom que MCE pourrait choisir. J'accepte que les clips vid\u00e9o ou audio, les photographies, les reproductions et les n\u00e9gatifs constituent la propri\u00e9t\u00e9 exclusive de MCE et que MCE ait le droit de disposer de tout ou partie d'entre eux de quelque mani\u00e8re que ce soit.<\/p><p>Je comprends et j'accepte que ces photographies et\/ou clips vid\u00e9o et audio puissent \u00eatre utilis\u00e9s dans tous les m\u00e9dias, tels que la presse \u00e9crite, la radio et la t\u00e9l\u00e9vision, et les supports \u00e9lectroniques\/en ligne, \u00e0 diverses fins, y compris, mais sans s'y limiter, \u00e0 des fins promotionnelles et publicitaires, des communiqu\u00e9s d'affaires publiques, des supports \u00e9ducatifs ou de recrutement, ou d'autres activit\u00e9s connexes. Ce mat\u00e9riel peut \u00e9galement appara\u00eetre sur le(s) site(s) ou la(les) page(s) web de MCE ou sur d'autres sites web de tiers ou sur des m\u00e9dias sociaux.  J'accepte que le mat\u00e9riel soit combin\u00e9 \u00e0 d'autres images, textes, graphiques, films, \u0153uvres audio et audiovisuelles, et qu'il soit recadr\u00e9, alt\u00e9r\u00e9 ou modifi\u00e9.  Je renonce \u00e0 tout droit que je pourrais avoir d'inspecter ou d'approuver le ou les produits finis, ou le texte publicitaire ou tout autre document publi\u00e9 qui pourrait \u00eatre utilis\u00e9 en relation avec ceux-ci, ou l'utilisation qui pourrait en \u00eatre faite.<\/p><p>Je suis inform\u00e9(e) et je reconnais que je ne recevrai aucune compensation pour l'utilisation, la reproduction, la licence ou la publication de mon image. Je d\u00e9charge \u00e9galement MCE de toute r\u00e9clamation pouvant d\u00e9couler de l'utilisation de mon image, y compris, mais sans s'y limiter, toute r\u00e9clamation pour diffamation, atteinte \u00e0 la vie priv\u00e9e et violation des droits moraux, des droits de publicit\u00e9, des marques commerciales et des droits d'auteur.<\/p><p>J'ai lu la pr\u00e9sente autorisation et d\u00e9charge. Je certifie que je ne suis pas mineur et que je suis libre et apte \u00e0 donner ce consentement. Si la personne cit\u00e9e est mineure ou incapable dans la juridiction o\u00f9 elle r\u00e9side, le parent et\/ou le tuteur l\u00e9gal garantit et d\u00e9clare qu'il est le tuteur l\u00e9gal de ladite personne et qu'il a la pleine capacit\u00e9 juridique de consentir \u00e0 la prise de vue photo\/vid\u00e9o et de signer le pr\u00e9sent formulaire d'autorisation de prise de vue photo\/vid\u00e9o. Si le soussign\u00e9 signe ce formulaire en tant qu'agent ou employ\u00e9 d'une soci\u00e9t\u00e9 ou d'une organisation, il garantit qu'il est pleinement autoris\u00e9 \u00e0 le faire. La pr\u00e9sente d\u00e9charge lie le soussign\u00e9 et ses h\u00e9ritiers, repr\u00e9sentants l\u00e9gaux, successeurs et ayants droit.<\/p><\/div>\t\t\t\t\t\t\t\t<\/div>\n\t\t\t\t<\/div>\n\t\t\t\t\t<\/div>\n\t\t\t\t<\/div>\n\t\t\t\t\t<\/div>\n\t\t\t\t<\/div>\n\t\t<div data-particle_enable=\"false\" data-particle-mobile-disabled=\"false\" class=\"elementor-element elementor-element-4b01c76 e-flex e-con-boxed e-con e-parent\" data-id=\"4b01c76\" data-element_type=\"container\" data-e-type=\"container\" data-settings=\"{&quot;jet_parallax_layout_list&quot;:[]}\">\n\t\t\t\t\t<div class=\"e-con-inner\">\n\t\t\t\t<div class=\"elementor-element elementor-element-0417ec1 elementor-widget elementor-widget-spacer\" data-id=\"0417ec1\" data-element_type=\"widget\" data-e-type=\"widget\" data-widget_type=\"spacer.default\">\n\t\t\t\t<div class=\"elementor-widget-container\">\n\t\t\t\t\t\t\t<div class=\"elementor-spacer\">\n\t\t\t<div class=\"elementor-spacer-inner\"><\/div>\n\t\t<\/div>\n\t\t\t\t\t\t<\/div>\n\t\t\t\t<\/div>\n\t\t\t\t\t<\/div>\n\t\t\t\t<\/div>\n\t\t\t\t<\/div>","protected":false},"excerpt":{"rendered":"<p>Waiver and Photo\/Video Release I hereby irrevocably grant and authorize Marin Clean Energy \u201cMCE&#8221; (a) the right to use, reproduce, and publish my image, likeness, name and\/or voice in any [&hellip;]<\/p>\n","protected":false},"author":6,"featured_media":18838,"parent":0,"menu_order":0,"comment_status":"closed","ping_status":"closed","template":"","meta":{"_acf_changed":false,"_searchwp_excluded":"","footnotes":""},"class_list":["post-15972","page","type-page","status-publish","has-post-thumbnail","hentry"],"acf":[],"yoast_head":"<!-- This site is optimized with the Yoast SEO Premium plugin v27.2 (Yoast SEO v27.2) - https:\/\/yoast.com\/product\/yoast-seo-premium-wordpress\/ -->\n<title>MCE Waiver and Photo\/Video Release<\/title>\n<meta name=\"description\" content=\"MCE&#039;s authorization and waiver for photos, videos, audio, etc. - review for more details and full legal terms and conditions.\" \/>\n<meta name=\"robots\" content=\"index, follow, max-snippet:-1, max-image-preview:large, max-video-preview:-1\" \/>\n<link rel=\"canonical\" href=\"https:\/\/mcecleanenergy.org\/fr\/waiver-and-photo-video-release\/\" \/>\n<meta property=\"og:locale\" content=\"fr_FR\" \/>\n<meta property=\"og:type\" content=\"article\" \/>\n<meta property=\"og:title\" content=\"MCE Waiver and Photo\/Video Release\" \/>\n<meta property=\"og:description\" content=\"MCE&#039;s authorization and waiver for photos, videos, audio, etc. - review for more details and full legal terms and conditions.\" \/>\n<meta property=\"og:url\" content=\"https:\/\/mcecleanenergy.org\/fr\/waiver-and-photo-video-release\/\" \/>\n<meta property=\"og:site_name\" content=\"MCE \u2013 Community Choice Energy\" \/>\n<meta property=\"article:publisher\" content=\"https:\/\/www.facebook.com\/mceCleanEnergy\/\" \/>\n<meta property=\"article:modified_time\" content=\"2024-09-19T00:31:56+00:00\" \/>\n<meta property=\"og:image\" content=\"https:\/\/mcecleanenergy.org\/wp-content\/uploads\/2024\/03\/AdobeStock_136756545-scaled.jpeg\" \/>\n\t<meta property=\"og:image:width\" content=\"2560\" \/>\n\t<meta property=\"og:image:height\" content=\"1707\" \/>\n\t<meta property=\"og:image:type\" content=\"image\/jpeg\" \/>\n<meta name=\"twitter:card\" content=\"summary_large_image\" \/>\n<meta name=\"twitter:title\" content=\"Waiver and Photo\/Video Release (Legal)\" \/>\n<meta name=\"twitter:description\" content=\"Waiver and Photo\/Video Release I hereby irrevocably grant and authorize Marin Clean Energy \u201cMCE&quot; (a) the right to use, reproduce, and publish my image,\" \/>\n<meta name=\"twitter:site\" content=\"@MCECleanEnergy\" \/>\n<meta name=\"twitter:label1\" content=\"Dur\u00e9e de lecture estim\u00e9e\" \/>\n\t<meta name=\"twitter:data1\" content=\"2 minutes\" \/>\n<script type=\"application\/ld+json\" class=\"yoast-schema-graph\">{\"@context\":\"https:\/\/schema.org\",\"@graph\":[{\"@type\":\"WebPage\",\"@id\":\"https:\/\/mcecleanenergy.org\/waiver-and-photo-video-release\/\",\"url\":\"https:\/\/mcecleanenergy.org\/waiver-and-photo-video-release\/\",\"name\":\"MCE Waiver and Photo\/Video Release\",\"isPartOf\":{\"@id\":\"https:\/\/mcecleanenergy.org\/#website\"},\"primaryImageOfPage\":{\"@id\":\"https:\/\/mcecleanenergy.org\/waiver-and-photo-video-release\/#primaryimage\"},\"image\":{\"@id\":\"https:\/\/mcecleanenergy.org\/waiver-and-photo-video-release\/#primaryimage\"},\"thumbnailUrl\":\"https:\/\/mcecleanenergy.org\/wp-content\/uploads\/2024\/03\/AdobeStock_136756545-scaled.jpeg\",\"datePublished\":\"2024-03-12T05:38:50+00:00\",\"dateModified\":\"2024-09-19T00:31:56+00:00\",\"description\":\"MCE's authorization and waiver for photos, videos, audio, etc. - review for more details and full legal terms and conditions.\",\"breadcrumb\":{\"@id\":\"https:\/\/mcecleanenergy.org\/waiver-and-photo-video-release\/#breadcrumb\"},\"inLanguage\":\"fr-FR\",\"potentialAction\":[{\"@type\":\"ReadAction\",\"target\":[\"https:\/\/mcecleanenergy.org\/waiver-and-photo-video-release\/\"]}]},{\"@type\":\"ImageObject\",\"inLanguage\":\"fr-FR\",\"@id\":\"https:\/\/mcecleanenergy.org\/waiver-and-photo-video-release\/#primaryimage\",\"url\":\"https:\/\/mcecleanenergy.org\/wp-content\/uploads\/2024\/03\/AdobeStock_136756545-scaled.jpeg\",\"contentUrl\":\"https:\/\/mcecleanenergy.org\/wp-content\/uploads\/2024\/03\/AdobeStock_136756545-scaled.jpeg\",\"width\":2560,\"height\":1707,\"caption\":\"African male holding piece of paper while paying gas and electricity bills online on notebook pc. Young family calculating their expenses, planning domestic budget, sitting in kitchen interior\"},{\"@type\":\"BreadcrumbList\",\"@id\":\"https:\/\/mcecleanenergy.org\/waiver-and-photo-video-release\/#breadcrumb\",\"itemListElement\":[{\"@type\":\"ListItem\",\"position\":1,\"name\":\"Home\",\"item\":\"https:\/\/mcecleanenergy.org\/\"},{\"@type\":\"ListItem\",\"position\":2,\"name\":\"Waiver and Photo\/Video Release (Legal)\"}]},{\"@type\":\"WebSite\",\"@id\":\"https:\/\/mcecleanenergy.org\/#website\",\"url\":\"https:\/\/mcecleanenergy.org\/\",\"name\":\"MCE \u2013 Community Choice Energy\",\"description\":\"\",\"publisher\":{\"@id\":\"https:\/\/mcecleanenergy.org\/#organization\"},\"potentialAction\":[{\"@type\":\"SearchAction\",\"target\":{\"@type\":\"EntryPoint\",\"urlTemplate\":\"https:\/\/mcecleanenergy.org\/?s={search_term_string}\"},\"query-input\":{\"@type\":\"PropertyValueSpecification\",\"valueRequired\":true,\"valueName\":\"search_term_string\"}}],\"inLanguage\":\"fr-FR\"},{\"@type\":\"Organization\",\"@id\":\"https:\/\/mcecleanenergy.org\/#organization\",\"name\":\"MCE\",\"url\":\"https:\/\/mcecleanenergy.org\/\",\"logo\":{\"@type\":\"ImageObject\",\"inLanguage\":\"fr-FR\",\"@id\":\"https:\/\/mcecleanenergy.org\/#\/schema\/logo\/image\/\",\"url\":\"https:\/\/mcecleanenergy.org\/wp-content\/uploads\/2024\/05\/MCE_Logo_Full-Color_RGB_050324.png\",\"contentUrl\":\"https:\/\/mcecleanenergy.org\/wp-content\/uploads\/2024\/05\/MCE_Logo_Full-Color_RGB_050324.png\",\"width\":5001,\"height\":2986,\"caption\":\"MCE\"},\"image\":{\"@id\":\"https:\/\/mcecleanenergy.org\/#\/schema\/logo\/image\/\"},\"sameAs\":[\"https:\/\/www.facebook.com\/mceCleanEnergy\/\",\"https:\/\/x.com\/MCECleanEnergy\",\"https:\/\/www.instagram.com\/mcecleanenergy\/\",\"https:\/\/www.linkedin.com\/company\/mcecleanenergy\/\",\"https:\/\/www.youtube.com\/c\/Mcecleanenergy\/\",\"https:\/\/en.wikipedia.org\/wiki\/Community_Choice_Aggregation#Marin_Clean_Energy\"]}]}<\/script>\n<!-- \/ Yoast SEO Premium plugin. -->","yoast_head_json":{"title":"Renonciation \u00e0 la MCE et autorisation de photographier ou de filmer","description":"MCE's authorization and waiver for photos, videos, audio, etc. - review for more details and full legal terms and conditions.","robots":{"index":"index","follow":"follow","max-snippet":"max-snippet:-1","max-image-preview":"max-image-preview:large","max-video-preview":"max-video-preview:-1"},"canonical":"https:\/\/mcecleanenergy.org\/fr\/waiver-and-photo-video-release\/","og_locale":"fr_FR","og_type":"article","og_title":"MCE Waiver and Photo\/Video Release","og_description":"MCE's authorization and waiver for photos, videos, audio, etc. - review for more details and full legal terms and conditions.","og_url":"https:\/\/mcecleanenergy.org\/fr\/waiver-and-photo-video-release\/","og_site_name":"MCE \u2013 Community Choice Energy","article_publisher":"https:\/\/www.facebook.com\/mceCleanEnergy\/","article_modified_time":"2024-09-19T00:31:56+00:00","og_image":[{"width":2560,"height":1707,"url":"https:\/\/mcecleanenergy.org\/wp-content\/uploads\/2024\/03\/AdobeStock_136756545-scaled.jpeg","type":"image\/jpeg"}],"twitter_card":"summary_large_image","twitter_title":"Waiver and Photo\/Video Release (Legal)","twitter_description":"Waiver and Photo\/Video Release I hereby irrevocably grant and authorize Marin Clean Energy \u201cMCE\" (a) the right to use, reproduce, and publish my image,","twitter_site":"@MCECleanEnergy","twitter_misc":{"Dur\u00e9e de lecture estim\u00e9e":"2 minutes"},"schema":{"@context":"https:\/\/schema.org","@graph":[{"@type":"WebPage","@id":"https:\/\/mcecleanenergy.org\/waiver-and-photo-video-release\/","url":"https:\/\/mcecleanenergy.org\/waiver-and-photo-video-release\/","name":"Renonciation \u00e0 la MCE et autorisation de photographier ou de filmer","isPartOf":{"@id":"https:\/\/mcecleanenergy.org\/#website"},"primaryImageOfPage":{"@id":"https:\/\/mcecleanenergy.org\/waiver-and-photo-video-release\/#primaryimage"},"image":{"@id":"https:\/\/mcecleanenergy.org\/waiver-and-photo-video-release\/#primaryimage"},"thumbnailUrl":"https:\/\/mcecleanenergy.org\/wp-content\/uploads\/2024\/03\/AdobeStock_136756545-scaled.jpeg","datePublished":"2024-03-12T05:38:50+00:00","dateModified":"2024-09-19T00:31:56+00:00","description":"MCE's authorization and waiver for photos, videos, audio, etc. - review for more details and full legal terms and conditions.","breadcrumb":{"@id":"https:\/\/mcecleanenergy.org\/waiver-and-photo-video-release\/#breadcrumb"},"inLanguage":"fr-FR","potentialAction":[{"@type":"ReadAction","target":["https:\/\/mcecleanenergy.org\/waiver-and-photo-video-release\/"]}]},{"@type":"ImageObject","inLanguage":"fr-FR","@id":"https:\/\/mcecleanenergy.org\/waiver-and-photo-video-release\/#primaryimage","url":"https:\/\/mcecleanenergy.org\/wp-content\/uploads\/2024\/03\/AdobeStock_136756545-scaled.jpeg","contentUrl":"https:\/\/mcecleanenergy.org\/wp-content\/uploads\/2024\/03\/AdobeStock_136756545-scaled.jpeg","width":2560,"height":1707,"caption":"African male holding piece of paper while paying gas and electricity bills online on notebook pc. Young family calculating their expenses, planning domestic budget, sitting in kitchen interior"},{"@type":"BreadcrumbList","@id":"https:\/\/mcecleanenergy.org\/waiver-and-photo-video-release\/#breadcrumb","itemListElement":[{"@type":"ListItem","position":1,"name":"Home","item":"https:\/\/mcecleanenergy.org\/"},{"@type":"ListItem","position":2,"name":"Waiver and Photo\/Video Release (Legal)"}]},{"@type":"WebSite","@id":"https:\/\/mcecleanenergy.org\/#website","url":"https:\/\/mcecleanenergy.org\/","name":"MCE - \u00c9nergie de choix communautaire","description":"","publisher":{"@id":"https:\/\/mcecleanenergy.org\/#organization"},"potentialAction":[{"@type":"SearchAction","target":{"@type":"EntryPoint","urlTemplate":"https:\/\/mcecleanenergy.org\/?s={search_term_string}"},"query-input":{"@type":"PropertyValueSpecification","valueRequired":true,"valueName":"search_term_string"}}],"inLanguage":"fr-FR"},{"@type":"Organization","@id":"https:\/\/mcecleanenergy.org\/#organization","name":"MCE","url":"https:\/\/mcecleanenergy.org\/","logo":{"@type":"ImageObject","inLanguage":"fr-FR","@id":"https:\/\/mcecleanenergy.org\/#\/schema\/logo\/image\/","url":"https:\/\/mcecleanenergy.org\/wp-content\/uploads\/2024\/05\/MCE_Logo_Full-Color_RGB_050324.png","contentUrl":"https:\/\/mcecleanenergy.org\/wp-content\/uploads\/2024\/05\/MCE_Logo_Full-Color_RGB_050324.png","width":5001,"height":2986,"caption":"MCE"},"image":{"@id":"https:\/\/mcecleanenergy.org\/#\/schema\/logo\/image\/"},"sameAs":["https:\/\/www.facebook.com\/mceCleanEnergy\/","https:\/\/x.com\/MCECleanEnergy","https:\/\/www.instagram.com\/mcecleanenergy\/","https:\/\/www.linkedin.com\/company\/mcecleanenergy\/","https:\/\/www.youtube.com\/c\/Mcecleanenergy\/","https:\/\/en.wikipedia.org\/wiki\/Community_Choice_Aggregation#Marin_Clean_Energy"]}]}},"_links":{"self":[{"href":"https:\/\/mcecleanenergy.org\/fr\/wp-json\/wp\/v2\/pages\/15972","targetHints":{"allow":["GET"]}}],"collection":[{"href":"https:\/\/mcecleanenergy.org\/fr\/wp-json\/wp\/v2\/pages"}],"about":[{"href":"https:\/\/mcecleanenergy.org\/fr\/wp-json\/wp\/v2\/types\/page"}],"author":[{"embeddable":true,"href":"https:\/\/mcecleanenergy.org\/fr\/wp-json\/wp\/v2\/users\/6"}],"replies":[{"embeddable":true,"href":"https:\/\/mcecleanenergy.org\/fr\/wp-json\/wp\/v2\/comments?post=15972"}],"version-history":[{"count":0,"href":"https:\/\/mcecleanenergy.org\/fr\/wp-json\/wp\/v2\/pages\/15972\/revisions"}],"wp:featuredmedia":[{"embeddable":true,"href":"https:\/\/mcecleanenergy.org\/fr\/wp-json\/wp\/v2\/media\/18838"}],"wp:attachment":[{"href":"https:\/\/mcecleanenergy.org\/fr\/wp-json\/wp\/v2\/media?parent=15972"}],"curies":[{"name":"wp","href":"https:\/\/api.w.org\/{rel}","templated":true}]}}