{"id":18110,"date":"2024-03-13T00:11:07","date_gmt":"2024-03-13T07:11:07","guid":{"rendered":"https:\/\/mcecleanenergy.org\/?page_id=18110"},"modified":"2024-09-18T17:10:37","modified_gmt":"2024-09-19T00:10:37","slug":"mce-sync-referral-terms","status":"publish","type":"page","link":"https:\/\/mcecleanenergy.org\/fr\/mce-sync-referral-terms\/","title":{"rendered":"MCE Sync Referral Terms"},"content":{"rendered":"<div data-elementor-type=\"wp-page\" data-elementor-id=\"18110\" class=\"elementor elementor-18110\" data-elementor-post-type=\"page\">\n\t\t\t\t<div data-particle_enable=\"false\" data-particle-mobile-disabled=\"false\" class=\"elementor-element elementor-element-d3da486 e-flex e-con-boxed e-con e-parent\" data-id=\"d3da486\" data-element_type=\"container\" data-e-type=\"container\" data-settings=\"{&quot;background_background&quot;:&quot;classic&quot;,&quot;jet_parallax_layout_list&quot;:[]}\">\n\t\t\t\t\t<div class=\"e-con-inner\">\n\t\t\t\t<div class=\"elementor-element elementor-element-cb9638b elementor-widget__width-initial elementor-widget elementor-widget-heading\" data-id=\"cb9638b\" data-element_type=\"widget\" data-e-type=\"widget\" data-widget_type=\"heading.default\">\n\t\t\t\t<div class=\"elementor-widget-container\">\n\t\t\t\t\t<h1 class=\"elementor-heading-title elementor-size-default\">Conditions g\u00e9n\u00e9rales du bonus de parrainage de MCE Sync<\/h1>\t\t\t\t<\/div>\n\t\t\t\t<\/div>\n\t\t\t\t\t<\/div>\n\t\t\t\t<\/div>\n\t\t<div data-particle_enable=\"false\" data-particle-mobile-disabled=\"false\" class=\"elementor-element elementor-element-c4b7da8 e-flex e-con-boxed e-con e-parent\" data-id=\"c4b7da8\" data-element_type=\"container\" data-e-type=\"container\" data-settings=\"{&quot;background_background&quot;:&quot;gradient&quot;,&quot;jet_parallax_layout_list&quot;:[]}\">\n\t\t\t\t\t<div class=\"e-con-inner\">\n\t\t\t\t\t<\/div>\n\t\t\t\t<\/div>\n\t\t<div data-particle_enable=\"false\" data-particle-mobile-disabled=\"false\" class=\"elementor-element elementor-element-59142f4 e-flex e-con-boxed e-con e-parent\" data-id=\"59142f4\" data-element_type=\"container\" data-e-type=\"container\" data-settings=\"{&quot;jet_parallax_layout_list&quot;:[]}\">\n\t\t\t\t\t<div class=\"e-con-inner\">\n\t\t<div data-particle_enable=\"false\" data-particle-mobile-disabled=\"false\" class=\"elementor-element elementor-element-6734c27 e-flex e-con-boxed e-con e-child\" data-id=\"6734c27\" data-element_type=\"container\" data-e-type=\"container\" data-settings=\"{&quot;jet_parallax_layout_list&quot;:[]}\">\n\t\t\t\t\t<div class=\"e-con-inner\">\n\t\t<div data-particle_enable=\"false\" data-particle-mobile-disabled=\"false\" class=\"elementor-element elementor-element-22f61ff e-flex e-con-boxed e-con e-child\" data-id=\"22f61ff\" data-element_type=\"container\" data-e-type=\"container\" data-settings=\"{&quot;jet_parallax_layout_list&quot;:[]}\">\n\t\t\t\t\t<div class=\"e-con-inner\">\n\t\t\t\t<div class=\"elementor-element elementor-element-5f4cf28 elementor-widget elementor-widget-heading\" data-id=\"5f4cf28\" data-element_type=\"widget\" data-e-type=\"widget\" data-widget_type=\"heading.default\">\n\t\t\t\t<div class=\"elementor-widget-container\">\n\t\t\t\t\t<h4 class=\"elementor-heading-title elementor-size-default\">Pour b\u00e9n\u00e9ficier de la promotion du programme de parrainage MCE Sync, administr\u00e9 par l'agent agr\u00e9\u00e9 de MCE, ev.energy, les conditions suivantes s'appliquent.<\/h4>\t\t\t\t<\/div>\n\t\t\t\t<\/div>\n\t\t\t\t\t<\/div>\n\t\t\t\t<\/div>\n\t\t\t\t\t<\/div>\n\t\t\t\t<\/div>\n\t\t<div data-particle_enable=\"false\" data-particle-mobile-disabled=\"false\" class=\"elementor-element elementor-element-5b31ca0 e-flex e-con-boxed e-con e-child\" data-id=\"5b31ca0\" data-element_type=\"container\" data-e-type=\"container\" data-settings=\"{&quot;jet_parallax_layout_list&quot;:[]}\">\n\t\t\t\t\t<div class=\"e-con-inner\">\n\t\t\t\t<div class=\"elementor-element elementor-element-d370436 elementor-widget elementor-widget-heading\" data-id=\"d370436\" data-element_type=\"widget\" data-e-type=\"widget\" data-widget_type=\"heading.default\">\n\t\t\t\t<div class=\"elementor-widget-container\">\n\t\t\t\t\t<h3 class=\"elementor-heading-title elementor-size-default\">Acc\u00e8s et participation<\/h3>\t\t\t\t<\/div>\n\t\t\t\t<\/div>\n\t\t\t\t<div class=\"elementor-element elementor-element-114d053 elementor-widget elementor-widget-text-editor\" data-id=\"114d053\" data-element_type=\"widget\" data-e-type=\"widget\" data-widget_type=\"text-editor.default\">\n\t\t\t\t<div class=\"elementor-widget-container\">\n\t\t\t\t\t\t\t\t\t<ul>\n \t<li>Tout client de MCE (\"r\u00e9f\u00e9rent\") ayant re\u00e7u une invitation \u00e0 la promotion du programme de parrainage MCE Sync directement par courrier \u00e9lectronique peut participer.<\/li>\n \t<li>Les parrains peuvent parrainer jusqu'\u00e0 un maximum de cinq clients \u00e9ligibles de MCE par ann\u00e9e civile jusqu'au 31 mai 2025.<\/li>\n<\/ul>\t\t\t\t\t\t\t\t<\/div>\n\t\t\t\t<\/div>\n\t\t<div data-particle_enable=\"false\" data-particle-mobile-disabled=\"false\" class=\"elementor-element elementor-element-238f9fc e-flex e-con-boxed e-con e-child\" data-id=\"238f9fc\" data-element_type=\"container\" data-e-type=\"container\" data-settings=\"{&quot;jet_parallax_layout_list&quot;:[]}\">\n\t\t\t\t\t<div class=\"e-con-inner\">\n\t\t\t\t<div class=\"elementor-element elementor-element-7866e69 elementor-widget elementor-widget-heading\" data-id=\"7866e69\" data-element_type=\"widget\" data-e-type=\"widget\" data-widget_type=\"heading.default\">\n\t\t\t\t<div class=\"elementor-widget-container\">\n\t\t\t\t\t<h3 class=\"elementor-heading-title elementor-size-default\">\u00c9ligibilit\u00e9<\/h3>\t\t\t\t<\/div>\n\t\t\t\t<\/div>\n\t\t\t\t<div class=\"elementor-element elementor-element-3f837ac elementor-widget elementor-widget-text-editor\" data-id=\"3f837ac\" data-element_type=\"widget\" data-e-type=\"widget\" data-widget_type=\"text-editor.default\">\n\t\t\t\t<div class=\"elementor-widget-container\">\n\t\t\t\t\t\t\t\t\t<ul>\n \t<li>L'utilisateur recommand\u00e9 (\"r\u00e9f\u00e9rent\") doit t\u00e9l\u00e9charger l'application MCE Sync via l'App Store d'Apple ou d'Android, utiliser le code de r\u00e9f\u00e9rence d\u00e9sign\u00e9 obtenu aupr\u00e8s du r\u00e9f\u00e9rent, compl\u00e9ter le profil MCE Sync et au moins une session de recharge intelligente qualifiante avant la date limite de cl\u00f4ture de l'offre mentionn\u00e9e ci-dessus.\n<ul>\n \t<li>Une session de recharge intelligente qualifi\u00e9e consiste en une session de recharge contr\u00f4l\u00e9e par le MCE Sync via <a href=\"https:\/\/www.ev.energy\/drivers-home-us\" target=\"_blank\" rel=\"noopener\">ev.energy<\/a> avec la fonctionnalit\u00e9 Smart Charge activ\u00e9e tout au long de la session, et la fourniture d'au moins 10 kWh d'\u00e9lectricit\u00e9 \u00e0 la charge du v\u00e9hicule.<\/li>\n<\/ul>\n<\/li>\n<\/ul>\t\t\t\t\t\t\t\t<\/div>\n\t\t\t\t<\/div>\n\t\t\t\t\t<\/div>\n\t\t\t\t<\/div>\n\t\t<div data-particle_enable=\"false\" data-particle-mobile-disabled=\"false\" class=\"elementor-element elementor-element-93a433a e-flex e-con-boxed e-con e-child\" data-id=\"93a433a\" data-element_type=\"container\" data-e-type=\"container\" data-settings=\"{&quot;jet_parallax_layout_list&quot;:[]}\">\n\t\t\t\t\t<div class=\"e-con-inner\">\n\t\t\t\t<div class=\"elementor-element elementor-element-e53eee9 elementor-widget elementor-widget-heading\" data-id=\"e53eee9\" data-element_type=\"widget\" data-e-type=\"widget\" data-widget_type=\"heading.default\">\n\t\t\t\t<div class=\"elementor-widget-container\">\n\t\t\t\t\t<h3 class=\"elementor-heading-title elementor-size-default\">Paiement incitatif<\/h3>\t\t\t\t<\/div>\n\t\t\t\t<\/div>\n\t\t\t\t<div class=\"elementor-element elementor-element-8fe255f elementor-widget elementor-widget-text-editor\" data-id=\"8fe255f\" data-element_type=\"widget\" data-e-type=\"widget\" data-widget_type=\"text-editor.default\">\n\t\t\t\t<div class=\"elementor-widget-container\">\n\t\t\t\t\t\t\t\t\t<ul>\n \t<li>Une fois qu'une session de recharge intelligente qualifiante est enregistr\u00e9e par le r\u00e9f\u00e9rent et que son \u00e9ligibilit\u00e9 est confirm\u00e9e par MCE, le r\u00e9f\u00e9rent recevra un paiement promotionnel $25 via Paypal, ou tout autre \u00e9quivalent en esp\u00e8ces \u00e9changeable d\u00e9termin\u00e9 par MCE, dans les 60 jours suivant la confirmation de MCE.<\/li>\n \t<li>Pour chaque r\u00e9f\u00e9rence r\u00e9ussie, <a href=\"https:\/\/ev.energy\/\" target=\"_blank\" rel=\"noopener\">ev.energy<\/a> enverra un paiement promotionnel de $25, via PayPal, au nom de MCE au r\u00e9f\u00e9rent.<\/li>\n<\/ul>\t\t\t\t\t\t\t\t<\/div>\n\t\t\t\t<\/div>\n\t\t\t\t\t<\/div>\n\t\t\t\t<\/div>\n\t\t<div data-particle_enable=\"false\" data-particle-mobile-disabled=\"false\" class=\"elementor-element elementor-element-b0524db e-flex e-con-boxed e-con e-child\" data-id=\"b0524db\" data-element_type=\"container\" data-e-type=\"container\" data-settings=\"{&quot;jet_parallax_layout_list&quot;:[]}\">\n\t\t\t\t\t<div class=\"e-con-inner\">\n\t\t\t\t<div class=\"elementor-element elementor-element-506792d elementor-widget elementor-widget-heading\" data-id=\"506792d\" data-element_type=\"widget\" data-e-type=\"widget\" data-widget_type=\"heading.default\">\n\t\t\t\t<div class=\"elementor-widget-container\">\n\t\t\t\t\t<h3 class=\"elementor-heading-title elementor-size-default\">Divers<\/h3>\t\t\t\t<\/div>\n\t\t\t\t<\/div>\n\t\t\t\t<div class=\"elementor-element elementor-element-8a7452d elementor-widget elementor-widget-text-editor\" data-id=\"8a7452d\" data-element_type=\"widget\" data-e-type=\"widget\" data-widget_type=\"text-editor.default\">\n\t\t\t\t<div class=\"elementor-widget-container\">\n\t\t\t\t\t\t\t\t\t<ul><li>Les parrains et les arbitres doivent \u00eatre \u00e2g\u00e9s de plus de 18 ans et r\u00e9sider en permanence en Californie pour pouvoir b\u00e9n\u00e9ficier de ce paiement promotionnel.<\/li><li>Ce paiement promotionnel ne peut \u00eatre utilis\u00e9 qu'une seule fois par foyer de client MCE parrain\u00e9. Si plusieurs clients MCE parrainent le m\u00eame foyer, seul le premier code de parrainage saisi permettra de b\u00e9n\u00e9ficier de cette offre.<\/li><li>MCE a le droit absolu de d\u00e9terminer comment l'offre d'\u00e9quivalent en esp\u00e8ces est mise \u00e0 la disposition de l'utilisateur en vue de son remboursement.<\/li><li>MCE se r\u00e9serve le droit de modifier ou d'annuler cette promotion sans pr\u00e9avis et sans pr\u00e9judice.<\/li><li>MCE n'est pas responsable des taxes qui pourraient \u00eatre impos\u00e9es \u00e0 un client MCE \u00e0 la suite du paiement promotionnel.<\/li><li>MCE aura toute latitude pour d\u00e9cider de la r\u00e9solution finale de tout probl\u00e8me li\u00e9 au programme d'orientation MCE Sync.<\/li><\/ul>\t\t\t\t\t\t\t\t<\/div>\n\t\t\t\t<\/div>\n\t\t\t\t\t<\/div>\n\t\t\t\t<\/div>\n\t\t\t\t\t<\/div>\n\t\t\t\t<\/div>\n\t\t\t\t\t<\/div>\n\t\t\t\t<\/div>\n\t\t<div data-particle_enable=\"false\" data-particle-mobile-disabled=\"false\" class=\"elementor-element elementor-element-a6b9f29 e-flex e-con-boxed e-con e-parent\" data-id=\"a6b9f29\" data-element_type=\"container\" data-e-type=\"container\" data-settings=\"{&quot;jet_parallax_layout_list&quot;:[]}\">\n\t\t\t\t\t<div class=\"e-con-inner\">\n\t\t\t\t<div class=\"elementor-element elementor-element-60d886a elementor-widget elementor-widget-spacer\" data-id=\"60d886a\" data-element_type=\"widget\" data-e-type=\"widget\" data-widget_type=\"spacer.default\">\n\t\t\t\t<div class=\"elementor-widget-container\">\n\t\t\t\t\t\t\t<div class=\"elementor-spacer\">\n\t\t\t<div class=\"elementor-spacer-inner\"><\/div>\n\t\t<\/div>\n\t\t\t\t\t\t<\/div>\n\t\t\t\t<\/div>\n\t\t\t\t\t<\/div>\n\t\t\t\t<\/div>\n\t\t\t\t<\/div>","protected":false},"excerpt":{"rendered":"<p>MCE Sync Referral Bonus Terms &amp; Conditions To take advantage of the MCE Sync Referral Program Promotion, administered by MCE\u2019s Authorized Agent, ev.energy, the following terms and conditions apply. Access [&hellip;]<\/p>\n","protected":false},"author":6,"featured_media":36118,"parent":0,"menu_order":0,"comment_status":"closed","ping_status":"closed","template":"","meta":{"_acf_changed":false,"_searchwp_excluded":"","footnotes":""},"class_list":["post-18110","page","type-page","status-publish","has-post-thumbnail","hentry"],"acf":[],"yoast_head":"<!-- This site is optimized with the Yoast SEO Premium plugin v27.4 (Yoast SEO v27.4) - https:\/\/yoast.com\/product\/yoast-seo-premium-wordpress\/ -->\n<title>MCE Sync Referral Program Terms &amp; Conditions<\/title>\n<meta name=\"description\" content=\"To take advantage of the MCE Sync Referral Program Promotion, administered by MCE\u2019s Authorized Agent, ev.energy, the following terms and conditions apply.\" \/>\n<meta name=\"robots\" content=\"index, follow, max-snippet:-1, max-image-preview:large, max-video-preview:-1\" \/>\n<link rel=\"canonical\" href=\"https:\/\/mcecleanenergy.org\/fr\/mce-sync-referral-terms\/\" \/>\n<meta property=\"og:locale\" content=\"fr_FR\" \/>\n<meta property=\"og:type\" content=\"article\" \/>\n<meta property=\"og:title\" content=\"MCE Sync Referral Program Terms &amp; Conditions\" \/>\n<meta property=\"og:description\" content=\"To take advantage of the MCE Sync Referral Program Promotion, administered by MCE\u2019s Authorized Agent, ev.energy, the following terms and conditions apply.\" \/>\n<meta property=\"og:url\" content=\"https:\/\/mcecleanenergy.org\/fr\/mce-sync-referral-terms\/\" \/>\n<meta property=\"og:site_name\" content=\"MCE \u2013 Community Choice Energy\" \/>\n<meta property=\"article:publisher\" content=\"https:\/\/www.facebook.com\/mceCleanEnergy\/\" \/>\n<meta property=\"article:modified_time\" content=\"2024-09-19T00:10:37+00:00\" \/>\n<meta property=\"og:image\" content=\"https:\/\/mcecleanenergy.org\/wp-content\/uploads\/2024\/05\/iStock-1864219628-smartphone-good-news-scaled.jpg\" \/>\n\t<meta property=\"og:image:width\" content=\"2560\" \/>\n\t<meta property=\"og:image:height\" content=\"1707\" \/>\n\t<meta property=\"og:image:type\" content=\"image\/jpeg\" \/>\n<meta name=\"twitter:card\" content=\"summary_large_image\" \/>\n<meta name=\"twitter:title\" content=\"MCE Sync Referral Terms\" \/>\n<meta name=\"twitter:description\" content=\"MCE Sync Referral Bonus Terms &amp; Conditions To take advantage of the MCE Sync Referral Program Promotion, administered by MCE\u2019s Authorized Agent,\" \/>\n<meta name=\"twitter:site\" content=\"@MCECleanEnergy\" \/>\n<meta name=\"twitter:label1\" content=\"Dur\u00e9e de lecture estim\u00e9e\" \/>\n\t<meta name=\"twitter:data1\" content=\"2 minutes\" \/>\n<script type=\"application\/ld+json\" class=\"yoast-schema-graph\">{\"@context\":\"https:\\\/\\\/schema.org\",\"@graph\":[{\"@type\":\"WebPage\",\"@id\":\"https:\\\/\\\/mcecleanenergy.org\\\/mce-sync-referral-terms\\\/\",\"url\":\"https:\\\/\\\/mcecleanenergy.org\\\/mce-sync-referral-terms\\\/\",\"name\":\"MCE Sync Referral Program Terms & Conditions\",\"isPartOf\":{\"@id\":\"https:\\\/\\\/mcecleanenergy.org\\\/#website\"},\"primaryImageOfPage\":{\"@id\":\"https:\\\/\\\/mcecleanenergy.org\\\/mce-sync-referral-terms\\\/#primaryimage\"},\"image\":{\"@id\":\"https:\\\/\\\/mcecleanenergy.org\\\/mce-sync-referral-terms\\\/#primaryimage\"},\"thumbnailUrl\":\"https:\\\/\\\/mcecleanenergy.org\\\/wp-content\\\/uploads\\\/2024\\\/05\\\/iStock-1864219628-smartphone-good-news-scaled.jpg\",\"datePublished\":\"2024-03-13T07:11:07+00:00\",\"dateModified\":\"2024-09-19T00:10:37+00:00\",\"description\":\"To take advantage of the MCE Sync Referral Program Promotion, administered by MCE\u2019s Authorized Agent, ev.energy, the following terms and conditions apply.\",\"breadcrumb\":{\"@id\":\"https:\\\/\\\/mcecleanenergy.org\\\/mce-sync-referral-terms\\\/#breadcrumb\"},\"inLanguage\":\"fr-FR\",\"potentialAction\":[{\"@type\":\"ReadAction\",\"target\":[\"https:\\\/\\\/mcecleanenergy.org\\\/mce-sync-referral-terms\\\/\"]}]},{\"@type\":\"ImageObject\",\"inLanguage\":\"fr-FR\",\"@id\":\"https:\\\/\\\/mcecleanenergy.org\\\/mce-sync-referral-terms\\\/#primaryimage\",\"url\":\"https:\\\/\\\/mcecleanenergy.org\\\/wp-content\\\/uploads\\\/2024\\\/05\\\/iStock-1864219628-smartphone-good-news-scaled.jpg\",\"contentUrl\":\"https:\\\/\\\/mcecleanenergy.org\\\/wp-content\\\/uploads\\\/2024\\\/05\\\/iStock-1864219628-smartphone-good-news-scaled.jpg\",\"width\":2560,\"height\":1707,\"caption\":\"Young successful businessman walking down the street holding a phone in his hands, an Indian man using an application on a smartphone smiling contentedly from outside an office building.\"},{\"@type\":\"BreadcrumbList\",\"@id\":\"https:\\\/\\\/mcecleanenergy.org\\\/mce-sync-referral-terms\\\/#breadcrumb\",\"itemListElement\":[{\"@type\":\"ListItem\",\"position\":1,\"name\":\"Home\",\"item\":\"https:\\\/\\\/mcecleanenergy.org\\\/\"},{\"@type\":\"ListItem\",\"position\":2,\"name\":\"MCE Sync Referral Terms\"}]},{\"@type\":\"WebSite\",\"@id\":\"https:\\\/\\\/mcecleanenergy.org\\\/#website\",\"url\":\"https:\\\/\\\/mcecleanenergy.org\\\/\",\"name\":\"MCE \u2013 Community Choice Energy\",\"description\":\"\",\"publisher\":{\"@id\":\"https:\\\/\\\/mcecleanenergy.org\\\/#organization\"},\"potentialAction\":[{\"@type\":\"SearchAction\",\"target\":{\"@type\":\"EntryPoint\",\"urlTemplate\":\"https:\\\/\\\/mcecleanenergy.org\\\/?s={search_term_string}\"},\"query-input\":{\"@type\":\"PropertyValueSpecification\",\"valueRequired\":true,\"valueName\":\"search_term_string\"}}],\"inLanguage\":\"fr-FR\"},{\"@type\":\"Organization\",\"@id\":\"https:\\\/\\\/mcecleanenergy.org\\\/#organization\",\"name\":\"MCE\",\"url\":\"https:\\\/\\\/mcecleanenergy.org\\\/\",\"logo\":{\"@type\":\"ImageObject\",\"inLanguage\":\"fr-FR\",\"@id\":\"https:\\\/\\\/mcecleanenergy.org\\\/#\\\/schema\\\/logo\\\/image\\\/\",\"url\":\"https:\\\/\\\/mcecleanenergy.org\\\/wp-content\\\/uploads\\\/2024\\\/05\\\/MCE_Logo_Full-Color_RGB_050324.png\",\"contentUrl\":\"https:\\\/\\\/mcecleanenergy.org\\\/wp-content\\\/uploads\\\/2024\\\/05\\\/MCE_Logo_Full-Color_RGB_050324.png\",\"width\":5001,\"height\":2986,\"caption\":\"MCE\"},\"image\":{\"@id\":\"https:\\\/\\\/mcecleanenergy.org\\\/#\\\/schema\\\/logo\\\/image\\\/\"},\"sameAs\":[\"https:\\\/\\\/www.facebook.com\\\/mceCleanEnergy\\\/\",\"https:\\\/\\\/x.com\\\/MCECleanEnergy\",\"https:\\\/\\\/www.instagram.com\\\/mcecleanenergy\\\/\",\"https:\\\/\\\/www.linkedin.com\\\/company\\\/mcecleanenergy\\\/\",\"https:\\\/\\\/www.youtube.com\\\/c\\\/Mcecleanenergy\\\/\",\"https:\\\/\\\/en.wikipedia.org\\\/wiki\\\/Community_Choice_Aggregation#Marin_Clean_Energy\"]}]}<\/script>\n<!-- \/ Yoast SEO Premium plugin. -->","yoast_head_json":{"title":"MCE Sync Referral Program Terms & Conditions","description":"Pour b\u00e9n\u00e9ficier de la promotion du programme de parrainage MCE Sync, administr\u00e9 par l'agent agr\u00e9\u00e9 de MCE, ev.energy, les conditions suivantes s'appliquent.","robots":{"index":"index","follow":"follow","max-snippet":"max-snippet:-1","max-image-preview":"max-image-preview:large","max-video-preview":"max-video-preview:-1"},"canonical":"https:\/\/mcecleanenergy.org\/fr\/mce-sync-referral-terms\/","og_locale":"fr_FR","og_type":"article","og_title":"MCE Sync Referral Program Terms & Conditions","og_description":"To take advantage of the MCE Sync Referral Program Promotion, administered by MCE\u2019s Authorized Agent, ev.energy, the following terms and conditions apply.","og_url":"https:\/\/mcecleanenergy.org\/fr\/mce-sync-referral-terms\/","og_site_name":"MCE \u2013 Community Choice Energy","article_publisher":"https:\/\/www.facebook.com\/mceCleanEnergy\/","article_modified_time":"2024-09-19T00:10:37+00:00","og_image":[{"width":2560,"height":1707,"url":"https:\/\/mcecleanenergy.org\/wp-content\/uploads\/2024\/05\/iStock-1864219628-smartphone-good-news-scaled.jpg","type":"image\/jpeg"}],"twitter_card":"summary_large_image","twitter_title":"MCE Sync Referral Terms","twitter_description":"MCE Sync Referral Bonus Terms &amp; Conditions To take advantage of the MCE Sync Referral Program Promotion, administered by MCE\u2019s Authorized Agent,","twitter_site":"@MCECleanEnergy","twitter_misc":{"Dur\u00e9e de lecture estim\u00e9e":"2 minutes"},"schema":{"@context":"https:\/\/schema.org","@graph":[{"@type":"WebPage","@id":"https:\/\/mcecleanenergy.org\/mce-sync-referral-terms\/","url":"https:\/\/mcecleanenergy.org\/mce-sync-referral-terms\/","name":"MCE Sync Referral Program Terms & Conditions","isPartOf":{"@id":"https:\/\/mcecleanenergy.org\/#website"},"primaryImageOfPage":{"@id":"https:\/\/mcecleanenergy.org\/mce-sync-referral-terms\/#primaryimage"},"image":{"@id":"https:\/\/mcecleanenergy.org\/mce-sync-referral-terms\/#primaryimage"},"thumbnailUrl":"https:\/\/mcecleanenergy.org\/wp-content\/uploads\/2024\/05\/iStock-1864219628-smartphone-good-news-scaled.jpg","datePublished":"2024-03-13T07:11:07+00:00","dateModified":"2024-09-19T00:10:37+00:00","description":"Pour b\u00e9n\u00e9ficier de la promotion du programme de parrainage MCE Sync, administr\u00e9 par l'agent agr\u00e9\u00e9 de MCE, ev.energy, les conditions suivantes s'appliquent.","breadcrumb":{"@id":"https:\/\/mcecleanenergy.org\/mce-sync-referral-terms\/#breadcrumb"},"inLanguage":"fr-FR","potentialAction":[{"@type":"ReadAction","target":["https:\/\/mcecleanenergy.org\/mce-sync-referral-terms\/"]}]},{"@type":"ImageObject","inLanguage":"fr-FR","@id":"https:\/\/mcecleanenergy.org\/mce-sync-referral-terms\/#primaryimage","url":"https:\/\/mcecleanenergy.org\/wp-content\/uploads\/2024\/05\/iStock-1864219628-smartphone-good-news-scaled.jpg","contentUrl":"https:\/\/mcecleanenergy.org\/wp-content\/uploads\/2024\/05\/iStock-1864219628-smartphone-good-news-scaled.jpg","width":2560,"height":1707,"caption":"Young successful businessman walking down the street holding a phone in his hands, an Indian man using an application on a smartphone smiling contentedly from outside an office building."},{"@type":"BreadcrumbList","@id":"https:\/\/mcecleanenergy.org\/mce-sync-referral-terms\/#breadcrumb","itemListElement":[{"@type":"ListItem","position":1,"name":"Home","item":"https:\/\/mcecleanenergy.org\/"},{"@type":"ListItem","position":2,"name":"MCE Sync Referral Terms"}]},{"@type":"WebSite","@id":"https:\/\/mcecleanenergy.org\/#website","url":"https:\/\/mcecleanenergy.org\/","name":"MCE - \u00c9nergie de choix communautaire","description":"","publisher":{"@id":"https:\/\/mcecleanenergy.org\/#organization"},"potentialAction":[{"@type":"SearchAction","target":{"@type":"EntryPoint","urlTemplate":"https:\/\/mcecleanenergy.org\/?s={search_term_string}"},"query-input":{"@type":"PropertyValueSpecification","valueRequired":true,"valueName":"search_term_string"}}],"inLanguage":"fr-FR"},{"@type":"Organization","@id":"https:\/\/mcecleanenergy.org\/#organization","name":"MCE","url":"https:\/\/mcecleanenergy.org\/","logo":{"@type":"ImageObject","inLanguage":"fr-FR","@id":"https:\/\/mcecleanenergy.org\/#\/schema\/logo\/image\/","url":"https:\/\/mcecleanenergy.org\/wp-content\/uploads\/2024\/05\/MCE_Logo_Full-Color_RGB_050324.png","contentUrl":"https:\/\/mcecleanenergy.org\/wp-content\/uploads\/2024\/05\/MCE_Logo_Full-Color_RGB_050324.png","width":5001,"height":2986,"caption":"MCE"},"image":{"@id":"https:\/\/mcecleanenergy.org\/#\/schema\/logo\/image\/"},"sameAs":["https:\/\/www.facebook.com\/mceCleanEnergy\/","https:\/\/x.com\/MCECleanEnergy","https:\/\/www.instagram.com\/mcecleanenergy\/","https:\/\/www.linkedin.com\/company\/mcecleanenergy\/","https:\/\/www.youtube.com\/c\/Mcecleanenergy\/","https:\/\/en.wikipedia.org\/wiki\/Community_Choice_Aggregation#Marin_Clean_Energy"]}]}},"_links":{"self":[{"href":"https:\/\/mcecleanenergy.org\/fr\/wp-json\/wp\/v2\/pages\/18110","targetHints":{"allow":["GET"]}}],"collection":[{"href":"https:\/\/mcecleanenergy.org\/fr\/wp-json\/wp\/v2\/pages"}],"about":[{"href":"https:\/\/mcecleanenergy.org\/fr\/wp-json\/wp\/v2\/types\/page"}],"author":[{"embeddable":true,"href":"https:\/\/mcecleanenergy.org\/fr\/wp-json\/wp\/v2\/users\/6"}],"replies":[{"embeddable":true,"href":"https:\/\/mcecleanenergy.org\/fr\/wp-json\/wp\/v2\/comments?post=18110"}],"version-history":[{"count":0,"href":"https:\/\/mcecleanenergy.org\/fr\/wp-json\/wp\/v2\/pages\/18110\/revisions"}],"wp:featuredmedia":[{"embeddable":true,"href":"https:\/\/mcecleanenergy.org\/fr\/wp-json\/wp\/v2\/media\/36118"}],"wp:attachment":[{"href":"https:\/\/mcecleanenergy.org\/fr\/wp-json\/wp\/v2\/media?parent=18110"}],"curies":[{"name":"wp","href":"https:\/\/api.w.org\/{rel}","templated":true}]}}