{"id":20821,"date":"2024-03-18T02:47:47","date_gmt":"2024-03-18T09:47:47","guid":{"rendered":"https:\/\/mcecleanenergy.org\/?page_id=20821"},"modified":"2024-09-18T17:13:21","modified_gmt":"2024-09-19T00:13:21","slug":"ada-grievance-procedure","status":"publish","type":"page","link":"https:\/\/mcecleanenergy.org\/fr\/ada-grievance-procedure\/","title":{"rendered":"Proc\u00e9dure de r\u00e8glement des griefs concernant l'ADA"},"content":{"rendered":"<div data-elementor-type=\"wp-page\" data-elementor-id=\"20821\" class=\"elementor elementor-20821\" data-elementor-post-type=\"page\">\n\t\t\t\t<div data-particle_enable=\"false\" data-particle-mobile-disabled=\"false\" class=\"elementor-element elementor-element-8eb487b e-flex e-con-boxed e-con e-parent\" data-id=\"8eb487b\" data-element_type=\"container\" data-e-type=\"container\" data-settings=\"{&quot;background_background&quot;:&quot;classic&quot;,&quot;jet_parallax_layout_list&quot;:[]}\">\n\t\t\t\t\t<div class=\"e-con-inner\">\n\t\t\t\t<div class=\"elementor-element elementor-element-8f8e315 elementor-widget__width-initial elementor-widget elementor-widget-heading\" data-id=\"8f8e315\" data-element_type=\"widget\" data-e-type=\"widget\" data-widget_type=\"heading.default\">\n\t\t\t\t<div class=\"elementor-widget-container\">\n\t\t\t\t\t<h1 class=\"elementor-heading-title elementor-size-default\">Proc\u00e9dure de r\u00e8glement des griefs concernant l'ADA de MCE<\/h1>\t\t\t\t<\/div>\n\t\t\t\t<\/div>\n\t\t\t\t\t<\/div>\n\t\t\t\t<\/div>\n\t\t<div data-particle_enable=\"false\" data-particle-mobile-disabled=\"false\" class=\"elementor-element elementor-element-e589bfe e-flex e-con-boxed e-con e-parent\" data-id=\"e589bfe\" data-element_type=\"container\" data-e-type=\"container\" data-settings=\"{&quot;background_background&quot;:&quot;gradient&quot;,&quot;jet_parallax_layout_list&quot;:[]}\">\n\t\t\t\t\t<div class=\"e-con-inner\">\n\t\t\t\t\t<\/div>\n\t\t\t\t<\/div>\n\t\t<div data-particle_enable=\"false\" data-particle-mobile-disabled=\"false\" class=\"elementor-element elementor-element-1bcd127 e-flex e-con-boxed e-con e-parent\" data-id=\"1bcd127\" data-element_type=\"container\" data-e-type=\"container\" data-settings=\"{&quot;jet_parallax_layout_list&quot;:[]}\">\n\t\t\t\t\t<div class=\"e-con-inner\">\n\t\t<div data-particle_enable=\"false\" data-particle-mobile-disabled=\"false\" class=\"elementor-element elementor-element-0d5e84f e-flex e-con-boxed e-con e-child\" data-id=\"0d5e84f\" data-element_type=\"container\" data-e-type=\"container\" data-settings=\"{&quot;jet_parallax_layout_list&quot;:[]}\">\n\t\t\t\t\t<div class=\"e-con-inner\">\n\t\t<div data-particle_enable=\"false\" data-particle-mobile-disabled=\"false\" class=\"elementor-element elementor-element-0e4c723 e-flex e-con-boxed e-con e-child\" data-id=\"0e4c723\" data-element_type=\"container\" data-e-type=\"container\" data-settings=\"{&quot;jet_parallax_layout_list&quot;:[]}\">\n\t\t\t\t\t<div class=\"e-con-inner\">\n\t\t\t\t<div class=\"elementor-element elementor-element-9a0b0d3 elementor-widget elementor-widget-text-editor\" data-id=\"9a0b0d3\" data-element_type=\"widget\" data-e-type=\"widget\" data-widget_type=\"text-editor.default\">\n\t\t\t\t<div class=\"elementor-widget-container\">\n\t\t\t\t\t\t\t\t\t<p>Cette proc\u00e9dure de r\u00e9clamation est \u00e9tablie pour r\u00e9pondre aux exigences de l'Americans with Disabilities Act de 1990 (\"ADA\"). Elle peut \u00eatre utilis\u00e9e par toute personne souhaitant d\u00e9poser une plainte en mati\u00e8re d'accessibilit\u00e9 all\u00e9guant une discrimination fond\u00e9e sur un handicap dans le cadre de la fourniture de services, de programmes ou d'activit\u00e9s par MCE.<\/p>\t\t\t\t\t\t\t\t<\/div>\n\t\t\t\t<\/div>\n\t\t<div data-particle_enable=\"false\" data-particle-mobile-disabled=\"false\" class=\"elementor-element elementor-element-d140408 e-flex e-con-boxed e-con e-child\" data-id=\"d140408\" data-element_type=\"container\" data-e-type=\"container\" data-settings=\"{&quot;jet_parallax_layout_list&quot;:[]}\">\n\t\t\t\t\t<div class=\"e-con-inner\">\n\t\t\t\t<div class=\"elementor-element elementor-element-964d65b elementor-widget elementor-widget-text-editor\" data-id=\"964d65b\" data-element_type=\"widget\" data-e-type=\"widget\" data-widget_type=\"text-editor.default\">\n\t\t\t\t<div class=\"elementor-widget-container\">\n\t\t\t\t\t\t\t\t\t<p>Une plainte en mati\u00e8re d'accessibilit\u00e9 doit \u00eatre formul\u00e9e par \u00e9crit et contenir les informations suivantes sur la discrimination pr\u00e9sum\u00e9e :<\/p><ul><li>Nom, adresse physique, num\u00e9ro de t\u00e9l\u00e9phone et adresse \u00e9lectronique du plaignant ;<\/li><li>Lieu, date, type de plainte (acc\u00e8s au programme, acc\u00e8s physique, discrimination en mati\u00e8re d'emploi, acc\u00e8s aux technologies de l'information, etc.<\/li><li>Description de la plainte.<\/li><\/ul><p><br \/>La plainte doit \u00eatre soumise par le plaignant et\/ou son repr\u00e9sentant d\u00e8s que possible, mais au plus tard soixante (60) jours civils apr\u00e8s la violation pr\u00e9sum\u00e9e, \u00e0 Justine Parmelee, coordinatrice ADA, \u00e0 l'adresse suivante\u00a0<a href=\"mailto:ada-coordinator@mcecleanenergy.org\" target=\"_blank\" rel=\"noopener\" aria-label=\"envoyer un courriel \u00e0 ada-coordinator@mcecleanenergy.org\">ada-coordinator@mceCleanEnergy.org<\/a>\u00a0ou\u00a0<a href=\"tel:1-888-632-3674\" target=\"_blank\" rel=\"noopener\" aria-label=\"appeler le 1-888-632-3674\">(888) 632-3674<\/a>.<\/p><p>Des moyens alternatifs de d\u00e9p\u00f4t de plainte, tels que des entretiens personnels ou un enregistrement audio de la plainte, seront mis \u00e0 la disposition des personnes handicap\u00e9es qui en feront la demande.<\/p><p>Dans les quinze (15) jours calendaires suivant la r\u00e9ception de la plainte, le coordinateur ADA ou son repr\u00e9sentant rencontrera le plaignant pour discuter de la plainte et des solutions possibles. Dans les quinze (15) jours calendaires suivant la r\u00e9union, le coordinateur ADA ou son repr\u00e9sentant r\u00e9pondra par \u00e9crit et, le cas \u00e9ch\u00e9ant, dans un format accessible au plaignant, par exemple en gros caract\u00e8res, en braille ou sous forme d'enregistrement audio. La r\u00e9ponse expliquera la position de MCE et proposera des options pour une r\u00e9solution substantielle de la plainte.<\/p>\t\t\t\t\t\t\t\t<\/div>\n\t\t\t\t<\/div>\n\t\t\t\t\t<\/div>\n\t\t\t\t<\/div>\n\t\t\t\t\t<\/div>\n\t\t\t\t<\/div>\n\t\t\t\t\t<\/div>\n\t\t\t\t<\/div>\n\t\t\t\t\t<\/div>\n\t\t\t\t<\/div>\n\t\t<div data-particle_enable=\"false\" data-particle-mobile-disabled=\"false\" class=\"elementor-element elementor-element-cae2e6b e-flex e-con-boxed e-con e-parent\" data-id=\"cae2e6b\" data-element_type=\"container\" data-e-type=\"container\" data-settings=\"{&quot;jet_parallax_layout_list&quot;:[]}\">\n\t\t\t\t\t<div class=\"e-con-inner\">\n\t\t\t\t<div class=\"elementor-element elementor-element-f185fc2 elementor-widget elementor-widget-spacer\" data-id=\"f185fc2\" data-element_type=\"widget\" data-e-type=\"widget\" data-widget_type=\"spacer.default\">\n\t\t\t\t<div class=\"elementor-widget-container\">\n\t\t\t\t\t\t\t<div class=\"elementor-spacer\">\n\t\t\t<div class=\"elementor-spacer-inner\"><\/div>\n\t\t<\/div>\n\t\t\t\t\t\t<\/div>\n\t\t\t\t<\/div>\n\t\t\t\t\t<\/div>\n\t\t\t\t<\/div>\n\t\t\t\t<\/div>","protected":false},"excerpt":{"rendered":"<p>MCE ADA Grievance Procedure This grievance procedure is established to meet the requirements of the Americans with Disabilities Act of 1990 (\u201cADA\u201d). It may be used by anyone who wishes [&hellip;]<\/p>\n","protected":false},"author":6,"featured_media":19046,"parent":0,"menu_order":0,"comment_status":"closed","ping_status":"closed","template":"","meta":{"_acf_changed":false,"_searchwp_excluded":"","footnotes":""},"class_list":["post-20821","page","type-page","status-publish","has-post-thumbnail","hentry"],"acf":[],"yoast_head":"<!-- This site is optimized with the Yoast SEO Premium plugin v27.4 (Yoast SEO v27.4) - https:\/\/yoast.com\/product\/yoast-seo-premium-wordpress\/ -->\n<title>MCE Accessibility Grievance Procedure<\/title>\n<meta name=\"description\" content=\"This grievance procedure may be used by anyone who wishes to file an accessibility complaint alleging discrimination on the basis of a disability in the provision of services, programs or activities by MCE.\" \/>\n<meta name=\"robots\" content=\"index, follow, max-snippet:-1, max-image-preview:large, max-video-preview:-1\" \/>\n<link rel=\"canonical\" href=\"https:\/\/mcecleanenergy.org\/fr\/ada-grievance-procedure\/\" \/>\n<meta property=\"og:locale\" content=\"fr_FR\" \/>\n<meta property=\"og:type\" content=\"article\" \/>\n<meta property=\"og:title\" content=\"MCE Accessibility Grievance Procedure\" \/>\n<meta property=\"og:description\" content=\"This grievance procedure may be used by anyone who wishes to file an accessibility complaint alleging discrimination on the basis of a disability in the provision of services, programs or activities by MCE.\" \/>\n<meta property=\"og:url\" content=\"https:\/\/mcecleanenergy.org\/fr\/ada-grievance-procedure\/\" \/>\n<meta property=\"og:site_name\" content=\"MCE \u2013 Community Choice Energy\" \/>\n<meta property=\"article:publisher\" content=\"https:\/\/www.facebook.com\/mceCleanEnergy\/\" \/>\n<meta property=\"article:modified_time\" content=\"2024-09-19T00:13:21+00:00\" \/>\n<meta property=\"og:image\" content=\"https:\/\/mcecleanenergy.org\/wp-content\/uploads\/2024\/03\/AdobeStock_530301294-scaled.jpeg\" \/>\n\t<meta property=\"og:image:width\" content=\"2560\" \/>\n\t<meta property=\"og:image:height\" content=\"1707\" \/>\n\t<meta property=\"og:image:type\" content=\"image\/jpeg\" \/>\n<meta name=\"twitter:card\" content=\"summary_large_image\" \/>\n<meta name=\"twitter:title\" content=\"ADA Grievance Procedure\" \/>\n<meta name=\"twitter:description\" content=\"MCE ADA Grievance Procedure This grievance procedure is established to meet the requirements of the Americans with Disabilities Act of 1990 (\u201cADA\u201d). It\" \/>\n<meta name=\"twitter:site\" content=\"@MCECleanEnergy\" \/>\n<meta name=\"twitter:label1\" content=\"Dur\u00e9e de lecture estim\u00e9e\" \/>\n\t<meta name=\"twitter:data1\" content=\"2 minutes\" \/>\n<script type=\"application\/ld+json\" class=\"yoast-schema-graph\">{\"@context\":\"https:\\\/\\\/schema.org\",\"@graph\":[{\"@type\":\"WebPage\",\"@id\":\"https:\\\/\\\/mcecleanenergy.org\\\/ada-grievance-procedure\\\/\",\"url\":\"https:\\\/\\\/mcecleanenergy.org\\\/ada-grievance-procedure\\\/\",\"name\":\"MCE Accessibility Grievance Procedure\",\"isPartOf\":{\"@id\":\"https:\\\/\\\/mcecleanenergy.org\\\/#website\"},\"primaryImageOfPage\":{\"@id\":\"https:\\\/\\\/mcecleanenergy.org\\\/ada-grievance-procedure\\\/#primaryimage\"},\"image\":{\"@id\":\"https:\\\/\\\/mcecleanenergy.org\\\/ada-grievance-procedure\\\/#primaryimage\"},\"thumbnailUrl\":\"https:\\\/\\\/mcecleanenergy.org\\\/wp-content\\\/uploads\\\/2024\\\/03\\\/AdobeStock_530301294-scaled.jpeg\",\"datePublished\":\"2024-03-18T09:47:47+00:00\",\"dateModified\":\"2024-09-19T00:13:21+00:00\",\"description\":\"This grievance procedure may be used by anyone who wishes to file an accessibility complaint alleging discrimination on the basis of a disability in the provision of services, programs or activities by MCE.\",\"breadcrumb\":{\"@id\":\"https:\\\/\\\/mcecleanenergy.org\\\/ada-grievance-procedure\\\/#breadcrumb\"},\"inLanguage\":\"fr-FR\",\"potentialAction\":[{\"@type\":\"ReadAction\",\"target\":[\"https:\\\/\\\/mcecleanenergy.org\\\/ada-grievance-procedure\\\/\"]}]},{\"@type\":\"ImageObject\",\"inLanguage\":\"fr-FR\",\"@id\":\"https:\\\/\\\/mcecleanenergy.org\\\/ada-grievance-procedure\\\/#primaryimage\",\"url\":\"https:\\\/\\\/mcecleanenergy.org\\\/wp-content\\\/uploads\\\/2024\\\/03\\\/AdobeStock_530301294-scaled.jpeg\",\"contentUrl\":\"https:\\\/\\\/mcecleanenergy.org\\\/wp-content\\\/uploads\\\/2024\\\/03\\\/AdobeStock_530301294-scaled.jpeg\",\"width\":2560,\"height\":1707,\"caption\":\"Residential house with rooftop covered with solar photovoltaic panels for producing of clean ecological electrical energy in suburban rural area. Concept of autonomous home.\"},{\"@type\":\"BreadcrumbList\",\"@id\":\"https:\\\/\\\/mcecleanenergy.org\\\/ada-grievance-procedure\\\/#breadcrumb\",\"itemListElement\":[{\"@type\":\"ListItem\",\"position\":1,\"name\":\"Home\",\"item\":\"https:\\\/\\\/mcecleanenergy.org\\\/\"},{\"@type\":\"ListItem\",\"position\":2,\"name\":\"ADA Grievance Procedure\"}]},{\"@type\":\"WebSite\",\"@id\":\"https:\\\/\\\/mcecleanenergy.org\\\/#website\",\"url\":\"https:\\\/\\\/mcecleanenergy.org\\\/\",\"name\":\"MCE \u2013 Community Choice Energy\",\"description\":\"\",\"publisher\":{\"@id\":\"https:\\\/\\\/mcecleanenergy.org\\\/#organization\"},\"potentialAction\":[{\"@type\":\"SearchAction\",\"target\":{\"@type\":\"EntryPoint\",\"urlTemplate\":\"https:\\\/\\\/mcecleanenergy.org\\\/?s={search_term_string}\"},\"query-input\":{\"@type\":\"PropertyValueSpecification\",\"valueRequired\":true,\"valueName\":\"search_term_string\"}}],\"inLanguage\":\"fr-FR\"},{\"@type\":\"Organization\",\"@id\":\"https:\\\/\\\/mcecleanenergy.org\\\/#organization\",\"name\":\"MCE\",\"url\":\"https:\\\/\\\/mcecleanenergy.org\\\/\",\"logo\":{\"@type\":\"ImageObject\",\"inLanguage\":\"fr-FR\",\"@id\":\"https:\\\/\\\/mcecleanenergy.org\\\/#\\\/schema\\\/logo\\\/image\\\/\",\"url\":\"https:\\\/\\\/mcecleanenergy.org\\\/wp-content\\\/uploads\\\/2024\\\/05\\\/MCE_Logo_Full-Color_RGB_050324.png\",\"contentUrl\":\"https:\\\/\\\/mcecleanenergy.org\\\/wp-content\\\/uploads\\\/2024\\\/05\\\/MCE_Logo_Full-Color_RGB_050324.png\",\"width\":5001,\"height\":2986,\"caption\":\"MCE\"},\"image\":{\"@id\":\"https:\\\/\\\/mcecleanenergy.org\\\/#\\\/schema\\\/logo\\\/image\\\/\"},\"sameAs\":[\"https:\\\/\\\/www.facebook.com\\\/mceCleanEnergy\\\/\",\"https:\\\/\\\/x.com\\\/MCECleanEnergy\",\"https:\\\/\\\/www.instagram.com\\\/mcecleanenergy\\\/\",\"https:\\\/\\\/www.linkedin.com\\\/company\\\/mcecleanenergy\\\/\",\"https:\\\/\\\/www.youtube.com\\\/c\\\/Mcecleanenergy\\\/\",\"https:\\\/\\\/en.wikipedia.org\\\/wiki\\\/Community_Choice_Aggregation#Marin_Clean_Energy\"]}]}<\/script>\n<!-- \/ Yoast SEO Premium plugin. -->","yoast_head_json":{"title":"Proc\u00e9dure de r\u00e9clamation en mati\u00e8re d'accessibilit\u00e9 du MCE","description":"Cette proc\u00e9dure de r\u00e9clamation peut \u00eatre utilis\u00e9e par toute personne souhaitant d\u00e9poser une plainte en mati\u00e8re d'accessibilit\u00e9 all\u00e9guant une discrimination fond\u00e9e sur un handicap dans le cadre de la fourniture de services, de programmes ou d'activit\u00e9s par MCE.","robots":{"index":"index","follow":"follow","max-snippet":"max-snippet:-1","max-image-preview":"max-image-preview:large","max-video-preview":"max-video-preview:-1"},"canonical":"https:\/\/mcecleanenergy.org\/fr\/ada-grievance-procedure\/","og_locale":"fr_FR","og_type":"article","og_title":"MCE Accessibility Grievance Procedure","og_description":"This grievance procedure may be used by anyone who wishes to file an accessibility complaint alleging discrimination on the basis of a disability in the provision of services, programs or activities by MCE.","og_url":"https:\/\/mcecleanenergy.org\/fr\/ada-grievance-procedure\/","og_site_name":"MCE \u2013 Community Choice Energy","article_publisher":"https:\/\/www.facebook.com\/mceCleanEnergy\/","article_modified_time":"2024-09-19T00:13:21+00:00","og_image":[{"width":2560,"height":1707,"url":"https:\/\/mcecleanenergy.org\/wp-content\/uploads\/2024\/03\/AdobeStock_530301294-scaled.jpeg","type":"image\/jpeg"}],"twitter_card":"summary_large_image","twitter_title":"ADA Grievance Procedure","twitter_description":"MCE ADA Grievance Procedure This grievance procedure is established to meet the requirements of the Americans with Disabilities Act of 1990 (\u201cADA\u201d). It","twitter_site":"@MCECleanEnergy","twitter_misc":{"Dur\u00e9e de lecture estim\u00e9e":"2 minutes"},"schema":{"@context":"https:\/\/schema.org","@graph":[{"@type":"WebPage","@id":"https:\/\/mcecleanenergy.org\/ada-grievance-procedure\/","url":"https:\/\/mcecleanenergy.org\/ada-grievance-procedure\/","name":"Proc\u00e9dure de r\u00e9clamation en mati\u00e8re d'accessibilit\u00e9 du MCE","isPartOf":{"@id":"https:\/\/mcecleanenergy.org\/#website"},"primaryImageOfPage":{"@id":"https:\/\/mcecleanenergy.org\/ada-grievance-procedure\/#primaryimage"},"image":{"@id":"https:\/\/mcecleanenergy.org\/ada-grievance-procedure\/#primaryimage"},"thumbnailUrl":"https:\/\/mcecleanenergy.org\/wp-content\/uploads\/2024\/03\/AdobeStock_530301294-scaled.jpeg","datePublished":"2024-03-18T09:47:47+00:00","dateModified":"2024-09-19T00:13:21+00:00","description":"Cette proc\u00e9dure de r\u00e9clamation peut \u00eatre utilis\u00e9e par toute personne souhaitant d\u00e9poser une plainte en mati\u00e8re d'accessibilit\u00e9 all\u00e9guant une discrimination fond\u00e9e sur un handicap dans le cadre de la fourniture de services, de programmes ou d'activit\u00e9s par MCE.","breadcrumb":{"@id":"https:\/\/mcecleanenergy.org\/ada-grievance-procedure\/#breadcrumb"},"inLanguage":"fr-FR","potentialAction":[{"@type":"ReadAction","target":["https:\/\/mcecleanenergy.org\/ada-grievance-procedure\/"]}]},{"@type":"ImageObject","inLanguage":"fr-FR","@id":"https:\/\/mcecleanenergy.org\/ada-grievance-procedure\/#primaryimage","url":"https:\/\/mcecleanenergy.org\/wp-content\/uploads\/2024\/03\/AdobeStock_530301294-scaled.jpeg","contentUrl":"https:\/\/mcecleanenergy.org\/wp-content\/uploads\/2024\/03\/AdobeStock_530301294-scaled.jpeg","width":2560,"height":1707,"caption":"Residential house with rooftop covered with solar photovoltaic panels for producing of clean ecological electrical energy in suburban rural area. Concept of autonomous home."},{"@type":"BreadcrumbList","@id":"https:\/\/mcecleanenergy.org\/ada-grievance-procedure\/#breadcrumb","itemListElement":[{"@type":"ListItem","position":1,"name":"Home","item":"https:\/\/mcecleanenergy.org\/"},{"@type":"ListItem","position":2,"name":"ADA Grievance Procedure"}]},{"@type":"WebSite","@id":"https:\/\/mcecleanenergy.org\/#website","url":"https:\/\/mcecleanenergy.org\/","name":"MCE - \u00c9nergie de choix communautaire","description":"","publisher":{"@id":"https:\/\/mcecleanenergy.org\/#organization"},"potentialAction":[{"@type":"SearchAction","target":{"@type":"EntryPoint","urlTemplate":"https:\/\/mcecleanenergy.org\/?s={search_term_string}"},"query-input":{"@type":"PropertyValueSpecification","valueRequired":true,"valueName":"search_term_string"}}],"inLanguage":"fr-FR"},{"@type":"Organization","@id":"https:\/\/mcecleanenergy.org\/#organization","name":"MCE","url":"https:\/\/mcecleanenergy.org\/","logo":{"@type":"ImageObject","inLanguage":"fr-FR","@id":"https:\/\/mcecleanenergy.org\/#\/schema\/logo\/image\/","url":"https:\/\/mcecleanenergy.org\/wp-content\/uploads\/2024\/05\/MCE_Logo_Full-Color_RGB_050324.png","contentUrl":"https:\/\/mcecleanenergy.org\/wp-content\/uploads\/2024\/05\/MCE_Logo_Full-Color_RGB_050324.png","width":5001,"height":2986,"caption":"MCE"},"image":{"@id":"https:\/\/mcecleanenergy.org\/#\/schema\/logo\/image\/"},"sameAs":["https:\/\/www.facebook.com\/mceCleanEnergy\/","https:\/\/x.com\/MCECleanEnergy","https:\/\/www.instagram.com\/mcecleanenergy\/","https:\/\/www.linkedin.com\/company\/mcecleanenergy\/","https:\/\/www.youtube.com\/c\/Mcecleanenergy\/","https:\/\/en.wikipedia.org\/wiki\/Community_Choice_Aggregation#Marin_Clean_Energy"]}]}},"_links":{"self":[{"href":"https:\/\/mcecleanenergy.org\/fr\/wp-json\/wp\/v2\/pages\/20821","targetHints":{"allow":["GET"]}}],"collection":[{"href":"https:\/\/mcecleanenergy.org\/fr\/wp-json\/wp\/v2\/pages"}],"about":[{"href":"https:\/\/mcecleanenergy.org\/fr\/wp-json\/wp\/v2\/types\/page"}],"author":[{"embeddable":true,"href":"https:\/\/mcecleanenergy.org\/fr\/wp-json\/wp\/v2\/users\/6"}],"replies":[{"embeddable":true,"href":"https:\/\/mcecleanenergy.org\/fr\/wp-json\/wp\/v2\/comments?post=20821"}],"version-history":[{"count":0,"href":"https:\/\/mcecleanenergy.org\/fr\/wp-json\/wp\/v2\/pages\/20821\/revisions"}],"wp:featuredmedia":[{"embeddable":true,"href":"https:\/\/mcecleanenergy.org\/fr\/wp-json\/wp\/v2\/media\/19046"}],"wp:attachment":[{"href":"https:\/\/mcecleanenergy.org\/fr\/wp-json\/wp\/v2\/media?parent=20821"}],"curies":[{"name":"wp","href":"https:\/\/api.w.org\/{rel}","templated":true}]}}